{"id":37682,"date":"2026-02-02T15:29:17","date_gmt":"2026-02-02T13:29:17","guid":{"rendered":"https:\/\/siulubangos.lt\/?post_type=product&#038;p=37682"},"modified":"2026-04-06T22:49:58","modified_gmt":"2026-04-06T19:49:58","slug":"katia-raffia-x-treme","status":"publish","type":"product","link":"https:\/\/siulubangos.lt\/en\/parduotuve\/katia-raffia-x-treme-rafijos-siulai-vasarai\/","title":{"rendered":"Katia RAFFIA X-TREME (100% viscose)"},"content":{"rendered":"<h2><a href=\"https:\/\/siulubangos.lt\/wp-content\/uploads\/2026\/02\/katia-x-treme-rafijos-krepsys-melynas.jpg\"><img loading=\"lazy\" decoding=\"async\" class=\"alignnone wp-image-37815\" src=\"https:\/\/siulubangos.lt\/wp-content\/uploads\/2026\/02\/katia-x-treme-rafijos-krepsys-melynas.jpg\" alt=\"\" width=\"470\" height=\"470\" title=\"\" srcset=\"https:\/\/siulubangos.lt\/wp-content\/uploads\/2026\/02\/katia-x-treme-rafijos-krepsys-melynas.jpg 1500w, https:\/\/siulubangos.lt\/wp-content\/uploads\/2026\/02\/katia-x-treme-rafijos-krepsys-melynas-300x300.jpg 300w, https:\/\/siulubangos.lt\/wp-content\/uploads\/2026\/02\/katia-x-treme-rafijos-krepsys-melynas-800x800.jpg 800w, https:\/\/siulubangos.lt\/wp-content\/uploads\/2026\/02\/katia-x-treme-rafijos-krepsys-melynas-150x150.jpg 150w, https:\/\/siulubangos.lt\/wp-content\/uploads\/2026\/02\/katia-x-treme-rafijos-krepsys-melynas-768x768.jpg 768w, https:\/\/siulubangos.lt\/wp-content\/uploads\/2026\/02\/katia-x-treme-rafijos-krepsys-melynas-600x600.jpg 600w, https:\/\/siulubangos.lt\/wp-content\/uploads\/2026\/02\/katia-x-treme-rafijos-krepsys-melynas-1200x1200.jpg 1200w\" sizes=\"auto, (max-width: 470px) 100vw, 470px\" \/><\/a> <a href=\"https:\/\/siulubangos.lt\/wp-content\/uploads\/2026\/02\/katia-x-treme-rafijos-krepsys-geltonas.jpg\"><img loading=\"lazy\" decoding=\"async\" class=\"alignnone wp-image-37814\" src=\"https:\/\/siulubangos.lt\/wp-content\/uploads\/2026\/02\/katia-x-treme-rafijos-krepsys-geltonas.jpg\" alt=\"\" width=\"470\" height=\"470\" title=\"\" srcset=\"https:\/\/siulubangos.lt\/wp-content\/uploads\/2026\/02\/katia-x-treme-rafijos-krepsys-geltonas.jpg 1500w, https:\/\/siulubangos.lt\/wp-content\/uploads\/2026\/02\/katia-x-treme-rafijos-krepsys-geltonas-300x300.jpg 300w, https:\/\/siulubangos.lt\/wp-content\/uploads\/2026\/02\/katia-x-treme-rafijos-krepsys-geltonas-800x800.jpg 800w, https:\/\/siulubangos.lt\/wp-content\/uploads\/2026\/02\/katia-x-treme-rafijos-krepsys-geltonas-150x150.jpg 150w, https:\/\/siulubangos.lt\/wp-content\/uploads\/2026\/02\/katia-x-treme-rafijos-krepsys-geltonas-768x768.jpg 768w, https:\/\/siulubangos.lt\/wp-content\/uploads\/2026\/02\/katia-x-treme-rafijos-krepsys-geltonas-600x600.jpg 600w, https:\/\/siulubangos.lt\/wp-content\/uploads\/2026\/02\/katia-x-treme-rafijos-krepsys-geltonas-1200x1200.jpg 1200w\" sizes=\"auto, (max-width: 470px) 100vw, 470px\" \/><\/a><\/h2>\n<h2>Katia RAFFIA X-TREME (100% viskoz\u0117)<\/h2>\n<p>RAFFIA X-TREME &#8211; viskoz\u0117s rafija, pagaminta i\u0161 100% nat\u016bralios ir ekologi\u0161kos kilm\u0117s, yra atsparesn\u0117 ir kokybi\u0161kesn\u0117 j\u016bs\u0173 nertiems gaminiams. Viskoz\u0117s rafijos si\u016blai b\u016bna tvirtesni bei vizualiai gra\u017eesni nei paprastai popierin\u0117s rafijos si\u016blai, o tai suteikia rankdarbiams i\u0161skirtin\u012f nat\u016bral\u0173 ir eleganti\u0161k\u0105 vaizd\u0105.<\/p>\n<p>\u0160ios rafijos storis ir tankis puikiai tinka kurti gra\u017eias kepures ir krep\u0161ius, rankines, kurie bus b\u016btini j\u016bs\u0173 atostogoms. Geras pasirinkimas ir jaukioms detal\u0117ms nam\u0173 interjere: pad\u0117kliukams, krep\u0161eliams&#8230;<\/p>\n<p>Katia RAFFIA X-TREME\u00a0 pasi\u017eymi puikiu spalv\u0173 pasirinkimu &#8211; nuo neutrali\u0173 vasari\u0161k\u0173 ton\u0173 iki ry\u0161ki\u0173 akcent\u0173, leid\u017eian\u010di\u0173 kurti k\u016brybi\u0161kus aksesuarus.<\/p>\n<h3><strong>Why choose?<\/strong><\/h3>\n<ul>\n<li>Idealus si\u016blas vasaros rankdarbiams ir aksesuarams.<\/li>\n<li>I\u0161laiko form\u0105: d\u0117l pluo\u0161to strukt\u016bros aksesuarai i\u0161lieka tvirti ir gra\u017e\u016bs.<\/li>\n<li>Tinka papl\u016bdimio krep\u0161iams, skrybel\u0117ms, dekoratyvin\u0117ms detal\u0117ms, nam\u0173 interjerui.<\/li>\n<li>Nat\u016bralus pluo\u0161tas, lengvai pri\u017ei\u016brimas; galima skalbti \u0161velnia programa iki 30 laipsni\u0173, nenaudoti d\u017eiovykl\u0117s.<\/li>\n<li>Apie 3 kamuoliukus paprastai vidutinio dyd\u017eio vasaros rankinei (bet tiksliai priklauso nuo modelio).<\/li>\n<\/ul>\n<p>&nbsp;<\/p>\n<p>&nbsp;<\/p>","protected":false},"excerpt":{"rendered":"<p>Katia RAFFIA X-TREME &#8211; 100% viskozin\u0117 rafija, skirta vasari\u0161kiems aksesuarams ir nam\u0173 dekorui. Lengvai mezgama ir neriama, ji suteikia tvari\u0105, nat\u016brali\u0105 tekst\u016br\u0105 skrybel\u0117ms, rankin\u0117ms, krep\u0161iams ar kilim\u0117liams. Ideali k\u016brybingos vasaros projektams!<\/p>\n<p>&nbsp;<\/p>","protected":false},"featured_media":37821,"comment_status":"open","ping_status":"closed","template":"","meta":{"_acf_changed":false},"product_brand":[556],"product_cat":[58,428,449,2061,429,444],"product_tag":[307],"class_list":{"0":"post-37682","1":"product","2":"type-product","3":"status-publish","4":"has-post-thumbnail","6":"product_brand-katia","7":"product_cat-siulai-mezgimui","8":"product_cat-gamintojas","9":"product_cat-katia-siulai","10":"product_cat-rafijos-siulai","11":"product_cat-sudetis","12":"product_cat-viskozes-siulai","13":"product_tag-katia","14":"pa_spalva-katia-xtreme-rafija-102-rusva","15":"pa_spalva-katia-xtreme-rafija-103-kupranugario","16":"pa_spalva-katia-xtreme-rafija-104-tamsiai-zalia","17":"pa_spalva-katia-xtreme-rafija-105-alyvuogiu","18":"pa_spalva-katia-xtreme-rafija-107-raudona","19":"pa_spalva-katia-xtreme-rafija-109-juoda","20":"pa_spalva-katia-xtreme-rafija-110-nakties-melyna","21":"pa_spalva-katia-xtreme-rafija-112-pilkai-melyna","22":"pa_svoris-ilgis-100-g-120-m","24":"first","25":"instock","26":"taxable","27":"shipping-taxable","28":"purchasable","29":"product-type-variable"},"acf":[],"_links":{"self":[{"href":"https:\/\/siulubangos.lt\/en\/wp-json\/wp\/v2\/product\/37682","targetHints":{"allow":["GET"]}}],"collection":[{"href":"https:\/\/siulubangos.lt\/en\/wp-json\/wp\/v2\/product"}],"about":[{"href":"https:\/\/siulubangos.lt\/en\/wp-json\/wp\/v2\/types\/product"}],"replies":[{"embeddable":true,"href":"https:\/\/siulubangos.lt\/en\/wp-json\/wp\/v2\/comments?post=37682"}],"version-history":[{"count":0,"href":"https:\/\/siulubangos.lt\/en\/wp-json\/wp\/v2\/product\/37682\/revisions"}],"wp:featuredmedia":[{"embeddable":true,"href":"https:\/\/siulubangos.lt\/en\/wp-json\/wp\/v2\/media\/37821"}],"wp:attachment":[{"href":"https:\/\/siulubangos.lt\/en\/wp-json\/wp\/v2\/media?parent=37682"}],"wp:term":[{"taxonomy":"product_brand","embeddable":true,"href":"https:\/\/siulubangos.lt\/en\/wp-json\/wp\/v2\/product_brand?post=37682"},{"taxonomy":"product_cat","embeddable":true,"href":"https:\/\/siulubangos.lt\/en\/wp-json\/wp\/v2\/product_cat?post=37682"},{"taxonomy":"product_tag","embeddable":true,"href":"https:\/\/siulubangos.lt\/en\/wp-json\/wp\/v2\/product_tag?post=37682"}],"curies":[{"name":"wp","href":"https:\/\/api.w.org\/{rel}","templated":true}]}}