{"id":37833,"date":"2026-02-02T15:26:33","date_gmt":"2026-02-02T13:26:33","guid":{"rendered":"https:\/\/siulubangos.lt\/?post_type=product&#038;p=37833"},"modified":"2026-03-11T21:16:32","modified_gmt":"2026-03-11T19:16:32","slug":"katia-virvele-mezginiu-akims-perkelti","status":"publish","type":"product","link":"https:\/\/siulubangos.lt\/en\/parduotuve\/katia-virvele-mezginiu-akims-perkelti\/","title":{"rendered":"KATIA flexible cord for transferring knitted stitches with snaps (3 mm-5 m)"},"content":{"rendered":"<h3>KATIA flexible cord for transferring knitted stitches with snaps (3 mm-5 m)<\/h3>\n<h3><strong>Why choose this cord?<\/strong><\/h3>\n<ul>\n<li>Versatile length: the 5 metre cord can be easily cut into the lengths you need, making it perfect for both small and large projects.<\/li>\n<li>Safety and tidiness: four heart-shaped clips are included to prevent the eyes from slipping and to keep the knitting secure.<\/li>\n<li>Paprastas naudojimas: Virvel\u0117 idealiai tinka 5 mm ir storesniems virbalams. Tiesiog u\u017emaukite virvel\u0117s gal\u0105 ant virbalo ir skland\u017eiai perkelkite akis.<\/li>\n<li>Comfortable measuring: thanks to the flexibility of the cord, you can safely try on the knitted fabric without removing it from the cords and without fear of losing your eyes<\/li>\n<\/ul>\n<p>Enjoy a smoother, safer and more enjoyable knitting process in every project!<\/p>","protected":false},"excerpt":{"rendered":"<p>Lanksti 3 mm violetin\u0117 virvel\u0117 saugiam aki\u0173 perk\u0117limui. 5 metr\u0173 ilgis, 4 \u0161irdel\u0117s formos fiksatoriai. Idealiai tinka matuotis mezgin\u012f. Tinka 5 mm ir storesniems virbalams.<\/p>\n<p>Enjoy a smoother, safer and more enjoyable knitting process in every project!<\/p>","protected":false},"featured_media":37843,"comment_status":"open","ping_status":"closed","template":"","meta":{"_acf_changed":false},"product_brand":[556],"product_cat":[310,529,1266,547,528],"product_tag":[307],"class_list":{"0":"post-37833","1":"product","2":"type-product","3":"status-publish","4":"has-post-thumbnail","6":"product_brand-katia","7":"product_cat-mezgimo-priemones","8":"product_cat-gamintojas-kitos-priemones","9":"product_cat-katia","10":"product_cat-akiu-laikikliai","11":"product_cat-priemones-tipas","12":"product_tag-katia","14":"first","15":"instock","16":"taxable","17":"shipping-taxable","18":"purchasable","19":"product-type-simple"},"acf":[],"_links":{"self":[{"href":"https:\/\/siulubangos.lt\/en\/wp-json\/wp\/v2\/product\/37833","targetHints":{"allow":["GET"]}}],"collection":[{"href":"https:\/\/siulubangos.lt\/en\/wp-json\/wp\/v2\/product"}],"about":[{"href":"https:\/\/siulubangos.lt\/en\/wp-json\/wp\/v2\/types\/product"}],"replies":[{"embeddable":true,"href":"https:\/\/siulubangos.lt\/en\/wp-json\/wp\/v2\/comments?post=37833"}],"version-history":[{"count":0,"href":"https:\/\/siulubangos.lt\/en\/wp-json\/wp\/v2\/product\/37833\/revisions"}],"wp:featuredmedia":[{"embeddable":true,"href":"https:\/\/siulubangos.lt\/en\/wp-json\/wp\/v2\/media\/37843"}],"wp:attachment":[{"href":"https:\/\/siulubangos.lt\/en\/wp-json\/wp\/v2\/media?parent=37833"}],"wp:term":[{"taxonomy":"product_brand","embeddable":true,"href":"https:\/\/siulubangos.lt\/en\/wp-json\/wp\/v2\/product_brand?post=37833"},{"taxonomy":"product_cat","embeddable":true,"href":"https:\/\/siulubangos.lt\/en\/wp-json\/wp\/v2\/product_cat?post=37833"},{"taxonomy":"product_tag","embeddable":true,"href":"https:\/\/siulubangos.lt\/en\/wp-json\/wp\/v2\/product_tag?post=37833"}],"curies":[{"name":"wp","href":"https:\/\/api.w.org\/{rel}","templated":true}]}}