{"id":37972,"date":"2026-02-05T18:22:53","date_gmt":"2026-02-05T16:22:53","guid":{"rendered":"https:\/\/siulubangos.lt\/?post_type=product&#038;p=37972"},"modified":"2026-04-13T15:00:55","modified_gmt":"2026-04-13T12:00:55","slug":"phildar-mohair-soie-lurex-moheros-siulai","status":"publish","type":"product","link":"https:\/\/siulubangos.lt\/en\/parduotuve\/phildar-mohair-soie-lurex-moheros-siulai\/","title":{"rendered":"Phildar PHIL MOHAIR SOIE LUREX (mohair, silk)"},"content":{"rendered":"<h3>Phildar PHIL MOHAIR SOIE LUREX ( 78% kid mohera, 14% \u0161ilkas, 4% poliamidas, 4% metalizuotas poliesteris) &#8211; prabangos, lengvumo ir subtilaus spindesio derinys<\/h3>\n<p><a href=\"https:\/\/siulubangos.lt\/wp-content\/uploads\/2026\/02\/phildar-mohair-soie-lurex-FOTO-4.jpeg\"><img loading=\"lazy\" decoding=\"async\" class=\"alignnone wp-image-38172\" src=\"https:\/\/siulubangos.lt\/wp-content\/uploads\/2026\/02\/phildar-mohair-soie-lurex-FOTO-4.jpeg\" alt=\"\" width=\"376\" height=\"470\" title=\"\" srcset=\"https:\/\/siulubangos.lt\/wp-content\/uploads\/2026\/02\/phildar-mohair-soie-lurex-FOTO-4.jpeg 1440w, https:\/\/siulubangos.lt\/wp-content\/uploads\/2026\/02\/phildar-mohair-soie-lurex-FOTO-4-240x300.jpeg 240w, https:\/\/siulubangos.lt\/wp-content\/uploads\/2026\/02\/phildar-mohair-soie-lurex-FOTO-4-640x800.jpeg 640w, https:\/\/siulubangos.lt\/wp-content\/uploads\/2026\/02\/phildar-mohair-soie-lurex-FOTO-4-768x960.jpeg 768w, https:\/\/siulubangos.lt\/wp-content\/uploads\/2026\/02\/phildar-mohair-soie-lurex-FOTO-4-1229x1536.jpeg 1229w, https:\/\/siulubangos.lt\/wp-content\/uploads\/2026\/02\/phildar-mohair-soie-lurex-FOTO-4-600x750.jpeg 600w, https:\/\/siulubangos.lt\/wp-content\/uploads\/2026\/02\/phildar-mohair-soie-lurex-FOTO-4-1200x1500.jpeg 1200w, https:\/\/siulubangos.lt\/wp-content\/uploads\/2026\/02\/phildar-mohair-soie-lurex-FOTO-4-150x188.jpeg 150w\" sizes=\"auto, (max-width: 376px) 100vw, 376px\" \/><\/a> <a href=\"https:\/\/siulubangos.lt\/wp-content\/uploads\/2026\/02\/phildar-mohair-soie-lurex-FOTO-3.jpg\"><img loading=\"lazy\" decoding=\"async\" class=\"alignnone wp-image-38171\" src=\"https:\/\/siulubangos.lt\/wp-content\/uploads\/2026\/02\/phildar-mohair-soie-lurex-FOTO-3.jpg\" alt=\"\" width=\"379\" height=\"470\" title=\"\" srcset=\"https:\/\/siulubangos.lt\/wp-content\/uploads\/2026\/02\/phildar-mohair-soie-lurex-FOTO-3.jpg 1200w, https:\/\/siulubangos.lt\/wp-content\/uploads\/2026\/02\/phildar-mohair-soie-lurex-FOTO-3-242x300.jpg 242w, https:\/\/siulubangos.lt\/wp-content\/uploads\/2026\/02\/phildar-mohair-soie-lurex-FOTO-3-645x800.jpg 645w, https:\/\/siulubangos.lt\/wp-content\/uploads\/2026\/02\/phildar-mohair-soie-lurex-FOTO-3-768x952.jpg 768w, https:\/\/siulubangos.lt\/wp-content\/uploads\/2026\/02\/phildar-mohair-soie-lurex-FOTO-3-600x744.jpg 600w, https:\/\/siulubangos.lt\/wp-content\/uploads\/2026\/02\/phildar-mohair-soie-lurex-FOTO-3-150x186.jpg 150w\" sizes=\"auto, (max-width: 379px) 100vw, 379px\" \/><\/a> <a href=\"https:\/\/siulubangos.lt\/wp-content\/uploads\/2026\/02\/phildar-mohair-soie-lurex-FOTO-2.jpeg\"><img loading=\"lazy\" decoding=\"async\" class=\"alignnone wp-image-38170\" src=\"https:\/\/siulubangos.lt\/wp-content\/uploads\/2026\/02\/phildar-mohair-soie-lurex-FOTO-2.jpeg\" alt=\"\" width=\"376\" height=\"470\" title=\"\" srcset=\"https:\/\/siulubangos.lt\/wp-content\/uploads\/2026\/02\/phildar-mohair-soie-lurex-FOTO-2.jpeg 1440w, https:\/\/siulubangos.lt\/wp-content\/uploads\/2026\/02\/phildar-mohair-soie-lurex-FOTO-2-240x300.jpeg 240w, https:\/\/siulubangos.lt\/wp-content\/uploads\/2026\/02\/phildar-mohair-soie-lurex-FOTO-2-640x800.jpeg 640w, https:\/\/siulubangos.lt\/wp-content\/uploads\/2026\/02\/phildar-mohair-soie-lurex-FOTO-2-768x960.jpeg 768w, https:\/\/siulubangos.lt\/wp-content\/uploads\/2026\/02\/phildar-mohair-soie-lurex-FOTO-2-1229x1536.jpeg 1229w, https:\/\/siulubangos.lt\/wp-content\/uploads\/2026\/02\/phildar-mohair-soie-lurex-FOTO-2-600x750.jpeg 600w, https:\/\/siulubangos.lt\/wp-content\/uploads\/2026\/02\/phildar-mohair-soie-lurex-FOTO-2-1200x1500.jpeg 1200w, https:\/\/siulubangos.lt\/wp-content\/uploads\/2026\/02\/phildar-mohair-soie-lurex-FOTO-2-150x188.jpeg 150w\" sizes=\"auto, (max-width: 376px) 100vw, 376px\" \/><\/a> <a href=\"https:\/\/siulubangos.lt\/wp-content\/uploads\/2026\/02\/phildar-mohair-soie-lurex-FOTO-1.jpg\"><img loading=\"lazy\" decoding=\"async\" class=\"alignnone wp-image-38169\" src=\"https:\/\/siulubangos.lt\/wp-content\/uploads\/2026\/02\/phildar-mohair-soie-lurex-FOTO-1.jpg\" alt=\"\" width=\"379\" height=\"470\" title=\"\" srcset=\"https:\/\/siulubangos.lt\/wp-content\/uploads\/2026\/02\/phildar-mohair-soie-lurex-FOTO-1.jpg 1200w, https:\/\/siulubangos.lt\/wp-content\/uploads\/2026\/02\/phildar-mohair-soie-lurex-FOTO-1-242x300.jpg 242w, https:\/\/siulubangos.lt\/wp-content\/uploads\/2026\/02\/phildar-mohair-soie-lurex-FOTO-1-645x800.jpg 645w, https:\/\/siulubangos.lt\/wp-content\/uploads\/2026\/02\/phildar-mohair-soie-lurex-FOTO-1-768x952.jpg 768w, https:\/\/siulubangos.lt\/wp-content\/uploads\/2026\/02\/phildar-mohair-soie-lurex-FOTO-1-600x744.jpg 600w, https:\/\/siulubangos.lt\/wp-content\/uploads\/2026\/02\/phildar-mohair-soie-lurex-FOTO-1-150x186.jpg 150w\" sizes=\"auto, (max-width: 379px) 100vw, 379px\" \/><\/a><\/p>\n<p>Phildar MOHAIR SOIE LUREX &#8211; tai vieni i\u0161 kilniausi\u0173 &#8221;Phildar&#8221; \u0161eimos si\u016bl\u0173, skirti ypatingiems, &#8221;voratinklio&#8221; lengvumo mezginiams. \u0160iame derinyje susitinka trys prabang\u016bs komponentai: auk\u0161\u010diausios kokyb\u0117s mohera, nat\u016bralus \u0161ilkas ir diskreti\u0161kas liureksas, sukuriantys magi\u0161k\u0105 \u0161vyt\u0117jim\u0105.<\/p>\n<h3>Kod\u0117l \u0161ie si\u016blai verti J\u016bs\u0173 virbal\u0173?<\/h3>\n<ul>\n<li>Kilni sud\u0117tis: Angoros o\u017ek\u0173 mohera suteikia mezginiui ne\u012ftik\u0117tin\u0105 purum\u0105 ir \u0161ilum\u0105, o nat\u016bralus \u0161ilkas &#8211; tvirtum\u0105, subtil\u0173 kritim\u0105 ir sveik\u0105 blizges\u012f.<\/li>\n<li>\u0160venti\u0161kas akcentas: \u012epintas plonytis liurekso si\u016blas n\u0117ra \u012fkyrus &#8211; jis sugauna \u0161vies\u0105 ir suteikia mezginiui eleganti\u0161ko &#8221;deimantinio&#8221; dulksnos efekto.<\/li>\n<li>Universalumas: \u0160ie si\u016blai idealiai tinka megzti vienus (gaunant persi\u0161vie\u010diant\u012f, lengv\u0105 drabu\u017e\u012f) arba pridedant prie kito si\u016blo (vilnos ar medviln\u0117s), norint suteikti mezginiui prabangos ir \u0161velnaus p\u016bko.<\/li>\n<li>Meistri\u0161kumo \u017eenklas: Tai si\u016blai, kurie net papras\u010diausi\u0105 gerosiomis akimis megzt\u0105 megztin\u012f paver\u010dia auk\u0161tosios mados (haute couture) k\u016briniu.<\/li>\n<\/ul>","protected":false},"excerpt":{"rendered":"<p>Phildar PHIL MOHAIR SOIE LUREX &#8211; prabangus Italijoje pagamintas moheros ir \u0161ilko derinys su subtiliu liurekso spindesiu. I\u0161skirtinai ploni, lengvi ir \u0161ilti si\u016blai, idealiai tinkantys eleganti\u0161kiems megztiniams-voratinkliams, \u0161aliams ar puo\u0161nioms detal\u0117ms. Suteikite savo k\u016briniams &#8221;kilni\u0173 pluo\u0161t\u0173&#8221; prisilietim\u0105 ir diskreti\u0161k\u0105 \u0161vyt\u0117jim\u0105.<\/p>","protected":false},"featured_media":38183,"comment_status":"open","ping_status":"closed","template":"","meta":{"_acf_changed":false},"product_brand":[1887],"product_cat":[58,487,428,418,453,1893,492,416,429],"product_tag":[1859],"class_list":{"0":"post-37972","1":"product","2":"type-product","3":"status-publish","4":"has-post-thumbnail","6":"product_brand-phildar","7":"product_cat-siulai-mezgimui","8":"product_cat-blizgus-siulai","9":"product_cat-gamintojas","10":"product_cat-moheros-siulai","11":"product_cat-nuolaidos","12":"product_cat-phildar-siulai","13":"product_cat-prabangus-siulai","14":"product_cat-silko-siulai","15":"product_cat-sudetis","16":"product_tag-phildar","17":"pa_spalva-phildar-mohair-soie-lurex-amande","18":"pa_spalva-phildar-mohair-soie-lurex-canard","19":"pa_spalva-phildar-mohair-soie-lurex-ecru","20":"pa_spalva-phildar-mohair-soie-lurex-gazelle","21":"pa_spalva-phildar-mohair-soie-lurex-rosee","22":"pa_spalva-phildar-mohair-soie-lurex-saphir","23":"pa_spalva-phildar-mohair-soie-lurex-vieux-rose","24":"pa_svoris-ilgis-25-g-200-m","26":"first","27":"instock","28":"sale","29":"taxable","30":"shipping-taxable","31":"purchasable","32":"product-type-variable"},"acf":[],"_links":{"self":[{"href":"https:\/\/siulubangos.lt\/en\/wp-json\/wp\/v2\/product\/37972","targetHints":{"allow":["GET"]}}],"collection":[{"href":"https:\/\/siulubangos.lt\/en\/wp-json\/wp\/v2\/product"}],"about":[{"href":"https:\/\/siulubangos.lt\/en\/wp-json\/wp\/v2\/types\/product"}],"replies":[{"embeddable":true,"href":"https:\/\/siulubangos.lt\/en\/wp-json\/wp\/v2\/comments?post=37972"}],"version-history":[{"count":0,"href":"https:\/\/siulubangos.lt\/en\/wp-json\/wp\/v2\/product\/37972\/revisions"}],"wp:featuredmedia":[{"embeddable":true,"href":"https:\/\/siulubangos.lt\/en\/wp-json\/wp\/v2\/media\/38183"}],"wp:attachment":[{"href":"https:\/\/siulubangos.lt\/en\/wp-json\/wp\/v2\/media?parent=37972"}],"wp:term":[{"taxonomy":"product_brand","embeddable":true,"href":"https:\/\/siulubangos.lt\/en\/wp-json\/wp\/v2\/product_brand?post=37972"},{"taxonomy":"product_cat","embeddable":true,"href":"https:\/\/siulubangos.lt\/en\/wp-json\/wp\/v2\/product_cat?post=37972"},{"taxonomy":"product_tag","embeddable":true,"href":"https:\/\/siulubangos.lt\/en\/wp-json\/wp\/v2\/product_tag?post=37972"}],"curies":[{"name":"wp","href":"https:\/\/api.w.org\/{rel}","templated":true}]}}