{"id":38375,"date":"2026-02-13T15:47:47","date_gmt":"2026-02-13T13:47:47","guid":{"rendered":"https:\/\/siulubangos.lt\/?post_type=product&#038;p=38375"},"modified":"2026-04-16T14:16:34","modified_gmt":"2026-04-16T11:16:34","slug":"gazzal-super-kid-mohair-yarn","status":"publish","type":"product","link":"https:\/\/siulubangos.lt\/en\/parduotuve\/gazzal-super-kid-mohair\/","title":{"rendered":"Gazzal SUPER KID MOHAIR (mohair, merino wool)"},"content":{"rendered":"<h3>Gazzal SUPER KID MOHAIR (47% super kid moheris, 31% merino vilna, 22% poliamidas)<\/h3>\n<p>Tai itin ploni ir p\u016bkuoti mezgimo si\u016blai, skirti lengviems bei \u0161iltiems rankdarbiams. \u0160io si\u016blo pagrind\u0105 sudaro auk\u0161\u010diausios kokyb\u0117s jauno moherio vilna (Kid Mohair), papildyta merino vilna ir poliamidu, kuris suteikia si\u016blui tvirtumo.<\/p>\n<p>D\u0117l savo strukt\u016bros \u0161ie moherio si\u016blai yra labai universal\u016bs. Mezgant vienu gija, gaunamas a\u017e\u016brinis, \u201evoratinklio\u201c tipo efektas, kuris puikiai tinka skaroms ar lengviems megztukams. Da\u017enai \u0161is si\u016blas naudojamas ir kaip papildomas priedas pridedant prie kitos vilnos ar medviln\u0117s &#8211; taip mezginiui suteikiama papildoma \u0161iluma bei \u0161velnus p\u016bkas.<\/p>\n<p>Nors Gazzal SUPER KID MOHAIR kamuoliukas sveria tik 25 g, jis pasi\u017eymi dideliu metra\u017eu (237 m), tod\u0117l gaminiai yra ekonomi\u0161ki ir beveik nejuntami d\u0117vint.<\/p>\n<ul>\n<li><strong>Recommended needles<\/strong>: 3.0 mm &#8211; 5.0 mm (priklausomai nuo norimo tankumo).<\/li>\n<li><strong>Care<\/strong>: Rekomenduojama skalbti rankomis v\u0117siame vandenyje ir d\u017eiovinti patiesus horizontaliai.<\/li>\n<\/ul>","protected":false},"excerpt":{"rendered":"<p>Gazzal SUPER KID MOHAIR &#8211; tai ploni, p\u016bkuoti moherio si\u016blai, skirti megzti virbalais arba nerti v\u0105\u0161eliu. \u0160ie si\u016blai pasi\u017eymi ma\u017eu svoriu ir dideliu metra\u017eu, tod\u0117l gaminiai b\u016bna lengvi, bet \u0161ilti. Galima megzti vienu si\u016blu (skaidriems mezginiams) arba d\u0117ti kartu su kita vilna, suteikiant mezginiui purumo.<\/p>\n<p>&nbsp;<\/p>","protected":false},"featured_media":38386,"comment_status":"open","ping_status":"closed","template":"","meta":{"_acf_changed":false},"product_brand":[2513],"product_cat":[58,428,493,419,418,429,1951],"product_tag":[1934],"class_list":{"0":"post-38375","1":"product","2":"type-product","3":"status-publish","4":"has-post-thumbnail","6":"product_brand-gazzal","7":"product_cat-siulai-mezgimui","8":"product_cat-gamintojas","9":"product_cat-itin-ploni-siulai","10":"product_cat-merino-vilnos-siulai","11":"product_cat-moheros-siulai","12":"product_cat-sudetis","13":"product_cat-turkijos-gamintoju-siulai","14":"product_tag-gazzal","15":"pa_spalva-64400-gazzal-super-kid-mohair-klasikine-ruda","16":"pa_spalva-64401-gazzal-super-kid-mohair-svelni-ruda","17":"pa_spalva-64402-gazzal-super-kid-mohair-chaki-zalia","18":"pa_spalva-super-kid-mohair-64403-super-kid-mohair-876-10-b","19":"pa_spalva-64404-gazzal-super-kid-mohair-siltai-smeline","20":"pa_spalva-64405-gazzal-super-kid-mohair-sviesi-garstyciu","21":"pa_spalva-super-kid-mohair-64408-super-kid-mohair-881-10-b","22":"pa_spalva-64409-gazal-super-kid-mohair-juoda","23":"pa_spalva-super-kid-mohair-64410-super-kid-mohair-883-10-b","24":"pa_spalva-super-kid-mohair-64411-super-kid-mohair-884-10-b","25":"pa_spalva-super-kid-mohair-64412-super-kid-mohair-885-10-b","26":"pa_spalva-super-kid-mohair-64413-super-kid-mohair-886-10-b","27":"pa_spalva-64414-gazzal-super-kid-mohair-naturali-balta","28":"pa_spalva-super-kid-mohair-64416-super-kid-mohair-889-10-b","29":"pa_spalva-super-kid-mohair-64417-super-kid-mohair-890-10-b","30":"pa_spalva-64418-gazzal-super-kid-mohair-tamsi-turkio","31":"pa_spalva-64420-gazzal-super-kid-mohair-serksno-melsva","32":"pa_spalva-64422-gazzal-super-kid-mohair-obuolio-zalia","33":"pa_spalva-super-kid-mohair-64426-super-kid-mohair-899-10-b","34":"pa_spalva-super-kid-mohair-64430-super-kid-mohair-2276-10-b","35":"pa_spalva-super-kid-mohair-64432-super-kid-mohair-905-10-b","36":"pa_spalva-super-kid-mohair-64433-super-kid-mohair-906-10-b","37":"pa_spalva-64434-gazzal-super-kid-mohair-sviesi-pilka","38":"pa_spalva-super-kid-mohair-64435-super-kid-mohair-908-10-b","39":"pa_spalva-64437-gazzal-super-kid-mohair","40":"pa_spalva-64439-gazzal-super-kid-mohair-kalkiu-balta","41":"pa_spalva-super-kid-mohair-65612-super-kid-mohair-2246-11-b","42":"pa_svoris-ilgis-25-g-237-m","44":"first","45":"instock","46":"sale","47":"taxable","48":"shipping-taxable","49":"purchasable","50":"product-type-variable"},"acf":[],"_links":{"self":[{"href":"https:\/\/siulubangos.lt\/en\/wp-json\/wp\/v2\/product\/38375","targetHints":{"allow":["GET"]}}],"collection":[{"href":"https:\/\/siulubangos.lt\/en\/wp-json\/wp\/v2\/product"}],"about":[{"href":"https:\/\/siulubangos.lt\/en\/wp-json\/wp\/v2\/types\/product"}],"replies":[{"embeddable":true,"href":"https:\/\/siulubangos.lt\/en\/wp-json\/wp\/v2\/comments?post=38375"}],"version-history":[{"count":0,"href":"https:\/\/siulubangos.lt\/en\/wp-json\/wp\/v2\/product\/38375\/revisions"}],"wp:featuredmedia":[{"embeddable":true,"href":"https:\/\/siulubangos.lt\/en\/wp-json\/wp\/v2\/media\/38386"}],"wp:attachment":[{"href":"https:\/\/siulubangos.lt\/en\/wp-json\/wp\/v2\/media?parent=38375"}],"wp:term":[{"taxonomy":"product_brand","embeddable":true,"href":"https:\/\/siulubangos.lt\/en\/wp-json\/wp\/v2\/product_brand?post=38375"},{"taxonomy":"product_cat","embeddable":true,"href":"https:\/\/siulubangos.lt\/en\/wp-json\/wp\/v2\/product_cat?post=38375"},{"taxonomy":"product_tag","embeddable":true,"href":"https:\/\/siulubangos.lt\/en\/wp-json\/wp\/v2\/product_tag?post=38375"}],"curies":[{"name":"wp","href":"https:\/\/api.w.org\/{rel}","templated":true}]}}