{"id":38409,"date":"2026-02-13T21:08:41","date_gmt":"2026-02-13T19:08:41","guid":{"rendered":"https:\/\/siulubangos.lt\/?post_type=product&#038;p=38409"},"modified":"2026-04-09T15:58:26","modified_gmt":"2026-04-09T12:58:26","slug":"alize-diva-siulai","status":"publish","type":"product","link":"https:\/\/siulubangos.lt\/en\/parduotuve\/alize-diva-siulai\/","title":{"rendered":"Alize DIVA (100% microfibre acrylic)"},"content":{"rendered":"<h3>Alize DIVA (100% mikropluo\u0161to akrilas) &#8211; su \u0161ilko efektu<\/h3>\n<p>Populiarus pasirinkimas ie\u0161kantiems kokybi\u0161kos alternatyvos nat\u016braliam \u0161ilkui ar medvilnei. Tai auk\u0161\u010diausios kokyb\u0117s mikropluo\u0161to si\u016blai, kurie pasi\u017eymi ypatingu tvirtumu ir ilgaam\u017ei\u0161kumu. Mezgant ar neriant i\u0161 \u0161i\u0173 si\u016bl\u0173, gaminys \u012fgauna prabang\u0173 \u017evilges\u012f, neblunka saul\u0117je ir gerai i\u0161laiko savo pirmin\u0119 form\u0105 net po daugelio skalbim\u0173.<\/p>\n<p>Nors tai sintetin\u0117 med\u017eiaga, specialiai apdirbtas mikropluo\u0161tas pasi\u017eymi geromis dr\u0117gm\u0117s garinimo savyb\u0117mis &#8211; jis nesulaiko dr\u0117gm\u0117s mezginio viduje, tod\u0117l drabu\u017eis greitai d\u017ei\u016bsta ir palaiko malon\u0173 v\u0117sumo poj\u016bt\u012f. Tai puiki alternatyva tiems, kas ie\u0161ko \u0161ilk\u0105 primenan\u010dio \u017evilgesio, bet nori lengviau pri\u017ei\u016brimo ir tvirtesnio gaminio.<\/p>\n<p><strong>Maintenance:<\/strong> Galima skalbti skalbimo ma\u0161inoje tausojan\u010diu re\u017eimu iki 30 laipsni\u0173, d\u017eiovinti patiesus. Nerekomenduojama lyginti labai kar\u0161tu lygintuvu.<\/p>\n<p><strong>Paskirtis:<\/strong> Vasarin\u0117s suknel\u0117s, palaidin\u0117s, skaros, nertos servet\u0117l\u0117s, maudymosi kostium\u0117liai.<\/p>","protected":false},"excerpt":{"rendered":"<p>\u0160veln\u016bs, \u017evilg\u016bs ir itin glotn\u016bs mikropluo\u0161to si\u016blai, pasi\u017eymintys &#8221;\u0161ilko efektu&#8221;: \u0161ie si\u016blai yra ploni, v\u0117s\u016bs ir malon\u016bs liesti, tod\u0117l geriausiai tinka vasariniams drabu\u017eiams, n\u0117riniams bei aksesuarams. D\u0117l savo strukt\u016bros mezginys gra\u017eiai krenta ir nesip\u016bkuoja. Idealus maudymosi kostium\u0117liams, papl\u016bdimio suknel\u0117ms.<\/p>","protected":false},"featured_media":38416,"comment_status":"open","ping_status":"closed","template":"","meta":{"_acf_changed":false},"product_brand":[],"product_cat":[58,443,428,493,429,1951],"product_tag":[1939],"class_list":{"0":"post-38409","1":"product","2":"type-product","3":"status-publish","4":"has-post-thumbnail","6":"product_cat-siulai-mezgimui","7":"product_cat-akrilo-siulai","8":"product_cat-gamintojas","9":"product_cat-itin-ploni-siulai","10":"product_cat-sudetis","11":"product_cat-turkijos-gamintoju-siulai","12":"product_tag-alize","13":"pa_spalva-01-alize-diva-kremine","14":"pa_spalva-149-alize-diva-ryski-rozine","15":"pa_spalva-158-alize-diva-sviesi-violetine","16":"pa_spalva-168-alize-diva-perlo-pilka","17":"pa_spalva-210-alize-diva-vezlio-zalia","18":"pa_spalva-261-alize-diva-sviesi-ruda","19":"pa_spalva-348-alize-diva-pilksvai-violetine","20":"pa_spalva-354-alize-diva-dumine-roze","21":"pa_spalva-355-alize-diva-sviesi-pilka","22":"pa_spalva-368-alize-diva-smelio","23":"pa_spalva-369-alize-diva-kupranugario","24":"pa_spalva-382-alize-diva-pudrine","25":"pa_spalva-55-alize-diva-balta","26":"pa_spalva-57-alize-diva-bordo","27":"pa_spalva-62-alize-diva-naturali-balta","28":"pa_spalva-690-alize-diva-kastonine","29":"pa_spalva-778-alize-diva-skaisti-zalia","30":"pa_svoris-ilgis-100-g-350-m","32":"first","33":"instock","34":"sale","35":"taxable","36":"shipping-taxable","37":"purchasable","38":"product-type-variable"},"acf":[],"_links":{"self":[{"href":"https:\/\/siulubangos.lt\/en\/wp-json\/wp\/v2\/product\/38409","targetHints":{"allow":["GET"]}}],"collection":[{"href":"https:\/\/siulubangos.lt\/en\/wp-json\/wp\/v2\/product"}],"about":[{"href":"https:\/\/siulubangos.lt\/en\/wp-json\/wp\/v2\/types\/product"}],"replies":[{"embeddable":true,"href":"https:\/\/siulubangos.lt\/en\/wp-json\/wp\/v2\/comments?post=38409"}],"version-history":[{"count":0,"href":"https:\/\/siulubangos.lt\/en\/wp-json\/wp\/v2\/product\/38409\/revisions"}],"wp:featuredmedia":[{"embeddable":true,"href":"https:\/\/siulubangos.lt\/en\/wp-json\/wp\/v2\/media\/38416"}],"wp:attachment":[{"href":"https:\/\/siulubangos.lt\/en\/wp-json\/wp\/v2\/media?parent=38409"}],"wp:term":[{"taxonomy":"product_brand","embeddable":true,"href":"https:\/\/siulubangos.lt\/en\/wp-json\/wp\/v2\/product_brand?post=38409"},{"taxonomy":"product_cat","embeddable":true,"href":"https:\/\/siulubangos.lt\/en\/wp-json\/wp\/v2\/product_cat?post=38409"},{"taxonomy":"product_tag","embeddable":true,"href":"https:\/\/siulubangos.lt\/en\/wp-json\/wp\/v2\/product_tag?post=38409"}],"curies":[{"name":"wp","href":"https:\/\/api.w.org\/{rel}","templated":true}]}}