{"id":38605,"date":"2026-02-18T01:24:00","date_gmt":"2026-02-17T23:24:00","guid":{"rendered":"https:\/\/siulubangos.lt\/?post_type=product&#038;p=38605"},"modified":"2026-04-09T09:09:51","modified_gmt":"2026-04-09T06:09:51","slug":"chiaogoo-forte-lace-prisukami-virbalai","status":"publish","type":"product","link":"https:\/\/siulubangos.lt\/en\/parduotuve\/chiaogoo-forte-lace-prisukami-virbalai\/","title":{"rendered":"ChiaoGoo FORTE Lace \u2013 carbon fiber screw-on needles 10 cm"},"content":{"rendered":"<h2 data-start=\"135\" data-end=\"432\"><strong data-start=\"135\" data-end=\"183\">ChiaoGoo FORTE Lace \u2013 carbon fiber screw-on needles 10 cm<\/strong><\/h2>\n<p>ChiaoGoo FORTE Lace &#8211; tai prabangos ir technologij\u0173 derinys. \u0160ie virbalai pagaminti i\u0161 itin tvirto anglies pluo\u0161to (carbon fiber), o j\u0173 galiukai ir sriegiai &#8211; i\u0161 ner\u016bdijan\u010dio plieno. Tai u\u017etikrina ne\u012ftik\u0117tin\u0105 virbal\u0173 lengvum\u0105, ilgaam\u017ei\u0161kum\u0105 ir nepriekai\u0161ting\u0105 slydim\u0105.<\/p>\n<p><strong>Key features:<\/strong><\/p>\n<ul>\n<li>Med\u017eiag\u0173 derm\u0117: Anglies pluo\u0161to korpusas suteikia tvirtumo, o plieniniai &#8222;Lace&#8221; tipo galiukai garantuoja tiksl\u0173 ir skland\u0173 mezgim\u0105 net su ploniausiais si\u016blais.<\/li>\n<li>Tobula jungtis: Precizi\u0161kai pritaikytas sujungimas su valu u\u017etikrina, kad akys slys be jokio pasiprie\u0161inimo.<\/li>\n<li>Universalumas: Lengvai suformuosite norimo ilgio virbalus su valu sujung\u0119 pasirinkto dyd\u017eio virbalus su bet kuriuo ChiaoGoo valu.<\/li>\n<\/ul>\n<h3><strong>General information for all ChiaoGoo interchangeable cords<\/strong><\/h3>\n<p>TWIST and SPIN have the same thread size and are therefore compatible with each other. All screw-on bobbins and rollers are laser-marked with the corresponding thread size:<\/p>\n<p>M = MINI - suitable for cord sizes 1.50-2.50 mm (10 and 13 cm) and 1.50-3.25 mm (8 cm)<\/p>\n<p>S = Small - suitable for cord sizes 2.75-5.0 mm (10 and 13 cm) and 3.50-5.0 mm (8 cm)<\/p>\n<p>L = Large - suitable for cord sizes 5.50-10.0 mm (10 and 13 cm)<\/p>\n<p>The MINI series is not compatible with S and L thread sizes, so all MINI screw-in shafts must be used with MINI shafts only.<\/p>\n<p>Please note that the 10 cm and 13 cm MINI screw-on rope is too long to be used with the 5 cm, 13 cm or 15 cm MINI rolls. They can be extended using the MINI roller connector.<\/p>\n<p>ChiaoGoo also offers adapters to connect MINI, S and L thread sizes to each other.<\/p>\n<p>Exception:<br \/>\nChiaoGoo MINI SHORTIES screw-on rope shanks (size 1.50-3.25 mm) are only compatible with MINI thread products.<\/p>","protected":false},"excerpt":{"rendered":"<p>ChiaoGoo FORTE Lace virbalai apjungia anglies pluo\u0161to lengvum\u0105 ir ner\u016bdijan\u010dio plieno tikslum\u0105. Tai itin tvirti, ilgaam\u017eiai ir nepriekai\u0161tingai glotn\u016bs virbalai, sukurti patiems reikliausiems mezg\u0117jams. M\u0117gaukit\u0117s skland\u017eiu darbu be joki\u0173 kompromis\u0173.<\/p>","protected":false},"featured_media":38615,"comment_status":"open","ping_status":"closed","template":"","meta":{"_acf_changed":false},"product_brand":[560],"product_cat":[513,466,455,524,502,61],"product_tag":[1257],"class_list":{"0":"post-38605","1":"product","2":"type-product","3":"status-publish","4":"has-post-thumbnail","6":"product_brand-chiaogoo","7":"product_cat-10-cm-prisukami-virbalai","8":"product_cat-chiaogoo-virbalai-vaseliai","9":"product_cat-gamintojas-virbalai-vaseliai","10":"product_cat-karboniniai","11":"product_cat-prisukami-virbalai","12":"product_cat-virbalai-vaseliai","13":"product_tag-chiaogoo","14":"pa_dydis-2-75-mm","15":"pa_dydis-3-mm","16":"pa_dydis-3-25-mm","17":"pa_dydis-3-50-mm","18":"pa_dydis-3-75-mm","19":"pa_dydis-4-mm","20":"pa_dydis-4-50-mm","21":"pa_dydis-5-mm","23":"first","24":"instock","25":"featured","26":"taxable","27":"shipping-taxable","28":"purchasable","29":"product-type-variable"},"acf":[],"_links":{"self":[{"href":"https:\/\/siulubangos.lt\/en\/wp-json\/wp\/v2\/product\/38605","targetHints":{"allow":["GET"]}}],"collection":[{"href":"https:\/\/siulubangos.lt\/en\/wp-json\/wp\/v2\/product"}],"about":[{"href":"https:\/\/siulubangos.lt\/en\/wp-json\/wp\/v2\/types\/product"}],"replies":[{"embeddable":true,"href":"https:\/\/siulubangos.lt\/en\/wp-json\/wp\/v2\/comments?post=38605"}],"version-history":[{"count":0,"href":"https:\/\/siulubangos.lt\/en\/wp-json\/wp\/v2\/product\/38605\/revisions"}],"wp:featuredmedia":[{"embeddable":true,"href":"https:\/\/siulubangos.lt\/en\/wp-json\/wp\/v2\/media\/38615"}],"wp:attachment":[{"href":"https:\/\/siulubangos.lt\/en\/wp-json\/wp\/v2\/media?parent=38605"}],"wp:term":[{"taxonomy":"product_brand","embeddable":true,"href":"https:\/\/siulubangos.lt\/en\/wp-json\/wp\/v2\/product_brand?post=38605"},{"taxonomy":"product_cat","embeddable":true,"href":"https:\/\/siulubangos.lt\/en\/wp-json\/wp\/v2\/product_cat?post=38605"},{"taxonomy":"product_tag","embeddable":true,"href":"https:\/\/siulubangos.lt\/en\/wp-json\/wp\/v2\/product_tag?post=38605"}],"curies":[{"name":"wp","href":"https:\/\/api.w.org\/{rel}","templated":true}]}}