{"id":38684,"date":"2026-02-18T23:14:43","date_gmt":"2026-02-18T21:14:43","guid":{"rendered":"https:\/\/siulubangos.lt\/?post_type=product&#038;p=38684"},"modified":"2026-02-18T23:22:59","modified_gmt":"2026-02-18T21:22:59","slug":"chiaogoo-spin-bamboo-bambukinis-rinkinys","status":"publish","type":"product","link":"https:\/\/siulubangos.lt\/en\/parduotuve\/chiaogoo-spin-bamboo-bambukinis-rinkinys\/","title":{"rendered":"ChiaoGoo SPIN Bamboo 13 cm large screw-on needle set (2.75\u201310.0 mm)"},"content":{"rendered":"<h2><strong>ChiaoGoo SPIN Bamboo 13 cm large screw-on needle set (2.75\u201310.0 mm)<\/strong><\/h2>\n<p>The set comes in a sturdy, aesthetically pleasing case with labelled compartments to keep all the cords and accessories within easy reach and neatly stored.<\/p>\n<p>SPIN serijos i\u0161skirtinumas &#8211; specialus sukamasis sujungimas tarp valo ir virbalo, leid\u017eiantis virbalui laisvai suktis. D\u0117l to valai nesusisuka, nesusilenkia ir i\u0161lieka itin patog\u016bs mezgant.<\/p>\n<h3><strong>The kit includes:<\/strong><\/h3>\n<ul>\n<li>Moso bambuko virbalai (13 cm):<br \/>\nSmall: 2.75, 3.25, 3.50, 3.75, 4.0, 4.50, 5.0 mm<br \/>\nLarge: 5.50, 6.0, 6.50, 8.0, 9.0, 10.0 mm<\/li>\n<li>\u00a0Small 3 sidabriniai valai: 35, 55 ir 75 cm<\/li>\n<li>Large 3 sidabriniai valai: 35, 55\u00a0 ir 75 cm<\/li>\n<li>Val\u0173 antgaliai (Small ir Large) po komplekt\u0105<\/li>\n<li>Jungtis valams prailginti (Small ir Large)<\/li>\n<li>2 tightening wrenches<\/li>\n<li>Silikonin\u0119 \u0161irdel\u0119 virbal\u0173 u\u017etvirtinimui<\/li>\n<li>Eye markers<\/li>\n<li>Roving size gauge<\/li>\n<li>Convenient clip-on tray<\/li>\n<\/ul>\n<h3><strong>General information for all ChiaoGoo interchangeable cords<\/strong><\/h3>\n<p>TWIST and SPIN have the same thread size and are therefore compatible with each other. All bobbins and rollers are laser marked with the corresponding thread size:<\/p>\n<p>M = MINI - suitable for cord sizes 1.50-2.50 mm (10 and 13 cm) and 1.50-3.25 mm (8 cm)<\/p>\n<p>S = Small (ma\u017eas) &#8211; tinka virbal\u0173 dyd\u017eiams 2.75-5.00 mm (10 ir 13 cm) ir 3.50-5.0 mm (8 cm)<\/p>\n<p>L = Large - suitable for cord sizes 5.50-10.0 mm (10 and 13 cm)<\/p>\n<p>The MINI series is not compatible with S and L thread sizes, so all MINI shafts must be used with MINI shafts only.<\/p>\n<p>Atkreipkite d\u0117mes\u012f, kad 10 cm ir 13 cm ilgio MINI virbal\u0173 antgaliai yra per ilgi, kad b\u016bt\u0173 naudojami su 5 cm, 13 cm ar 15 cm ilgio MINI valais. Jie gali b\u016bti prat\u0119siami naudojant MINI val\u0173 jungt\u012f (connector).<\/p>\n<p>ChiaoGoo also offers adapters to connect MINI, S and L thread sizes to each other.<\/p>\n<p>Exception:<br \/>\nChiaoGoo MINI SHORTIES (1.50-3.25 mm) are only compatible with MINI thread products.<\/p>","protected":false},"excerpt":{"rendered":"<p>ChiaoGoo SPIN Bamboo prisukam\u0173 virbal\u0173 13 cm didelis rinkinys &#8211; tai profesionalams ir m\u0117g\u0117jams skirtas auk\u0161tos kokyb\u0117s mezgimo rinkinys, kuriame rasite visus reikalingus virbal\u0173 dyd\u017eius ir priedus vienoje vietoje. Moso bambuko virbalai puikiai tinka a\u017e\u016brin\u0117ms detal\u0117ms, pyn\u0117ms ir tiksliam mezgimui. Lankst\u016bs, nesusisukantys,rotaciniai valai su plieniniu pagrindu u\u017etikrina patog\u0173 ir skland\u0173 mezgim\u0105 be trukd\u017ei\u0173.<\/p>","protected":false},"featured_media":38685,"comment_status":"open","ping_status":"closed","template":"","meta":{"_acf_changed":false},"product_brand":[560],"product_cat":[61,525,466,455,505,507],"product_tag":[1257],"class_list":{"0":"post-38684","1":"product","2":"type-product","3":"status-publish","4":"has-post-thumbnail","6":"product_brand-chiaogoo","7":"product_cat-virbalai-vaseliai","8":"product_cat-bambukiniai","9":"product_cat-chiaogoo-virbalai-vaseliai","10":"product_cat-gamintojas-virbalai-vaseliai","11":"product_cat-rinkiniai","12":"product_cat-virbalu-rinkiniai","13":"product_tag-chiaogoo","14":"pa_dydis-1-50-mm","15":"pa_dydis-1-75-mm","16":"pa_dydis-2-mm","17":"pa_dydis-2-25-mm","18":"pa_dydis-2-50-mm","19":"pa_dydis-2-75-mm","20":"pa_dydis-3-mm","21":"pa_dydis-3-25-mm","22":"pa_dydis-3-50-mm","23":"pa_dydis-3-75-mm","24":"pa_dydis-4-mm","25":"pa_dydis-4-50-mm","26":"pa_dydis-5-mm","27":"pa_dydis-5-50-mm","28":"pa_dydis-6-mm","29":"pa_dydis-6-50-mm","30":"pa_dydis-7-mm","31":"pa_dydis-7-50-mm","33":"first","34":"instock","35":"taxable","36":"shipping-taxable","37":"purchasable","38":"product-type-simple"},"acf":[],"_links":{"self":[{"href":"https:\/\/siulubangos.lt\/en\/wp-json\/wp\/v2\/product\/38684","targetHints":{"allow":["GET"]}}],"collection":[{"href":"https:\/\/siulubangos.lt\/en\/wp-json\/wp\/v2\/product"}],"about":[{"href":"https:\/\/siulubangos.lt\/en\/wp-json\/wp\/v2\/types\/product"}],"replies":[{"embeddable":true,"href":"https:\/\/siulubangos.lt\/en\/wp-json\/wp\/v2\/comments?post=38684"}],"version-history":[{"count":0,"href":"https:\/\/siulubangos.lt\/en\/wp-json\/wp\/v2\/product\/38684\/revisions"}],"wp:featuredmedia":[{"embeddable":true,"href":"https:\/\/siulubangos.lt\/en\/wp-json\/wp\/v2\/media\/38685"}],"wp:attachment":[{"href":"https:\/\/siulubangos.lt\/en\/wp-json\/wp\/v2\/media?parent=38684"}],"wp:term":[{"taxonomy":"product_brand","embeddable":true,"href":"https:\/\/siulubangos.lt\/en\/wp-json\/wp\/v2\/product_brand?post=38684"},{"taxonomy":"product_cat","embeddable":true,"href":"https:\/\/siulubangos.lt\/en\/wp-json\/wp\/v2\/product_cat?post=38684"},{"taxonomy":"product_tag","embeddable":true,"href":"https:\/\/siulubangos.lt\/en\/wp-json\/wp\/v2\/product_tag?post=38684"}],"curies":[{"name":"wp","href":"https:\/\/api.w.org\/{rel}","templated":true}]}}