{"id":38690,"date":"2026-02-18T23:28:17","date_gmt":"2026-02-18T21:28:17","guid":{"rendered":"https:\/\/siulubangos.lt\/?post_type=product&#038;p=38690"},"modified":"2026-02-18T23:28:57","modified_gmt":"2026-02-18T21:28:57","slug":"prym-mezginiu-valymo-sepetelis-2","status":"publish","type":"product","link":"https:\/\/siulubangos.lt\/en\/parduotuve\/prym-mezginiu-valymo-sepetelis-2\/","title":{"rendered":"PRYM Knitting Cleaning Brush (without packaging)"},"content":{"rendered":"","protected":false},"excerpt":{"rendered":"<p>Prym mezgini\u0173 valymo \u0161epet\u0117lis -padeda j\u016bs\u0173 drabu\u017eiams v\u0117l atrodyti kaip naujiems. \u0160is \u0161epet\u0117lis turi tvirt\u0105 plastikin\u0119 ranken\u0105 ir yra pagamintas i\u0161 vulkanizuoto metalo. Naudojant \u0161epet\u0117l\u012f ir \u0161velniai braukiant juo per vilnon\u012f audin\u012f, pa\u0161alinami susiv\u0117l\u0119 p\u016bkeliai ir v\u0117l atrodo lyg naujas. Kaina nurodyta u\u017e vienet\u0105.<\/p>","protected":false},"featured_media":38691,"comment_status":"open","ping_status":"closed","template":"","meta":{"_acf_changed":false},"product_brand":[761],"product_cat":[310,538,528,533],"product_tag":[1232],"class_list":{"0":"post-38690","1":"product","2":"type-product","3":"status-publish","4":"has-post-thumbnail","6":"product_brand-prym","7":"product_cat-mezgimo-priemones","8":"product_cat-mezginiu-prieziura","9":"product_cat-priemones-tipas","10":"product_cat-prym-gamintojas-kitos-priemones","11":"product_tag-prym","12":"pa_dydis-2-mm","13":"pa_dydis-2-25-mm","14":"pa_dydis-2-50-mm","15":"pa_dydis-2-75-mm","16":"pa_dydis-3-mm","17":"pa_dydis-3-25-mm","18":"pa_dydis-3-50-mm","19":"pa_dydis-3-75-mm","20":"pa_dydis-4-mm","21":"pa_dydis-4-50-mm","22":"pa_dydis-5-mm","23":"pa_dydis-5-50-mm","24":"pa_dydis-6-mm","26":"first","27":"instock","28":"taxable","29":"shipping-taxable","30":"purchasable","31":"product-type-simple"},"acf":[],"_links":{"self":[{"href":"https:\/\/siulubangos.lt\/en\/wp-json\/wp\/v2\/product\/38690","targetHints":{"allow":["GET"]}}],"collection":[{"href":"https:\/\/siulubangos.lt\/en\/wp-json\/wp\/v2\/product"}],"about":[{"href":"https:\/\/siulubangos.lt\/en\/wp-json\/wp\/v2\/types\/product"}],"replies":[{"embeddable":true,"href":"https:\/\/siulubangos.lt\/en\/wp-json\/wp\/v2\/comments?post=38690"}],"version-history":[{"count":0,"href":"https:\/\/siulubangos.lt\/en\/wp-json\/wp\/v2\/product\/38690\/revisions"}],"wp:featuredmedia":[{"embeddable":true,"href":"https:\/\/siulubangos.lt\/en\/wp-json\/wp\/v2\/media\/38691"}],"wp:attachment":[{"href":"https:\/\/siulubangos.lt\/en\/wp-json\/wp\/v2\/media?parent=38690"}],"wp:term":[{"taxonomy":"product_brand","embeddable":true,"href":"https:\/\/siulubangos.lt\/en\/wp-json\/wp\/v2\/product_brand?post=38690"},{"taxonomy":"product_cat","embeddable":true,"href":"https:\/\/siulubangos.lt\/en\/wp-json\/wp\/v2\/product_cat?post=38690"},{"taxonomy":"product_tag","embeddable":true,"href":"https:\/\/siulubangos.lt\/en\/wp-json\/wp\/v2\/product_tag?post=38690"}],"curies":[{"name":"wp","href":"https:\/\/api.w.org\/{rel}","templated":true}]}}