{"id":38698,"date":"2026-02-18T23:47:56","date_gmt":"2026-02-18T21:47:56","guid":{"rendered":"https:\/\/siulubangos.lt\/?post_type=product&#038;p=38698"},"modified":"2026-02-19T15:16:11","modified_gmt":"2026-02-19T13:16:11","slug":"lantern-moon-juodmedzio-prisukamu-virbalu-rinkinys","status":"publish","type":"product","link":"https:\/\/siulubangos.lt\/en\/parduotuve\/lantern-moon-juodmedzio-prisukamu-virbalu-rinkinys\/","title":{"rendered":"Lantern Moon LEGACY Ebony 13 cm Screw-on Cord Set (3.25-5 mm)"},"content":{"rendered":"<h3><strong>Lantern Moon LEGACY juodmed\u017eio prisukam\u0173 13 cm\u00a0 virbal\u0173 rinkinys (3.25-5 mm)<\/strong><\/h3>\n<p><strong>Virbalai pasi\u017eymi:<\/strong><\/p>\n<ul>\n<li>Idealiai lygiu, blizgiu pavir\u0161iumi &#8211; aki\u0173 slydimui be pasiprie\u0161inimo.<\/li>\n<li>Tobulai suformuotais smailais galais &#8211; tiksliam ir lengvam mezgimui.<\/li>\n<li>24 karat\u0173 auksu dengta \u017ealvario jungtimi &#8211; prabangai ir visi\u0161kai skland\u017eiam per\u0117jimui prie valo.<\/li>\n<li>Pritaikymu \u012fvairiems projektams &#8211; tinka tiek mezgimui ratu, tiek pirmyn-atgal.<\/li>\n<li>\u0160ios virbalai leid\u017eia greitai keisti virbal\u0173 stor\u012f ar valo ilg\u012f, tod\u0117l yra itin prakti\u0161ki tiek pradedantiesiems, tiek profesionalams.<\/li>\n<\/ul>\n<p><strong>The kit includes:<\/strong><\/p>\n<ul>\n<li>5 poros juodmed\u017eio virbal\u0173 (10 cm): 3.25, 3.75, 4.0, 4.50, 5.0 mm,<\/li>\n<li>2 Swivel (rotaciniai) valai: 60 ir 80 cm (bendras ilgis su virbalais),<\/li>\n<li>4 mediniai antgaliai,<\/li>\n<li>2\u00a0 rakteliai valo ir virbalo sujungimui,<\/li>\n<li>5 aki\u0173 \u017eymekliai su spalvotais kuteliais,<\/li>\n<li>Prabangus audinio d\u0117klas su skyreliais.<\/li>\n<\/ul>","protected":false},"excerpt":{"rendered":"<p>Lantern Moon LEGACY &#8211; tai i\u0161skirtin\u0117 premium klas\u0117s mezgimo virbal\u0173 kolekcija, sukurta tikriems kokyb\u0117s ir estetinio mezgimo malonumo gerb\u0117jams. Juodmed\u017eio virbalai pasi\u017eymi nat\u016braliu tvirtumu, lygiai poliruotu pavir\u0161iumi ir precizi\u0161kai suformuotais, smailiais galais. Jie leid\u017eia mezgimo akims slysti \u0161velniai be pasiprie\u0161inimo. Rotacini\u0173 val\u0173 mechanizmas suteikia visi\u0161k\u0105 jud\u0117jimo laisv\u0119, virbalai sukasi aplink savo a\u0161\u012f, tod\u0117l valas nesusisuka, nekimba ir netrukdo mezgant net sud\u0117tingiausius ra\u0161tus. Plienu, nailonu dengta valo\u00a0 \u0161erdis garantuoja tvirtum\u0105, o akys juda lengvai ir skland\u017eiai.<\/p>","protected":false},"featured_media":38699,"comment_status":"open","ping_status":"closed","template":"","meta":{"_acf_changed":false},"product_brand":[762],"product_cat":[526,455,505,499,61,507],"product_tag":[1480],"class_list":{"0":"post-38698","1":"product","2":"type-product","3":"status-publish","4":"has-post-thumbnail","6":"product_brand-lantern-moon","7":"product_cat-mediniai","8":"product_cat-gamintojas-virbalai-vaseliai","9":"product_cat-rinkiniai","10":"product_cat-rusis","11":"product_cat-virbalai-vaseliai","12":"product_cat-virbalu-rinkiniai","13":"product_tag-lanternmoon","14":"pa_dydis-3-mm","15":"pa_dydis-3-25-mm","16":"pa_dydis-3-50-mm","17":"pa_dydis-3-75-mm","18":"pa_dydis-4-mm","19":"pa_dydis-4-50-mm","20":"pa_dydis-5-mm","21":"pa_dydis-5-50-mm","22":"pa_dydis-6-mm","23":"pa_dydis-6-50-mm","24":"pa_dydis-7-mm","25":"pa_dydis-8-mm","26":"pa_ilgis-10-cm","28":"first","29":"instock","30":"taxable","31":"shipping-taxable","32":"purchasable","33":"product-type-simple"},"acf":[],"_links":{"self":[{"href":"https:\/\/siulubangos.lt\/en\/wp-json\/wp\/v2\/product\/38698","targetHints":{"allow":["GET"]}}],"collection":[{"href":"https:\/\/siulubangos.lt\/en\/wp-json\/wp\/v2\/product"}],"about":[{"href":"https:\/\/siulubangos.lt\/en\/wp-json\/wp\/v2\/types\/product"}],"replies":[{"embeddable":true,"href":"https:\/\/siulubangos.lt\/en\/wp-json\/wp\/v2\/comments?post=38698"}],"version-history":[{"count":0,"href":"https:\/\/siulubangos.lt\/en\/wp-json\/wp\/v2\/product\/38698\/revisions"}],"wp:featuredmedia":[{"embeddable":true,"href":"https:\/\/siulubangos.lt\/en\/wp-json\/wp\/v2\/media\/38699"}],"wp:attachment":[{"href":"https:\/\/siulubangos.lt\/en\/wp-json\/wp\/v2\/media?parent=38698"}],"wp:term":[{"taxonomy":"product_brand","embeddable":true,"href":"https:\/\/siulubangos.lt\/en\/wp-json\/wp\/v2\/product_brand?post=38698"},{"taxonomy":"product_cat","embeddable":true,"href":"https:\/\/siulubangos.lt\/en\/wp-json\/wp\/v2\/product_cat?post=38698"},{"taxonomy":"product_tag","embeddable":true,"href":"https:\/\/siulubangos.lt\/en\/wp-json\/wp\/v2\/product_tag?post=38698"}],"curies":[{"name":"wp","href":"https:\/\/api.w.org\/{rel}","templated":true}]}}