{"id":38711,"date":"2026-02-19T00:14:23","date_gmt":"2026-02-18T22:14:23","guid":{"rendered":"https:\/\/siulubangos.lt\/?post_type=product&#038;p=38711"},"modified":"2026-02-19T00:14:24","modified_gmt":"2026-02-18T22:14:24","slug":"tulip-etimo-vaseliu-rinkinys-2-6-mm-2","status":"publish","type":"product","link":"https:\/\/siulubangos.lt\/en\/parduotuve\/tulip-etimo-vaseliu-rinkinys-2-6-mm-2\/","title":{"rendered":"Tulip Etimo Royal Silver Collection (2-6 mm)"},"content":{"rendered":"<h2>Tulip Etimo Royal Silver Collection (2-6 mm)<\/h2>\n<p>This set comes in a luxurious grey box and provides everything you need for your creativity:<\/p>\n<ul>\n<li>8 sleeves in different sizes: 2.0 mm, 2.2 mm, 2.5 mm, 3.0 mm, 3.5 mm, 4.0 mm, 5.0 mm and 6.0 mm,<\/li>\n<li>Papildomi aksesuarai: 2 adatos, liniuot\u0117 ir sidabrin\u0117s \u017eirklut\u0117s &#8211; viskas patogiai viename rinkinyje,<\/li>\n<li>Subtly polished golden tips for smooth gliding and precise results,<\/li>\n<li>Ergonomic handle for hours of fatigue-free crocheting.<\/li>\n<\/ul>","protected":false},"excerpt":{"rendered":"<p>Tulip Etimo Royal Silver &#8211; tai ne tik v\u0105\u0161eli\u0173 rinkinys, bet ir tikras meno k\u016brinys j\u016bs\u0173 mezgimo kolekcijoje. Tobula dovana sau ar k\u016bryb\u0105 mylin\u010diam draugui.<\/p>","protected":false},"featured_media":38714,"comment_status":"open","ping_status":"closed","template":"","meta":{"_acf_changed":false},"product_brand":[558],"product_cat":[455,527,500,505,497,506,508],"product_tag":[1229],"class_list":{"0":"post-38711","1":"product","2":"type-product","3":"status-publish","4":"has-post-thumbnail","6":"product_brand-tulip","7":"product_cat-gamintojas-virbalai-vaseliai","8":"product_cat-metaliniai","9":"product_cat-pluostas","10":"product_cat-rinkiniai","11":"product_cat-tulip","12":"product_cat-vaseliai","13":"product_cat-vaseliu-rinkiniai","14":"product_tag-tulip","15":"pa_dydis-didele","16":"pa_dydis-maza","18":"first","19":"instock","20":"taxable","21":"shipping-taxable","22":"purchasable","23":"product-type-simple"},"acf":[],"_links":{"self":[{"href":"https:\/\/siulubangos.lt\/en\/wp-json\/wp\/v2\/product\/38711","targetHints":{"allow":["GET"]}}],"collection":[{"href":"https:\/\/siulubangos.lt\/en\/wp-json\/wp\/v2\/product"}],"about":[{"href":"https:\/\/siulubangos.lt\/en\/wp-json\/wp\/v2\/types\/product"}],"replies":[{"embeddable":true,"href":"https:\/\/siulubangos.lt\/en\/wp-json\/wp\/v2\/comments?post=38711"}],"version-history":[{"count":0,"href":"https:\/\/siulubangos.lt\/en\/wp-json\/wp\/v2\/product\/38711\/revisions"}],"wp:featuredmedia":[{"embeddable":true,"href":"https:\/\/siulubangos.lt\/en\/wp-json\/wp\/v2\/media\/38714"}],"wp:attachment":[{"href":"https:\/\/siulubangos.lt\/en\/wp-json\/wp\/v2\/media?parent=38711"}],"wp:term":[{"taxonomy":"product_brand","embeddable":true,"href":"https:\/\/siulubangos.lt\/en\/wp-json\/wp\/v2\/product_brand?post=38711"},{"taxonomy":"product_cat","embeddable":true,"href":"https:\/\/siulubangos.lt\/en\/wp-json\/wp\/v2\/product_cat?post=38711"},{"taxonomy":"product_tag","embeddable":true,"href":"https:\/\/siulubangos.lt\/en\/wp-json\/wp\/v2\/product_tag?post=38711"}],"curies":[{"name":"wp","href":"https:\/\/api.w.org\/{rel}","templated":true}]}}