{"id":38851,"date":"2026-02-19T20:24:33","date_gmt":"2026-02-19T18:24:33","guid":{"rendered":"https:\/\/siulubangos.lt\/?post_type=product&#038;p=38851"},"modified":"2026-03-09T22:05:49","modified_gmt":"2026-03-09T20:05:49","slug":"chiaogoo-twist-shorties-trumpu-virbalu-rinkinys","status":"publish","type":"product","link":"https:\/\/siulubangos.lt\/en\/parduotuve\/chiaogoo-twist-shorties-trumpu-virbalu-rinkinys\/","title":{"rendered":"ChiaoGoo TWIST Shorties SMALL screw-on short needle set (3.5\u20135.0 mm)"},"content":{"rendered":"<h3>ChiaoGoo TWIST Shorties SMALL\u00a0 prisukam\u0173 trump\u0173 (5-8 cm) virbal\u0173 rinkinys (3.5-5.0 mm)<\/h3>\n<p>ChiaoGoo TWIST Lace Shorties rinkiniai yra idealus pasirinkimas mezgimui ma\u017eo skersmens ratu: kojin\u0117ms, pir\u0161tin\u0117ms, kepur\u0117ms ar k\u016bdiki\u0173 drabu\u017e\u0117liams ir rankov\u0117ms. \u0160ie 5 cm ir 8 cm ilgio ner\u016bdijan\u010dio plieno virbalai leid\u017eia suformuoti 23-36 cm ilgio virbalus su valu. Unikali sistema leid\u017eia naudoti net skirtingo ilgio virbalus vienu metu &#8211; tai itin patogu mezgant smulkius gaminius.<\/p>\n<p>Smail\u016bs \u201eLace\u201c tipo virbalai puikiai tinka sud\u0117tingiems ra\u0161tams: n\u0117riniams, pyn\u0117ms ar \u201eburbuliuk\u0173\u201c ra\u0161tams. Itin lankstus, \u201eatminties\u201c neturintis plieninis valas nesusisuka ir nesulinksta, u\u017etikrindamas malon\u0173 ir skland\u0173 mezgim\u0105.<\/p>\n<p><strong>Key benefits:<\/strong><\/p>\n<ul>\n<li>Universalumas: Galimyb\u0117 kombinuoti skirtingo ilgio virbalus patogiausiam mezgimui.<\/li>\n<li>Kokyb\u0117: Auk\u0161\u010diausios kokyb\u0117s ner\u016bdijantis plienas ir itin lankstus valas.<\/li>\n<li>Kompakti\u0161kumas: Viskas supakuota \u012f stiling\u0105, ma\u017e\u0105 d\u0117kl\u0105 su \u017eym\u0117tais skyriais.<\/li>\n<\/ul>\n<p><strong>Rinkinio SMALL (3.5-5.0 mm) sud\u0117tis:<\/strong><\/p>\n<ul>\n<li>10 por\u0173 \u201eTWIST Lace Shorties\u201c virbal\u0173 su S dyd\u017eio sriegiu (5 poros 5 cm ilgio ir 5 poros 8 cm ilgio).<\/li>\n<li>Virbal\u0173 dyd\u017eiai: 3.50, 3.75, 4.0, 4.50 ir 5.0 mm. Visi jie sud\u0117ti \u012f d\u0117kl\u0105 su su\u017eym\u0117tais skyreliais.<\/li>\n<li>3 m\u0117lyni \u201eTWIST X-FLEX\u201c valai (S dyd\u017eio jungtis), j\u0173 ilgiai: 13, 15 ir 20 cm.<\/li>\n<li>2 stabdikliai (u\u017ed\u0117jimui ant val\u0173 gal\u0173, kad akys nenuslyst\u0173).<\/li>\n<li>2 suver\u017eimo rakteliai (saugiems sujungimams u\u017etikrinti).<\/li>\n<li>2 jungtys (skirtos sujungti du valus \u012f vien\u0105 ilgesn\u012f).<\/li>\n<li>6 mezginio \u017eymekliai.<\/li>\n<li>1 virbal\u0173 matuoklis (trafaretas dyd\u017eiui nustatyti).<\/li>\n<li>1 m\u0117lynas d\u0117klas, kurio matmenys 12 x 9,5 cm.<\/li>\n<\/ul>\n<h3><strong>General information for all ChiaoGoo interchangeable cords<\/strong><\/h3>\n<p>TWIST and SPIN have the same thread size and are therefore compatible with each other. All bobbins and rollers are laser marked with the corresponding thread size:<\/p>\n<p>M = MINI - suitable for cord sizes 1.50-2.50 mm (10 and 13 cm) and 1.50-3.25 mm (8 cm)<\/p>\n<p>S = Small (ma\u017eas) \u2013 tinka virbal\u0173 dyd\u017eiams 2.75-5.0 mm (10 ir 13 cm) ir 3.50-5.00 mm (8 cm)<\/p>\n<p>L = Large (didelis) \u2013 tinka virbal\u0173 dyd\u017eiams 5.50-10.0 mm (10 ir 13 cm)<\/p>\n<p>The MINI series is not compatible with S and L thread sizes, so all MINI shafts must be used with MINI shafts only.<\/p>\n<p>Atkreipkite d\u0117mes\u012f, kad 10 cm ir 13 cm ilgio MINI virbalaii yra per ilgi, kad b\u016bt\u0173 naudojami su 5 cm, 13 cm ar 15 cm ilgio MINI valais. Jie gali b\u016bti prat\u0119siami naudojant MINI val\u0173 jungt\u012f (connector).<\/p>\n<p>ChiaoGoo also offers adapters to connect MINI, S and L thread sizes to each other.<\/p>\n<p>Exception:<br \/>\nChiaoGoo MINI SHORTIES (1.50-3.25 mm) are only compatible with MINI thread products.<\/p>","protected":false},"excerpt":{"rendered":"<p>Idealiausias sprendimas mezgimui ratu ma\u017eais skersmenimis! ChiaoGoo TWIST Red Shorties rinkinys sukurtas specialiai kojin\u0117ms, pir\u0161tin\u0117ms, kepur\u0117ms, rankovi\u0173, rankogali\u0173 bei k\u016bdiki\u0173 drabu\u017e\u0117liams. Itin trumpi (5 cm ir 8 cm) smail\u016bs virbalai ir lankst\u016bs, \u201eatminties\u201c neturintys valai u\u017etikrina maksimal\u0173 komfort\u0105 mezgant net smulkiausias detales.<\/p>\n<ul>\n<li>Dyd\u017eiai: 3.5-5.0 mm.<\/li>\n<li>Savyb\u0117: Galimyb\u0117 kombinuoti skirtingo ilgio virbalus.<\/li>\n<li>Kokyb\u0117: Auk\u0161\u010diausios klas\u0117s ner\u016bdijantis plienas.<\/li>\n<\/ul>","protected":false},"featured_media":38853,"comment_status":"open","ping_status":"closed","template":"","meta":{"_acf_changed":false},"product_brand":[560],"product_cat":[61,466,455,527,505,499,507],"product_tag":[1257],"class_list":{"0":"post-38851","1":"product","2":"type-product","3":"status-publish","4":"has-post-thumbnail","6":"product_brand-chiaogoo","7":"product_cat-virbalai-vaseliai","8":"product_cat-chiaogoo-virbalai-vaseliai","9":"product_cat-gamintojas-virbalai-vaseliai","10":"product_cat-metaliniai","11":"product_cat-rinkiniai","12":"product_cat-rusis","13":"product_cat-virbalu-rinkiniai","14":"product_tag-chiaogoo","15":"pa_dydis-1-50-mm","16":"pa_dydis-1-75-mm","17":"pa_dydis-2-mm","18":"pa_dydis-2-25-mm","19":"pa_dydis-2-50-mm","20":"pa_dydis-2-75-mm","21":"pa_dydis-3-mm","22":"pa_dydis-3-25-mm","23":"pa_dydis-3-50-mm","24":"pa_dydis-3-75-mm","25":"pa_dydis-4-mm","26":"pa_dydis-4-50-mm","27":"pa_dydis-5-mm","28":"pa_dydis-5-50-mm","29":"pa_dydis-6-mm","30":"pa_dydis-6-50-mm","31":"pa_dydis-7-mm","32":"pa_dydis-7-50-mm","34":"first","35":"instock","36":"taxable","37":"shipping-taxable","38":"purchasable","39":"product-type-simple"},"acf":[],"_links":{"self":[{"href":"https:\/\/siulubangos.lt\/en\/wp-json\/wp\/v2\/product\/38851","targetHints":{"allow":["GET"]}}],"collection":[{"href":"https:\/\/siulubangos.lt\/en\/wp-json\/wp\/v2\/product"}],"about":[{"href":"https:\/\/siulubangos.lt\/en\/wp-json\/wp\/v2\/types\/product"}],"replies":[{"embeddable":true,"href":"https:\/\/siulubangos.lt\/en\/wp-json\/wp\/v2\/comments?post=38851"}],"version-history":[{"count":0,"href":"https:\/\/siulubangos.lt\/en\/wp-json\/wp\/v2\/product\/38851\/revisions"}],"wp:featuredmedia":[{"embeddable":true,"href":"https:\/\/siulubangos.lt\/en\/wp-json\/wp\/v2\/media\/38853"}],"wp:attachment":[{"href":"https:\/\/siulubangos.lt\/en\/wp-json\/wp\/v2\/media?parent=38851"}],"wp:term":[{"taxonomy":"product_brand","embeddable":true,"href":"https:\/\/siulubangos.lt\/en\/wp-json\/wp\/v2\/product_brand?post=38851"},{"taxonomy":"product_cat","embeddable":true,"href":"https:\/\/siulubangos.lt\/en\/wp-json\/wp\/v2\/product_cat?post=38851"},{"taxonomy":"product_tag","embeddable":true,"href":"https:\/\/siulubangos.lt\/en\/wp-json\/wp\/v2\/product_tag?post=38851"}],"curies":[{"name":"wp","href":"https:\/\/api.w.org\/{rel}","templated":true}]}}