{"id":38975,"date":"2026-02-20T16:11:30","date_gmt":"2026-02-20T14:11:30","guid":{"rendered":"https:\/\/siulubangos.lt\/?post_type=product&#038;p=38975"},"modified":"2026-03-31T19:48:02","modified_gmt":"2026-03-31T16:48:02","slug":"seeknit-curve-koshitsu-virbalu-rinkinys-2","status":"publish","type":"product","link":"https:\/\/siulubangos.lt\/en\/parduotuve\/seeknit-curve-koshitsu-virbalu-rinkinys-2\/","title":{"rendered":"Seeknit CURVE Koshitsu M Screw-on Rope Set (10 cm, 3.5-5.0 mm)"},"content":{"rendered":"<p>Seeknit CURVE Koshitsu M &#8211; premium kokyb\u0117s japoni\u0161ko bambuko virbal\u0173 rinkinys<\/p>\n<p>The Seeknit CURVE Koshitsu series is one of the most convenient and user-friendly solutions in the knitting world. This set combines elegant design, incredible smoothness and durability. These are tools designed for those who appreciate natural materials and impeccable Japanese craftsmanship.<\/p>\n<p><strong>The secret of Koshitsu bamboo<\/strong><\/p>\n<p>The violins are made from selected bamboo, which is treated with high temperature and pressure and then polished with natural vegetable wax. This unique process gives the cords their exceptional properties:<\/p>\n<ul>\n<li>Increased resistance: the cords are extremely robust and protected against external influences.<\/li>\n<li>Stability of shape: bamboo does not warp or bend over time.<\/li>\n<li>Perfect smoothness: the ultra-smooth surface ensures smooth eye glide.<\/li>\n<li>Comfort: the lightweight cords lie pleasantly in the hand and the natural material keeps you cosy and warm.<\/li>\n<\/ul>\n<p><strong>Technical excellence<\/strong><\/p>\n<p>The seamless transition from the bamboo part to the metal thread ensures that the thread will never get stuck. The swivel function allows the bobbin to rotate freely on its axis, so that the yarn doesn't twist or tangle, making the knitting process even more enjoyable.<\/p>\n<p><strong>Rinkinio \u201eM\u201c sud\u0117tis:<\/strong><br \/>\nThis set comes complete with 10 cm long cords, perfect for smaller projects:<\/p>\n<ul>\n<li>4 poros kei\u010diam\u0173 virbal\u0173 galvu\u010di\u0173: 3.50, 4.0, 4.50 ir 5.0 mm.<\/li>\n<li>3 flexible rolls (M1.8 thread): 20 cm, 40 cm and 60 cm (only the length of the roll is shown).<\/li>\n<li>Accessories: 2 stoppers (M1.8) and 1 roller connector (M1.8) to connect the rollers in one long chain.<\/li>\n<li>Packaging: eco-friendly paper packaging.<\/li>\n<\/ul>\n<p>&nbsp;<\/p>","protected":false},"excerpt":{"rendered":"<p>Compact, premium Japanese bamboo interchangeable cord set for smaller knits. Thanks to a special heat treatment, the cords are extremely strong, smooth and durable.<\/p>\n<ul>\n<li>Material: wax-polished bamboo (Koshitsu).<\/li>\n<li>Dyd\u017eiai: 4 poros (3.50-5.0 mm).<\/li>\n<li>Length of cords: 10 cm.<\/li>\n<li>Feature: 360\u00b0 swivel to prevent the knit from twisting.<\/li>\n<\/ul>","protected":false},"featured_media":38974,"comment_status":"open","ping_status":"closed","template":"","meta":{"_acf_changed":false},"product_brand":[2038],"product_cat":[61,525,455,505,499,2041,507],"product_tag":[2034],"class_list":{"0":"post-38975","1":"product","2":"type-product","3":"status-publish","4":"has-post-thumbnail","6":"product_brand-seeknit","7":"product_cat-virbalai-vaseliai","8":"product_cat-bambukiniai","9":"product_cat-gamintojas-virbalai-vaseliai","10":"product_cat-rinkiniai","11":"product_cat-rusis","12":"product_cat-seeknit","13":"product_cat-virbalu-rinkiniai","14":"product_tag-seeknit","15":"pa_dydis-4-mm","16":"pa_dydis-4-50-mm","17":"pa_dydis-5-mm","18":"pa_dydis-5-50-mm","19":"pa_dydis-6-mm","20":"pa_dydis-7-mm","21":"pa_dydis-8-mm","23":"first","24":"instock","25":"taxable","26":"shipping-taxable","27":"purchasable","28":"product-type-simple"},"acf":[],"_links":{"self":[{"href":"https:\/\/siulubangos.lt\/en\/wp-json\/wp\/v2\/product\/38975","targetHints":{"allow":["GET"]}}],"collection":[{"href":"https:\/\/siulubangos.lt\/en\/wp-json\/wp\/v2\/product"}],"about":[{"href":"https:\/\/siulubangos.lt\/en\/wp-json\/wp\/v2\/types\/product"}],"replies":[{"embeddable":true,"href":"https:\/\/siulubangos.lt\/en\/wp-json\/wp\/v2\/comments?post=38975"}],"version-history":[{"count":0,"href":"https:\/\/siulubangos.lt\/en\/wp-json\/wp\/v2\/product\/38975\/revisions"}],"wp:featuredmedia":[{"embeddable":true,"href":"https:\/\/siulubangos.lt\/en\/wp-json\/wp\/v2\/media\/38974"}],"wp:attachment":[{"href":"https:\/\/siulubangos.lt\/en\/wp-json\/wp\/v2\/media?parent=38975"}],"wp:term":[{"taxonomy":"product_brand","embeddable":true,"href":"https:\/\/siulubangos.lt\/en\/wp-json\/wp\/v2\/product_brand?post=38975"},{"taxonomy":"product_cat","embeddable":true,"href":"https:\/\/siulubangos.lt\/en\/wp-json\/wp\/v2\/product_cat?post=38975"},{"taxonomy":"product_tag","embeddable":true,"href":"https:\/\/siulubangos.lt\/en\/wp-json\/wp\/v2\/product_tag?post=38975"}],"curies":[{"name":"wp","href":"https:\/\/api.w.org\/{rel}","templated":true}]}}