{"id":39089,"date":"2026-02-24T10:40:54","date_gmt":"2026-02-24T08:40:54","guid":{"rendered":"https:\/\/siulubangos.lt\/?post_type=product&#038;p=39089"},"modified":"2026-03-23T19:42:01","modified_gmt":"2026-03-23T17:42:01","slug":"chiaogoo-twist-shorties-deklas-virbalams","status":"publish","type":"product","link":"https:\/\/siulubangos.lt\/en\/parduotuve\/chiaogoo-twist-shorties-deklas-virbalams\/","title":{"rendered":"ChiaoGoo TWIST SHORTIES d\u0117klas [S] prisukamiems virbalams (3.50-5.0 mm)"},"content":{"rendered":"","protected":false},"excerpt":{"rendered":"<p>Tvarkingai laikykite savo ChiaoGoo TWIST SHORTIES prisukamus virbalus \u0161iame stilingame ir kompakti\u0161kame d\u0117kle. Kiekvienas skyrelis yra ai\u0161kiai su\u017eym\u0117tas, tod\u0117l reikiamo dyd\u017eio virbalus rasite akimirksniu, o patikimas u\u017esegimas spaude neleis jiems i\u0161kristi.<\/p>\n<p>TWIST Shorties serijos virbalai (5 cm ir 8 cm ilgio) yra nepakei\u010diami mezgant ma\u017eo skersmens projektus: kojines, rankogalius ar kepures.<\/p>\n<ul>\n<li>S dyd\u017eio d\u0117klo savyb\u0117s:<br \/>\nTalpa: Skirtas 10 por\u0173 virbal\u0173 &#8211; 5 poroms 5 cm ilgio ir 5 poroms 8 cm ilgio SMALL serijos virbalams.<\/li>\n<li>Dyd\u017eiai: Tinka 3.50, 3.75, 4.0, 4.50 ir 5.0 mm virbalams.<\/li>\n<\/ul>","protected":false},"featured_media":39085,"comment_status":"open","ping_status":"closed","template":"","meta":{"_acf_changed":false},"product_brand":[560],"product_cat":[568,466,455,61],"product_tag":[1257],"class_list":{"0":"post-39089","1":"product","2":"type-product","3":"status-publish","4":"has-post-thumbnail","6":"product_brand-chiaogoo","7":"product_cat-deklai-virbalams","8":"product_cat-chiaogoo-virbalai-vaseliai","9":"product_cat-gamintojas-virbalai-vaseliai","10":"product_cat-virbalai-vaseliai","11":"product_tag-chiaogoo","12":"pa_dydis-38-40","13":"pa_dydis-1218","15":"first","16":"instock","17":"taxable","18":"shipping-taxable","19":"purchasable","20":"product-type-simple"},"acf":[],"_links":{"self":[{"href":"https:\/\/siulubangos.lt\/en\/wp-json\/wp\/v2\/product\/39089","targetHints":{"allow":["GET"]}}],"collection":[{"href":"https:\/\/siulubangos.lt\/en\/wp-json\/wp\/v2\/product"}],"about":[{"href":"https:\/\/siulubangos.lt\/en\/wp-json\/wp\/v2\/types\/product"}],"replies":[{"embeddable":true,"href":"https:\/\/siulubangos.lt\/en\/wp-json\/wp\/v2\/comments?post=39089"}],"version-history":[{"count":0,"href":"https:\/\/siulubangos.lt\/en\/wp-json\/wp\/v2\/product\/39089\/revisions"}],"wp:featuredmedia":[{"embeddable":true,"href":"https:\/\/siulubangos.lt\/en\/wp-json\/wp\/v2\/media\/39085"}],"wp:attachment":[{"href":"https:\/\/siulubangos.lt\/en\/wp-json\/wp\/v2\/media?parent=39089"}],"wp:term":[{"taxonomy":"product_brand","embeddable":true,"href":"https:\/\/siulubangos.lt\/en\/wp-json\/wp\/v2\/product_brand?post=39089"},{"taxonomy":"product_cat","embeddable":true,"href":"https:\/\/siulubangos.lt\/en\/wp-json\/wp\/v2\/product_cat?post=39089"},{"taxonomy":"product_tag","embeddable":true,"href":"https:\/\/siulubangos.lt\/en\/wp-json\/wp\/v2\/product_tag?post=39089"}],"curies":[{"name":"wp","href":"https:\/\/api.w.org\/{rel}","templated":true}]}}