{"id":39343,"date":"2026-03-09T23:04:52","date_gmt":"2026-03-09T21:04:52","guid":{"rendered":"https:\/\/siulubangos.lt\/?post_type=product&#038;p=39343"},"modified":"2026-03-09T23:08:45","modified_gmt":"2026-03-09T21:08:45","slug":"knitpro-jadore-prisukami-10-cm-virbalai","status":"publish","type":"product","link":"https:\/\/siulubangos.lt\/en\/parduotuve\/knitpro-jadore-prisukami-10-cm-virbalai\/","title":{"rendered":"KnitPro J&#8217;Adore prisukami 10 cm virbalai (4-7 mm)"},"content":{"rendered":"<h2><strong data-start=\"28\" data-end=\"70\">KnitPro J&#8217;Adore prisukami 10 cm virbalai (4-7 mm)<\/strong><\/h2>\n<p><strong>Pagrindin\u0117s savyb\u0117s<\/strong><\/p>\n<ul>\n<li>Ergonomika: Kvadratin\u0117 forma yra tikras i\u0161sigelb\u0117jimas mezg\u0117jams, turintiems s\u0105nari\u0173 problem\u0173 ar linkusiems per stipriai \u012ftempti rankas. Juos lengviau suimti, tod\u0117l rankos ma\u017eiau pavargsta.<\/li>\n<li>Mezgimo tankis: D\u0117l kvadratin\u0117s formos mezginio akys da\u017eniausiai b\u016bna lygesn\u0117s ir vienodesn\u0117s.<\/li>\n<li>Svarbu: Matuojant kvadratinius virbalus \u012fprastu matuokliu, jie atitinka nurodyt\u0105 dyd\u012f (pvz., 4 mm kvadratinis virbalas telpa \u012f 4 mm skylut\u0119), ta\u010diau d\u0117l formos specifikos rekomenduojama visada nusimegzti pavyzd\u012f.<\/li>\n<li>Ilgis: 10 cm ilgis yra idealus mezgant ma\u017eesn\u0117s apimties projektus: kepures, rankoves, vaiki\u0161kus drabu\u017eius ar apykakles (naudojant su trumpesniais valais).<\/li>\n<li>Med\u017eiaga: Pagaminti i\u0161 auk\u0161tos kokyb\u0117s ber\u017eo medienos, kuri yra laminuota, tod\u0117l virbalai yra itin tvirti, bet i\u0161laiko med\u017eio \u0161ilum\u0105.<\/li>\n<\/ul>","protected":false},"excerpt":{"rendered":"<p>Pagaminti i\u0161 auk\u0161tos kokyb\u0117s ber\u017eo medienos, kuri yra laminuota, tod\u0117l virbalai yra itin tvirti, bet i\u0161laiko med\u017eio \u0161ilum\u0105. Puikiai tinka \u012fvairiems mezgimo projektams. D\u0117l kvadratin\u0117s formos mezginio akys da\u017eniausiai b\u016bna lygesn\u0117s ir vienodesn\u0117s.<\/p>","protected":false},"featured_media":39345,"comment_status":"open","ping_status":"closed","template":"","meta":{"_acf_changed":false},"product_brand":[557],"product_cat":[61,513,455,468,526,500,502],"product_tag":[306],"class_list":{"0":"post-39343","1":"product","2":"type-product","3":"status-publish","4":"has-post-thumbnail","6":"product_brand-knitpro","7":"product_cat-virbalai-vaseliai","8":"product_cat-10-cm-prisukami-virbalai","9":"product_cat-gamintojas-virbalai-vaseliai","10":"product_cat-knitpro-virbalai-vaseliai","11":"product_cat-mediniai","12":"product_cat-pluostas","13":"product_cat-prisukami-virbalai","14":"product_tag-knitpro","15":"pa_dydis-4-mm","16":"pa_dydis-4-50-mm","17":"pa_dydis-5-mm","18":"pa_dydis-5-50-mm","19":"pa_dydis-6-mm","20":"pa_dydis-6-50-mm","21":"pa_dydis-7-mm","22":"pa_ilgis-10-cm","24":"first","25":"instock","26":"taxable","27":"shipping-taxable","28":"purchasable","29":"product-type-variable"},"acf":[],"_links":{"self":[{"href":"https:\/\/siulubangos.lt\/en\/wp-json\/wp\/v2\/product\/39343","targetHints":{"allow":["GET"]}}],"collection":[{"href":"https:\/\/siulubangos.lt\/en\/wp-json\/wp\/v2\/product"}],"about":[{"href":"https:\/\/siulubangos.lt\/en\/wp-json\/wp\/v2\/types\/product"}],"replies":[{"embeddable":true,"href":"https:\/\/siulubangos.lt\/en\/wp-json\/wp\/v2\/comments?post=39343"}],"version-history":[{"count":0,"href":"https:\/\/siulubangos.lt\/en\/wp-json\/wp\/v2\/product\/39343\/revisions"}],"wp:featuredmedia":[{"embeddable":true,"href":"https:\/\/siulubangos.lt\/en\/wp-json\/wp\/v2\/media\/39345"}],"wp:attachment":[{"href":"https:\/\/siulubangos.lt\/en\/wp-json\/wp\/v2\/media?parent=39343"}],"wp:term":[{"taxonomy":"product_brand","embeddable":true,"href":"https:\/\/siulubangos.lt\/en\/wp-json\/wp\/v2\/product_brand?post=39343"},{"taxonomy":"product_cat","embeddable":true,"href":"https:\/\/siulubangos.lt\/en\/wp-json\/wp\/v2\/product_cat?post=39343"},{"taxonomy":"product_tag","embeddable":true,"href":"https:\/\/siulubangos.lt\/en\/wp-json\/wp\/v2\/product_tag?post=39343"}],"curies":[{"name":"wp","href":"https:\/\/api.w.org\/{rel}","templated":true}]}}