{"id":40375,"date":"2026-04-07T11:56:06","date_gmt":"2026-04-07T08:56:06","guid":{"rendered":"https:\/\/siulubangos.lt\/?post_type=product&#038;p=40375"},"modified":"2026-04-08T22:45:04","modified_gmt":"2026-04-08T19:45:04","slug":"rico-design-blizgus-tvidinis-siulas","status":"publish","type":"product","link":"https:\/\/siulubangos.lt\/en\/parduotuve\/rico-design-blizgus-tvidinis-siulas\/","title":{"rendered":"Rico Design MIKE IT TWEED GLITZ (sparkly tweed yarn)"},"content":{"rendered":"","protected":false},"excerpt":{"rendered":"<p>Suteikite savo mezginiams i\u0161skirtinumo su Rico Design MAKE IT TWEED GLITZ! Tai unikalus pagalbinis si\u016blas su spalvingais tvido pumpur\u0117liais ir subtiliu lurekso blizgesiu. Idealiai tinka derinti su mohera, vilna ar medvilne, norint sukurti mading\u0105 \u201etweed\u201c efekt\u0105 su eleganti\u0161ku \u0161vyt\u0117jimu. Lengvas, stilingas ir universalus pasirinkimas k\u016brybi\u0161kiems projektams.<\/p>","protected":false},"featured_media":40411,"comment_status":"open","ping_status":"closed","template":"","meta":{"_acf_changed":false},"product_brand":[2341],"product_cat":[58,443,487,428,496,493,491,454,1110,2733,444],"product_tag":[2370],"class_list":{"0":"post-40375","1":"product","2":"type-product","3":"status-publish","4":"has-post-thumbnail","6":"product_brand-rico-design","7":"product_cat-siulai-mezgimui","8":"product_cat-akrilo-siulai","9":"product_cat-blizgus-siulai","10":"product_cat-gamintojas","11":"product_cat-isskirtiniai-teksturiniai-siulai","12":"product_cat-itin-ploni-siulai","13":"product_cat-margi-spalvoti-siulai","14":"product_cat-naujienos-siulai","15":"product_cat-poliamidas","16":"product_cat-rico-design-siulai","17":"product_cat-viskozes-siulai","18":"product_tag-ricodesign","19":"pa_pluostas-vilna","20":"pa_spalva-001-rico-make-it-tweed-glitz","21":"pa_spalva-003-rico-make-it-tweed-glitz","22":"pa_spalva-005-rico-make-it-tweed-glitz","23":"pa_svoris-ilgis-50-g-525-m","25":"first","26":"instock","27":"taxable","28":"shipping-taxable","29":"purchasable","30":"product-type-variable"},"acf":[],"_links":{"self":[{"href":"https:\/\/siulubangos.lt\/en\/wp-json\/wp\/v2\/product\/40375","targetHints":{"allow":["GET"]}}],"collection":[{"href":"https:\/\/siulubangos.lt\/en\/wp-json\/wp\/v2\/product"}],"about":[{"href":"https:\/\/siulubangos.lt\/en\/wp-json\/wp\/v2\/types\/product"}],"replies":[{"embeddable":true,"href":"https:\/\/siulubangos.lt\/en\/wp-json\/wp\/v2\/comments?post=40375"}],"version-history":[{"count":0,"href":"https:\/\/siulubangos.lt\/en\/wp-json\/wp\/v2\/product\/40375\/revisions"}],"wp:featuredmedia":[{"embeddable":true,"href":"https:\/\/siulubangos.lt\/en\/wp-json\/wp\/v2\/media\/40411"}],"wp:attachment":[{"href":"https:\/\/siulubangos.lt\/en\/wp-json\/wp\/v2\/media?parent=40375"}],"wp:term":[{"taxonomy":"product_brand","embeddable":true,"href":"https:\/\/siulubangos.lt\/en\/wp-json\/wp\/v2\/product_brand?post=40375"},{"taxonomy":"product_cat","embeddable":true,"href":"https:\/\/siulubangos.lt\/en\/wp-json\/wp\/v2\/product_cat?post=40375"},{"taxonomy":"product_tag","embeddable":true,"href":"https:\/\/siulubangos.lt\/en\/wp-json\/wp\/v2\/product_tag?post=40375"}],"curies":[{"name":"wp","href":"https:\/\/api.w.org\/{rel}","templated":true}]}}