{"id":40686,"date":"2026-04-06T23:33:12","date_gmt":"2026-04-06T20:33:12","guid":{"rendered":"https:\/\/siulubangos.lt\/?post_type=product&#038;p=40686"},"modified":"2026-04-13T15:03:40","modified_gmt":"2026-04-13T12:03:40","slug":"gazzal-baby-cotton-medvilne-akrilas","status":"publish","type":"product","link":"https:\/\/siulubangos.lt\/en\/parduotuve\/gazzal-baby-cotton-medvilne-akrilas\/","title":{"rendered":"Gazzal BABY COTTON (cotton, acrylic)"},"content":{"rendered":"<h2>Gazzal BABY COTTON (60% medviln\u0117, 40% akrilas) &#8211; Populiariausi si\u016blai k\u016bdiki\u0173 drabu\u017eiams ir \u017eaislams<\/h2>\n<p>Ie\u0161kote si\u016bl\u0173, kurie b\u016bt\u0173 \u0161veln\u016bs kaip debesis, bet kartu i\u0161tvert\u0173 de\u0161imtis skalbim\u0173? Gazzal BABY COTTON yra vienas geriausi\u0173 pasirinkim\u0173 rankdarbi\u0173 pasaulyje. \u0160is idealiai subalansuotas medviln\u0117s ir akrilo derinys u\u017etikrina, kad mezginys b\u016bt\u0173 nat\u016bralus, kv\u0117puojantis ir neprarast\u0173 savo formos b\u0117gant laikui.<\/p>\n<h4>Kod\u0117l verta rinktis Gazzal Baby Cotton?<\/h4>\n<ul>\n<li>Hipoalergin\u0117 sud\u0117tis: Si\u016blai sukurti galvojant apie pa\u010dius ma\u017eiausius, tod\u0117l jie nedirgina odos ir tinka net naujagimi\u0173 kraiteliams.<\/li>\n<li>Universalumas: D\u0117l savo lygaus vijimo si\u016blai yra tikras Amigurumi meistr\u0173 favoritas &#8211; \u017eaisl\u0173 detal\u0117s atrodo tvarkingai, o spalvos i\u0161lieka ry\u0161kios.<\/li>\n<li>Prakti\u0161kumas: Sud\u0117tyje esantis premium akrilas suteikia mezginiui elastingumo, neleid\u017eia jam susitraukti ar \u201ei\u0161sitampyti\u201c po skalbimo.<\/li>\n<li>Plati palet\u0117: Nuo rami\u0173 pastelini\u0173 ton\u0173 iki ry\u0161ki\u0173, \u017eaisming\u0173 spalv\u0173 &#8211; lengvai priderinsite prie bet kokio projekto.<\/li>\n<li>S\u0105naudos Vaiki\u0161kam megztukui: apie 3-4 vnt.; Pledukui: apie 6-8 vnt.<\/li>\n<li>Prie\u017ei\u016bros patarimai: Norint, kad gaminys d\u017eiugint\u0173 ilgai, rekomenduojame skalbti 30\u00b0C temperat\u016broje (rankomis arba tausojan\u010diu re\u017eimu) ir d\u017eiovinti patiesus ant lygaus pavir\u0161iaus. Venkite tiesiogini\u0173 saul\u0117s spinduli\u0173 d\u017eiovinimo metu, kad i\u0161saugotum\u0117te spalv\u0173 sodrum\u0105.Gazzal Baby Cotton &#8211; tai ne tik si\u016blai, tai kokyb\u0117s garantas j\u016bs\u0173 k\u016brybai, suteikiantis \u0161velnum\u0105 kiekvienam gaminiui.<\/li>\n<\/ul>\n<p>&nbsp;<\/p>","protected":false},"excerpt":{"rendered":"<p>Mink\u0161ti ir patvar\u016bs mezgimo-n\u0117rimo si\u016blai j\u016bs\u0173 rankdarbiams. \u0160ie vidutinio storio medviln\u0117s ir akrilo mi\u0161inio si\u016blai sukurti specialiai jautriai k\u016bdiki\u0173 odai, tod\u0117l yra ne\u012ftik\u0117tinai \u0161veln\u016bs, \u201enekanda\u201c ir nealergizuoja. Idealiai tinka tiek nertiems Amigurumi \u017eaislams, tiek stilingiems vaiki\u0161kiems bei suaugusi\u0173j\u0173 drabu\u017eiams. M\u0117gaukit\u0117s lengvu mezgimo procesu ir nepriekai\u0161tinga galutinio gaminio i\u0161vaizda.<\/p>","protected":false},"featured_media":40658,"comment_status":"open","ping_status":"closed","template":"","meta":{"_acf_changed":false},"product_brand":[2513],"product_cat":[58,443,428,420,453,490,1951,540],"product_tag":[1934],"class_list":{"0":"post-40686","1":"product","2":"type-product","3":"status-publish","4":"has-post-thumbnail","6":"product_brand-gazzal","7":"product_cat-siulai-mezgimui","8":"product_cat-akrilo-siulai","9":"product_cat-gamintojas","10":"product_cat-medvilnes-siulai","11":"product_cat-nuolaidos","12":"product_cat-siulai-kudikiams","13":"product_cat-turkijos-gamintoju-siulai","14":"product_cat-zaislu-gamyba","15":"product_tag-gazzal","16":"pa_pluostas-vilna","17":"pa_spalva-3410-baby-cotton","18":"pa_spalva-3411-gazzal-baby-cotton","19":"pa_spalva-3412-gazzal-baby-cotton","20":"pa_spalva-3413-gazzal-baby-cotton","21":"pa_spalva-3414-gazzal-baby-cotton","22":"pa_spalva-3415-gazzal-baby-cotton","23":"pa_spalva-3416-gazzal-baby-cotton","24":"pa_spalva-3417-gazzal-baby-cotton","25":"pa_spalva-3418-gazzal-baby-cotton","26":"pa_spalva-3419-gazzal-baby-cotton","27":"pa_spalva-3420-gazzal-baby-cotton","28":"pa_spalva-3421-gazzal-baby-cotton","29":"pa_spalva-3422-gazzal-baby-cotton","30":"pa_spalva-3423-gazzal-baby-cotton","31":"pa_spalva-3424-gazzal-baby-cotton","32":"pa_spalva-3425-gazzal-baby-cotton","33":"pa_spalva-3426-gazzal-baby-cotton","34":"pa_spalva-3427-gazzal-baby-cotton","35":"pa_spalva-3428-gazzal-baby-cotton","36":"pa_spalva-3429-gazzal-baby-cotton","37":"pa_spalva-3430-gazzal-baby-cotton","38":"pa_spalva-3431-gazzal-baby-cotton","39":"pa_spalva-3432-gazzal-baby-cotton","40":"pa_spalva-3433-gazzal-baby-cotton","41":"pa_spalva-3434-gazzal-baby-cotton","42":"pa_spalva-3435-gazzal-baby-cotton","43":"pa_spalva-3436-gazzal-baby-cotton","44":"pa_spalva-3439-gazzal-baby-cotton","45":"pa_spalva-3440-gazzal-baby-cotton","46":"pa_spalva-3441-gazzal-baby-cotton","47":"pa_spalva-3442-gazzal-baby-cotton","48":"pa_spalva-3443-gazzal-baby-cotton","49":"pa_spalva-3444-gazzal-baby-cotton","50":"pa_spalva-3445-gazzal-baby-cotton","51":"pa_spalva-3446-gazzal-baby-cotton","52":"pa_spalva-3447-gazzal-baby-cotton","53":"pa_spalva-3448-gazzal-baby-cotton","54":"pa_spalva-3449-gazzal-baby-cotton","55":"pa_spalva-3450-gazzal-baby-cotton","56":"pa_svoris-ilgis-50-g-165-m","58":"first","59":"instock","60":"sale","61":"taxable","62":"shipping-taxable","63":"purchasable","64":"product-type-variable"},"acf":[],"_links":{"self":[{"href":"https:\/\/siulubangos.lt\/en\/wp-json\/wp\/v2\/product\/40686","targetHints":{"allow":["GET"]}}],"collection":[{"href":"https:\/\/siulubangos.lt\/en\/wp-json\/wp\/v2\/product"}],"about":[{"href":"https:\/\/siulubangos.lt\/en\/wp-json\/wp\/v2\/types\/product"}],"replies":[{"embeddable":true,"href":"https:\/\/siulubangos.lt\/en\/wp-json\/wp\/v2\/comments?post=40686"}],"version-history":[{"count":0,"href":"https:\/\/siulubangos.lt\/en\/wp-json\/wp\/v2\/product\/40686\/revisions"}],"wp:featuredmedia":[{"embeddable":true,"href":"https:\/\/siulubangos.lt\/en\/wp-json\/wp\/v2\/media\/40658"}],"wp:attachment":[{"href":"https:\/\/siulubangos.lt\/en\/wp-json\/wp\/v2\/media?parent=40686"}],"wp:term":[{"taxonomy":"product_brand","embeddable":true,"href":"https:\/\/siulubangos.lt\/en\/wp-json\/wp\/v2\/product_brand?post=40686"},{"taxonomy":"product_cat","embeddable":true,"href":"https:\/\/siulubangos.lt\/en\/wp-json\/wp\/v2\/product_cat?post=40686"},{"taxonomy":"product_tag","embeddable":true,"href":"https:\/\/siulubangos.lt\/en\/wp-json\/wp\/v2\/product_tag?post=40686"}],"curies":[{"name":"wp","href":"https:\/\/api.w.org\/{rel}","templated":true}]}}