{"id":41597,"date":"2026-04-16T14:42:23","date_gmt":"2026-04-16T11:42:23","guid":{"rendered":"https:\/\/siulubangos.lt\/?post_type=product&#038;p=41597"},"modified":"2026-04-17T12:33:11","modified_gmt":"2026-04-17T09:33:11","slug":"rosarios4-maudymosi-kostiumeliams","status":"publish","type":"product","link":"https:\/\/siulubangos.lt\/en\/parduotuve\/rosarios4-maudymosi-kostiumeliams\/","title":{"rendered":"Rosarios4 PRAIA DA BALEIA (cotton)"},"content":{"rendered":"<h1>Rosarios4 PRAIA DA BALEIA (80% organin\u0117 medviln\u0117 ir 20% perdirbtas poliamidas) &#8211; si\u016blai maudymosi kostium\u0117liams ir papl\u016bdimio drabu\u017eiams<\/h1>\n<p><a href=\"https:\/\/siulubangos.lt\/wp-content\/uploads\/2026\/04\/rosarios4-praia-da-baleia.png\"><img loading=\"lazy\" decoding=\"async\" class=\"alignnone wp-image-41610\" src=\"https:\/\/siulubangos.lt\/wp-content\/uploads\/2026\/04\/rosarios4-praia-da-baleia.png\" alt=\"\" width=\"544\" height=\"544\" title=\"\" srcset=\"https:\/\/siulubangos.lt\/wp-content\/uploads\/2026\/04\/rosarios4-praia-da-baleia.png 960w, https:\/\/siulubangos.lt\/wp-content\/uploads\/2026\/04\/rosarios4-praia-da-baleia-300x300.png 300w, https:\/\/siulubangos.lt\/wp-content\/uploads\/2026\/04\/rosarios4-praia-da-baleia-800x800.png 800w, https:\/\/siulubangos.lt\/wp-content\/uploads\/2026\/04\/rosarios4-praia-da-baleia-150x150.png 150w, https:\/\/siulubangos.lt\/wp-content\/uploads\/2026\/04\/rosarios4-praia-da-baleia-768x768.png 768w, https:\/\/siulubangos.lt\/wp-content\/uploads\/2026\/04\/rosarios4-praia-da-baleia-12x12.png 12w, https:\/\/siulubangos.lt\/wp-content\/uploads\/2026\/04\/rosarios4-praia-da-baleia-600x600.png 600w\" sizes=\"auto, (max-width: 544px) 100vw, 544px\" \/><\/a><\/p>\n<p>Rosarios4 PRAIA DA BALEIA &#8211; tai modern\u016bs ir vasarai sukurti si\u016blai, puikiai tinkantys lengviems, patogiems ir stilingiems mezginiams. \u0160is si\u016blas ypa\u010d vertinamas d\u0117l savo universalumo: jis tinka ne tik topams, palaidin\u0117ms, lengviems megztiniams ir papl\u016bdimio drabu\u017eiams, bet ir bikiniams bei maudymosi kostium\u0117liams. B\u016btent tod\u0117l PRAIA DA BALEIA i\u0161siskiria i\u0161 daugelio kit\u0173 vasarini\u0173 si\u016bl\u0173 ir yra puikus pasirinkimas k\u016brybi\u0161kiems \u0161iltojo sezono projektams.<\/p>\n<p>Oficialiame Rosarios4 puslapyje \u0161io si\u016blo sud\u0117tis nurodoma kaip 80% organin\u0117 medviln\u0117 ir 20% perdirbtas poliamidas. Toks pluo\u0161t\u0173 derinys padeda suderinti medviln\u0117s \u0161velnum\u0105 su papildomu tvirtumu, tod\u0117l mezginiai yra ne tik malon\u016bs d\u0117v\u0117ti, bet ir prakti\u0161ki aktyvesniam naudojimui vasar\u0105.<\/p>\n<p>Rosarios4 PRAIA DA BALEIA yra puikus pasirinkimas tiems, kurie ie\u0161ko si\u016blo, tinkamo tiek kasdieniams vasaros drabu\u017eiams, tiek originalesniems rankdarbi\u0173 projektams.<\/p>\n<h3>I\u0161 jo galima kurti<\/h3>\n<ul>\n<li>bikinius,<\/li>\n<li>maudymosi kostium\u0117lius,<\/li>\n<li>papl\u016bdimio sukneles,<\/li>\n<li>topus,<\/li>\n<li>palaidines,<\/li>\n<li>n\u0117rinius ir kitus vasaros aksesuarus.<\/li>\n<\/ul>\n<p>D\u0117l savo universalumo ir vasari\u0161ko charakterio \u0161is si\u016blas puikiai tinka k\u016brybi\u0161kiems, lengviems ir ak\u012f traukiantiems mezginiams.<\/p>","protected":false},"excerpt":{"rendered":"<p>Rosarios4 PRAIA DA BALEIA &#8211; tai auk\u0161tos kokyb\u0117s vasariniai si\u016blai, puikiai tinkantys topams, palaidin\u0117ms, papl\u016bdimio drabu\u017eiams, bikiniams ir maudymosi kostium\u0117liams. \u0160ie si\u016blai i\u0161siskiria \u0161velnumu, patogumu ir tvirtumu, tod\u0117l yra puikus pasirinkimas lengviems, stilingiems ir vasarai pritaikytiems mezginiams.<\/p>","protected":false},"featured_media":41612,"comment_status":"open","ping_status":"closed","template":"","meta":{"_acf_changed":false},"product_brand":[2848],"product_cat":[58,428,491,420,454,1110,2847],"product_tag":[2750],"class_list":{"0":"post-41597","1":"product","2":"type-product","3":"status-publish","4":"has-post-thumbnail","6":"product_brand-rosarios4","7":"product_cat-siulai-mezgimui","8":"product_cat-gamintojas","9":"product_cat-margi-spalvoti-siulai","10":"product_cat-medvilnes-siulai","11":"product_cat-naujienos-siulai","12":"product_cat-poliamidas","13":"product_cat-rosarios4-siulai","14":"product_tag-rosarios4","15":"pa_pluostas-vilna","16":"pa_spalva-01-rosarios4-raia-da-baleia","17":"pa_spalva-03-rosarios4-praia-da-baleia","18":"pa_spalva-09-rosarios-praia-da-baleia","19":"pa_spalva-11-rosarios4-praia-da-baleia","20":"pa_spalva-13-rosarios4-praia-da-baleia","21":"pa_spalva-15-rosarios4-praia-da_baleia","22":"pa_spalva-17-rosarios4-praia-da-baleia","23":"pa_spalva-19-rosarios4-praia-da-baleia","24":"pa_spalva-20-rosarios4-praia-da-baleia","25":"pa_spalva-21-rosarios4-praia-da-baleia","26":"pa_svoris-ilgis-50-g-150-m","28":"first","29":"instock","30":"taxable","31":"shipping-taxable","32":"purchasable","33":"product-type-variable"},"acf":[],"_links":{"self":[{"href":"https:\/\/siulubangos.lt\/en\/wp-json\/wp\/v2\/product\/41597","targetHints":{"allow":["GET"]}}],"collection":[{"href":"https:\/\/siulubangos.lt\/en\/wp-json\/wp\/v2\/product"}],"about":[{"href":"https:\/\/siulubangos.lt\/en\/wp-json\/wp\/v2\/types\/product"}],"replies":[{"embeddable":true,"href":"https:\/\/siulubangos.lt\/en\/wp-json\/wp\/v2\/comments?post=41597"}],"version-history":[{"count":4,"href":"https:\/\/siulubangos.lt\/en\/wp-json\/wp\/v2\/product\/41597\/revisions"}],"predecessor-version":[{"id":41624,"href":"https:\/\/siulubangos.lt\/en\/wp-json\/wp\/v2\/product\/41597\/revisions\/41624"}],"wp:featuredmedia":[{"embeddable":true,"href":"https:\/\/siulubangos.lt\/en\/wp-json\/wp\/v2\/media\/41612"}],"wp:attachment":[{"href":"https:\/\/siulubangos.lt\/en\/wp-json\/wp\/v2\/media?parent=41597"}],"wp:term":[{"taxonomy":"product_brand","embeddable":true,"href":"https:\/\/siulubangos.lt\/en\/wp-json\/wp\/v2\/product_brand?post=41597"},{"taxonomy":"product_cat","embeddable":true,"href":"https:\/\/siulubangos.lt\/en\/wp-json\/wp\/v2\/product_cat?post=41597"},{"taxonomy":"product_tag","embeddable":true,"href":"https:\/\/siulubangos.lt\/en\/wp-json\/wp\/v2\/product_tag?post=41597"}],"curies":[{"name":"wp","href":"https:\/\/api.w.org\/{rel}","templated":true}]}}