{"id":41852,"date":"2026-04-22T22:36:38","date_gmt":"2026-04-22T19:36:38","guid":{"rendered":"https:\/\/siulubangos.lt\/?post_type=product&#038;p=41852"},"modified":"2026-04-22T22:40:20","modified_gmt":"2026-04-22T19:40:20","slug":"dmc-vandenyje-tirpi-kanva-20x22cm","status":"publish","type":"product","link":"https:\/\/siulubangos.lt\/en\/parduotuve\/dmc-vandenyje-tirpi-kanva-20x22cm\/","title":{"rendered":"DMC vandenyje tirpi kanva, 20&#215;22 cm"},"content":{"rendered":"<h1>DMC vandenyje tirpi kanva, 20&#215;22 cm<\/h1>\n<p>Nori papuo\u0161ti m\u0117gstamus d\u017einsus, vaiki\u0161kus drabu\u017eius ar med\u017eiagin\u012f krep\u0161\u012f, bet sunku i\u0161laikyti lygius kry\u017eelius? DMC tirpi kanva yra idealus sprendimas, leid\u017eiantis siuvin\u0117ti ant bet koki\u0173 tekstil\u0117s pavir\u0161i\u0173.<\/p>\n<h3>Kaip tai veikia?<\/h3>\n<ul>\n<li>Pritvirtinkite: U\u017esid\u0117kite kanvos gabal\u0117l\u012f ant norimos vietos (galite lengvai pridaigstyti).<\/li>\n<li>I\u0161siuvin\u0117kite: Siuvin\u0117kite savo pasirinkt\u0105 ra\u0161t\u0105 tiesiai per kanv\u0105 ir audin\u012f.<\/li>\n<li>I\u0161tirpinkite: Baig\u0119 darb\u0105, panardinkite audin\u012f \u012f 40-50\u00b0C temperat\u016bros vanden\u012f. Kanva visi\u0161kai i\u0161nyks per 5-10 minu\u010di\u0173, palikdama tik j\u016bs\u0173 kruop\u0161t\u0173 darb\u0105.<\/li>\n<\/ul>\n<h3>Why choose?<\/h3>\n<ul>\n<li>Universalumas: Tinka medvilnei, linui, d\u017einsui ir kitiems audiniams.<\/li>\n<li>Tikslumas: I\u0161laikomas standartinis 14 ct (5,5 kry\u017eelio\/cm) tankis.<\/li>\n<li>\u0160vara: Nepalieka joki\u0173 \u017eymi\u0173 ar standumo, b\u016bdingo i\u0161traukiamai kanvai.<\/li>\n<li>Patarimas: Prie\u0161 naudodami \u012fsitikinkite, kad j\u016bs\u0173 siuvin\u0117jimo si\u016blai yra atspar\u016bs blukimui, o dekoruojamas audinys nebijo \u0161ilto vandens!<\/li>\n<\/ul>","protected":false},"excerpt":{"rendered":"<p>DMC vandenyje tirpi kanva leid\u017eia lengvai siuvin\u0117ti kry\u017eeliu ant bet kokio audinio! Tiesiog u\u017ed\u0117kite tirpi\u0105 kanv\u0105 ant audinio, kur\u012f norite papuo\u0161ti, ir prad\u0117kite siuvin\u0117ti. Baig\u0119 darb\u0105, pamirkykite savo gamin\u012f \u0161iltame vandenyje ir steb\u0117kite, kaip kanva i\u0161tirpsta! Siuvin\u0117jimas kry\u017eeliu dar niekada nebuvo toks smagus!<\/p>","protected":false},"featured_media":41854,"template":"","meta":{"_acf_changed":false},"product_brand":[],"product_cat":[454,310,528,540],"product_tag":[2856],"class_list":{"0":"post-41852","1":"product","2":"type-product","3":"status-publish","4":"has-post-thumbnail","6":"product_cat-naujienos-siulai","7":"product_cat-mezgimo-priemones","8":"product_cat-priemones-tipas","9":"product_cat-zaislu-gamyba","10":"product_tag-dmc","12":"first","13":"instock","14":"taxable","15":"shipping-taxable","16":"purchasable","17":"product-type-simple"},"acf":[],"_links":{"self":[{"href":"https:\/\/siulubangos.lt\/en\/wp-json\/wp\/v2\/product\/41852","targetHints":{"allow":["GET"]}}],"collection":[{"href":"https:\/\/siulubangos.lt\/en\/wp-json\/wp\/v2\/product"}],"about":[{"href":"https:\/\/siulubangos.lt\/en\/wp-json\/wp\/v2\/types\/product"}],"version-history":[{"count":1,"href":"https:\/\/siulubangos.lt\/en\/wp-json\/wp\/v2\/product\/41852\/revisions"}],"predecessor-version":[{"id":41856,"href":"https:\/\/siulubangos.lt\/en\/wp-json\/wp\/v2\/product\/41852\/revisions\/41856"}],"wp:featuredmedia":[{"embeddable":true,"href":"https:\/\/siulubangos.lt\/en\/wp-json\/wp\/v2\/media\/41854"}],"wp:attachment":[{"href":"https:\/\/siulubangos.lt\/en\/wp-json\/wp\/v2\/media?parent=41852"}],"wp:term":[{"taxonomy":"product_brand","embeddable":true,"href":"https:\/\/siulubangos.lt\/en\/wp-json\/wp\/v2\/product_brand?post=41852"},{"taxonomy":"product_cat","embeddable":true,"href":"https:\/\/siulubangos.lt\/en\/wp-json\/wp\/v2\/product_cat?post=41852"},{"taxonomy":"product_tag","embeddable":true,"href":"https:\/\/siulubangos.lt\/en\/wp-json\/wp\/v2\/product_tag?post=41852"}],"curies":[{"name":"wp","href":"https:\/\/api.w.org\/{rel}","templated":true}]}}