{"id":41857,"date":"2026-04-22T22:50:38","date_gmt":"2026-04-22T19:50:38","guid":{"rendered":"https:\/\/siulubangos.lt\/?post_type=product&#038;p=41857"},"modified":"2026-04-22T22:51:55","modified_gmt":"2026-04-22T19:51:55","slug":"milward-zymejimo-piestukas-baltas","status":"publish","type":"product","link":"https:\/\/siulubangos.lt\/en\/parduotuve\/milward-zymejimo-piestukas-baltas\/","title":{"rendered":"Milward \u017eym\u0117jimo pie\u0161tukas (baltas)"},"content":{"rendered":"<h1>Milward \u017eym\u0117jimo pie\u0161tukas &#8211; tiksli alternatyva kreidai!<\/h1>\n<p>Siekite nepriekai\u0161tingo tikslumo su Milward \u017eym\u0117jimo pie\u0161tuku &#8211; tai modernus ir patogus \u012frankis, sukurtas pakeisti tradicin\u0119 siuv\u0117jo kreid\u0105. Nesvarbu, ar brai\u017eote sud\u0117tingas i\u0161karp\u0173 linijas, ar \u017eymite vietas sagoms, \u0161is pie\u0161tukas u\u017etikrina plon\u0105 ir ai\u0161ki\u0105 linij\u0105.<\/p>\n<h3>Kod\u0117l verta rinktis Milward pie\u0161tuk\u0105?<\/h3>\n<ul>\n<li>Patogumas: \u0160erdel\u0117 i\u0161stumiama paprastu pasukimu &#8211; jokio dro\u017eimo ar ne\u0161vari\u0173 rank\u0173.<\/li>\n<li>Patvarumas: Skirtingai nei kreida, pie\u0161tukas yra tvirtas, nel\u016b\u017eta transportuojant ar laikant krep\u0161yje.<\/li>\n<li>Universalumas: Puikiai tinka spalvotiems audiniams.<\/li>\n<li>Lengvas pa\u0161alinimas: Darb\u0105 baigus, linijos lengvai nuvalomos dr\u0117gna \u0161luoste arba i\u0161plaunamos vandeniu.<\/li>\n<li>Tvarumas: Milward r\u016bpinasi gamta &#8211; pakuot\u0117 yra 100% plast-free (be plastiko) ir visi\u0161kai perdirbama.<\/li>\n<\/ul>","protected":false},"excerpt":{"rendered":"<p>DMC vandenyje tirpi kanva leid\u017eia lengvai siuvin\u0117ti kry\u017eeliu ant bet kokio audinio! Tiesiog u\u017ed\u0117kite tirpi\u0105 kanv\u0105 ant audinio, kur\u012f norite papuo\u0161ti, ir prad\u0117kite siuvin\u0117ti. Baig\u0119 darb\u0105, pamirkykite savo gamin\u012f \u0161iltame vandenyje ir steb\u0117kite, kaip kanva i\u0161tirpsta! Siuvin\u0117jimas kry\u017eeliu dar niekada nebuvo toks smagus!<\/p>","protected":false},"featured_media":41859,"template":"","meta":{"_acf_changed":false},"product_brand":[766],"product_cat":[454,310,2064,528,548],"product_tag":[1242],"class_list":{"0":"post-41857","1":"product","2":"type-product","3":"status-publish","4":"has-post-thumbnail","6":"product_brand-milward","7":"product_cat-naujienos-siulai","8":"product_cat-mezgimo-priemones","9":"product_cat-milward","10":"product_cat-priemones-tipas","11":"product_cat-zymekliai","12":"product_tag-milward","14":"first","15":"instock","16":"taxable","17":"shipping-taxable","18":"purchasable","19":"product-type-simple"},"acf":[],"_links":{"self":[{"href":"https:\/\/siulubangos.lt\/en\/wp-json\/wp\/v2\/product\/41857","targetHints":{"allow":["GET"]}}],"collection":[{"href":"https:\/\/siulubangos.lt\/en\/wp-json\/wp\/v2\/product"}],"about":[{"href":"https:\/\/siulubangos.lt\/en\/wp-json\/wp\/v2\/types\/product"}],"version-history":[{"count":1,"href":"https:\/\/siulubangos.lt\/en\/wp-json\/wp\/v2\/product\/41857\/revisions"}],"predecessor-version":[{"id":41858,"href":"https:\/\/siulubangos.lt\/en\/wp-json\/wp\/v2\/product\/41857\/revisions\/41858"}],"wp:featuredmedia":[{"embeddable":true,"href":"https:\/\/siulubangos.lt\/en\/wp-json\/wp\/v2\/media\/41859"}],"wp:attachment":[{"href":"https:\/\/siulubangos.lt\/en\/wp-json\/wp\/v2\/media?parent=41857"}],"wp:term":[{"taxonomy":"product_brand","embeddable":true,"href":"https:\/\/siulubangos.lt\/en\/wp-json\/wp\/v2\/product_brand?post=41857"},{"taxonomy":"product_cat","embeddable":true,"href":"https:\/\/siulubangos.lt\/en\/wp-json\/wp\/v2\/product_cat?post=41857"},{"taxonomy":"product_tag","embeddable":true,"href":"https:\/\/siulubangos.lt\/en\/wp-json\/wp\/v2\/product_tag?post=41857"}],"curies":[{"name":"wp","href":"https:\/\/api.w.org\/{rel}","templated":true}]}}