{"id":41883,"date":"2026-04-23T10:33:17","date_gmt":"2026-04-23T07:33:17","guid":{"rendered":"https:\/\/siulubangos.lt\/?post_type=product&#038;p=41883"},"modified":"2026-04-23T10:33:19","modified_gmt":"2026-04-23T07:33:19","slug":"knitpro-nova-metaliniai-virbalai-su-valu","status":"publish","type":"product","link":"https:\/\/siulubangos.lt\/en\/parduotuve\/knitpro-nova-metaliniai-virbalai-su-valu\/","title":{"rendered":"KnitPro NOVA METAL virbalai su valu 120 cm"},"content":{"rendered":"<h1>KnitPro NOVA METAL\u00a0 metaliniai virbalai su valu 120 cm<\/h1>\n<p>KnitPro NOVA metaliniai virbalai yra tikras d\u017eiaugsmas mezg\u0117joms, kurios vertina greit\u012f ir \u012frankio ilgaam\u017ei\u0161kum\u0105. Pagaminti i\u0161 poliruoto \u017ealvario dengtu nikeliu, \u0161ie virbalai u\u017etikrina, kad si\u016blas slys be joki\u0173 pastang\u0173, o mezgimo procesas taps itin sklandus.<\/p>\n<p>Jei j\u016bs\u0173 rankos linkusios prakaituoti, \u017ealvario pavir\u0161ius u\u017etikrins, kad si\u016blai vis tiek slys lengvai, prie\u0161ingai nei mezgant bambukiniais virbalais.<\/p>","protected":false},"excerpt":{"rendered":"<p>Klasikiniai, itin tvirti tu\u0161\u010diavidurio \u017ealvario virbalai dengti nikeliu, pasi\u017eymintys nepriekai\u0161tingu slydimu. 120 cm ilgis idealiai tinka dideliems projektams: pledams, plat\u0117jan\u010dioms suknel\u0117ms ar mezgimui \u201eMagic Loop\u201c metodu. Lengvi, smail\u0117jantys ir sukurti greitam mezgimui!<\/p>","protected":false},"featured_media":41896,"template":"","meta":{"_acf_changed":false},"product_brand":[557],"product_cat":[61,455,468,527,454,500,501],"product_tag":[306],"class_list":{"0":"post-41883","1":"product","2":"type-product","3":"status-publish","4":"has-post-thumbnail","6":"product_brand-knitpro","7":"product_cat-virbalai-vaseliai","8":"product_cat-gamintojas-virbalai-vaseliai","9":"product_cat-knitpro-virbalai-vaseliai","10":"product_cat-metaliniai","11":"product_cat-naujienos-siulai","12":"product_cat-pluostas","13":"product_cat-virbalai-su-valu","14":"product_tag-knitpro","15":"pa_dydis-2-mm","16":"pa_dydis-2-50-mm","17":"pa_dydis-2-75-mm","18":"pa_dydis-3-mm","19":"pa_dydis-3-25-mm","20":"pa_dydis-3-50-mm","21":"pa_dydis-3-75-mm","22":"pa_dydis-4-mm","23":"pa_dydis-4-50-mm","24":"pa_dydis-5-mm","25":"pa_ilgis-120-cm","27":"first","28":"instock","29":"taxable","30":"shipping-taxable","31":"purchasable","32":"product-type-variable"},"acf":[],"_links":{"self":[{"href":"https:\/\/siulubangos.lt\/en\/wp-json\/wp\/v2\/product\/41883","targetHints":{"allow":["GET"]}}],"collection":[{"href":"https:\/\/siulubangos.lt\/en\/wp-json\/wp\/v2\/product"}],"about":[{"href":"https:\/\/siulubangos.lt\/en\/wp-json\/wp\/v2\/types\/product"}],"version-history":[{"count":2,"href":"https:\/\/siulubangos.lt\/en\/wp-json\/wp\/v2\/product\/41883\/revisions"}],"predecessor-version":[{"id":41895,"href":"https:\/\/siulubangos.lt\/en\/wp-json\/wp\/v2\/product\/41883\/revisions\/41895"}],"wp:featuredmedia":[{"embeddable":true,"href":"https:\/\/siulubangos.lt\/en\/wp-json\/wp\/v2\/media\/41896"}],"wp:attachment":[{"href":"https:\/\/siulubangos.lt\/en\/wp-json\/wp\/v2\/media?parent=41883"}],"wp:term":[{"taxonomy":"product_brand","embeddable":true,"href":"https:\/\/siulubangos.lt\/en\/wp-json\/wp\/v2\/product_brand?post=41883"},{"taxonomy":"product_cat","embeddable":true,"href":"https:\/\/siulubangos.lt\/en\/wp-json\/wp\/v2\/product_cat?post=41883"},{"taxonomy":"product_tag","embeddable":true,"href":"https:\/\/siulubangos.lt\/en\/wp-json\/wp\/v2\/product_tag?post=41883"}],"curies":[{"name":"wp","href":"https:\/\/api.w.org\/{rel}","templated":true}]}}