{"id":42238,"date":"2026-04-28T16:13:47","date_gmt":"2026-04-28T13:13:47","guid":{"rendered":"https:\/\/siulubangos.lt\/?post_type=product&#038;p=42238"},"modified":"2026-04-28T16:14:54","modified_gmt":"2026-04-28T13:14:54","slug":"medines-rankenos-rankinems","status":"publish","type":"product","link":"https:\/\/siulubangos.lt\/en\/parduotuve\/medines-rankenos-rankinems\/","title":{"rendered":"Medin\u0117s rankenos rankinei FLORA (2 vnt)"},"content":{"rendered":"","protected":false},"excerpt":{"rendered":"<p>I\u0161skirtin\u0117s tamsios rankenos nertoms ar si\u016btoms rankin\u0117ms. Papuo\u0161tos a\u017e\u016briniais augal\u0173 motyvais, kurie suteiks j\u016bs\u0173 gaminiui prabangos ir \u201eboho\u201c stiliaus estetikos.<\/p>\n<p>Pakuot\u0117je: 2 vnt. (pora).<\/p>\n<p>I\u0161matavimai: auk\u0161tis 13.4 cm, ilgis 24.90 cm, pailga anga 20.30 cm, apvalioji anga 9.45 cm<\/p>\n<p>Spalva: Tamsiai ruda (rie\u0161utmed\u017eio).<\/p>\n<p>Tvirtinimas: Apa\u010dioje yra speciali anga, skirta patogiam \u012fn\u0117rimui ar prisiuvimui.<\/p>\n<p>Paskirtis: Puikiai tinka rankin\u0117ms i\u0161 virveli\u0173 ar trikota\u017eini\u0173 juosteli\u0173 ar kit\u0173 si\u016bl\u0173.<\/p>","protected":false},"featured_media":42239,"template":"","meta":{"_acf_changed":false},"product_brand":[],"product_cat":[310,454,528,2960],"product_tag":[],"class_list":{"0":"post-42238","1":"product","2":"type-product","3":"status-publish","4":"has-post-thumbnail","6":"product_cat-mezgimo-priemones","7":"product_cat-naujienos-siulai","8":"product_cat-priemones-tipas","9":"product_cat-rankiniu-gamyba","10":"pa_dydis-15-x-7-3-cm","11":"pa_dydis-25-x-12-3-cm","12":"pa_dydis-30-x-14-2-cm","14":"first","15":"instock","16":"taxable","17":"shipping-taxable","18":"purchasable","19":"product-type-simple"},"acf":[],"_links":{"self":[{"href":"https:\/\/siulubangos.lt\/en\/wp-json\/wp\/v2\/product\/42238","targetHints":{"allow":["GET"]}}],"collection":[{"href":"https:\/\/siulubangos.lt\/en\/wp-json\/wp\/v2\/product"}],"about":[{"href":"https:\/\/siulubangos.lt\/en\/wp-json\/wp\/v2\/types\/product"}],"version-history":[{"count":1,"href":"https:\/\/siulubangos.lt\/en\/wp-json\/wp\/v2\/product\/42238\/revisions"}],"predecessor-version":[{"id":42242,"href":"https:\/\/siulubangos.lt\/en\/wp-json\/wp\/v2\/product\/42238\/revisions\/42242"}],"wp:featuredmedia":[{"embeddable":true,"href":"https:\/\/siulubangos.lt\/en\/wp-json\/wp\/v2\/media\/42239"}],"wp:attachment":[{"href":"https:\/\/siulubangos.lt\/en\/wp-json\/wp\/v2\/media?parent=42238"}],"wp:term":[{"taxonomy":"product_brand","embeddable":true,"href":"https:\/\/siulubangos.lt\/en\/wp-json\/wp\/v2\/product_brand?post=42238"},{"taxonomy":"product_cat","embeddable":true,"href":"https:\/\/siulubangos.lt\/en\/wp-json\/wp\/v2\/product_cat?post=42238"},{"taxonomy":"product_tag","embeddable":true,"href":"https:\/\/siulubangos.lt\/en\/wp-json\/wp\/v2\/product_tag?post=42238"}],"curies":[{"name":"wp","href":"https:\/\/api.w.org\/{rel}","templated":true}]}}