{"id":42425,"date":"2026-05-04T14:39:14","date_gmt":"2026-05-04T11:39:14","guid":{"rendered":"https:\/\/siulubangos.lt\/?post_type=product&#038;p=42425"},"modified":"2026-05-04T14:39:15","modified_gmt":"2026-05-04T11:39:15","slug":"drops-alpaca-boucle-alpaku-vilna","status":"publish","type":"product","link":"https:\/\/siulubangos.lt\/en\/parduotuve\/drops-alpaca-boucle-alpaku-vilna\/","title":{"rendered":"Drops ALPACA BOUCLE (100\u202f% alpak\u0173 vilna)"},"content":{"rendered":"<h1>Drops ALPACA BOUCLE\u00a0 (100\u202f% alpakos vilna) &#8211; Prabang\u016bs alpak\u0173 vilnos si\u016blai su kilpel\u0117mis!<\/h1>\n<p><a href=\"https:\/\/siulubangos.lt\/wp-content\/uploads\/2026\/05\/ab-113.jpg\"><img loading=\"lazy\" decoding=\"async\" class=\"alignnone wp-image-42427\" src=\"https:\/\/siulubangos.lt\/wp-content\/uploads\/2026\/05\/ab-113.jpg\" alt=\"\" width=\"561\" height=\"561\" title=\"\" srcset=\"https:\/\/siulubangos.lt\/wp-content\/uploads\/2026\/05\/ab-113.jpg 2500w, https:\/\/siulubangos.lt\/wp-content\/uploads\/2026\/05\/ab-113-300x300.jpg 300w, https:\/\/siulubangos.lt\/wp-content\/uploads\/2026\/05\/ab-113-800x800.jpg 800w, https:\/\/siulubangos.lt\/wp-content\/uploads\/2026\/05\/ab-113-150x150.jpg 150w, https:\/\/siulubangos.lt\/wp-content\/uploads\/2026\/05\/ab-113-768x768.jpg 768w, https:\/\/siulubangos.lt\/wp-content\/uploads\/2026\/05\/ab-113-1536x1536.jpg 1536w, https:\/\/siulubangos.lt\/wp-content\/uploads\/2026\/05\/ab-113-2048x2048.jpg 2048w, https:\/\/siulubangos.lt\/wp-content\/uploads\/2026\/05\/ab-113-12x12.jpg 12w, https:\/\/siulubangos.lt\/wp-content\/uploads\/2026\/05\/ab-113-600x600.jpg 600w, https:\/\/siulubangos.lt\/wp-content\/uploads\/2026\/05\/ab-113-1200x1200.jpg 1200w\" sizes=\"auto, (max-width: 561px) 100vw, 561px\" \/><\/a> <a href=\"https:\/\/siulubangos.lt\/wp-content\/uploads\/2026\/05\/ab-148.jpg\"><img loading=\"lazy\" decoding=\"async\" class=\"alignnone wp-image-42428\" src=\"https:\/\/siulubangos.lt\/wp-content\/uploads\/2026\/05\/ab-148.jpg\" alt=\"\" width=\"401\" height=\"561\" title=\"\" srcset=\"https:\/\/siulubangos.lt\/wp-content\/uploads\/2026\/05\/ab-148.jpg 1829w, https:\/\/siulubangos.lt\/wp-content\/uploads\/2026\/05\/ab-148-214x300.jpg 214w, https:\/\/siulubangos.lt\/wp-content\/uploads\/2026\/05\/ab-148-572x800.jpg 572w, https:\/\/siulubangos.lt\/wp-content\/uploads\/2026\/05\/ab-148-768x1075.jpg 768w, https:\/\/siulubangos.lt\/wp-content\/uploads\/2026\/05\/ab-148-1097x1536.jpg 1097w, https:\/\/siulubangos.lt\/wp-content\/uploads\/2026\/05\/ab-148-1463x2048.jpg 1463w, https:\/\/siulubangos.lt\/wp-content\/uploads\/2026\/05\/ab-148-9x12.jpg 9w, https:\/\/siulubangos.lt\/wp-content\/uploads\/2026\/05\/ab-148-600x840.jpg 600w, https:\/\/siulubangos.lt\/wp-content\/uploads\/2026\/05\/ab-148-1200x1680.jpg 1200w, https:\/\/siulubangos.lt\/wp-content\/uploads\/2026\/05\/ab-148-150x210.jpg 150w\" sizes=\"auto, (max-width: 401px) 100vw, 401px\" \/><\/a> <a href=\"https:\/\/siulubangos.lt\/wp-content\/uploads\/2026\/05\/ab-150.jpg\"><img loading=\"lazy\" decoding=\"async\" class=\"alignnone wp-image-42429\" src=\"https:\/\/siulubangos.lt\/wp-content\/uploads\/2026\/05\/ab-150.jpg\" alt=\"\" width=\"785\" height=\"560\" title=\"\" srcset=\"https:\/\/siulubangos.lt\/wp-content\/uploads\/2026\/05\/ab-150.jpg 2560w, https:\/\/siulubangos.lt\/wp-content\/uploads\/2026\/05\/ab-150-400x286.jpg 400w, https:\/\/siulubangos.lt\/wp-content\/uploads\/2026\/05\/ab-150-1120x800.jpg 1120w, https:\/\/siulubangos.lt\/wp-content\/uploads\/2026\/05\/ab-150-768x549.jpg 768w, https:\/\/siulubangos.lt\/wp-content\/uploads\/2026\/05\/ab-150-1536x1097.jpg 1536w, https:\/\/siulubangos.lt\/wp-content\/uploads\/2026\/05\/ab-150-2048x1463.jpg 2048w, https:\/\/siulubangos.lt\/wp-content\/uploads\/2026\/05\/ab-150-18x12.jpg 18w, https:\/\/siulubangos.lt\/wp-content\/uploads\/2026\/05\/ab-150-600x429.jpg 600w, https:\/\/siulubangos.lt\/wp-content\/uploads\/2026\/05\/ab-150-1200x857.jpg 1200w, https:\/\/siulubangos.lt\/wp-content\/uploads\/2026\/05\/ab-150-150x107.jpg 150w\" sizes=\"auto, (max-width: 785px) 100vw, 785px\" \/><\/a><\/p>\n<p>Drops ALPACA BOUCLE yra unikal\u016bs efektiniai si\u016blai, kurie pakeri savo tekst\u016bra ir ne\u012ftik\u0117tinu \u0161velnumu. Pavadinimas kil\u0119s i\u0161 pranc\u016bz\u0173 kalbos \u017eod\u017eio \u201eboucl\u00e9\u201c, rei\u0161kian\u010dio kilp\u0105 &#8211; b\u016btent daugyb\u0117 ma\u017e\u0173 grynos alpakos vilnos kilpeli\u0173 suteikia \u0161iems si\u016blams b\u016bding\u0105 \u201egarbanot\u0105\u201c i\u0161vaizd\u0105 ir ypating\u0105 purum\u0105.<\/p>\n<h3>Kod\u0117l verta rinktis Drops ALPACA BOUCLE?<\/h3>\n<ul>\n<li>Nat\u016bralumas ir kokyb\u0117: Si\u016blai pagaminti i\u0161 80% superfine alpakos vilnos, sutvirtintos vilnos ir poliamido pagrindu. Pluo\u0161tas yra neapdorotas chemi\u0161kai (tik i\u0161plautas), tod\u0117l i\u0161laiko visas geriausias nat\u016bralias savybes ir form\u0105.<\/li>\n<li>Ypatingas lengvumas: Nors mezginys atrodo tankus ir p\u016bkuotas, jis i\u0161lieka steb\u0117tinai lengvas. Tai puikus pasirinkimas dideliems megztiniams (oversize), kurie nebus sunk\u016bs.<\/li>\n<li>Ekonomi\u0161kumas: D\u0117l 140 metr\u0173 metra\u017eo 50-ies gram\u0173 kamuoliuke, mezginio i\u0161eiga yra labai palanki &#8211; j\u016bs\u0173 projektui prireiks ma\u017eiau kamuoliuk\u0173 nei mezgant i\u0161 tradicin\u0117s vilnos.<\/li>\n<\/ul>\n<h3>Mezgimo id\u0117jos ir pritaikymas<\/h3>\n<p>\u0160ie si\u016blai geriausiai atsiskleid\u017eia mezgant paprastais ra\u0161tais (gerosiomis akimis), nes pati tekst\u016bra yra pagrindinis akcentas.<\/p>\n<ul>\n<li>Megztiniai ir kardiganai: Atrodys kaip stilingi kailinukai ar jauk\u016bs debes\u0117liai.<\/li>\n<li>Liemen\u0117s: \u0160io sezono \u201emust-have\u201c, puikiai tinka sluoksniavimui.<\/li>\n<li>Aksesuarai: \u0160alikai, kepur\u0117s ar kaklo movos bus mink\u0161ti ir visi\u0161kai \u201enek\u0105s\u201c.<\/li>\n<\/ul>","protected":false},"excerpt":{"rendered":"<p>Ne\u012ftik\u0117tinas lengvumas ir stilingos garban\u0117l\u0117s j\u016bs\u0173 mezginiams. Ie\u0161kote ka\u017eko ypatingo? \u0160ie \u201eboucl\u00e9\u201c (pranc. kilpa) tipo si\u016blai sukurti i\u0161 prabangios alpak\u0173 vilnos, suteikian\u010dios mezginiui purumo ir nat\u016bralaus \u201ekailiuko\u201c efekt\u0105. Itin ekonomi\u0161ki, mink\u0161ti ir \u0161ilti &#8211; idealus pasirinkimas jaukiems megztiniams, liemen\u0117ms ar aksesuarams, kurie neapsunkina, bet maloniai \u0161ildo.<\/p>","protected":false},"featured_media":42433,"template":"","meta":{"_acf_changed":false},"product_brand":[559],"product_cat":[448,417,428,454,453,58,429],"product_tag":[594],"class_list":{"0":"post-42425","1":"product","2":"type-product","3":"status-publish","4":"has-post-thumbnail","6":"product_brand-drops","7":"product_cat-drops-siulai","8":"product_cat-alpakos-siulai","9":"product_cat-gamintojas","10":"product_cat-naujienos-siulai","11":"product_cat-nuolaidos","12":"product_cat-siulai-mezgimui","13":"product_cat-sudetis","14":"product_tag-drops","15":"pa_pluostas-alpaku-vilna","16":"pa_spalva-drops-alpaca-boucle-0100-balta","17":"pa_spalva-drops-alpaca-boucle-0517-pilka","18":"pa_spalva-drops-alpaca-boucle-0602-ruda","19":"pa_spalva-drops-alpaca-boucle-2020-sviesi-smelio","20":"pa_spalva-drops-alpaca-boucle-5110-sviesi-pilka","21":"pa_spalva-drops-alpaca-boucle-8903-juoda","22":"pa_spalva-drops-alpaca-boucle-8904-kastonas","23":"pa_spalva-drops-alpaca-boucle-8905-sokoladine","24":"pa_svoris-ilgis-50-g-140-m","26":"first","27":"instock","28":"taxable","29":"shipping-taxable","30":"purchasable","31":"product-type-variable"},"acf":[],"_links":{"self":[{"href":"https:\/\/siulubangos.lt\/en\/wp-json\/wp\/v2\/product\/42425","targetHints":{"allow":["GET"]}}],"collection":[{"href":"https:\/\/siulubangos.lt\/en\/wp-json\/wp\/v2\/product"}],"about":[{"href":"https:\/\/siulubangos.lt\/en\/wp-json\/wp\/v2\/types\/product"}],"version-history":[{"count":3,"href":"https:\/\/siulubangos.lt\/en\/wp-json\/wp\/v2\/product\/42425\/revisions"}],"predecessor-version":[{"id":42452,"href":"https:\/\/siulubangos.lt\/en\/wp-json\/wp\/v2\/product\/42425\/revisions\/42452"}],"wp:featuredmedia":[{"embeddable":true,"href":"https:\/\/siulubangos.lt\/en\/wp-json\/wp\/v2\/media\/42433"}],"wp:attachment":[{"href":"https:\/\/siulubangos.lt\/en\/wp-json\/wp\/v2\/media?parent=42425"}],"wp:term":[{"taxonomy":"product_brand","embeddable":true,"href":"https:\/\/siulubangos.lt\/en\/wp-json\/wp\/v2\/product_brand?post=42425"},{"taxonomy":"product_cat","embeddable":true,"href":"https:\/\/siulubangos.lt\/en\/wp-json\/wp\/v2\/product_cat?post=42425"},{"taxonomy":"product_tag","embeddable":true,"href":"https:\/\/siulubangos.lt\/en\/wp-json\/wp\/v2\/product_tag?post=42425"}],"curies":[{"name":"wp","href":"https:\/\/api.w.org\/{rel}","templated":true}]}}