{"id":42720,"date":"2026-05-08T10:03:00","date_gmt":"2026-05-08T07:03:00","guid":{"rendered":"https:\/\/siulubangos.lt\/?post_type=product&#038;p=42720"},"modified":"2026-05-08T10:03:02","modified_gmt":"2026-05-08T07:03:02","slug":"drops-sky-alpaku-vilna","status":"publish","type":"product","link":"https:\/\/siulubangos.lt\/en\/parduotuve\/drops-sky-alpaku-vilna\/","title":{"rendered":"Drops SKY (alpak\u0173 vilna)"},"content":{"rendered":"<h1>Drops SKY (74% alpak\u0173 vilna, 18% poliamidas, 8% vilna) &#8211; Tarsi lengvas debesis j\u016bs\u0173 spintoje!<\/h1>\n<p><a href=\"https:\/\/siulubangos.lt\/wp-content\/uploads\/2026\/05\/drops-sky-5.jpg\"><img loading=\"lazy\" decoding=\"async\" class=\"alignnone wp-image-42759\" src=\"https:\/\/siulubangos.lt\/wp-content\/uploads\/2026\/05\/drops-sky-5.jpg\" alt=\"\" width=\"564\" height=\"705\" title=\"\" srcset=\"https:\/\/siulubangos.lt\/wp-content\/uploads\/2026\/05\/drops-sky-5.jpg 1500w, https:\/\/siulubangos.lt\/wp-content\/uploads\/2026\/05\/drops-sky-5-240x300.jpg 240w, https:\/\/siulubangos.lt\/wp-content\/uploads\/2026\/05\/drops-sky-5-640x800.jpg 640w, https:\/\/siulubangos.lt\/wp-content\/uploads\/2026\/05\/drops-sky-5-768x960.jpg 768w, https:\/\/siulubangos.lt\/wp-content\/uploads\/2026\/05\/drops-sky-5-1229x1536.jpg 1229w, https:\/\/siulubangos.lt\/wp-content\/uploads\/2026\/05\/drops-sky-5-10x12.jpg 10w, https:\/\/siulubangos.lt\/wp-content\/uploads\/2026\/05\/drops-sky-5-600x750.jpg 600w, https:\/\/siulubangos.lt\/wp-content\/uploads\/2026\/05\/drops-sky-5-1200x1500.jpg 1200w, https:\/\/siulubangos.lt\/wp-content\/uploads\/2026\/05\/drops-sky-5-150x188.jpg 150w\" sizes=\"auto, (max-width: 564px) 100vw, 564px\" \/><\/a> <a href=\"https:\/\/siulubangos.lt\/wp-content\/uploads\/2026\/05\/drops-sky-6.jpg\"><img loading=\"lazy\" decoding=\"async\" class=\"alignnone wp-image-42760\" src=\"https:\/\/siulubangos.lt\/wp-content\/uploads\/2026\/05\/drops-sky-6.jpg\" alt=\"\" width=\"702\" height=\"501\" title=\"\" srcset=\"https:\/\/siulubangos.lt\/wp-content\/uploads\/2026\/05\/drops-sky-6.jpg 2560w, https:\/\/siulubangos.lt\/wp-content\/uploads\/2026\/05\/drops-sky-6-400x286.jpg 400w, https:\/\/siulubangos.lt\/wp-content\/uploads\/2026\/05\/drops-sky-6-1120x800.jpg 1120w, https:\/\/siulubangos.lt\/wp-content\/uploads\/2026\/05\/drops-sky-6-768x549.jpg 768w, https:\/\/siulubangos.lt\/wp-content\/uploads\/2026\/05\/drops-sky-6-1536x1097.jpg 1536w, https:\/\/siulubangos.lt\/wp-content\/uploads\/2026\/05\/drops-sky-6-2048x1463.jpg 2048w, https:\/\/siulubangos.lt\/wp-content\/uploads\/2026\/05\/drops-sky-6-18x12.jpg 18w, https:\/\/siulubangos.lt\/wp-content\/uploads\/2026\/05\/drops-sky-6-600x429.jpg 600w, https:\/\/siulubangos.lt\/wp-content\/uploads\/2026\/05\/drops-sky-6-1200x857.jpg 1200w, https:\/\/siulubangos.lt\/wp-content\/uploads\/2026\/05\/drops-sky-6-150x107.jpg 150w\" sizes=\"auto, (max-width: 702px) 100vw, 702px\" \/><\/a> <a href=\"https:\/\/siulubangos.lt\/wp-content\/uploads\/2026\/05\/drops-sky-7.jpg\"><img loading=\"lazy\" decoding=\"async\" class=\"alignnone wp-image-42761\" src=\"https:\/\/siulubangos.lt\/wp-content\/uploads\/2026\/05\/drops-sky-7.jpg\" alt=\"\" width=\"561\" height=\"701\" title=\"\" srcset=\"https:\/\/siulubangos.lt\/wp-content\/uploads\/2026\/05\/drops-sky-7.jpg 1500w, https:\/\/siulubangos.lt\/wp-content\/uploads\/2026\/05\/drops-sky-7-240x300.jpg 240w, https:\/\/siulubangos.lt\/wp-content\/uploads\/2026\/05\/drops-sky-7-640x800.jpg 640w, https:\/\/siulubangos.lt\/wp-content\/uploads\/2026\/05\/drops-sky-7-768x960.jpg 768w, https:\/\/siulubangos.lt\/wp-content\/uploads\/2026\/05\/drops-sky-7-1229x1536.jpg 1229w, https:\/\/siulubangos.lt\/wp-content\/uploads\/2026\/05\/drops-sky-7-10x12.jpg 10w, https:\/\/siulubangos.lt\/wp-content\/uploads\/2026\/05\/drops-sky-7-600x750.jpg 600w, https:\/\/siulubangos.lt\/wp-content\/uploads\/2026\/05\/drops-sky-7-1200x1500.jpg 1200w, https:\/\/siulubangos.lt\/wp-content\/uploads\/2026\/05\/drops-sky-7-150x188.jpg 150w\" sizes=\"auto, (max-width: 561px) 100vw, 561px\" \/><\/a> <a href=\"https:\/\/siulubangos.lt\/wp-content\/uploads\/2026\/05\/drops-sky-8.jpg\"><img loading=\"lazy\" decoding=\"async\" class=\"alignnone wp-image-42762\" src=\"https:\/\/siulubangos.lt\/wp-content\/uploads\/2026\/05\/drops-sky-8.jpg\" alt=\"\" width=\"700\" height=\"560\" title=\"\" srcset=\"https:\/\/siulubangos.lt\/wp-content\/uploads\/2026\/05\/drops-sky-8.jpg 1875w, https:\/\/siulubangos.lt\/wp-content\/uploads\/2026\/05\/drops-sky-8-375x300.jpg 375w, https:\/\/siulubangos.lt\/wp-content\/uploads\/2026\/05\/drops-sky-8-1000x800.jpg 1000w, https:\/\/siulubangos.lt\/wp-content\/uploads\/2026\/05\/drops-sky-8-768x614.jpg 768w, https:\/\/siulubangos.lt\/wp-content\/uploads\/2026\/05\/drops-sky-8-1536x1229.jpg 1536w, https:\/\/siulubangos.lt\/wp-content\/uploads\/2026\/05\/drops-sky-8-15x12.jpg 15w, https:\/\/siulubangos.lt\/wp-content\/uploads\/2026\/05\/drops-sky-8-600x480.jpg 600w, https:\/\/siulubangos.lt\/wp-content\/uploads\/2026\/05\/drops-sky-8-1200x960.jpg 1200w, https:\/\/siulubangos.lt\/wp-content\/uploads\/2026\/05\/drops-sky-8-150x120.jpg 150w\" sizes=\"auto, (max-width: 700px) 100vw, 700px\" \/><\/a><\/p>\n<p>Jei ie\u0161kote si\u016bl\u0173, kurie sujungt\u0173 \u0161ilum\u0105, moderni\u0105 i\u0161vaizd\u0105 ir \u201ebeveik nieko nesveriant\u012f\u201c poj\u016bt\u012f &#8211; Drops SKY yra b\u016btent tai. Tai vienas prabangiausi\u0173 Drops asortimento si\u016bl\u0173, vertinamas d\u0117l savo ypatingos strukt\u016bros ir auk\u0161\u010diausios kokyb\u0117s pluo\u0161t\u0173.<\/p>\n<h3>Kuo Drops SKY pavergia mezg\u0117jus?<\/h3>\n<ul>\n<li>Grandin\u0117l\u0117s (tube yarn) konstrukcija: Skirtingai nei \u012fprastai sukti si\u016blai, SKY yra suformuotas kaip lengva, tu\u0161\u010diavidur\u0117 grandin\u0117l\u0117. Tai suteikia si\u016blui ne\u012ftik\u0117tin\u0105 purum\u0105, tvirtum\u0105 ir apsaugo nuo mezginio i\u0161t\u012fsimo.<\/li>\n<li>Auk\u0161\u010diausia sud\u0117tis: Did\u017eiulis kiekis alpakos vilnos (net 74%!) sujungtas su merino vilna sukuria ypating\u0105 \u0161velnum\u0105. Tai si\u016blas, kuris \u201enekanda\u201c ir yra malonus net jautriausiai odai.<\/li>\n<li>Lengvumas be svorio: D\u0117l savo unikalios strukt\u016bros Drops SKY yra itin ekonomi\u0161kas. Mezginiai i\u0161 \u0161io si\u016blo sveria kur kas ma\u017eiau nei i\u0161 \u012fprastos vilnos, ta\u010diau \u0161ildo net stipriausi\u0105 \u017eiem\u0105.<\/li>\n<li>Modernus vaizdas: Mezgant \u0161iuo si\u016blu, akys sugula lygiai ir ai\u0161kiai, o pats mezginys \u012fgauna prabang\u0173, \u0161iek tiek p\u016bkuot\u0105, bet esteti\u0161k\u0105 vaizd\u0105.<\/li>\n<\/ul>\n<h3>What do we recommend knitting?<\/h3>\n<ul>\n<li>Jaukius megztinius ir kardiganus: Kurie bus lengvi kaip debes\u0117lis, bet saugos nuo \u0161al\u010dio.<\/li>\n<li>Prabangius aksesuarus: Didelius \u0161alikus, kepures ar pir\u0161tines, kurios d\u017eiugins savo mink\u0161tumu ne vien\u0105 sezon\u0105.<\/li>\n<li>Vaik\u0173 drabu\u017eius: \u0160velni sud\u0117tis ir saugus apdirbimas idealiai tinka ma\u017eiesiems \u0161eimos nariams.<\/li>\n<\/ul>\n<h3>\u00a0I\u0161eiga (Orientaciniai skai\u010diavimai):<\/h3>\n<ul>\n<li>M dyd\u017eio moteri\u0161kam megztiniui: apie 300 g (6 kamuoliukai).<\/li>\n<li>Kepurei: u\u017etenka 1 kamuoliuko (50 g).<\/li>\n<li>Dideliam \u0161alikui: apie 150 g (3 kamuoliukai).<\/li>\n<\/ul>\n<h3>Care<\/h3>\n<p>Skalbti tik rankomis (iki 30\u00b0C), d\u017eiovinti patiesus horizontaliai. Venkite gr\u0119\u017eimo sukant, geriau dr\u0117gm\u0119 nuspauskite rank\u0161luos\u010diu.<\/p>","protected":false},"excerpt":{"rendered":"<p>Tai ypatingos strukt\u016bros si\u016blai, pagaminti i\u0161 auk\u0161\u010diausios kokyb\u0117s alpakos ir merino vilnos derinio. D\u0117l unikalios \u201egrandin\u0117l\u0117s\u201c konstrukcijos si\u016blas yra itin lengvas, purus ir tuo pa\u010diu labai patvarus. Drops SKY suteikia mezginiui moderni\u0105 tekst\u016br\u0105 ir maksimali\u0105 \u0161ilum\u0105 &#8211; tai idealus pasirinkimas tiems, kurie ie\u0161ko p\u016bkuoto, bet ne storo si\u016blo efekto.<\/p>\n<p>Nemokamos mezgimo schemos (spausti) <a href=\"https:\/\/www.garnstudio.com\/search.php?action=browse&amp;y=drops-sky&amp;lang=en\">HERE<\/a><\/p>","protected":false},"featured_media":42721,"template":"","meta":{"_acf_changed":false},"product_brand":[559],"product_cat":[58,417,448,428,491,454,1110,445],"product_tag":[594],"class_list":{"0":"post-42720","1":"product","2":"type-product","3":"status-publish","4":"has-post-thumbnail","6":"product_brand-drops","7":"product_cat-siulai-mezgimui","8":"product_cat-alpakos-siulai","9":"product_cat-drops-siulai","10":"product_cat-gamintojas","11":"product_cat-margi-spalvoti-siulai","12":"product_cat-naujienos-siulai","13":"product_cat-poliamidas","14":"product_cat-vilnos-siulai","15":"product_tag-drops","16":"pa_spalva-drops-sky-01-balta","17":"pa_spalva-drops-sky-02-sviesi-pilka","18":"pa_spalva-drops-sky-03-pilkas-rukas","19":"pa_spalva-drops-sky-04-pilka","20":"pa_spalva-drops-sky-05-juoda","21":"pa_spalva-drops-sky-06-juros-zalia","22":"pa_spalva-drops-sky-07-sviesi-juros-zalia","23":"pa_spalva-drops-sky-11-lazdyno-riesutai","24":"pa_spalva-drops-sky-12-dzinso-melyna","25":"pa_spalva-drops-sky-13-sviesiai-dzinsine-melyna","26":"pa_spalva-drops-sky-15-akvamarinas","27":"pa_spalva-drops-sky-16-geltona","28":"pa_spalva-drops-sky-17-kario","29":"pa_spalva-drops-sky-18-pudros-rozine","30":"pa_spalva-drops-sky-19-persikas","31":"pa_spalva-drops-sky-20-gebene","32":"pa_spalva-drops-sky-22-migdolai","33":"pa_spalva-drops-sky-23-gili-tamsi-melyna","34":"pa_spalva-drops-sky-24-smelis","35":"pa_spalva-drops-sky-25-baltas-rukas","36":"pa_spalva-drops-sky-26-dangaus-zydra","37":"pa_spalva-drops-sky-27-svelni-rozine","38":"pa_spalva-drops-sky-28-svelni-alyvine","39":"pa_spalva-drops-sky-29-kobalto-melyna","40":"pa_spalva-drops-sky-30-pistaciju-ledai","41":"pa_spalva-drops-sky-31-ledo-melyna","42":"pa_spalva-drops-sky-32-nuga","43":"pa_spalva-drops-sky-33-tamsiai-gili-violetine","44":"pa_spalva-drops-sky-34-bordo","45":"pa_spalva-drops-sky-35-avieciu-raudona","46":"pa_svoris-ilgis-50g-190m","48":"first","49":"instock","50":"taxable","51":"shipping-taxable","52":"purchasable","53":"product-type-variable"},"acf":[],"_links":{"self":[{"href":"https:\/\/siulubangos.lt\/en\/wp-json\/wp\/v2\/product\/42720","targetHints":{"allow":["GET"]}}],"collection":[{"href":"https:\/\/siulubangos.lt\/en\/wp-json\/wp\/v2\/product"}],"about":[{"href":"https:\/\/siulubangos.lt\/en\/wp-json\/wp\/v2\/types\/product"}],"version-history":[{"count":3,"href":"https:\/\/siulubangos.lt\/en\/wp-json\/wp\/v2\/product\/42720\/revisions"}],"predecessor-version":[{"id":42765,"href":"https:\/\/siulubangos.lt\/en\/wp-json\/wp\/v2\/product\/42720\/revisions\/42765"}],"wp:featuredmedia":[{"embeddable":true,"href":"https:\/\/siulubangos.lt\/en\/wp-json\/wp\/v2\/media\/42721"}],"wp:attachment":[{"href":"https:\/\/siulubangos.lt\/en\/wp-json\/wp\/v2\/media?parent=42720"}],"wp:term":[{"taxonomy":"product_brand","embeddable":true,"href":"https:\/\/siulubangos.lt\/en\/wp-json\/wp\/v2\/product_brand?post=42720"},{"taxonomy":"product_cat","embeddable":true,"href":"https:\/\/siulubangos.lt\/en\/wp-json\/wp\/v2\/product_cat?post=42720"},{"taxonomy":"product_tag","embeddable":true,"href":"https:\/\/siulubangos.lt\/en\/wp-json\/wp\/v2\/product_tag?post=42720"}],"curies":[{"name":"wp","href":"https:\/\/api.w.org\/{rel}","templated":true}]}}