{"id":43140,"date":"2026-05-14T16:19:46","date_gmt":"2026-05-14T13:19:46","guid":{"rendered":"https:\/\/siulubangos.lt\/?post_type=product&#038;p=43140"},"modified":"2026-05-14T16:30:25","modified_gmt":"2026-05-14T13:30:25","slug":"nerimo-zurnalas-katia-nertos-rankines","status":"publish","type":"product","link":"https:\/\/siulubangos.lt\/en\/parduotuve\/nerimo-zurnalas-katia-nertos-rankines\/","title":{"rendered":"N\u0117rimo katalogas Katia BAG TO BASICS &#8211; 27 rankini\u0173 modeliai"},"content":{"rendered":"<h1>N\u0117rimo katalogas Katia BAG TO BASICS &#8211; 27 nert\u0173 krep\u0161i\u0173 kolekcija!<\/h1>\n<p><a href=\"https:\/\/siulubangos.lt\/wp-content\/uploads\/2026\/05\/katia-wow-zurnalas-9.jpg\"><img loading=\"lazy\" decoding=\"async\" class=\"alignnone wp-image-43122\" src=\"https:\/\/siulubangos.lt\/wp-content\/uploads\/2026\/05\/katia-wow-zurnalas-9.jpg\" alt=\"\" width=\"558\" height=\"558\" title=\"\" srcset=\"https:\/\/siulubangos.lt\/wp-content\/uploads\/2026\/05\/katia-wow-zurnalas-9.jpg 1000w, https:\/\/siulubangos.lt\/wp-content\/uploads\/2026\/05\/katia-wow-zurnalas-9-300x300.jpg 300w, https:\/\/siulubangos.lt\/wp-content\/uploads\/2026\/05\/katia-wow-zurnalas-9-800x800.jpg 800w, https:\/\/siulubangos.lt\/wp-content\/uploads\/2026\/05\/katia-wow-zurnalas-9-150x150.jpg 150w, https:\/\/siulubangos.lt\/wp-content\/uploads\/2026\/05\/katia-wow-zurnalas-9-768x768.jpg 768w, https:\/\/siulubangos.lt\/wp-content\/uploads\/2026\/05\/katia-wow-zurnalas-9-12x12.jpg 12w, https:\/\/siulubangos.lt\/wp-content\/uploads\/2026\/05\/katia-wow-zurnalas-9-600x600.jpg 600w\" sizes=\"auto, (max-width: 558px) 100vw, 558px\" \/><\/a> <a href=\"https:\/\/siulubangos.lt\/wp-content\/uploads\/2026\/05\/katia-wow-zurnalas-16.jpg\"><img loading=\"lazy\" decoding=\"async\" class=\"alignnone wp-image-43120\" src=\"https:\/\/siulubangos.lt\/wp-content\/uploads\/2026\/05\/katia-wow-zurnalas-16.jpg\" alt=\"\" width=\"558\" height=\"558\" title=\"\" srcset=\"https:\/\/siulubangos.lt\/wp-content\/uploads\/2026\/05\/katia-wow-zurnalas-16.jpg 1300w, https:\/\/siulubangos.lt\/wp-content\/uploads\/2026\/05\/katia-wow-zurnalas-16-300x300.jpg 300w, https:\/\/siulubangos.lt\/wp-content\/uploads\/2026\/05\/katia-wow-zurnalas-16-800x800.jpg 800w, https:\/\/siulubangos.lt\/wp-content\/uploads\/2026\/05\/katia-wow-zurnalas-16-150x150.jpg 150w, https:\/\/siulubangos.lt\/wp-content\/uploads\/2026\/05\/katia-wow-zurnalas-16-768x768.jpg 768w, https:\/\/siulubangos.lt\/wp-content\/uploads\/2026\/05\/katia-wow-zurnalas-16-12x12.jpg 12w, https:\/\/siulubangos.lt\/wp-content\/uploads\/2026\/05\/katia-wow-zurnalas-16-600x600.jpg 600w, https:\/\/siulubangos.lt\/wp-content\/uploads\/2026\/05\/katia-wow-zurnalas-16-1200x1200.jpg 1200w\" sizes=\"auto, (max-width: 558px) 100vw, 558px\" \/><\/a> <a href=\"https:\/\/siulubangos.lt\/wp-content\/uploads\/2026\/05\/katia-wow-zurnalas-14.jpg\"><img loading=\"lazy\" decoding=\"async\" class=\"alignnone wp-image-43118\" src=\"https:\/\/siulubangos.lt\/wp-content\/uploads\/2026\/05\/katia-wow-zurnalas-14.jpg\" alt=\"\" width=\"560\" height=\"560\" title=\"\" srcset=\"https:\/\/siulubangos.lt\/wp-content\/uploads\/2026\/05\/katia-wow-zurnalas-14.jpg 1500w, https:\/\/siulubangos.lt\/wp-content\/uploads\/2026\/05\/katia-wow-zurnalas-14-300x300.jpg 300w, https:\/\/siulubangos.lt\/wp-content\/uploads\/2026\/05\/katia-wow-zurnalas-14-800x800.jpg 800w, https:\/\/siulubangos.lt\/wp-content\/uploads\/2026\/05\/katia-wow-zurnalas-14-150x150.jpg 150w, https:\/\/siulubangos.lt\/wp-content\/uploads\/2026\/05\/katia-wow-zurnalas-14-768x768.jpg 768w, https:\/\/siulubangos.lt\/wp-content\/uploads\/2026\/05\/katia-wow-zurnalas-14-12x12.jpg 12w, https:\/\/siulubangos.lt\/wp-content\/uploads\/2026\/05\/katia-wow-zurnalas-14-600x600.jpg 600w, https:\/\/siulubangos.lt\/wp-content\/uploads\/2026\/05\/katia-wow-zurnalas-14-1200x1200.jpg 1200w\" sizes=\"auto, (max-width: 560px) 100vw, 560px\" \/><\/a> <a href=\"https:\/\/siulubangos.lt\/wp-content\/uploads\/2026\/05\/katia-wow-zurnalas-13.jpg\"><img loading=\"lazy\" decoding=\"async\" class=\"alignnone wp-image-43117\" src=\"https:\/\/siulubangos.lt\/wp-content\/uploads\/2026\/05\/katia-wow-zurnalas-13.jpg\" alt=\"\" width=\"560\" height=\"560\" title=\"\" srcset=\"https:\/\/siulubangos.lt\/wp-content\/uploads\/2026\/05\/katia-wow-zurnalas-13.jpg 1500w, https:\/\/siulubangos.lt\/wp-content\/uploads\/2026\/05\/katia-wow-zurnalas-13-300x300.jpg 300w, https:\/\/siulubangos.lt\/wp-content\/uploads\/2026\/05\/katia-wow-zurnalas-13-800x800.jpg 800w, https:\/\/siulubangos.lt\/wp-content\/uploads\/2026\/05\/katia-wow-zurnalas-13-150x150.jpg 150w, https:\/\/siulubangos.lt\/wp-content\/uploads\/2026\/05\/katia-wow-zurnalas-13-768x768.jpg 768w, https:\/\/siulubangos.lt\/wp-content\/uploads\/2026\/05\/katia-wow-zurnalas-13-12x12.jpg 12w, https:\/\/siulubangos.lt\/wp-content\/uploads\/2026\/05\/katia-wow-zurnalas-13-600x600.jpg 600w, https:\/\/siulubangos.lt\/wp-content\/uploads\/2026\/05\/katia-wow-zurnalas-13-1200x1200.jpg 1200w\" sizes=\"auto, (max-width: 560px) 100vw, 560px\" \/><\/a> <a href=\"https:\/\/siulubangos.lt\/wp-content\/uploads\/2026\/05\/katia-wow-zurnalas-11.jpg\"><img loading=\"lazy\" decoding=\"async\" class=\"alignnone wp-image-43115\" src=\"https:\/\/siulubangos.lt\/wp-content\/uploads\/2026\/05\/katia-wow-zurnalas-11.jpg\" alt=\"\" width=\"560\" height=\"560\" title=\"\" srcset=\"https:\/\/siulubangos.lt\/wp-content\/uploads\/2026\/05\/katia-wow-zurnalas-11.jpg 1500w, https:\/\/siulubangos.lt\/wp-content\/uploads\/2026\/05\/katia-wow-zurnalas-11-300x300.jpg 300w, https:\/\/siulubangos.lt\/wp-content\/uploads\/2026\/05\/katia-wow-zurnalas-11-800x800.jpg 800w, https:\/\/siulubangos.lt\/wp-content\/uploads\/2026\/05\/katia-wow-zurnalas-11-150x150.jpg 150w, https:\/\/siulubangos.lt\/wp-content\/uploads\/2026\/05\/katia-wow-zurnalas-11-768x768.jpg 768w, https:\/\/siulubangos.lt\/wp-content\/uploads\/2026\/05\/katia-wow-zurnalas-11-12x12.jpg 12w, https:\/\/siulubangos.lt\/wp-content\/uploads\/2026\/05\/katia-wow-zurnalas-11-600x600.jpg 600w, https:\/\/siulubangos.lt\/wp-content\/uploads\/2026\/05\/katia-wow-zurnalas-11-1200x1200.jpg 1200w\" sizes=\"auto, (max-width: 560px) 100vw, 560px\" \/><\/a> <a href=\"https:\/\/siulubangos.lt\/wp-content\/uploads\/2026\/05\/katia-wow-zurnalas-7.jpg\"><img loading=\"lazy\" decoding=\"async\" class=\"alignnone wp-image-43112\" src=\"https:\/\/siulubangos.lt\/wp-content\/uploads\/2026\/05\/katia-wow-zurnalas-7.jpg\" alt=\"\" width=\"584\" height=\"584\" title=\"\" srcset=\"https:\/\/siulubangos.lt\/wp-content\/uploads\/2026\/05\/katia-wow-zurnalas-7.jpg 1000w, https:\/\/siulubangos.lt\/wp-content\/uploads\/2026\/05\/katia-wow-zurnalas-7-300x300.jpg 300w, https:\/\/siulubangos.lt\/wp-content\/uploads\/2026\/05\/katia-wow-zurnalas-7-800x800.jpg 800w, https:\/\/siulubangos.lt\/wp-content\/uploads\/2026\/05\/katia-wow-zurnalas-7-150x150.jpg 150w, https:\/\/siulubangos.lt\/wp-content\/uploads\/2026\/05\/katia-wow-zurnalas-7-768x768.jpg 768w, https:\/\/siulubangos.lt\/wp-content\/uploads\/2026\/05\/katia-wow-zurnalas-7-12x12.jpg 12w, https:\/\/siulubangos.lt\/wp-content\/uploads\/2026\/05\/katia-wow-zurnalas-7-600x600.jpg 600w\" sizes=\"auto, (max-width: 584px) 100vw, 584px\" \/><\/a> <a href=\"https:\/\/siulubangos.lt\/wp-content\/uploads\/2026\/05\/katia-wow-zurnalas-6.jpg\"><img loading=\"lazy\" decoding=\"async\" class=\"alignnone wp-image-43111\" src=\"https:\/\/siulubangos.lt\/wp-content\/uploads\/2026\/05\/katia-wow-zurnalas-6.jpg\" alt=\"\" width=\"560\" height=\"560\" title=\"\" srcset=\"https:\/\/siulubangos.lt\/wp-content\/uploads\/2026\/05\/katia-wow-zurnalas-6.jpg 1500w, https:\/\/siulubangos.lt\/wp-content\/uploads\/2026\/05\/katia-wow-zurnalas-6-300x300.jpg 300w, https:\/\/siulubangos.lt\/wp-content\/uploads\/2026\/05\/katia-wow-zurnalas-6-800x800.jpg 800w, https:\/\/siulubangos.lt\/wp-content\/uploads\/2026\/05\/katia-wow-zurnalas-6-150x150.jpg 150w, https:\/\/siulubangos.lt\/wp-content\/uploads\/2026\/05\/katia-wow-zurnalas-6-768x768.jpg 768w, https:\/\/siulubangos.lt\/wp-content\/uploads\/2026\/05\/katia-wow-zurnalas-6-12x12.jpg 12w, https:\/\/siulubangos.lt\/wp-content\/uploads\/2026\/05\/katia-wow-zurnalas-6-600x600.jpg 600w, https:\/\/siulubangos.lt\/wp-content\/uploads\/2026\/05\/katia-wow-zurnalas-6-1200x1200.jpg 1200w\" sizes=\"auto, (max-width: 560px) 100vw, 560px\" \/><\/a> <a href=\"https:\/\/siulubangos.lt\/wp-content\/uploads\/2026\/05\/katia-wow-zurnalas-5.jpg\"><img loading=\"lazy\" decoding=\"async\" class=\"alignnone wp-image-43110\" src=\"https:\/\/siulubangos.lt\/wp-content\/uploads\/2026\/05\/katia-wow-zurnalas-5.jpg\" alt=\"\" width=\"562\" height=\"562\" title=\"\" srcset=\"https:\/\/siulubangos.lt\/wp-content\/uploads\/2026\/05\/katia-wow-zurnalas-5.jpg 1500w, https:\/\/siulubangos.lt\/wp-content\/uploads\/2026\/05\/katia-wow-zurnalas-5-300x300.jpg 300w, https:\/\/siulubangos.lt\/wp-content\/uploads\/2026\/05\/katia-wow-zurnalas-5-800x800.jpg 800w, https:\/\/siulubangos.lt\/wp-content\/uploads\/2026\/05\/katia-wow-zurnalas-5-150x150.jpg 150w, https:\/\/siulubangos.lt\/wp-content\/uploads\/2026\/05\/katia-wow-zurnalas-5-768x768.jpg 768w, https:\/\/siulubangos.lt\/wp-content\/uploads\/2026\/05\/katia-wow-zurnalas-5-12x12.jpg 12w, https:\/\/siulubangos.lt\/wp-content\/uploads\/2026\/05\/katia-wow-zurnalas-5-600x600.jpg 600w, https:\/\/siulubangos.lt\/wp-content\/uploads\/2026\/05\/katia-wow-zurnalas-5-1200x1200.jpg 1200w\" sizes=\"auto, (max-width: 562px) 100vw, 562px\" \/><\/a> <a href=\"https:\/\/siulubangos.lt\/wp-content\/uploads\/2026\/05\/katia-wow-zurnalas-4.jpg\"><img loading=\"lazy\" decoding=\"async\" class=\"alignnone wp-image-43109\" src=\"https:\/\/siulubangos.lt\/wp-content\/uploads\/2026\/05\/katia-wow-zurnalas-4.jpg\" alt=\"\" width=\"560\" height=\"560\" title=\"\" srcset=\"https:\/\/siulubangos.lt\/wp-content\/uploads\/2026\/05\/katia-wow-zurnalas-4.jpg 1500w, https:\/\/siulubangos.lt\/wp-content\/uploads\/2026\/05\/katia-wow-zurnalas-4-300x300.jpg 300w, https:\/\/siulubangos.lt\/wp-content\/uploads\/2026\/05\/katia-wow-zurnalas-4-800x800.jpg 800w, https:\/\/siulubangos.lt\/wp-content\/uploads\/2026\/05\/katia-wow-zurnalas-4-150x150.jpg 150w, https:\/\/siulubangos.lt\/wp-content\/uploads\/2026\/05\/katia-wow-zurnalas-4-768x768.jpg 768w, https:\/\/siulubangos.lt\/wp-content\/uploads\/2026\/05\/katia-wow-zurnalas-4-12x12.jpg 12w, https:\/\/siulubangos.lt\/wp-content\/uploads\/2026\/05\/katia-wow-zurnalas-4-600x600.jpg 600w, https:\/\/siulubangos.lt\/wp-content\/uploads\/2026\/05\/katia-wow-zurnalas-4-1200x1200.jpg 1200w\" sizes=\"auto, (max-width: 560px) 100vw, 560px\" \/><\/a> <a href=\"https:\/\/siulubangos.lt\/wp-content\/uploads\/2026\/05\/katia-wow-zurnalas-2.jpg\"><img loading=\"lazy\" decoding=\"async\" class=\"alignnone wp-image-43107\" src=\"https:\/\/siulubangos.lt\/wp-content\/uploads\/2026\/05\/katia-wow-zurnalas-2.jpg\" alt=\"\" width=\"558\" height=\"558\" title=\"\" srcset=\"https:\/\/siulubangos.lt\/wp-content\/uploads\/2026\/05\/katia-wow-zurnalas-2.jpg 1400w, https:\/\/siulubangos.lt\/wp-content\/uploads\/2026\/05\/katia-wow-zurnalas-2-300x300.jpg 300w, https:\/\/siulubangos.lt\/wp-content\/uploads\/2026\/05\/katia-wow-zurnalas-2-800x800.jpg 800w, https:\/\/siulubangos.lt\/wp-content\/uploads\/2026\/05\/katia-wow-zurnalas-2-150x150.jpg 150w, https:\/\/siulubangos.lt\/wp-content\/uploads\/2026\/05\/katia-wow-zurnalas-2-768x768.jpg 768w, https:\/\/siulubangos.lt\/wp-content\/uploads\/2026\/05\/katia-wow-zurnalas-2-12x12.jpg 12w, https:\/\/siulubangos.lt\/wp-content\/uploads\/2026\/05\/katia-wow-zurnalas-2-600x600.jpg 600w, https:\/\/siulubangos.lt\/wp-content\/uploads\/2026\/05\/katia-wow-zurnalas-2-1200x1200.jpg 1200w\" sizes=\"auto, (max-width: 558px) 100vw, 558px\" \/><\/a><\/p>\n<p>Sukurkite savo svajoni\u0173 aksesuar\u0105 patys! \u017durnalas Katia BAG TO BASICS &#8211; tai i\u0161samus gidas, pristatantis 27 madingus, modernius ir prakti\u0161kus rank\u0173 darbo krep\u0161i\u0173 modelius. \u0160i kolekcija sukurta \u0161iuolaiki\u0161kai asmenybei, vertinan\u010diai unikal\u0173 stili\u0173 ir tekst\u016br\u0173 \u017eaism\u0105.<\/p>\n<h3>Kod\u0117l verta \u012fsigyti \u0161\u012f \u017eurnal\u0105?<\/h3>\n<ul>\n<li>Modeli\u0173 \u012fvairov\u0117: Kolekcijoje rasite visk\u0105 &#8211; kuprines, talpius krep\u0161ius per pet\u012f, med\u017eiagines rankines ir eleganti\u0161kas delnines.<\/li>\n<li>Madingiausios med\u017eiagos: Projektai pritaikyti populiariems Katia si\u016blams: vasari\u0161kai <a href=\"https:\/\/siulubangos.lt\/en\/shop\/rafijos-siulai-katia-wow-raffia-viskoze\/\">WOW RAFFIA<\/a>, <a href=\"https:\/\/siulubangos.lt\/en\/shop\/katia-raffia-x-treme-yarn\/\">RAFFIA X-TREME<\/a> ir kitiems.<\/li>\n<li>Visiems stiliams: Nuo laisvalaikio iki grie\u017etesnio miesto \u012fvaizd\u017eio.<\/li>\n<li>Atraskite n\u0117rimo d\u017eiaugsm\u0105: N\u0117rimas &#8211; tai ne tik k\u016bryba, bet ir puikus b\u016bdas sul\u0117tinti temp\u0105 bei atsipalaiduoti.<\/li>\n<\/ul>\n<p>\u012esigykite \u017eurnal\u0105, pasirinkite patinkan\u010dius si\u016blus ir sukurkite vienetin\u0119 rankin\u0119, kuri papildys bet kok\u012f j\u016bs\u0173 derin\u012f!<\/p>","protected":false},"excerpt":{"rendered":"<p>Naujajame \u017eurnale Katia BAG TO BASICS rasite net 27 i\u0161skirtini\u0173 nert\u0173 krep\u0161i\u0173 kolekcij\u0105, kurioje susijungia auk\u0161toji mada ir j\u016bs\u0173 savitumas. \u00a0Leidimas \u0161iomis kalbomis: ispan\u0173, angl\u0173, vokie\u010di\u0173.<\/p>","protected":false},"featured_media":43123,"template":"","meta":{"_acf_changed":false},"product_brand":[556],"product_cat":[484,454],"product_tag":[307],"class_list":{"0":"post-43140","1":"product","2":"type-product","3":"status-publish","4":"has-post-thumbnail","6":"product_brand-katia","7":"product_cat-spauda","8":"product_cat-naujienos-siulai","9":"product_tag-katia","11":"first","12":"instock","13":"taxable","14":"shipping-taxable","15":"purchasable","16":"product-type-simple"},"acf":[],"_links":{"self":[{"href":"https:\/\/siulubangos.lt\/en\/wp-json\/wp\/v2\/product\/43140","targetHints":{"allow":["GET"]}}],"collection":[{"href":"https:\/\/siulubangos.lt\/en\/wp-json\/wp\/v2\/product"}],"about":[{"href":"https:\/\/siulubangos.lt\/en\/wp-json\/wp\/v2\/types\/product"}],"version-history":[{"count":5,"href":"https:\/\/siulubangos.lt\/en\/wp-json\/wp\/v2\/product\/43140\/revisions"}],"predecessor-version":[{"id":43146,"href":"https:\/\/siulubangos.lt\/en\/wp-json\/wp\/v2\/product\/43140\/revisions\/43146"}],"wp:featuredmedia":[{"embeddable":true,"href":"https:\/\/siulubangos.lt\/en\/wp-json\/wp\/v2\/media\/43123"}],"wp:attachment":[{"href":"https:\/\/siulubangos.lt\/en\/wp-json\/wp\/v2\/media?parent=43140"}],"wp:term":[{"taxonomy":"product_brand","embeddable":true,"href":"https:\/\/siulubangos.lt\/en\/wp-json\/wp\/v2\/product_brand?post=43140"},{"taxonomy":"product_cat","embeddable":true,"href":"https:\/\/siulubangos.lt\/en\/wp-json\/wp\/v2\/product_cat?post=43140"},{"taxonomy":"product_tag","embeddable":true,"href":"https:\/\/siulubangos.lt\/en\/wp-json\/wp\/v2\/product_tag?post=43140"}],"curies":[{"name":"wp","href":"https:\/\/api.w.org\/{rel}","templated":true}]}}