{"id":43175,"date":"2026-05-15T15:32:04","date_gmt":"2026-05-15T12:32:04","guid":{"rendered":"https:\/\/siulubangos.lt\/?post_type=product&#038;p=43175"},"modified":"2026-05-15T16:24:21","modified_gmt":"2026-05-15T13:24:21","slug":"phildar-splendor-mezgimo-siulai-blizgus","status":"publish","type":"product","link":"https:\/\/siulubangos.lt\/en\/parduotuve\/phildar-splendor-mezgimo-siulai-blizgus\/","title":{"rendered":"Phildar PHIL SPLENDOR (medviln\u0117)"},"content":{"rendered":"<h1>Phildar PHIL SPLENDOR (86% medviln\u0117, 14% metalizuotas pluo\u0161tas) &#8211; \u012ene\u0161kite spindesio \u012f savo spint\u0105!<\/h1>\n<p><a href=\"https:\/\/siulubangos.lt\/wp-content\/uploads\/2026\/05\/phildar-splendor-1.webp\"><img loading=\"lazy\" decoding=\"async\" class=\"alignnone wp-image-43177\" src=\"https:\/\/siulubangos.lt\/wp-content\/uploads\/2026\/05\/phildar-splendor-1.webp\" alt=\"\" width=\"560\" height=\"802\" title=\"\" srcset=\"https:\/\/siulubangos.lt\/wp-content\/uploads\/2026\/05\/phildar-splendor-1.webp 818w, https:\/\/siulubangos.lt\/wp-content\/uploads\/2026\/05\/phildar-splendor-1-210x300.webp 210w, https:\/\/siulubangos.lt\/wp-content\/uploads\/2026\/05\/phildar-splendor-1-559x800.webp 559w, https:\/\/siulubangos.lt\/wp-content\/uploads\/2026\/05\/phildar-splendor-1-768x1099.webp 768w, https:\/\/siulubangos.lt\/wp-content\/uploads\/2026\/05\/phildar-splendor-1-8x12.webp 8w, https:\/\/siulubangos.lt\/wp-content\/uploads\/2026\/05\/phildar-splendor-1-600x859.webp 600w, https:\/\/siulubangos.lt\/wp-content\/uploads\/2026\/05\/phildar-splendor-1-150x215.webp 150w\" sizes=\"auto, (max-width: 560px) 100vw, 560px\" \/><\/a> <a href=\"https:\/\/siulubangos.lt\/wp-content\/uploads\/2026\/05\/phildar-splendor-2.jpg\"><img loading=\"lazy\" decoding=\"async\" class=\"alignnone wp-image-43178\" src=\"https:\/\/siulubangos.lt\/wp-content\/uploads\/2026\/05\/phildar-splendor-2.jpg\" alt=\"\" width=\"639\" height=\"801\" title=\"\" srcset=\"https:\/\/siulubangos.lt\/wp-content\/uploads\/2026\/05\/phildar-splendor-2.jpg 1216w, https:\/\/siulubangos.lt\/wp-content\/uploads\/2026\/05\/phildar-splendor-2-239x300.jpg 239w, https:\/\/siulubangos.lt\/wp-content\/uploads\/2026\/05\/phildar-splendor-2-638x800.jpg 638w, https:\/\/siulubangos.lt\/wp-content\/uploads\/2026\/05\/phildar-splendor-2-768x963.jpg 768w, https:\/\/siulubangos.lt\/wp-content\/uploads\/2026\/05\/phildar-splendor-2-10x12.jpg 10w, https:\/\/siulubangos.lt\/wp-content\/uploads\/2026\/05\/phildar-splendor-2-600x752.jpg 600w, https:\/\/siulubangos.lt\/wp-content\/uploads\/2026\/05\/phildar-splendor-2-1200x1504.jpg 1200w, https:\/\/siulubangos.lt\/wp-content\/uploads\/2026\/05\/phildar-splendor-2-150x188.jpg 150w\" sizes=\"auto, (max-width: 639px) 100vw, 639px\" \/><\/a> <a href=\"https:\/\/siulubangos.lt\/wp-content\/uploads\/2026\/05\/phildar-splendor-3.jpg\"><img loading=\"lazy\" decoding=\"async\" class=\"alignnone wp-image-43179\" src=\"https:\/\/siulubangos.lt\/wp-content\/uploads\/2026\/05\/phildar-splendor-3.jpg\" alt=\"\" width=\"636\" height=\"800\" title=\"\" srcset=\"https:\/\/siulubangos.lt\/wp-content\/uploads\/2026\/05\/phildar-splendor-3.jpg 991w, https:\/\/siulubangos.lt\/wp-content\/uploads\/2026\/05\/phildar-splendor-3-239x300.jpg 239w, https:\/\/siulubangos.lt\/wp-content\/uploads\/2026\/05\/phildar-splendor-3-636x800.jpg 636w, https:\/\/siulubangos.lt\/wp-content\/uploads\/2026\/05\/phildar-splendor-3-768x966.jpg 768w, https:\/\/siulubangos.lt\/wp-content\/uploads\/2026\/05\/phildar-splendor-3-10x12.jpg 10w, https:\/\/siulubangos.lt\/wp-content\/uploads\/2026\/05\/phildar-splendor-3-600x754.jpg 600w, https:\/\/siulubangos.lt\/wp-content\/uploads\/2026\/05\/phildar-splendor-3-150x189.jpg 150w\" sizes=\"auto, (max-width: 636px) 100vw, 636px\" \/><\/a><\/p>\n<p>Ie\u0161kote ka\u017eko i\u0161skirtinio savo kitam mezgimo ar n\u0117rimo projektui? Phildar PHIL SPLENDOR &#8211; tai naujovi\u0161ki, stulbinan\u010dio gro\u017eio verpalai, sukurti tam, kad k\u016brybos procesas b\u016bt\u0173 lengvas, o rezultatas &#8211; atimantis \u017ead\u0105.<\/p>\n<h3>Why will you love this yarn?<\/h3>\n<ul>\n<li>Subtilus magijos prisilietimas: Si\u016blai pasi\u017eymi turtinga, \u017eaisminga spalv\u0173 gama, kuri yra subtiliai \u201epabarstyta\u201c eleganti\u0161ku blizgesiu. J\u016bs\u0173 rankdarbiai atrodys gyvybingi, original\u016bs ir prabang\u016bs.<\/li>\n<li>\u00a0Nat\u016bralus komfortas \u0161iltajam sezonui: Kadangi si\u016bl\u0173 pagrind\u0105 sudaro auk\u0161\u010diausios kokyb\u0117s nat\u016brali medviln\u0117, jie leid\u017eia odai kv\u0117puoti. Tai idealus pasirinkimas pavasario ir vasaros drabu\u017eiams &#8211; megztukams, palaidin\u0117ms, skaroms ar suknel\u0117ms.<\/li>\n<li>Itali\u0161ka kokyb\u0117 be kompromis\u0173: \u0160ie si\u016blai pagaminti Italijoje, o tai tekstil\u0117s pasaulyje yra auk\u0161\u010diausio meistri\u0161kumo ir ilgaam\u017ei\u0161kumo garantas. Si\u016blas paklusniai guli mezginyje, nesisluoksniuoja ir suteikia mezgimo malonum\u0105 tiek pradedantiesiems, tiek profesionalams.<\/li>\n<\/ul>","protected":false},"excerpt":{"rendered":"<p>Phildar PHIL SPLENDOR &#8211; pavasario \u0161viesa ir itali\u0161ka elegancija j\u016bs\u0173 virbaluose! Mezgimo d\u017eiaugsmas su naujovi\u0161kais, lengvai naudojamais Phildar PHIL SPLENDOR si\u016blais. \u0160ie Italijoje sukurti verpalai pavergs jus savo \u017eaismingu spalvingumu ir subtiliu, saul\u0117je mirgan\u010diu blizgesiu. D\u0117l didel\u0117s nat\u016bralios medviln\u0117s sud\u0117ties si\u016blai idealiai tinka lengviems pavasario bei vasaros drabu\u017eiams. Kurti originalius, ak\u012f traukian\u010dius projektus dar niekada nebuvo taip paprasta!<\/p>","protected":false},"featured_media":43218,"template":"","meta":{"_acf_changed":false},"product_brand":[1887],"product_cat":[58,487,428,496,491,420,454,1893,1110,429],"product_tag":[1859],"class_list":{"0":"post-43175","1":"product","2":"type-product","3":"status-publish","4":"has-post-thumbnail","6":"product_brand-phildar","7":"product_cat-siulai-mezgimui","8":"product_cat-blizgus-siulai","9":"product_cat-gamintojas","10":"product_cat-isskirtiniai-teksturiniai-siulai","11":"product_cat-margi-spalvoti-siulai","12":"product_cat-medvilnes-siulai","13":"product_cat-naujienos-siulai","14":"product_cat-phildar-siulai","15":"product_cat-poliamidas","16":"product_cat-sudetis","17":"product_tag-phildar","18":"pa_spalva-phildar-splendor-beige","19":"pa_spalva-phildar-splendor-bleu","20":"pa_spalva-phildar-splendor-chaki","21":"pa_spalva-phildar-splendor-sirene","22":"pa_svoris-ilgis-50g-155m","24":"first","25":"instock","26":"taxable","27":"shipping-taxable","28":"purchasable","29":"product-type-variable"},"acf":[],"_links":{"self":[{"href":"https:\/\/siulubangos.lt\/en\/wp-json\/wp\/v2\/product\/43175","targetHints":{"allow":["GET"]}}],"collection":[{"href":"https:\/\/siulubangos.lt\/en\/wp-json\/wp\/v2\/product"}],"about":[{"href":"https:\/\/siulubangos.lt\/en\/wp-json\/wp\/v2\/types\/product"}],"version-history":[{"count":5,"href":"https:\/\/siulubangos.lt\/en\/wp-json\/wp\/v2\/product\/43175\/revisions"}],"predecessor-version":[{"id":43196,"href":"https:\/\/siulubangos.lt\/en\/wp-json\/wp\/v2\/product\/43175\/revisions\/43196"}],"wp:featuredmedia":[{"embeddable":true,"href":"https:\/\/siulubangos.lt\/en\/wp-json\/wp\/v2\/media\/43218"}],"wp:attachment":[{"href":"https:\/\/siulubangos.lt\/en\/wp-json\/wp\/v2\/media?parent=43175"}],"wp:term":[{"taxonomy":"product_brand","embeddable":true,"href":"https:\/\/siulubangos.lt\/en\/wp-json\/wp\/v2\/product_brand?post=43175"},{"taxonomy":"product_cat","embeddable":true,"href":"https:\/\/siulubangos.lt\/en\/wp-json\/wp\/v2\/product_cat?post=43175"},{"taxonomy":"product_tag","embeddable":true,"href":"https:\/\/siulubangos.lt\/en\/wp-json\/wp\/v2\/product_tag?post=43175"}],"curies":[{"name":"wp","href":"https:\/\/api.w.org\/{rel}","templated":true}]}}