{"id":43197,"date":"2026-05-15T16:09:00","date_gmt":"2026-05-15T13:09:00","guid":{"rendered":"https:\/\/siulubangos.lt\/?post_type=product&#038;p=43197"},"modified":"2026-05-15T16:12:28","modified_gmt":"2026-05-15T13:12:28","slug":"phildar-vasaros-mezgimo-katalogas","status":"publish","type":"product","link":"https:\/\/siulubangos.lt\/en\/parduotuve\/phildar-vasaros-mezgimo-katalogas\/","title":{"rendered":"NR. 273 Phildar Moteri\u0161k\u0173 mezgini\u0173 katalogas"},"content":{"rendered":"<h1>NR. 273 <b data-path-to-node=\"8\" data-index-in-node=\"0\">Naujasis Phildar pavasario\/vasaros katalogas: megztas vasaros pab\u0117gimas<\/b><\/h1>\n<p><a href=\"https:\/\/siulubangos.lt\/wp-content\/uploads\/2026\/05\/nr-273-katalogas-8.jpg\"><img loading=\"lazy\" decoding=\"async\" class=\"alignnone wp-image-43205\" src=\"https:\/\/siulubangos.lt\/wp-content\/uploads\/2026\/05\/nr-273-katalogas-8.jpg\" alt=\"\" width=\"560\" height=\"693\" title=\"\" srcset=\"https:\/\/siulubangos.lt\/wp-content\/uploads\/2026\/05\/nr-273-katalogas-8.jpg 600w, https:\/\/siulubangos.lt\/wp-content\/uploads\/2026\/05\/nr-273-katalogas-8-242x300.jpg 242w, https:\/\/siulubangos.lt\/wp-content\/uploads\/2026\/05\/nr-273-katalogas-8-10x12.jpg 10w, https:\/\/siulubangos.lt\/wp-content\/uploads\/2026\/05\/nr-273-katalogas-8-150x186.jpg 150w\" sizes=\"auto, (max-width: 560px) 100vw, 560px\" \/><\/a> <a href=\"https:\/\/siulubangos.lt\/wp-content\/uploads\/2026\/05\/nr-273-katalogas-7.jpg\"><img loading=\"lazy\" decoding=\"async\" class=\"alignnone wp-image-43204\" src=\"https:\/\/siulubangos.lt\/wp-content\/uploads\/2026\/05\/nr-273-katalogas-7.jpg\" alt=\"\" width=\"558\" height=\"692\" title=\"\" srcset=\"https:\/\/siulubangos.lt\/wp-content\/uploads\/2026\/05\/nr-273-katalogas-7.jpg 600w, https:\/\/siulubangos.lt\/wp-content\/uploads\/2026\/05\/nr-273-katalogas-7-242x300.jpg 242w, https:\/\/siulubangos.lt\/wp-content\/uploads\/2026\/05\/nr-273-katalogas-7-10x12.jpg 10w, https:\/\/siulubangos.lt\/wp-content\/uploads\/2026\/05\/nr-273-katalogas-7-150x186.jpg 150w\" sizes=\"auto, (max-width: 558px) 100vw, 558px\" \/><\/a> <a href=\"https:\/\/siulubangos.lt\/wp-content\/uploads\/2026\/05\/nr-273-katalogas-15.jpg\"><img loading=\"lazy\" decoding=\"async\" class=\"alignnone wp-image-43212\" src=\"https:\/\/siulubangos.lt\/wp-content\/uploads\/2026\/05\/nr-273-katalogas-15.jpg\" alt=\"\" width=\"560\" height=\"693\" title=\"\" srcset=\"https:\/\/siulubangos.lt\/wp-content\/uploads\/2026\/05\/nr-273-katalogas-15.jpg 600w, https:\/\/siulubangos.lt\/wp-content\/uploads\/2026\/05\/nr-273-katalogas-15-242x300.jpg 242w, https:\/\/siulubangos.lt\/wp-content\/uploads\/2026\/05\/nr-273-katalogas-15-10x12.jpg 10w, https:\/\/siulubangos.lt\/wp-content\/uploads\/2026\/05\/nr-273-katalogas-15-150x186.jpg 150w\" sizes=\"auto, (max-width: 560px) 100vw, 560px\" \/><\/a> <a href=\"https:\/\/siulubangos.lt\/wp-content\/uploads\/2026\/05\/nr-273-katalogas-14.jpg\"><img loading=\"lazy\" decoding=\"async\" class=\"alignnone wp-image-43211\" src=\"https:\/\/siulubangos.lt\/wp-content\/uploads\/2026\/05\/nr-273-katalogas-14.jpg\" alt=\"\" width=\"557\" height=\"690\" title=\"\" srcset=\"https:\/\/siulubangos.lt\/wp-content\/uploads\/2026\/05\/nr-273-katalogas-14.jpg 600w, https:\/\/siulubangos.lt\/wp-content\/uploads\/2026\/05\/nr-273-katalogas-14-242x300.jpg 242w, https:\/\/siulubangos.lt\/wp-content\/uploads\/2026\/05\/nr-273-katalogas-14-10x12.jpg 10w, https:\/\/siulubangos.lt\/wp-content\/uploads\/2026\/05\/nr-273-katalogas-14-150x186.jpg 150w\" sizes=\"auto, (max-width: 557px) 100vw, 557px\" \/><\/a> <a href=\"https:\/\/siulubangos.lt\/wp-content\/uploads\/2026\/05\/nr-273-katalogas-13.jpg\"><img loading=\"lazy\" decoding=\"async\" class=\"alignnone wp-image-43210\" src=\"https:\/\/siulubangos.lt\/wp-content\/uploads\/2026\/05\/nr-273-katalogas-13.jpg\" alt=\"\" width=\"557\" height=\"690\" title=\"\" srcset=\"https:\/\/siulubangos.lt\/wp-content\/uploads\/2026\/05\/nr-273-katalogas-13.jpg 600w, https:\/\/siulubangos.lt\/wp-content\/uploads\/2026\/05\/nr-273-katalogas-13-242x300.jpg 242w, https:\/\/siulubangos.lt\/wp-content\/uploads\/2026\/05\/nr-273-katalogas-13-10x12.jpg 10w, https:\/\/siulubangos.lt\/wp-content\/uploads\/2026\/05\/nr-273-katalogas-13-150x186.jpg 150w\" sizes=\"auto, (max-width: 557px) 100vw, 557px\" \/><\/a> \u00a0\u00a0<a href=\"https:\/\/siulubangos.lt\/wp-content\/uploads\/2026\/05\/nr-273-katalogas-10.jpg\"><img loading=\"lazy\" decoding=\"async\" class=\"alignnone wp-image-43207\" src=\"https:\/\/siulubangos.lt\/wp-content\/uploads\/2026\/05\/nr-273-katalogas-10.jpg\" alt=\"\" width=\"560\" height=\"693\" title=\"\" srcset=\"https:\/\/siulubangos.lt\/wp-content\/uploads\/2026\/05\/nr-273-katalogas-10.jpg 600w, https:\/\/siulubangos.lt\/wp-content\/uploads\/2026\/05\/nr-273-katalogas-10-242x300.jpg 242w, https:\/\/siulubangos.lt\/wp-content\/uploads\/2026\/05\/nr-273-katalogas-10-10x12.jpg 10w, https:\/\/siulubangos.lt\/wp-content\/uploads\/2026\/05\/nr-273-katalogas-10-150x186.jpg 150w\" sizes=\"auto, (max-width: 560px) 100vw, 560px\" \/><\/a> <a href=\"https:\/\/siulubangos.lt\/wp-content\/uploads\/2026\/05\/nr-273-katalogas-6.jpg\"><img loading=\"lazy\" decoding=\"async\" class=\"alignnone wp-image-43203\" src=\"https:\/\/siulubangos.lt\/wp-content\/uploads\/2026\/05\/nr-273-katalogas-6.jpg\" alt=\"\" width=\"561\" height=\"695\" title=\"\" srcset=\"https:\/\/siulubangos.lt\/wp-content\/uploads\/2026\/05\/nr-273-katalogas-6.jpg 600w, https:\/\/siulubangos.lt\/wp-content\/uploads\/2026\/05\/nr-273-katalogas-6-242x300.jpg 242w, https:\/\/siulubangos.lt\/wp-content\/uploads\/2026\/05\/nr-273-katalogas-6-10x12.jpg 10w, https:\/\/siulubangos.lt\/wp-content\/uploads\/2026\/05\/nr-273-katalogas-6-150x186.jpg 150w\" sizes=\"auto, (max-width: 561px) 100vw, 561px\" \/><\/a> <a href=\"https:\/\/siulubangos.lt\/wp-content\/uploads\/2026\/05\/nr-273-katalogas-5.jpg\"><img loading=\"lazy\" decoding=\"async\" class=\"alignnone wp-image-43202\" src=\"https:\/\/siulubangos.lt\/wp-content\/uploads\/2026\/05\/nr-273-katalogas-5.jpg\" alt=\"\" width=\"567\" height=\"696\" title=\"\" srcset=\"https:\/\/siulubangos.lt\/wp-content\/uploads\/2026\/05\/nr-273-katalogas-5.jpg 600w, https:\/\/siulubangos.lt\/wp-content\/uploads\/2026\/05\/nr-273-katalogas-5-245x300.jpg 245w, https:\/\/siulubangos.lt\/wp-content\/uploads\/2026\/05\/nr-273-katalogas-5-10x12.jpg 10w, https:\/\/siulubangos.lt\/wp-content\/uploads\/2026\/05\/nr-273-katalogas-5-150x184.jpg 150w\" sizes=\"auto, (max-width: 567px) 100vw, 567px\" \/><\/a> <a href=\"https:\/\/siulubangos.lt\/wp-content\/uploads\/2026\/05\/nr-273-katalogas-4.jpg\"><img loading=\"lazy\" decoding=\"async\" class=\"alignnone wp-image-43201\" src=\"https:\/\/siulubangos.lt\/wp-content\/uploads\/2026\/05\/nr-273-katalogas-4.jpg\" alt=\"\" width=\"560\" height=\"694\" title=\"\" srcset=\"https:\/\/siulubangos.lt\/wp-content\/uploads\/2026\/05\/nr-273-katalogas-4.jpg 600w, https:\/\/siulubangos.lt\/wp-content\/uploads\/2026\/05\/nr-273-katalogas-4-242x300.jpg 242w, https:\/\/siulubangos.lt\/wp-content\/uploads\/2026\/05\/nr-273-katalogas-4-10x12.jpg 10w, https:\/\/siulubangos.lt\/wp-content\/uploads\/2026\/05\/nr-273-katalogas-4-150x186.jpg 150w\" sizes=\"auto, (max-width: 560px) 100vw, 560px\" \/><\/a><\/p>\n<p data-path-to-node=\"9\">\u0160i\u0105 vasar\u0105 garsusis pranc\u016bz\u0173 gamintojas Phildar kvie\u010dia j\u016bs\u0173 virbalus ir v\u0105\u0161elius nukeliauti \u012f pat\u012f \u0161vie\u010dian\u010dio salyno vidur\u012f. Naujoji moteri\u0161k\u0173 megzt\u0173 drabu\u017ei\u0173 kolekcija &#8211; tai poeti\u0161kas vasaros pasakojimas, supintas i\u0161 lengv\u0173 vasari\u0161k\u0173 si\u016bl\u0173, erdvi\u0173 siluet\u0173 ir ra\u0161t\u0173, l\u0117tai lymin\u010di\u0173 kiekvien\u0105 \u0161iltojo sezono akimirk\u0105.<\/p>\n<p data-path-to-node=\"10\">Kataloge pristatomi du kontrastingi, ta\u010diau vienas kit\u0105 papildantys mados pasauliai, si\u016blantys modernius ir \u012fkvepian\u010dius projektus:<\/p>\n<h3 data-path-to-node=\"12\"><b data-path-to-node=\"12\" data-index-in-node=\"3\">1. Boh\u00e8me Sunset &#8211; bohemi\u0161ka saul\u0117lyd\u017eio magija<\/b><\/h3>\n<p data-path-to-node=\"13\">\u0160i kolekcijos dalis \u0161ven\u010dia auksines valandas prie j\u016bros. \u0160ilti ir \u017eemi\u0161ki atspalviai &#8211; saul\u0117lyd\u017eio oran\u017ein\u0117, paslaptinga violetin\u0117, gyvybinga \u017ealia ir gili ruda &#8211; mezginiuose susilieja \u012f banguojan\u010dias juostas bei gyvus motyvus.<\/p>\n<ul data-path-to-node=\"14\">\n<li>\n<p data-path-to-node=\"14,0,0\"><b data-path-to-node=\"14,0,0\" data-index-in-node=\"0\">\u012evaizdis:<\/b> Kasdieniai, laisvai krentantys vir\u0161utiniai drabu\u017eiai ir v\u0117javaiki\u0161kos palaidin\u0117s be rankovi\u0173.<\/p>\n<\/li>\n<li>\n<p data-path-to-node=\"14,1,0\"><b data-path-to-node=\"14,1,0\" data-index-in-node=\"0\">Dvasia:<\/b> Laisva, nat\u016brali, spinduliuojanti saul\u0117s \u0161ilum\u0105 ir ner\u016bpestingas atostogas.<\/p>\n<\/li>\n<\/ul>\n<h3 data-path-to-node=\"15\"><b data-path-to-node=\"15\" data-index-in-node=\"2\">2. Escale Marina &#8211; \u0161iuolaiki\u0161ka j\u016brin\u0117 elegancija<\/b><\/h3>\n<p data-path-to-node=\"16\">M\u0117gstan\u010dioms strukt\u016br\u0105 ir grafik\u0105, Escale Marina si\u016blo rafinuot\u0105 bei modern\u0173 po\u017ei\u016br\u012f \u012f vasaros mad\u0105. \u010cia karaliauja kontrastai: gryna balta, gili <i data-path-to-node=\"16\" data-index-in-node=\"148\">Klein<\/i> m\u0117lyna ir eleganti\u0161ka juoda.<\/p>\n<ul data-path-to-node=\"17\">\n<li>\n<p data-path-to-node=\"17,0,0\"><b data-path-to-node=\"17,0,0\" data-index-in-node=\"0\">\u012evaizdis:<\/b> Grie\u017etesni, modern\u016bs siluetai, papuo\u0161ti precizi\u0161kais dygsniais.<\/p>\n<\/li>\n<li>\n<p data-path-to-node=\"17,1,0\"><b data-path-to-node=\"17,1,0\" data-index-in-node=\"0\">Dvasia:<\/b> U\u017etikrintas moteri\u0161kumas su subtiliomis u\u017euominomis \u012f paj\u016brio tekst\u016bras &#8211; kriaukli\u0173 formas ir stilizuotas bangas.<\/p>\n<\/li>\n<\/ul>\n<h3 data-path-to-node=\"19\"><b data-path-to-node=\"19\" data-index-in-node=\"0\">Du pasauliai, vienas pa\u017eadas<\/b><\/h3>\n<p data-path-to-node=\"20\">Nesvarbu, ar pasirinksite ner\u016bpesting\u0105 bohemi\u0161k\u0105 stili\u0173, ar grie\u017et\u0105 pranc\u016bzi\u0161k\u0105 elegancij\u0105, Phildar garantuoja did\u017eiausi\u0105 malonum\u0105 megzti. \u0160ie modern\u016bs drabu\u017eiai taps j\u016bs\u0173 mylimiausiais vasaros palydovais tiek leid\u017eiant laik\u0105 papl\u016bdimyje, tiek mieste.<\/p>\n<p data-path-to-node=\"21\"><b data-path-to-node=\"21\" data-index-in-node=\"0\">Pasinerkite \u012f k\u016bryb\u0105 ir susikurkite savo svajoni\u0173 vasaros garderob\u0105 jau dabar!<\/b><\/p>","protected":false},"excerpt":{"rendered":"<p>Leiskit\u0117s \u012f mading\u0105 vasaros pab\u0117gim\u0105 su naujausia Phildar kolekcija. \u0160iame \u017eurnale atrasite de\u0161imtis \u012fkvepian\u010di\u0173 modeli\u0173, sugrupuot\u0173 \u012f dvi stilingas temas: saul\u0117lyd\u017eio \u0161iluma alsuojan\u010di\u0105 \u201eBoh\u00e8me Sunset\u201c ir moderni\u0105 paj\u016brio klasika dvelkian\u010di\u0105 \u201eEscale Marina\u201c. Lengvi vasari\u0161ki si\u016blai, bang\u0173 bei kriaukli\u0173 \u012fkv\u0117pti ra\u0161tai ir erdv\u016bs, lengvai krintantys siluetai leis sukurti drabu\u017eius, kuriais m\u0117gausit\u0117s vis\u0105 \u0161ilt\u0105j\u012f sezon\u0105.<\/p>\n<ul>\n<li>Projektai: palaidin\u0117s, lengvi megztukai, skaros ir kasdieniai vir\u0161utiniai drabu\u017eiai.<\/li>\n<li>Sezonas: Pavasaris \/ Vasara.<\/li>\n<li>Kalba: Pranc\u016bz\u0173 (su ai\u0161kiomis schemomis ir instrukcijomis).<\/li>\n<\/ul>\n<p>Susikurkite savo svajoni\u0173 vasaros garderob\u0105 jau dabar!<\/p>\n<div id=\"gtx-trans\" style=\"position: absolute; left: -8px; top: -3.33333px;\">\n<div class=\"gtx-trans-icon\"><\/div>\n<\/div>","protected":false},"featured_media":43215,"template":"","meta":{"_acf_changed":false},"product_brand":[1887],"product_cat":[484,454],"product_tag":[1859],"class_list":{"0":"post-43197","1":"product","2":"type-product","3":"status-publish","4":"has-post-thumbnail","6":"product_brand-phildar","7":"product_cat-spauda","8":"product_cat-naujienos-siulai","9":"product_tag-phildar","11":"first","12":"instock","13":"taxable","14":"shipping-taxable","15":"purchasable","16":"product-type-simple"},"acf":[],"_links":{"self":[{"href":"https:\/\/siulubangos.lt\/en\/wp-json\/wp\/v2\/product\/43197","targetHints":{"allow":["GET"]}}],"collection":[{"href":"https:\/\/siulubangos.lt\/en\/wp-json\/wp\/v2\/product"}],"about":[{"href":"https:\/\/siulubangos.lt\/en\/wp-json\/wp\/v2\/types\/product"}],"version-history":[{"count":1,"href":"https:\/\/siulubangos.lt\/en\/wp-json\/wp\/v2\/product\/43197\/revisions"}],"predecessor-version":[{"id":43216,"href":"https:\/\/siulubangos.lt\/en\/wp-json\/wp\/v2\/product\/43197\/revisions\/43216"}],"wp:featuredmedia":[{"embeddable":true,"href":"https:\/\/siulubangos.lt\/en\/wp-json\/wp\/v2\/media\/43215"}],"wp:attachment":[{"href":"https:\/\/siulubangos.lt\/en\/wp-json\/wp\/v2\/media?parent=43197"}],"wp:term":[{"taxonomy":"product_brand","embeddable":true,"href":"https:\/\/siulubangos.lt\/en\/wp-json\/wp\/v2\/product_brand?post=43197"},{"taxonomy":"product_cat","embeddable":true,"href":"https:\/\/siulubangos.lt\/en\/wp-json\/wp\/v2\/product_cat?post=43197"},{"taxonomy":"product_tag","embeddable":true,"href":"https:\/\/siulubangos.lt\/en\/wp-json\/wp\/v2\/product_tag?post=43197"}],"curies":[{"name":"wp","href":"https:\/\/api.w.org\/{rel}","templated":true}]}}