{"id":39312,"date":"2026-04-12T19:08:51","date_gmt":"2026-04-12T16:08:51","guid":{"rendered":"https:\/\/siulubangos.lt\/?page_id=39312"},"modified":"2026-04-14T13:17:37","modified_gmt":"2026-04-14T10:17:37","slug":"piegades-noteikumi","status":"publish","type":"page","link":"https:\/\/siulubangos.lt\/lv\/pristatymo-salygos\/","title":{"rendered":"Pieg\u0101de"},"content":{"rendered":"<div data-elementor-type=\"wp-page\" data-elementor-id=\"39312\" class=\"elementor elementor-39312\">\n\t\t\t\t<div class=\"elementor-element elementor-element-fc19a3e e-con-full e-flex e-con e-parent\" data-id=\"fc19a3e\" data-element_type=\"container\" data-e-type=\"container\">\n\t\t\t\t<div class=\"elementor-element elementor-element-1256354 elementor-widget__width-initial elementor-widget elementor-widget-wd_text_block\" data-id=\"1256354\" data-element_type=\"widget\" data-e-type=\"widget\" data-widget_type=\"wd_text_block.default\">\n\t\t\t\t<div class=\"elementor-widget-container\">\n\t\t\t\t\t\t\t<div class=\"wd-text-block reset-last-child text-left\">\n\t\t\t\n\t\t\t<p>Si\u016bl\u0173 Bangos s\u016bta preces uz visu Lietuvu, Latviju, Igauniju un cit\u0101m valst\u012bm. <span style=\"font-size: 15px;\">Pas\u016bt\u012bjumi tiek nos\u016bt\u012bti 1 darba dienas laik\u0101 p\u0113c maks\u0101juma sa\u0146em\u0161anas, iz\u0146emot br\u012bvdienas un sv\u0113tku dienas.<\/span><\/p><p>Pieg\u0101des laiks ir atkar\u012bgs no izv\u0113l\u0113t\u0101 pieg\u0101des veida un galam\u0113r\u0137a valsts.<\/p>\n\t\t\t\t\t<\/div>\n\t\t\t\t\t\t<\/div>\n\t\t\t\t<\/div>\n\t\t\t\t<\/div>\n\t\t<div class=\"elementor-element elementor-element-694f27c e-con-full e-flex e-con e-parent\" data-id=\"694f27c\" data-element_type=\"container\" data-e-type=\"container\">\n\t\t<div class=\"elementor-element elementor-element-d5b259d e-con-full e-flex e-con e-child\" data-id=\"d5b259d\" data-element_type=\"container\" data-e-type=\"container\">\n\t\t\t\t<div class=\"elementor-element elementor-element-e922a40 elementor-widget elementor-widget-heading\" data-id=\"e922a40\" data-element_type=\"widget\" data-e-type=\"widget\" data-widget_type=\"heading.default\">\n\t\t\t\t<div class=\"elementor-widget-container\">\n\t\t\t\t\t<h3 class=\"elementor-heading-title elementor-size-default\">Pieg\u0101de Lietuv\u0101<\/h3>\t\t\t\t<\/div>\n\t\t\t\t<\/div>\n\t\t\t\t<div class=\"elementor-element elementor-element-f691c6d color-scheme-inherit text-left elementor-widget elementor-widget-text-editor\" data-id=\"f691c6d\" data-element_type=\"widget\" data-e-type=\"widget\" data-widget_type=\"text-editor.default\">\n\t\t\t\t<div class=\"elementor-widget-container\">\n\t\t\t\t\t\t\t\t\t<p>Iesp\u0113jam\u0101s pieg\u0101des metodes:<\/p><ul><li>Omniva pakom\u0101ti - 3,19 \u20ac<\/li><li>LP Express pakom\u0101ti - 3,19 \u20ac<\/li><li>Omniva kurjers - 6,99 \u20ac<\/li><\/ul><p>P\u0113rkot par 58 \u20ac vai vair\u0101k, pieg\u0101de uz izv\u0113l\u0113to pakom\u0101tu Lietuv\u0101 ir bez maksas. S\u016bt\u012bjumi parasti tiek pieg\u0101d\u0101ti 1\u20133 darbdienu laik\u0101 p\u0113c izs\u016bt\u012b\u0161anas atkar\u012bb\u0101 no izv\u0113l\u0113t\u0101 pieg\u0101des veida un kurjeru noslodzes.<\/p>\t\t\t\t\t\t\t\t<\/div>\n\t\t\t\t<\/div>\n\t\t\t\t<\/div>\n\t\t\t\t<\/div>\n\t\t<div class=\"elementor-element elementor-element-2557540 e-con-full e-flex e-con e-parent\" data-id=\"2557540\" data-element_type=\"container\" data-e-type=\"container\">\n\t\t<div class=\"elementor-element elementor-element-86b85c8 e-con-full e-flex e-con e-child\" data-id=\"86b85c8\" data-element_type=\"container\" data-e-type=\"container\">\n\t\t\t\t<div class=\"elementor-element elementor-element-d380272 elementor-widget elementor-widget-heading\" data-id=\"d380272\" data-element_type=\"widget\" data-e-type=\"widget\" data-widget_type=\"heading.default\">\n\t\t\t\t<div class=\"elementor-widget-container\">\n\t\t\t\t\t<h3 class=\"elementor-heading-title elementor-size-default\">Pieg\u0101de uz Latviju un Igauniju<\/h3>\t\t\t\t<\/div>\n\t\t\t\t<\/div>\n\t\t\t\t<div class=\"elementor-element elementor-element-6c9b83c color-scheme-inherit text-left elementor-widget elementor-widget-text-editor\" data-id=\"6c9b83c\" data-element_type=\"widget\" data-e-type=\"widget\" data-widget_type=\"text-editor.default\">\n\t\t\t\t<div class=\"elementor-widget-container\">\n\t\t\t\t\t\t\t\t\t<p>Iesp\u0113jam\u0101s pieg\u0101des metodes:<\/p><ul><li>Omniva pakom\u0101ti - 4,99 \u20ac<\/li><li>Unisend pakom\u0101ti - 3,99 \u20ac<\/li><\/ul><p>P\u0113rkot par 99 \u20ac vai vair\u0101k, pieg\u0101de uz pakom\u0101tu Latvij\u0101 un Igaunij\u0101 ir bez maksas. S\u016bt\u012bjumi parasti tiek pieg\u0101d\u0101ti 2\u20134 darbdienu laik\u0101 p\u0113c izs\u016bt\u012b\u0161anas.<\/p>\t\t\t\t\t\t\t\t<\/div>\n\t\t\t\t<\/div>\n\t\t\t\t<\/div>\n\t\t\t\t<\/div>\n\t\t<div class=\"elementor-element elementor-element-9dbb95a e-con-full e-flex e-con e-parent\" data-id=\"9dbb95a\" data-element_type=\"container\" data-e-type=\"container\">\n\t\t<div class=\"elementor-element elementor-element-0e1ccf6 e-con-full e-flex e-con e-child\" data-id=\"0e1ccf6\" data-element_type=\"container\" data-e-type=\"container\">\n\t\t\t\t<div class=\"elementor-element elementor-element-079b8ac elementor-widget elementor-widget-heading\" data-id=\"079b8ac\" data-element_type=\"widget\" data-e-type=\"widget\" data-widget_type=\"heading.default\">\n\t\t\t\t<div class=\"elementor-widget-container\">\n\t\t\t\t\t<h3 class=\"elementor-heading-title elementor-size-default\">Pieg\u0101de uz cit\u0101m valst\u012bm<\/h3>\t\t\t\t<\/div>\n\t\t\t\t<\/div>\n\t\t\t\t<div class=\"elementor-element elementor-element-838ec52 color-scheme-inherit text-left elementor-widget elementor-widget-text-editor\" data-id=\"838ec52\" data-element_type=\"widget\" data-e-type=\"widget\" data-widget_type=\"text-editor.default\">\n\t\t\t\t<div class=\"elementor-widget-container\">\n\t\t\t\t\t\t\t\t\t<p>M\u0113s s\u016bt\u0101m ar\u012b uz cit\u0101m valst\u012bm. Lai uzzin\u0101tu pieg\u0101des iesp\u0113jas un cenas, l\u016bdzu, sazinieties ar mums: info@siulubangos.lt.<\/p>\t\t\t\t\t\t\t\t<\/div>\n\t\t\t\t<\/div>\n\t\t\t\t<\/div>\n\t\t\t\t<\/div>\n\t\t<div class=\"elementor-element elementor-element-f72f01a e-con-full e-flex e-con e-parent\" data-id=\"f72f01a\" data-element_type=\"container\" data-e-type=\"container\">\n\t\t<div class=\"elementor-element elementor-element-8fd0c7b e-con-full e-flex e-con e-child\" data-id=\"8fd0c7b\" data-element_type=\"container\" data-e-type=\"container\">\n\t\t\t\t<div class=\"elementor-element elementor-element-fe60bab elementor-widget elementor-widget-heading\" data-id=\"fe60bab\" data-element_type=\"widget\" data-e-type=\"widget\" data-widget_type=\"heading.default\">\n\t\t\t\t<div class=\"elementor-widget-container\">\n\t\t\t\t\t<h3 class=\"elementor-heading-title elementor-size-default\">Papildu inform\u0101cija<\/h3>\t\t\t\t<\/div>\n\t\t\t\t<\/div>\n\t\t\t\t<div class=\"elementor-element elementor-element-6970ddf color-scheme-inherit text-left elementor-widget elementor-widget-text-editor\" data-id=\"6970ddf\" data-element_type=\"widget\" data-e-type=\"widget\" data-widget_type=\"text-editor.default\">\n\t\t\t\t<div class=\"elementor-widget-container\">\n\t\t\t\t\t\t\t\t\t<ul><li>Pieg\u0101des cena tiek par\u0101d\u012bta pas\u016bt\u012bjuma veik\u0161anas laik\u0101 p\u0113c pieg\u0101des veida izv\u0113les.<\/li><li>Pas\u016bt\u012bjums tiks izpild\u012bts tikai p\u0113c tam, kad b\u016bs sa\u0146emts maks\u0101jums.<\/li><li>Pieg\u0101des laiks var main\u012bties kurjeru p\u0101rslodzes, br\u012bvdienu vai citu no p\u0101rdev\u0113ja neatkar\u012bgu apst\u0101k\u013cu d\u0113\u013c.<\/li><li>Sa\u0146emot s\u016bt\u012bjumu, ieteicams p\u0101rbaud\u012bt t\u0101 st\u0101vokli. Boj\u0101jumu gad\u012bjum\u0101 nekav\u0113joties sazinieties ar mums pa e-pastu un iesniedziet s\u016bt\u012bjuma un boj\u0101jumu fotoatt\u0113lus.<\/li><\/ul>\t\t\t\t\t\t\t\t<\/div>\n\t\t\t\t<\/div>\n\t\t\t\t<\/div>\n\t\t\t\t<\/div>\n\t\t\t\t<\/div>","protected":false},"excerpt":{"rendered":"<p>Si\u016bl\u0173 Bangos prekes siun\u010dia visoje Lietuvoje, Latvijoje, Estijoje bei \u012f kitas \u0161alis. U\u017esakymus i\u0161siun\u010diame per 1 darbo dien\u0105 po apmok\u0117jimo<\/p>","protected":false},"author":1,"featured_media":0,"parent":0,"menu_order":0,"comment_status":"closed","ping_status":"closed","template":"","meta":{"_acf_changed":false,"footnotes":""},"class_list":["post-39312","page","type-page","status-publish","hentry"],"acf":[],"_links":{"self":[{"href":"https:\/\/siulubangos.lt\/lv\/wp-json\/wp\/v2\/pages\/39312","targetHints":{"allow":["GET"]}}],"collection":[{"href":"https:\/\/siulubangos.lt\/lv\/wp-json\/wp\/v2\/pages"}],"about":[{"href":"https:\/\/siulubangos.lt\/lv\/wp-json\/wp\/v2\/types\/page"}],"author":[{"embeddable":true,"href":"https:\/\/siulubangos.lt\/lv\/wp-json\/wp\/v2\/users\/1"}],"replies":[{"embeddable":true,"href":"https:\/\/siulubangos.lt\/lv\/wp-json\/wp\/v2\/comments?post=39312"}],"version-history":[{"count":0,"href":"https:\/\/siulubangos.lt\/lv\/wp-json\/wp\/v2\/pages\/39312\/revisions"}],"wp:attachment":[{"href":"https:\/\/siulubangos.lt\/lv\/wp-json\/wp\/v2\/media?parent=39312"}],"curies":[{"name":"wp","href":"https:\/\/api.w.org\/{rel}","templated":true}]}}