{"id":1363,"date":"2025-05-26T17:11:18","date_gmt":"2025-05-26T17:11:18","guid":{"rendered":"https:\/\/siulubangos.lt\/?post_type=product&#038;p=1363"},"modified":"2026-04-11T15:20:57","modified_gmt":"2026-04-11T12:20:57","slug":"pilieni-fiesta-vilnas-poliamida-zeku-suves","status":"publish","type":"product","link":"https:\/\/siulubangos.lt\/lv\/parduotuve\/drops-fiesta-vilnos-poliamido-kojiniu-siulai\/","title":{"rendered":"Drops FIESTA (vilna, poliam\u012bds)"},"content":{"rendered":"<h2>Pilieni FIESTA (75 % vilnas, 25% poliam\u012bda)<\/h2>\n<p><a href=\"https:\/\/siulubangos.lt\/wp-content\/uploads\/2025\/05\/2b-3.jpg\"><img loading=\"lazy\" decoding=\"async\" class=\"size-medium wp-image-30964 alignnone\" src=\"https:\/\/siulubangos.lt\/wp-content\/uploads\/2025\/05\/2b-3-194x300.jpg\" alt=\"\" width=\"194\" height=\"300\" title=\"\" srcset=\"https:\/\/siulubangos.lt\/wp-content\/uploads\/2025\/05\/2b-3-194x300.jpg 194w, https:\/\/siulubangos.lt\/wp-content\/uploads\/2025\/05\/2b-3-600x929.jpg 600w, https:\/\/siulubangos.lt\/wp-content\/uploads\/2025\/05\/2b-3-150x232.jpg 150w, https:\/\/siulubangos.lt\/wp-content\/uploads\/2025\/05\/2b-3-517x800.jpg 517w, https:\/\/siulubangos.lt\/wp-content\/uploads\/2025\/05\/2b-3-768x1189.jpg 768w, https:\/\/siulubangos.lt\/wp-content\/uploads\/2025\/05\/2b-3.jpg 916w\" sizes=\"auto, (max-width: 194px) 100vw, 194px\" \/><\/a><a href=\"https:\/\/siulubangos.lt\/wp-content\/uploads\/2025\/05\/10-3.jpg\"><img loading=\"lazy\" decoding=\"async\" class=\"size-medium wp-image-30965 alignnone\" src=\"https:\/\/siulubangos.lt\/wp-content\/uploads\/2025\/05\/10-3-194x300.jpg\" alt=\"\" width=\"194\" height=\"300\" title=\"\" srcset=\"https:\/\/siulubangos.lt\/wp-content\/uploads\/2025\/05\/10-3-194x300.jpg 194w, https:\/\/siulubangos.lt\/wp-content\/uploads\/2025\/05\/10-3-600x929.jpg 600w, https:\/\/siulubangos.lt\/wp-content\/uploads\/2025\/05\/10-3-150x232.jpg 150w, https:\/\/siulubangos.lt\/wp-content\/uploads\/2025\/05\/10-3-517x800.jpg 517w, https:\/\/siulubangos.lt\/wp-content\/uploads\/2025\/05\/10-3-768x1189.jpg 768w, https:\/\/siulubangos.lt\/wp-content\/uploads\/2025\/05\/10-3.jpg 916w\" sizes=\"auto, (max-width: 194px) 100vw, 194px\" \/><\/a><a href=\"https:\/\/siulubangos.lt\/wp-content\/uploads\/2025\/10\/4-drops-fiesta-1.jpg\"><img loading=\"lazy\" decoding=\"async\" class=\"size-medium wp-image-31557 alignnone\" src=\"https:\/\/siulubangos.lt\/wp-content\/uploads\/2025\/10\/4-drops-fiesta-1-300x300.jpg\" alt=\"\" width=\"300\" height=\"300\" title=\"\" srcset=\"https:\/\/siulubangos.lt\/wp-content\/uploads\/2025\/10\/4-drops-fiesta-1-300x300.jpg 300w, https:\/\/siulubangos.lt\/wp-content\/uploads\/2025\/10\/4-drops-fiesta-1-600x600.jpg 600w, https:\/\/siulubangos.lt\/wp-content\/uploads\/2025\/10\/4-drops-fiesta-1-150x150.jpg 150w, https:\/\/siulubangos.lt\/wp-content\/uploads\/2025\/10\/4-drops-fiesta-1-800x800.jpg 800w, https:\/\/siulubangos.lt\/wp-content\/uploads\/2025\/10\/4-drops-fiesta-1-768x768.jpg 768w, https:\/\/siulubangos.lt\/wp-content\/uploads\/2025\/10\/4-drops-fiesta-1.jpg 900w\" sizes=\"auto, (max-width: 300px) 100vw, 300px\" \/><\/a><\/p>\n<p>Drops FIESTA ir vilnas un poliam\u012bda dzija, kas ir iztur\u012bga un kr\u0101saina, piem\u0113rota ne tikai ze\u0137\u0113m, bet ar\u012b citiem ikdienas ap\u0123\u0113rbiem.<\/p>\n<h3>Kr\u0101sas un efekts<\/h3>\n<p>FIESTA - pla\u0161s kr\u0101su kl\u0101sts, kas \u013cauj rad\u012bt elegantus, vizu\u0101li interesantus ar rok\u0101m darin\u0101tus izstr\u0101d\u0101jumus visai \u0123imenei. Pateicoties ar rok\u0101m apgleznotajam efektam, katrai bumbi\u0146ai var b\u016bt nedaudz unik\u0101ls tonis.<\/p>\n<h3>Kur to var izmantot?<\/h3>\n<ul>\n<li>ze\u0137es, cepures, \u0161alles, cimdus.<\/li>\n<li>d\u017eemperiem, vest\u0113m<\/li>\n<li>kleitas, sv\u0101rki, uzvalki<\/li>\n<li>pakl\u0101ji, spilveni<\/li>\n<li>da\u017e\u0101diem kr\u0101sainiem izstr\u0101d\u0101jumiem<\/li>\n<li>lieliski sader\u012bgs ar Drops Kid Silk<\/li>\n<\/ul>\n<h3>Materi\u0101ls un strukt\u016bra<\/h3>\n<p>Dzijas ir izgatavotas no 75% vilnas un 25% poliam\u012bda - vilna nodro\u0161ina siltumu un maigumu, bet poliam\u012bds - iztur\u012bbu un iztur\u012bbu. Dzija ir v\u0113rpta no 4 pavedieniem un apstr\u0101d\u0101ta ar superwash, lai atvieglotu kop\u0161anu.<\/p>\n<h3>K\u0101p\u0113c izv\u0113l\u0113ties FIESTA?<\/h3>\n<ul>\n<li>Silts, m\u012bksts un iztur\u012bgs<\/li>\n<li>Pieejamas vienkr\u0101sainas, k\u0101 ar\u012b raibas, sv\u012btrainas (apdrukas) versijas.<\/li>\n<li>Piem\u0113rots tambor\u0113\u0161anai un ad\u012b\u0161anai<\/li>\n<li>Ide\u0101la izv\u0113le ikdienas ap\u0123\u0113rbam visai \u0123imenei<\/li>\n<li>Var mazg\u0101t ve\u013casma\u0161\u012bn\u0101 l\u012bdz 40 gr\u0101diem viegl\u0101 cikl\u0101.<\/li>\n<li>Oeko-Tex Standard 100, I klase, dro\u0161a pat z\u012bdai\u0146iem.<\/li>\n<\/ul>","protected":false},"excerpt":{"rendered":"<p><strong>DROPS Fiesta<\/strong> - ir vilnas un poliam\u012bda dzija ar spilgt\u0101m kr\u0101s\u0101m un iztur\u012bbu, kas piem\u0113rota da\u017e\u0101diem ad\u012bjumiem, \u012bpa\u0161i ze\u0137\u0113m un ikdienas ap\u0123\u0113rbam. Materi\u0101ls apstr\u0101d\u0101ts ar supermazg\u0101\u0161anas metodi, un to var mazg\u0101t ve\u013casma\u0161\u012bn\u0101 40 gr\u0101dos maig\u0101 cikl\u0101. Nelietot audumu m\u012bkstin\u0101t\u0101jus. \u017d\u0101v\u0113t horizont\u0101li plakani.<\/p>","protected":false},"featured_media":31052,"comment_status":"open","ping_status":"closed","template":"","meta":{"_acf_changed":false},"product_brand":[559],"product_cat":[428,448,489,491,453,436,58,494,429,445],"product_tag":[594],"class_list":{"0":"post-1363","1":"product","2":"type-product","3":"status-publish","4":"has-post-thumbnail","6":"product_brand-drops","7":"product_cat-gamintojas","8":"product_cat-drops-siulai","9":"product_cat-kojiniu-siulai","10":"product_cat-margi-spalvoti-siulai","11":"product_cat-nuolaidos","12":"product_cat-pusvilnes-siulai","13":"product_cat-siulai-mezgimui","14":"product_cat-skalbiama-vilna","15":"product_cat-sudetis","16":"product_cat-vilnos-siulai","17":"product_tag-drops","18":"pa_spalva-01-drops-fiesta-naturali-balta","19":"pa_spalva-02-drops-fiesta-sviesi-smelio","20":"pa_spalva-04-drops-fiesta-smelio","21":"pa_spalva-05-drops-fiesta-pilka","22":"pa_spalva-08-drops-fiesta-cinamono-ruda","23":"pa_spalva-09-drops-fiesta-tamsiai-melyna","24":"pa_spalva-10-drops-fiesta-juoda","25":"pa_spalva-12-drops-fiesta-raudona","26":"pa_spalva-13-drops-fiesta-tamsi-gebene","27":"pa_spalva-14-drops-fiesta-vaivorykstes-pabarstukai-2","28":"pa_spalva-18-drops-fiesta-arbuzas-2","29":"pa_spalva-19-drops-fiesta-uogu-ir-grietineles-2","30":"pa_spalva-20-drops-fiesta-siaures-pasvaiste-2","31":"pa_spalva-21-drops-fiesta-juru-kapitonas-2","32":"pa_spalva-22-drops-fiesta-pasaka-2","33":"pa_spalva-26-drops-fiesta-rasalo-demes-2","34":"pa_spalva-27-drops-fiesta-ziemos-karnavalas-2","35":"pa_spalva-29-drops-fiesta-sodo-svente-2","36":"pa_spalva-30-drops-fiesta-skrudintu-migdolu-2","37":"pa_spalva-34-drops-fiesta-smaragdo-2","38":"pa_spalva-36-drops-fiesta-kalnu-rukas-2","39":"pa_spalva-37-drops-fiesta-feju-sviesos-2","40":"pa_spalva-39-drops-fiesta-vysniu-uogiene-2","41":"pa_spalva-40-drops-fiesta-sauleti-prisiminimai-2","42":"pa_spalva-41-drops-fiesta-uzburtas-sapnas-2","43":"pa_spalva-42-drops-fiesta-ledo-kristalai-2","44":"pa_spalva-43-drops-fiesta-silkmedzio-melyna-2","45":"pa_svoris-ilgis-50-g-110-m","47":"first","48":"instock","49":"sale","50":"taxable","51":"shipping-taxable","52":"purchasable","53":"product-type-variable"},"acf":[],"_links":{"self":[{"href":"https:\/\/siulubangos.lt\/lv\/wp-json\/wp\/v2\/product\/1363","targetHints":{"allow":["GET"]}}],"collection":[{"href":"https:\/\/siulubangos.lt\/lv\/wp-json\/wp\/v2\/product"}],"about":[{"href":"https:\/\/siulubangos.lt\/lv\/wp-json\/wp\/v2\/types\/product"}],"replies":[{"embeddable":true,"href":"https:\/\/siulubangos.lt\/lv\/wp-json\/wp\/v2\/comments?post=1363"}],"version-history":[{"count":0,"href":"https:\/\/siulubangos.lt\/lv\/wp-json\/wp\/v2\/product\/1363\/revisions"}],"wp:featuredmedia":[{"embeddable":true,"href":"https:\/\/siulubangos.lt\/lv\/wp-json\/wp\/v2\/media\/31052"}],"wp:attachment":[{"href":"https:\/\/siulubangos.lt\/lv\/wp-json\/wp\/v2\/media?parent=1363"}],"wp:term":[{"taxonomy":"product_brand","embeddable":true,"href":"https:\/\/siulubangos.lt\/lv\/wp-json\/wp\/v2\/product_brand?post=1363"},{"taxonomy":"product_cat","embeddable":true,"href":"https:\/\/siulubangos.lt\/lv\/wp-json\/wp\/v2\/product_cat?post=1363"},{"taxonomy":"product_tag","embeddable":true,"href":"https:\/\/siulubangos.lt\/lv\/wp-json\/wp\/v2\/product_tag?post=1363"}],"curies":[{"name":"wp","href":"https:\/\/api.w.org\/{rel}","templated":true}]}}