{"id":1390,"date":"2025-05-29T09:16:01","date_gmt":"2025-05-29T09:16:01","guid":{"rendered":"https:\/\/siulubangos.lt\/?post_type=product&#038;p=1390"},"modified":"2026-03-14T20:36:27","modified_gmt":"2026-03-14T18:36:27","slug":"vilni-ergonomisks-vazelins-2-0-12-0-mm","status":"publish","type":"product","link":"https:\/\/siulubangos.lt\/lv\/parduotuve\/waves-ergonominis-vaselis-2-0-12-0-mm\/","title":{"rendered":"DROPS ergonomiska tamboradata (2\u20138 mm)"},"content":{"rendered":"<h2>DROPS ergonomiska tamboradata (2\u20138 mm)<\/h2>\n<p data-start=\"201\" data-end=\"450\">DROPS <strong data-start=\"207\" data-end=\"230\">Ergonomiska uzmava<\/strong> paredz\u0113ti ad\u012bt\u0101j\u0101m, kuras v\u0113las komfortu, iztur\u012bbu un precizit\u0101ti. Ergonomiskais rokturis dabiski piegu\u013c pirkstiem, mazina roku un plaukstas nogurumu un \u013cauj \u0113rti str\u0101d\u0101t pat gar\u0101ku tambor\u0113\u0161anas sesiju laik\u0101.<\/p>\n<p data-start=\"452\" data-end=\"804\">Augstas kvalit\u0101tes uzgalis nodro\u0161ina vienm\u0113r\u012bgu sl\u012bd\u0113\u0161anu un prec\u012bzu valdzi\u0146u veido\u0161anu, t\u0101p\u0113c tas ir ide\u0101li piem\u0113rots gan ies\u0101c\u0113jiem, gan pieredz\u0113ju\u0161iem tambor\u0113t\u0101jiem. Pla\u0161s diapazons <strong data-start=\"621\" data-end=\"642\">Izm\u0113ri 2-8 mm<\/strong> \u0161\u012b izv\u0113le \u013cauj izmantot \u0161o spol\u012bti visda\u017e\u0101d\u0101kajos biezumos un projektos, s\u0101kot ar maz\u0101m deta\u013c\u0101m un beidzot ar liel\u0101kiem ap\u0123\u0113rba gabaliem, aksesu\u0101riem vai m\u0101jas iek\u0101rtojumu.<\/p>","protected":false},"excerpt":{"rendered":"<p>Drops ir viegls, kr\u0101sains un ergonomisks. Ar m\u012bkstiem, \u0113rtiem rokturiem un alum\u012bnija galvi\u0146\u0101m \u0161ie pilieni \u013cauj tambor\u0113t bez piep\u016bles stund\u0101m ilgi. Pieejami izm\u0113ri no 2 l\u012bdz 8 mm.<\/p>","protected":false},"featured_media":32293,"comment_status":"open","ping_status":"closed","template":"","meta":{"_acf_changed":false},"product_brand":[559],"product_cat":[61,1114,455,527,500,499,506],"product_tag":[594],"class_list":{"0":"post-1390","1":"product","2":"type-product","3":"status-publish","4":"has-post-thumbnail","6":"product_brand-drops","7":"product_cat-virbalai-vaseliai","8":"product_cat-drops-virbalai","9":"product_cat-gamintojas-virbalai-vaseliai","10":"product_cat-metaliniai","11":"product_cat-pluostas","12":"product_cat-rusis","13":"product_cat-vaseliai","14":"product_tag-drops","15":"pa_dydis-2-mm","16":"pa_dydis-2-50-mm","17":"pa_dydis-3-mm","18":"pa_dydis-3-50-mm","19":"pa_dydis-4-mm","20":"pa_dydis-4-50-mm","21":"pa_dydis-5-mm","22":"pa_dydis-5-50-mm","23":"pa_dydis-6-mm","24":"pa_dydis-6-50-mm","25":"pa_dydis-7-mm","26":"pa_dydis-8-mm","28":"first","29":"instock","30":"taxable","31":"shipping-taxable","32":"purchasable","33":"product-type-variable"},"acf":[],"_links":{"self":[{"href":"https:\/\/siulubangos.lt\/lv\/wp-json\/wp\/v2\/product\/1390","targetHints":{"allow":["GET"]}}],"collection":[{"href":"https:\/\/siulubangos.lt\/lv\/wp-json\/wp\/v2\/product"}],"about":[{"href":"https:\/\/siulubangos.lt\/lv\/wp-json\/wp\/v2\/types\/product"}],"replies":[{"embeddable":true,"href":"https:\/\/siulubangos.lt\/lv\/wp-json\/wp\/v2\/comments?post=1390"}],"version-history":[{"count":0,"href":"https:\/\/siulubangos.lt\/lv\/wp-json\/wp\/v2\/product\/1390\/revisions"}],"wp:featuredmedia":[{"embeddable":true,"href":"https:\/\/siulubangos.lt\/lv\/wp-json\/wp\/v2\/media\/32293"}],"wp:attachment":[{"href":"https:\/\/siulubangos.lt\/lv\/wp-json\/wp\/v2\/media?parent=1390"}],"wp:term":[{"taxonomy":"product_brand","embeddable":true,"href":"https:\/\/siulubangos.lt\/lv\/wp-json\/wp\/v2\/product_brand?post=1390"},{"taxonomy":"product_cat","embeddable":true,"href":"https:\/\/siulubangos.lt\/lv\/wp-json\/wp\/v2\/product_cat?post=1390"},{"taxonomy":"product_tag","embeddable":true,"href":"https:\/\/siulubangos.lt\/lv\/wp-json\/wp\/v2\/product_tag?post=1390"}],"curies":[{"name":"wp","href":"https:\/\/api.w.org\/{rel}","templated":true}]}}