{"id":1476,"date":"2025-05-29T09:54:21","date_gmt":"2025-05-29T09:54:21","guid":{"rendered":"https:\/\/siulubangos.lt\/?post_type=product&#038;p=1476"},"modified":"2026-03-08T19:09:45","modified_gmt":"2026-03-08T17:09:45","slug":"ginger-mediniai-vaseliai","status":"publish","type":"product","link":"https:\/\/siulubangos.lt\/lv\/parduotuve\/ginger-mediniai-vaseliai\/","title":{"rendered":"Ingvera koka iesmi\u0146i (3-5 mm)"},"content":{"rendered":"<h2>Ingvera koka iesmi\u0146i (3-5 mm)<\/h2>\n<p>Ginger mediniai v\u0105\u0161eliai &#8211; tai puikus pasirinkimas vertinan\u010dioms nat\u016bralias med\u017eiagas, \u0161ilum\u0105 ir patog\u0173 darb\u0105. Pagaminti i\u0161 auk\u0161tos kokyb\u0117s, kruop\u0161\u010diai apdirbtos medienos, \u0161ie v\u0105\u0161eliai yra lengvi, \u0161ilti rankoje ir malon\u016bs liesti, tod\u0117l idealiai tinka ilgesn\u0117ms n\u0117rimo sesijoms.<\/p>\n<p>Lygus, poliruotas pavir\u0161ius u\u017etikrina tolyg\u0173 si\u016bl\u0173 slydim\u0105, o tiksliai suformuotas galiukas leid\u017eia lengvai u\u017ekabinti si\u016bl\u0105 ir formuoti vienodas akis. 3-5 mm dyd\u017ei\u0173 Ginger v\u0105\u0161eliai puikiai tinka vidutinio storio si\u016blams ir \u012fvairiems projektams &#8211; nuo drabu\u017ei\u0173 ir aksesuar\u0173 iki nam\u0173 interjero detali\u0173.<\/p>\n<p>Subtilus, eleganti\u0161kas dizainas ir nat\u016brali med\u017eio tekst\u016bra suteikia v\u0105\u0161eliams i\u0161skirtinumo ir estetikos.<\/p>","protected":false},"excerpt":{"rendered":"<p>Ginger v\u0105\u0161eliai &#8211; tai eleganti\u0161ki, rank\u0173 darbo mediniai v\u0105\u0161eliai, kuriuos pam\u0117go tiek pradedantieji, tiek patyr\u0119 n\u0117r\u0117jai. Poliruotas pavir\u0161ius, grioveliai nuo si\u016blo slydimo ir nat\u016brali \u0161iluma &#8211; komfortui, k\u016brybai ir tikslumui.<\/p>","protected":false},"featured_media":1477,"comment_status":"open","ping_status":"closed","template":"","meta":{"_acf_changed":false},"product_brand":[557],"product_cat":[61,455,468,526,500,499,506],"product_tag":[306],"class_list":{"0":"post-1476","1":"product","2":"type-product","3":"status-publish","4":"has-post-thumbnail","6":"product_brand-knitpro","7":"product_cat-virbalai-vaseliai","8":"product_cat-gamintojas-virbalai-vaseliai","9":"product_cat-knitpro-virbalai-vaseliai","10":"product_cat-mediniai","11":"product_cat-pluostas","12":"product_cat-rusis","13":"product_cat-vaseliai","14":"product_tag-knitpro","15":"pa_dydis-10-mm","16":"pa_dydis-12-mm","17":"pa_dydis-3-mm","18":"pa_dydis-3-50-mm","19":"pa_dydis-3-75-mm","20":"pa_dydis-4-mm","21":"pa_dydis-4-50-mm","22":"pa_dydis-5-mm","23":"pa_dydis-5-50-mm","24":"pa_dydis-6-mm","25":"pa_dydis-6-50-mm","26":"pa_dydis-7-mm","27":"pa_dydis-8-mm","28":"pa_dydis-9-mm","30":"first","31":"instock","32":"taxable","33":"shipping-taxable","34":"purchasable","35":"product-type-variable"},"acf":[],"_links":{"self":[{"href":"https:\/\/siulubangos.lt\/lv\/wp-json\/wp\/v2\/product\/1476","targetHints":{"allow":["GET"]}}],"collection":[{"href":"https:\/\/siulubangos.lt\/lv\/wp-json\/wp\/v2\/product"}],"about":[{"href":"https:\/\/siulubangos.lt\/lv\/wp-json\/wp\/v2\/types\/product"}],"replies":[{"embeddable":true,"href":"https:\/\/siulubangos.lt\/lv\/wp-json\/wp\/v2\/comments?post=1476"}],"version-history":[{"count":0,"href":"https:\/\/siulubangos.lt\/lv\/wp-json\/wp\/v2\/product\/1476\/revisions"}],"wp:featuredmedia":[{"embeddable":true,"href":"https:\/\/siulubangos.lt\/lv\/wp-json\/wp\/v2\/media\/1477"}],"wp:attachment":[{"href":"https:\/\/siulubangos.lt\/lv\/wp-json\/wp\/v2\/media?parent=1476"}],"wp:term":[{"taxonomy":"product_brand","embeddable":true,"href":"https:\/\/siulubangos.lt\/lv\/wp-json\/wp\/v2\/product_brand?post=1476"},{"taxonomy":"product_cat","embeddable":true,"href":"https:\/\/siulubangos.lt\/lv\/wp-json\/wp\/v2\/product_cat?post=1476"},{"taxonomy":"product_tag","embeddable":true,"href":"https:\/\/siulubangos.lt\/lv\/wp-json\/wp\/v2\/product_tag?post=1476"}],"curies":[{"name":"wp","href":"https:\/\/api.w.org\/{rel}","templated":true}]}}