{"id":1579,"date":"2025-05-29T12:15:19","date_gmt":"2025-05-29T12:15:19","guid":{"rendered":"https:\/\/siulubangos.lt\/?post_type=product&#038;p=1579"},"modified":"2026-03-04T09:51:37","modified_gmt":"2026-03-04T07:51:37","slug":"aluminija-vazes-ar-mikstu-turetaju","status":"publish","type":"product","link":"https:\/\/siulubangos.lt\/lv\/parduotuve\/aliuminiai-vaseliai-su-minkstu-laikikliu\/","title":{"rendered":"KnitPro alum\u012bnija m\u012bkst\u0101 satv\u0113riena uzmavas (2-8 mm)"},"content":{"rendered":"<h2>KnitPro alum\u012bnija m\u012bkst\u0101 satv\u0113riena uzmavas (2-8 mm)<\/h2>\n<p data-start=\"219\" data-end=\"524\">KnitPro alum\u012bnija caurvadi ar <strong data-start=\"250\" data-end=\"282\">m\u012bksts ergonomisks rokturis<\/strong> paredz\u0113ti \u0113rtai un pat\u012bkamai tambor\u0113\u0161anai pat garu darba sesiju laik\u0101. Vieglais alum\u012bnija uzgalis nodro\u0161ina vienm\u0113r\u012bgu diegu sl\u012bd\u0113\u0161anu, savuk\u0101rt m\u012bkstais, nesl\u012bdo\u0161ais rokturis pal\u012bdz saglab\u0101t pareizu st\u0101ju un mazina roku un plaukstas nogurumu.<\/p>\n<p data-start=\"526\" data-end=\"872\">Prec\u012bz\u0101s formas spol\u012btes uzgalis \u013cauj viegli uzad\u012bt dziju un vienm\u0113r\u012bgi veidot valdzi\u0146us, t\u0101p\u0113c t\u0101 ir piem\u0113rota gan ies\u0101c\u0113jiem, gan pieredz\u0113ju\u0161iem tambor\u0113t\u0101jiem. Pla\u0161s diapazons <strong data-start=\"705\" data-end=\"722\">Izm\u0113ri 2-8 mm<\/strong> \u0160\u012b izv\u0113le \u013cauj piel\u0101got spol\u012btes visda\u017e\u0101d\u0101kaj\u0101m dzij\u0101m un projektiem, s\u0101kot no s\u012bk\u0101m deta\u013c\u0101m l\u012bdz liel\u0101kiem me\u017e\u0123\u012b\u0146u, ap\u0123\u0113rbu vai interjera aksesu\u0101riem.<\/p>","protected":false},"excerpt":{"rendered":"<p>Zelta kr\u0101sas alum\u012bnija spol\u012btes ar ergonomisku m\u012bkstu rokturi ir lieliska izv\u0113le visiem tambor\u0113\u0161anas entuziastiem. \u0112rts satv\u0113riens, gluda sl\u012bd\u0113\u0161ana un skaidri redzamas cilpi\u0146as - ide\u0101li piem\u0113rotas pat ilgam darbam vai jut\u012bg\u0101m rok\u0101m.<\/p>","protected":false},"featured_media":1580,"template":"","meta":{"_acf_changed":false},"product_brand":[557],"product_cat":[61,455,468,527,500,499,506],"product_tag":[306],"class_list":{"0":"post-1579","1":"product","2":"type-product","3":"status-publish","4":"has-post-thumbnail","6":"product_brand-knitpro","7":"product_cat-virbalai-vaseliai","8":"product_cat-gamintojas-virbalai-vaseliai","9":"product_cat-knitpro-virbalai-vaseliai","10":"product_cat-metaliniai","11":"product_cat-pluostas","12":"product_cat-rusis","13":"product_cat-vaseliai","14":"product_tag-knitpro","15":"pa_dydis-2-mm","16":"pa_dydis-2-25-mm","17":"pa_dydis-2-50-mm","18":"pa_dydis-2-75-mm","19":"pa_dydis-3-mm","20":"pa_dydis-3-25-mm","21":"pa_dydis-3-50-mm","22":"pa_dydis-3-75-mm","23":"pa_dydis-4-mm","24":"pa_dydis-4-50-mm","25":"pa_dydis-5-mm","26":"pa_dydis-5-50-mm","27":"pa_dydis-6-mm","28":"pa_dydis-6-50-mm","29":"pa_dydis-7-mm","30":"pa_dydis-8-mm","32":"first","33":"instock","34":"taxable","35":"shipping-taxable","36":"purchasable","37":"product-type-variable"},"acf":[],"_links":{"self":[{"href":"https:\/\/siulubangos.lt\/lv\/wp-json\/wp\/v2\/product\/1579","targetHints":{"allow":["GET"]}}],"collection":[{"href":"https:\/\/siulubangos.lt\/lv\/wp-json\/wp\/v2\/product"}],"about":[{"href":"https:\/\/siulubangos.lt\/lv\/wp-json\/wp\/v2\/types\/product"}],"version-history":[{"count":0,"href":"https:\/\/siulubangos.lt\/lv\/wp-json\/wp\/v2\/product\/1579\/revisions"}],"wp:featuredmedia":[{"embeddable":true,"href":"https:\/\/siulubangos.lt\/lv\/wp-json\/wp\/v2\/media\/1580"}],"wp:attachment":[{"href":"https:\/\/siulubangos.lt\/lv\/wp-json\/wp\/v2\/media?parent=1579"}],"wp:term":[{"taxonomy":"product_brand","embeddable":true,"href":"https:\/\/siulubangos.lt\/lv\/wp-json\/wp\/v2\/product_brand?post=1579"},{"taxonomy":"product_cat","embeddable":true,"href":"https:\/\/siulubangos.lt\/lv\/wp-json\/wp\/v2\/product_cat?post=1579"},{"taxonomy":"product_tag","embeddable":true,"href":"https:\/\/siulubangos.lt\/lv\/wp-json\/wp\/v2\/product_tag?post=1579"}],"curies":[{"name":"wp","href":"https:\/\/api.w.org\/{rel}","templated":true}]}}