{"id":1599,"date":"2025-05-29T12:19:08","date_gmt":"2025-05-29T12:19:08","guid":{"rendered":"https:\/\/siulubangos.lt\/?post_type=product&#038;p=1599"},"modified":"2026-01-14T14:53:16","modified_gmt":"2026-01-14T12:53:16","slug":"terauda-terauda-vazes","status":"publish","type":"product","link":"https:\/\/siulubangos.lt\/lv\/parduotuve\/steel-plieniniai-vaseliai\/","title":{"rendered":"DROPS Steel t\u0113rauda tamboradatas (0.75\u20131.75 mm)"},"content":{"rendered":"<h2>DROPS Steel t\u0113rauda tamboradatas (0.75\u20131.75 mm)<\/h2>\n<p data-start=\"214\" data-end=\"494\">DROPS <strong data-start=\"220\" data-end=\"229\">T\u0113rauds<\/strong> T\u0113rauda spol\u012btes ir profesion\u0101li instrumenti ad\u012bt\u0101j\u0101m, kas str\u0101d\u0101 ar \u013coti smalkiem diegiem, me\u017e\u0123\u012bn\u0113m vai smalk\u0101m deta\u013c\u0101m. \u0160\u012bs spol\u012btes ir izgatavotas no augstas kvalit\u0101tes t\u0113rauda, ir iztur\u012bgas, iztur\u012bgas un nodro\u0161ina prec\u012bzu d\u016brienu veido\u0161anu katr\u0101 projekt\u0101.<\/p>\n<p data-start=\"496\" data-end=\"787\">Gludi pul\u0113t\u0101 virsma \u013cauj pavedieniem sl\u012bd\u0113t gludi un vienm\u0113r\u012bgi, padarot ad\u012b\u0161anu vieglu un prec\u012bzu, savuk\u0101rt ergonomiskais dizains pal\u012bdz str\u0101d\u0101t \u0113rti pat garu darbu laik\u0101. Sai\u0146ot\u0101ji ir \u012bpa\u0161i piem\u0113roti tambor\u0113\u0161anas entuziastiem, kuri v\u0113las precizit\u0101ti un profesion\u0101lus rezult\u0101tus.<\/p>","protected":false},"excerpt":{"rendered":"<p>Prec\u012bzi izgatavotas t\u0113rauda spol\u012btes ar sudraba kr\u0101sas galvi\u0146u - lieliska izv\u0113le smalkiem tambor\u0113\u0161anas darbiem. Labi redzam\u0101s acti\u0146as, iztur\u012bgais met\u0101ls un \u0113rt\u0101 forma \u013cauj pan\u0101kt prec\u012bzu bl\u012bvumu pat ar smalk\u0101kajiem diegiem.<\/p>","protected":false},"featured_media":32287,"comment_status":"open","ping_status":"closed","template":"","meta":{"_acf_changed":false},"product_brand":[559],"product_cat":[61,1114,455,527,500,499,506],"product_tag":[594],"class_list":{"0":"post-1599","1":"product","2":"type-product","3":"status-publish","4":"has-post-thumbnail","6":"product_brand-drops","7":"product_cat-virbalai-vaseliai","8":"product_cat-drops-virbalai","9":"product_cat-gamintojas-virbalai-vaseliai","10":"product_cat-metaliniai","11":"product_cat-pluostas","12":"product_cat-rusis","13":"product_cat-vaseliai","14":"product_tag-drops","15":"pa_dydis-0-75-mm","16":"pa_dydis-1-25-mm","17":"pa_dydis-1-50-mm","18":"pa_dydis-1-75-mm","20":"first","21":"instock","22":"taxable","23":"shipping-taxable","24":"purchasable","25":"product-type-variable"},"acf":[],"_links":{"self":[{"href":"https:\/\/siulubangos.lt\/lv\/wp-json\/wp\/v2\/product\/1599","targetHints":{"allow":["GET"]}}],"collection":[{"href":"https:\/\/siulubangos.lt\/lv\/wp-json\/wp\/v2\/product"}],"about":[{"href":"https:\/\/siulubangos.lt\/lv\/wp-json\/wp\/v2\/types\/product"}],"replies":[{"embeddable":true,"href":"https:\/\/siulubangos.lt\/lv\/wp-json\/wp\/v2\/comments?post=1599"}],"version-history":[{"count":0,"href":"https:\/\/siulubangos.lt\/lv\/wp-json\/wp\/v2\/product\/1599\/revisions"}],"wp:featuredmedia":[{"embeddable":true,"href":"https:\/\/siulubangos.lt\/lv\/wp-json\/wp\/v2\/media\/32287"}],"wp:attachment":[{"href":"https:\/\/siulubangos.lt\/lv\/wp-json\/wp\/v2\/media?parent=1599"}],"wp:term":[{"taxonomy":"product_brand","embeddable":true,"href":"https:\/\/siulubangos.lt\/lv\/wp-json\/wp\/v2\/product_brand?post=1599"},{"taxonomy":"product_cat","embeddable":true,"href":"https:\/\/siulubangos.lt\/lv\/wp-json\/wp\/v2\/product_cat?post=1599"},{"taxonomy":"product_tag","embeddable":true,"href":"https:\/\/siulubangos.lt\/lv\/wp-json\/wp\/v2\/product_tag?post=1599"}],"curies":[{"name":"wp","href":"https:\/\/api.w.org\/{rel}","templated":true}]}}