{"id":1756,"date":"2025-05-29T14:27:04","date_gmt":"2025-05-29T14:27:04","guid":{"rendered":"https:\/\/siulubangos.lt\/?post_type=product&#038;p=1756"},"modified":"2026-03-09T22:30:50","modified_gmt":"2026-03-09T20:30:50","slug":"jadore-cubics-keiciamu-virbalu-rinkinys-10-cm","status":"publish","type":"product","link":"https:\/\/siulubangos.lt\/lv\/parduotuve\/jadore-cubics-keiciamu-virbalu-rinkinys-10-cm\/","title":{"rendered":"KnitPro J'adore Cubics skr\u016bv\u0113jamo auklu komplekts (10 cm, 4-8 mm)"},"content":{"rendered":"<div class=\"product-description\">\n<h2>KnitPro J&#8217;adore Cubics prisukam\u0173 virbal\u0173 rinkinys (10 cm, 4-8 mm)<\/h2>\n<p data-start=\"240\" data-end=\"565\">KnitPro J Adore Cubics prisukam\u0173 virbal\u0173 rinkinys sukurtas mezg\u0117joms, kurios ie\u0161ko patogumo, i\u0161skirtinio dizaino ir ergonomi\u0161ko sprendimo. Kubin\u0117s (kvadratin\u0117s) formos virbalai nat\u016braliai priglunda prie pir\u0161t\u0173, pagerina sukibim\u0105 ir padeda suma\u017einti rank\u0173 bei rie\u0161\u0173 nuovarg\u012f, tod\u0117l mezgimas tampa lengvesnis ir malonesnis.<\/p>\n<p data-start=\"567\" data-end=\"899\">10 cm ilgio virbal\u0173 galiukai idealiai tinka mezgant ma\u017eo diametro gaminius ratu &#8211; kepures, rankoves, vaiki\u0161kus drabu\u017eius ar naudojant \u201emagic loop\u201c technik\u0105. Pagaminti i\u0161 auk\u0161tos kokyb\u0117s metalo, virbalai u\u017etikrina skland\u0173 si\u016bl\u0173 slydim\u0105, o precizi\u0161kai suformuoti galiukai leid\u017eia lengvai megzti tiek plonais, tiek storesniais si\u016blais.<\/p>\n<p data-start=\"901\" data-end=\"1075\">Sodri tamsiai violetin\u0117 J\u2019Adore spalva suteikia rinkiniui prabangos poj\u016bt\u012f, o prisukama sistema leid\u017eia greitai keisti virbal\u0173 dyd\u017eius ir val\u0173 ilgius pagal konkret\u0173 projekt\u0105.<\/p>\n<h3>Komplekt\u0101 ietilpst:<\/h3>\n<ul>\n<li>7 poros kei\u010diam\u0173 ( prisukam\u0173) virbal\u0173: 4.0, 4.5, 5.0, 5.5, 6.0, 7.0 ir 8.0 mm<\/li>\n<li>4 juodi ner\u016bdijan\u010dio plieno su nailono danga besisukantys (rotaciniai) valai: po 2 &#8211; 40 cm ir 50 cm<\/li>\n<li>8 antgaliai<\/li>\n<li>4 rakteliai virbalo ir valo u\u017etvirtinimui<\/li>\n<li>Stilingas levand\u0173 spalvos audinio d\u0117klas &#8211; tvarkai ir saugumui<\/li>\n<\/ul>\n<p>Pasirink i\u0161skirtin\u012f rinkin\u012f, kuris d\u017eiugins ne tik funkcionalumu, bet ir i\u0161vaizda. Tobula dovana sau ar mezgimo myl\u0117tojui!<\/p>\n<\/div>","protected":false},"excerpt":{"rendered":"<p>KnitPro J adore prisukam\u0173 virbal\u0173 rinkinys (kei\u010diam\u0173 virbal\u0173) &#8211; prabangus ir stilingas mezgimo rinkinys, kurio virbalai subtilios violetin\u0117s spalvos supakuoti \u012f eleganti\u0161k\u0105 d\u0117kl\u0105. Idealiai tinka tiek sau, tiek kaip prabangi dovana mezg\u0117jui.<\/p>","protected":false},"featured_media":1757,"comment_status":"open","ping_status":"closed","template":"","meta":{"_acf_changed":false},"product_brand":[557],"product_cat":[61,455,468,526,505,499,507],"product_tag":[306],"class_list":{"0":"post-1756","1":"product","2":"type-product","3":"status-publish","4":"has-post-thumbnail","6":"product_brand-knitpro","7":"product_cat-virbalai-vaseliai","8":"product_cat-gamintojas-virbalai-vaseliai","9":"product_cat-knitpro-virbalai-vaseliai","10":"product_cat-mediniai","11":"product_cat-rinkiniai","12":"product_cat-rusis","13":"product_cat-virbalu-rinkiniai","14":"product_tag-knitpro","15":"pa_dydis-4-mm","16":"pa_dydis-4-50-mm","17":"pa_dydis-5-mm","18":"pa_dydis-5-50-mm","19":"pa_dydis-6-mm","20":"pa_dydis-7-mm","21":"pa_dydis-8-mm","23":"first","24":"instock","25":"taxable","26":"shipping-taxable","27":"purchasable","28":"product-type-simple"},"acf":[],"_links":{"self":[{"href":"https:\/\/siulubangos.lt\/lv\/wp-json\/wp\/v2\/product\/1756","targetHints":{"allow":["GET"]}}],"collection":[{"href":"https:\/\/siulubangos.lt\/lv\/wp-json\/wp\/v2\/product"}],"about":[{"href":"https:\/\/siulubangos.lt\/lv\/wp-json\/wp\/v2\/types\/product"}],"replies":[{"embeddable":true,"href":"https:\/\/siulubangos.lt\/lv\/wp-json\/wp\/v2\/comments?post=1756"}],"version-history":[{"count":0,"href":"https:\/\/siulubangos.lt\/lv\/wp-json\/wp\/v2\/product\/1756\/revisions"}],"wp:featuredmedia":[{"embeddable":true,"href":"https:\/\/siulubangos.lt\/lv\/wp-json\/wp\/v2\/media\/1757"}],"wp:attachment":[{"href":"https:\/\/siulubangos.lt\/lv\/wp-json\/wp\/v2\/media?parent=1756"}],"wp:term":[{"taxonomy":"product_brand","embeddable":true,"href":"https:\/\/siulubangos.lt\/lv\/wp-json\/wp\/v2\/product_brand?post=1756"},{"taxonomy":"product_cat","embeddable":true,"href":"https:\/\/siulubangos.lt\/lv\/wp-json\/wp\/v2\/product_cat?post=1756"},{"taxonomy":"product_tag","embeddable":true,"href":"https:\/\/siulubangos.lt\/lv\/wp-json\/wp\/v2\/product_tag?post=1756"}],"curies":[{"name":"wp","href":"https:\/\/api.w.org\/{rel}","templated":true}]}}