{"id":1768,"date":"2025-05-29T14:33:51","date_gmt":"2025-05-29T14:33:51","guid":{"rendered":"https:\/\/siulubangos.lt\/?post_type=product&#038;p=1768"},"modified":"2026-03-10T19:50:28","modified_gmt":"2026-03-10T17:50:28","slug":"knitpro-karbonz-anglies-pluosto-virbalai","status":"publish","type":"product","link":"https:\/\/siulubangos.lt\/lv\/parduotuve\/knitpro-karbonz-anglies-pluosto-virbalai\/","title":{"rendered":"KnitPro Karbonz gar\u0101 taisn\u0101 spol\u012bte (35 cm, 2-6 mm)"},"content":{"rendered":"<div class=\"product-description\">\n<h2><strong>KnitPro Karbonz<\/strong> ilgi ties\u016bs virbalai (35 cm, 2-6 mm)<\/h2>\n<p>\u0160ie virbalai sukurti i\u0161 ypa\u010d stiprios ir lengvos med\u017eiagos &#8211; anglies pluo\u0161to. Jie u\u017etikrina nepriekai\u0161ting\u0105 mezgimo komfort\u0105 ir tvirtum\u0105 net dirbant su sud\u0117tingesniais projektais. Precizi\u0161kai pagaminti galiukai padeda i\u0161gauti lyg\u0173 ir tiksl\u0173 ra\u0161t\u0105.<\/p>\n<\/div>","protected":false},"excerpt":{"rendered":"<p>Itin lengvi ir tvirti Karbonz ilgi ties\u016bs virbalai &#8211; tai patogus pasirinkimas\u00a0 mezgimui. Pagaminti i\u0161 anglies pluo\u0161to, \u0161ie virbalai yra puik\u016bs tiek pradedantiesiems, tiek pa\u017eengusiems.<\/p>","protected":false},"featured_media":1769,"comment_status":"open","ping_status":"closed","template":"","meta":{"_acf_changed":false},"product_brand":[557],"product_cat":[61,455,504,524,468,499],"product_tag":[306],"class_list":{"0":"post-1768","1":"product","2":"type-product","3":"status-publish","4":"has-post-thumbnail","6":"product_brand-knitpro","7":"product_cat-virbalai-vaseliai","8":"product_cat-gamintojas-virbalai-vaseliai","9":"product_cat-ilgi-tiesus-virbalai","10":"product_cat-karboniniai","11":"product_cat-knitpro-virbalai-vaseliai","12":"product_cat-rusis","13":"product_tag-knitpro","14":"pa_dydis-2-mm","15":"pa_dydis-2-25-mm","16":"pa_dydis-2-50-mm","17":"pa_dydis-2-75-mm","18":"pa_dydis-3-mm","19":"pa_dydis-3-25-mm","20":"pa_dydis-3-50-mm","21":"pa_dydis-3-75-mm","22":"pa_dydis-4-mm","23":"pa_dydis-4-50-mm","24":"pa_dydis-5-mm","25":"pa_dydis-5-50-mm","26":"pa_dydis-6-mm","28":"first","29":"instock","30":"taxable","31":"shipping-taxable","32":"purchasable","33":"product-type-variable"},"acf":[],"_links":{"self":[{"href":"https:\/\/siulubangos.lt\/lv\/wp-json\/wp\/v2\/product\/1768","targetHints":{"allow":["GET"]}}],"collection":[{"href":"https:\/\/siulubangos.lt\/lv\/wp-json\/wp\/v2\/product"}],"about":[{"href":"https:\/\/siulubangos.lt\/lv\/wp-json\/wp\/v2\/types\/product"}],"replies":[{"embeddable":true,"href":"https:\/\/siulubangos.lt\/lv\/wp-json\/wp\/v2\/comments?post=1768"}],"version-history":[{"count":0,"href":"https:\/\/siulubangos.lt\/lv\/wp-json\/wp\/v2\/product\/1768\/revisions"}],"wp:featuredmedia":[{"embeddable":true,"href":"https:\/\/siulubangos.lt\/lv\/wp-json\/wp\/v2\/media\/1769"}],"wp:attachment":[{"href":"https:\/\/siulubangos.lt\/lv\/wp-json\/wp\/v2\/media?parent=1768"}],"wp:term":[{"taxonomy":"product_brand","embeddable":true,"href":"https:\/\/siulubangos.lt\/lv\/wp-json\/wp\/v2\/product_brand?post=1768"},{"taxonomy":"product_cat","embeddable":true,"href":"https:\/\/siulubangos.lt\/lv\/wp-json\/wp\/v2\/product_cat?post=1768"},{"taxonomy":"product_tag","embeddable":true,"href":"https:\/\/siulubangos.lt\/lv\/wp-json\/wp\/v2\/product_tag?post=1768"}],"curies":[{"name":"wp","href":"https:\/\/api.w.org\/{rel}","templated":true}]}}