{"id":30505,"date":"2025-10-20T19:12:01","date_gmt":"2025-10-20T19:12:01","guid":{"rendered":"https:\/\/siulubangos.lt\/?post_type=product&#038;p=30505"},"modified":"2026-04-16T21:03:50","modified_gmt":"2026-04-16T18:03:50","slug":"pilieni-alpakas-100-alpakas-vilnas","status":"publish","type":"product","link":"https:\/\/siulubangos.lt\/lv\/parduotuve\/drops-alpaca-100-alpakos-vilna\/","title":{"rendered":"Drops ALPACA (100\u202f% alpakas vilna)"},"content":{"rendered":"<h2>ALPACA pilieni (100 % alpakas vilnas)<\/h2>\n<p><a href=\"https:\/\/siulubangos.lt\/wp-content\/uploads\/2025\/10\/drops-alpaca-05-scaled.jpg\"><img loading=\"lazy\" decoding=\"async\" class=\"alignnone wp-image-39542\" src=\"https:\/\/siulubangos.lt\/wp-content\/uploads\/2025\/10\/drops-alpaca-05-scaled.jpg\" alt=\"\" width=\"437\" height=\"312\" title=\"\"><\/a><\/p>\n<p>Atkl\u0101jiet<strong> ALPACA pilieni<\/strong> - 100% ir t\u012bra alpakas vilnas dzija, kas p\u0101rsteidz ar savu maigumu, siltumu un greznu dabisko sp\u012bdumu. T\u0101 ir hipoaler\u0123iska, jo nesatur lanol\u012bnu, t\u0101p\u0113c t\u0101 ir ide\u0101li piem\u0113rota b\u0113rnu ap\u0123\u0113rbiem, jut\u012bgai \u0101dai vai citiem maigiem ad\u012bjumiem.<\/p>\n<p>ALPACA tiek v\u0113rpta no trim smalkiem pavedieniem, kas pie\u0161\u0137ir trikot\u0101\u017eas audumam ilgsto\u0161u iztur\u012bbu, elast\u012bbu un formas saglab\u0101\u0161anu. Trikot\u0101\u017eas audumi izskat\u0101s viegli, bet silti - ide\u0101li piem\u0113roti valk\u0101\u0161anai ruden\u012b un ziem\u0101. Tie ar\u012b skaisti izce\u013c da\u017e\u0101dus rakstus - vienkr\u0101sainus, p\u012btus vai a\u017e\u016brus.<\/p>\n<h5>K\u0101p\u0113c izv\u0113l\u0113ties pilienus ALPACA?<\/h5>\n<ul>\n<li>Dabiski m\u012bksta, silta un elpojo\u0161a dzija<\/li>\n<li>Hipoaler\u0123iska, nesatur lanol\u012bnu un t\u0101p\u0113c nesaspriego.<\/li>\n<li>Pla\u0161a kr\u0101su izv\u0113le - no maigiem paste\u013cto\u0146iem l\u012bdz pies\u0101tin\u0101tiem dab\u012bgiem to\u0146iem.<\/li>\n<li>Ide\u0101li piem\u0113rots d\u017eemperiem, cepur\u0113m, \u0161all\u0113m, kardiganiem un b\u0113rnu ap\u0123\u0113rbiem.<\/li>\n<li>Var kombin\u0113t ar citiem diegiem, piem\u0113ram, Drops KID SILK, lai ieg\u016btu p\u016bkainu un vieglu ad\u012bjumu.<\/li>\n<\/ul>\n<h5>Rado\u0161as idejas<\/h5>\n<p>ALPACA ir ide\u0101li piem\u0113rota ad\u012b\u0161anai ar \u0161o dziju atsevi\u0161\u0137i un sajauk\u0161anai ar cit\u0101m \u0161\u0137iedr\u0101m. Radiet p\u016bkainus, vieglus un siltus ap\u0123\u0113rbus, kas priec\u0113s j\u016bs un j\u016bsu tuviniekus gadiem ilgi.<\/p>","protected":false},"excerpt":{"rendered":"<p>Drops ALPACA ir m\u012bksta un silta 100% alpakas vilnas dzija.<br \/>\nIde\u0101li piem\u0113rots d\u017eemperiem, \u0161all\u0113m, cepur\u0113m un b\u0113rnu ap\u0123\u0113rbiem. Dabiski m\u012bksts un nesatur lanol\u012bnu, t\u0101p\u0113c nesv\u012bkst.<\/p>","protected":false},"featured_media":30542,"comment_status":"open","ping_status":"closed","template":"","meta":{"_acf_changed":false},"product_brand":[559],"product_cat":[448,417,428,453,58,429],"product_tag":[594],"class_list":{"0":"post-30505","1":"product","2":"type-product","3":"status-publish","4":"has-post-thumbnail","6":"product_brand-drops","7":"product_cat-drops-siulai","8":"product_cat-alpakos-siulai","9":"product_cat-gamintojas","10":"product_cat-nuolaidos","11":"product_cat-siulai-mezgimui","12":"product_cat-sudetis","13":"product_tag-drops","14":"pa_pluostas-alpaku-vilna","15":"pa_spalva-100-naturali-balta","16":"pa_spalva-101-balta","17":"pa_spalva-2020-sviesiai-rusva","18":"pa_spalva-2916-laimo-ryski","19":"pa_spalva-2917-sviesi-turkio","20":"pa_spalva-2923-drops-alpaca-kario","21":"pa_spalva-302-sviesiai-smeline","22":"pa_spalva-3620-raudona","23":"pa_spalva-3650-drops-alpaca-tamsiai-raudona","24":"pa_spalva-3720-drops-alpaca-laukine-roze","25":"pa_spalva-3770-drops-alpaca-tamsi-rozine","26":"pa_spalva-3800-virziu","27":"pa_spalva-4010-sviesi-levandu","28":"pa_spalva-4305-tamsi-indigo","29":"pa_spalva-501-sviesiai-pilka","30":"pa_spalva-506-tamsiai-pilka","31":"pa_spalva-517-pilka","32":"pa_spalva-607-ruda","33":"pa_spalva-618-rusva","34":"pa_spalva-6205-sviesi-melsva","35":"pa_spalva-6309-drops-alpaca-melsvai-zalia","36":"pa_spalva-6360-menulio-melyna","37":"pa_spalva-7139-mineralu-melyna","38":"pa_spalva-7233-geltonai-zalia","39":"pa_spalva-7238-zalia-zole","40":"pa_spalva-7240-drops-alpaca-tamsiai-melsvai-zalia","41":"pa_spalva-7323-juros-rukas","42":"pa_spalva-7815-misko-misinys","43":"pa_spalva-7895-chaki","44":"pa_spalva-8903-juoda","45":"pa_spalva-9020-perlo-pilka","46":"pa_spalva-9021-drops-alpaca-ruko","47":"pa_spalva-9029-drops-alpaca-garstyciu","48":"pa_spalva-9031-smelio-rusva","49":"pa_spalva-9032-tamsi-gebene","50":"pa_spalva-9033-drops-alpaca-braskiu-kremine","51":"pa_spalva-9036-drops-alpaca-kvieciu","52":"pa_spalva-9037-sviesiai-juros-zalia","53":"pa_spalva-9038-salavijas","54":"pa_spalva-9039-drops-alpaca-smelio","55":"pa_spalva-9040-avieciu-raudona","56":"pa_spalva-9041-vario-ruda","57":"pa_spalva-9042-cinamono-ruda","58":"pa_spalva-9044-tamsi-vynuogine","59":"pa_spalva-9045-rubinas","60":"pa_spalva-9046-misko-uogu","61":"pa_spalva-9047-azurito","62":"pa_svoris-ilgis-50-g-167-m","64":"first","65":"instock","66":"sale","67":"taxable","68":"shipping-taxable","69":"purchasable","70":"product-type-variable"},"acf":[],"_links":{"self":[{"href":"https:\/\/siulubangos.lt\/lv\/wp-json\/wp\/v2\/product\/30505","targetHints":{"allow":["GET"]}}],"collection":[{"href":"https:\/\/siulubangos.lt\/lv\/wp-json\/wp\/v2\/product"}],"about":[{"href":"https:\/\/siulubangos.lt\/lv\/wp-json\/wp\/v2\/types\/product"}],"replies":[{"embeddable":true,"href":"https:\/\/siulubangos.lt\/lv\/wp-json\/wp\/v2\/comments?post=30505"}],"version-history":[{"count":0,"href":"https:\/\/siulubangos.lt\/lv\/wp-json\/wp\/v2\/product\/30505\/revisions"}],"wp:featuredmedia":[{"embeddable":true,"href":"https:\/\/siulubangos.lt\/lv\/wp-json\/wp\/v2\/media\/30542"}],"wp:attachment":[{"href":"https:\/\/siulubangos.lt\/lv\/wp-json\/wp\/v2\/media?parent=30505"}],"wp:term":[{"taxonomy":"product_brand","embeddable":true,"href":"https:\/\/siulubangos.lt\/lv\/wp-json\/wp\/v2\/product_brand?post=30505"},{"taxonomy":"product_cat","embeddable":true,"href":"https:\/\/siulubangos.lt\/lv\/wp-json\/wp\/v2\/product_cat?post=30505"},{"taxonomy":"product_tag","embeddable":true,"href":"https:\/\/siulubangos.lt\/lv\/wp-json\/wp\/v2\/product_tag?post=30505"}],"curies":[{"name":"wp","href":"https:\/\/api.w.org\/{rel}","templated":true}]}}