{"id":30660,"date":"2025-10-21T21:48:14","date_gmt":"2025-10-21T21:48:14","guid":{"rendered":"https:\/\/siulubangos.lt\/?post_type=product&#038;p=30660"},"modified":"2026-04-11T15:20:56","modified_gmt":"2026-04-11T12:20:56","slug":"pilieni-bernu-merino-vilnas","status":"publish","type":"product","link":"https:\/\/siulubangos.lt\/lv\/parduotuve\/drops-baby-merino-vilna\/","title":{"rendered":"Drops BABY MERINO (100% merino vilna)"},"content":{"rendered":"<h2>Drops BABY MERINO (100% merino vilna)<\/h2>\n<p><a href=\"https:\/\/siulubangos.lt\/wp-content\/uploads\/2025\/10\/drops-baby-merino-1-5.jpg\"><img loading=\"lazy\" decoding=\"async\" class=\"alignnone size-medium wp-image-30748\" src=\"https:\/\/siulubangos.lt\/wp-content\/uploads\/2025\/10\/drops-baby-merino-1-5-194x300.jpg\" alt=\"\" width=\"194\" height=\"300\" title=\"\" srcset=\"https:\/\/siulubangos.lt\/wp-content\/uploads\/2025\/10\/drops-baby-merino-1-5-194x300.jpg 194w, https:\/\/siulubangos.lt\/wp-content\/uploads\/2025\/10\/drops-baby-merino-1-5-600x929.jpg 600w, https:\/\/siulubangos.lt\/wp-content\/uploads\/2025\/10\/drops-baby-merino-1-5-150x232.jpg 150w, https:\/\/siulubangos.lt\/wp-content\/uploads\/2025\/10\/drops-baby-merino-1-5-517x800.jpg 517w, https:\/\/siulubangos.lt\/wp-content\/uploads\/2025\/10\/drops-baby-merino-1-5-768x1189.jpg 768w, https:\/\/siulubangos.lt\/wp-content\/uploads\/2025\/10\/drops-baby-merino-1-5.jpg 916w\" sizes=\"auto, (max-width: 194px) 100vw, 194px\" \/><\/a> <a href=\"https:\/\/siulubangos.lt\/wp-content\/uploads\/2025\/10\/drops-baby-merino-1-4.jpg\"><img loading=\"lazy\" decoding=\"async\" class=\"alignnone size-medium wp-image-30747\" src=\"https:\/\/siulubangos.lt\/wp-content\/uploads\/2025\/10\/drops-baby-merino-1-4-194x300.jpg\" alt=\"\" width=\"194\" height=\"300\" title=\"\" srcset=\"https:\/\/siulubangos.lt\/wp-content\/uploads\/2025\/10\/drops-baby-merino-1-4-194x300.jpg 194w, https:\/\/siulubangos.lt\/wp-content\/uploads\/2025\/10\/drops-baby-merino-1-4-600x929.jpg 600w, https:\/\/siulubangos.lt\/wp-content\/uploads\/2025\/10\/drops-baby-merino-1-4-150x232.jpg 150w, https:\/\/siulubangos.lt\/wp-content\/uploads\/2025\/10\/drops-baby-merino-1-4-517x800.jpg 517w, https:\/\/siulubangos.lt\/wp-content\/uploads\/2025\/10\/drops-baby-merino-1-4-768x1189.jpg 768w, https:\/\/siulubangos.lt\/wp-content\/uploads\/2025\/10\/drops-baby-merino-1-4.jpg 916w\" sizes=\"auto, (max-width: 194px) 100vw, 194px\" \/><\/a><a href=\"https:\/\/siulubangos.lt\/wp-content\/uploads\/2025\/10\/drops-baby-merino-1-3.jpg\"><img loading=\"lazy\" decoding=\"async\" class=\"alignnone size-medium wp-image-30746\" src=\"https:\/\/siulubangos.lt\/wp-content\/uploads\/2025\/10\/drops-baby-merino-1-3-194x300.jpg\" alt=\"\" width=\"194\" height=\"300\" title=\"\" srcset=\"https:\/\/siulubangos.lt\/wp-content\/uploads\/2025\/10\/drops-baby-merino-1-3-194x300.jpg 194w, https:\/\/siulubangos.lt\/wp-content\/uploads\/2025\/10\/drops-baby-merino-1-3-600x929.jpg 600w, https:\/\/siulubangos.lt\/wp-content\/uploads\/2025\/10\/drops-baby-merino-1-3-150x232.jpg 150w, https:\/\/siulubangos.lt\/wp-content\/uploads\/2025\/10\/drops-baby-merino-1-3-517x800.jpg 517w, https:\/\/siulubangos.lt\/wp-content\/uploads\/2025\/10\/drops-baby-merino-1-3-768x1189.jpg 768w, https:\/\/siulubangos.lt\/wp-content\/uploads\/2025\/10\/drops-baby-merino-1-3.jpg 916w\" sizes=\"auto, (max-width: 194px) 100vw, 194px\" \/><\/a><a href=\"https:\/\/siulubangos.lt\/wp-content\/uploads\/2025\/10\/drops-baby-merino-1-1.jpg\"><img loading=\"lazy\" decoding=\"async\" class=\"alignnone size-medium wp-image-30744\" src=\"https:\/\/siulubangos.lt\/wp-content\/uploads\/2025\/10\/drops-baby-merino-1-1-194x300.jpg\" alt=\"\" width=\"194\" height=\"300\" title=\"\" srcset=\"https:\/\/siulubangos.lt\/wp-content\/uploads\/2025\/10\/drops-baby-merino-1-1-194x300.jpg 194w, https:\/\/siulubangos.lt\/wp-content\/uploads\/2025\/10\/drops-baby-merino-1-1-600x929.jpg 600w, https:\/\/siulubangos.lt\/wp-content\/uploads\/2025\/10\/drops-baby-merino-1-1-150x232.jpg 150w, https:\/\/siulubangos.lt\/wp-content\/uploads\/2025\/10\/drops-baby-merino-1-1-517x800.jpg 517w, https:\/\/siulubangos.lt\/wp-content\/uploads\/2025\/10\/drops-baby-merino-1-1-768x1189.jpg 768w, https:\/\/siulubangos.lt\/wp-content\/uploads\/2025\/10\/drops-baby-merino-1-1.jpg 916w\" sizes=\"auto, (max-width: 194px) 100vw, 194px\" \/><\/a><a href=\"https:\/\/siulubangos.lt\/wp-content\/uploads\/2025\/10\/drops-baby-merino-1-2.jpg\"><img loading=\"lazy\" decoding=\"async\" class=\"alignnone size-medium wp-image-30745\" src=\"https:\/\/siulubangos.lt\/wp-content\/uploads\/2025\/10\/drops-baby-merino-1-2-194x300.jpg\" alt=\"\" width=\"194\" height=\"300\" title=\"\" srcset=\"https:\/\/siulubangos.lt\/wp-content\/uploads\/2025\/10\/drops-baby-merino-1-2-194x300.jpg 194w, https:\/\/siulubangos.lt\/wp-content\/uploads\/2025\/10\/drops-baby-merino-1-2-600x929.jpg 600w, https:\/\/siulubangos.lt\/wp-content\/uploads\/2025\/10\/drops-baby-merino-1-2-150x232.jpg 150w, https:\/\/siulubangos.lt\/wp-content\/uploads\/2025\/10\/drops-baby-merino-1-2-517x800.jpg 517w, https:\/\/siulubangos.lt\/wp-content\/uploads\/2025\/10\/drops-baby-merino-1-2-768x1189.jpg 768w, https:\/\/siulubangos.lt\/wp-content\/uploads\/2025\/10\/drops-baby-merino-1-2.jpg 916w\" sizes=\"auto, (max-width: 194px) 100vw, 194px\" \/><\/a><\/p>\n<p><strong>BABY MERINO<\/strong> - 100% \u012bpa\u0161i m\u012bksta, dab\u012bga merino vilna, kas ieg\u016bta no br\u012bv\u0101s tur\u0113\u0161anas apst\u0101k\u013cos audz\u0113tiem Dienvidamerikas un Dienvid\u0101frikas merinosiem. Izgatavota no smalkiem, elast\u012bgiem diegiem, t\u0101 ir viegli ad\u0101ma un pie\u0161\u0137ir ad\u012bjumam jauku, gludu sieta fakt\u016bru. Pateicoties apstr\u0101dei Superwash, to var mazg\u0101t ve\u013casma\u0161\u012bn\u0101, t\u0101p\u0113c t\u0101 ir praktiska izv\u0113le ikdienas valk\u0101\u0161anai. Nekad nelietojiet audumu m\u012bkstin\u0101t\u0101jus, bet izv\u0113lieties \u012bpa\u0161us trikot\u0101\u017eas kop\u0161anai paredz\u0113tus l\u012bdzek\u013cus. Maiga, kas noz\u012bm\u0113 \u0101dai draudz\u012bga un nekait\u012bga. Ra\u017eots Eirop\u0101, sertific\u0113ts Oeko-Tex Standard 100 Class I z\u012bdai\u0146iem (0-3 m\u0113ne\u0161i). Merino vilna ir piem\u0113rota valk\u0101\u0161anai visu gadu. Tai ir \u013coti labas termoregul\u0101cijas \u012bpa\u0161\u012bbas. Ide\u0101li piem\u0113rota gan ad\u012b\u0161anai, gan tambor\u0113\u0161anai. Ide\u0101li piem\u0113rota gan tambor\u0113\u0161anai, gan ad\u012b\u0161anai.<\/p>\n<h3>Kam tas ir?<\/h3>\n<ul>\n<li>sievie\u0161u bl\u016bz\u0113m, d\u017eemperiem, kleit\u0101m,<\/li>\n<li>v\u012brie\u0161u pl\u0101n\u0101m ad\u012btaj\u0101m jak\u0101m, vest\u0113m,<\/li>\n<li>z\u012bdai\u0146u, b\u0113rnu ap\u0123\u0113rbam,<\/li>\n<li>cepures, \u0161alles,<\/li>\n<li>Labi sader ar Drops KID SILK<\/li>\n<\/ul>\n<h3>Kr\u0101sas un stils<\/h3>\n<p>Pla\u0161a kr\u0101su izv\u0113le, kas \u013cauj rado\u0161i izpausties projektos.<\/p>\n<h3>Lieto\u0161anas funkcijas<\/h3>\n<p>Izv\u0113lieties <strong>2.5-3.00<\/strong> <strong>mm skrieme\u013ci<\/strong> vai <strong>vien\u0101da izm\u0113ra vezikul\u0101m.<\/strong>. M\u0113s iesak\u0101m ad\u012bt cie\u0161\u0101k un dziju tur\u0113t cie\u0161i savilktu. Ir svar\u012bgi ad\u012bt paraugu un izmazg\u0101t to. Ieteicams mazg\u0101t ve\u013casma\u0161\u012bn\u0101 maig\u0101 cikl\u0101 40 gr\u0101du temperat\u016br\u0101, nelietot audumu m\u012bkstin\u0101t\u0101ju un \u017e\u0101v\u0113t uz l\u012bdzenas virsmas.<\/p>\n<h3>K\u0101p\u0113c izv\u0113l\u0113ties Drops BABY MERINO?<\/h3>\n<ul>\n<li>Supermazg\u0101\u0161ana - var mazg\u0101t ve\u013casma\u0161\u012bn\u0101 (40 gr\u0101di, maiga programma)<\/li>\n<li>Silts, elpojo\u0161s un \u0101dai draudz\u012bgs.<\/li>\n<li>100% merino vilna, bez mu\u013c\u0137iem.<\/li>\n<li>Sertific\u0113ta kvalit\u0101te: oeko-Tex garantija, vilna bez mu\u013c\u0137o\u0161anas, kas atbilst b\u0113rnu pre\u010du pras\u012bb\u0101m.<\/li>\n<li>Piem\u0113rots visiem gadalaikiem - silts ziem\u0101, v\u0113ss vasar\u0101.<\/li>\n<\/ul>\n<div id=\"gtx-trans\" style=\"position: absolute; left: 334px; top: 1032.48px;\">\n<div class=\"gtx-trans-icon\"><\/div>\n<\/div>","protected":false},"excerpt":{"rendered":"<p><strong>Pilieni BABY MERINO<\/strong> (100% merino vilna) \u012bpa\u0161i m\u012bksta merino vilna, kas ieg\u016bta no br\u012bvi dz\u012bvojo\u0161\u0101m merino ait\u0101m. Izgatavota no smalkiem pavedieniem, kas padara dziju elast\u012bgu. Viegla kop\u0161ana. Var mazg\u0101t ve\u013casma\u0161\u012bn\u0101 l\u012bdz 40 gr\u0101diem. Sertific\u0113ts. M\u0113s iesak\u0101m ad\u012bt cie\u0161\u0101k, \u0161ai dzijai lab\u0101k piem\u0113rots maz\u0101ks auklas izm\u0113rs. \u0160\u012b dzija ir piem\u0113rota mazu\u013cu, b\u0113rnu un pieaugu\u0161o ap\u0123\u0113rbiem un aksesu\u0101riem. Piem\u0113rota visiem gadalaikiem. Ide\u0101la draudz\u012bba ar Drops KID SILK.<\/p>","protected":false},"featured_media":30742,"comment_status":"open","ping_status":"closed","template":"","meta":{"_acf_changed":false},"product_brand":[559],"product_cat":[448,428,419,453,486,58,490,429],"product_tag":[594],"class_list":{"0":"post-30660","1":"product","2":"type-product","3":"status-publish","4":"has-post-thumbnail","6":"product_brand-drops","7":"product_cat-drops-siulai","8":"product_cat-gamintojas","9":"product_cat-merino-vilnos-siulai","10":"product_cat-nuolaidos","11":"product_cat-savybe","12":"product_cat-siulai-mezgimui","13":"product_cat-siulai-kudikiams","14":"product_cat-sudetis","15":"product_tag-drops","16":"pa_pluostas-merino-vilna","17":"pa_spalva-01-drops-baby-merino-balta","18":"pa_spalva-02-drops-baby-merino-naturali-balta","19":"pa_spalva-03-drops-baby-merino-gelsva","20":"pa_spalva-05-drops-baby-merino-sviesi-rozine","21":"pa_spalva-07-drops-baby-merino-rozine","22":"pa_spalva-100-drops-baby-merino-melyna-undinele-1","23":"pa_spalva-101-drops-baby-merino-uogos-su-grietinele-1","24":"pa_spalva-102-drops-baby-merino-jureiviu-dainos-1","25":"pa_spalva-103-drops-baby-merino-gimtadienio-svente-1","26":"pa_spalva-104-drops-baby-merino-sapnu-dulkes-1","27":"pa_spalva-105-drops-baby-merino-stebuklingas-morengas-1","28":"pa_spalva-11-drops-baby-merino-ledo-melyna","29":"pa_spalva-16-drops-baby-merino-raudona","30":"pa_spalva-17-drops-baby-merino-smelio","31":"pa_spalva-19-drops-baby-merino-pilka","32":"pa_spalva-20-drops-baby-merino-tamsi-pilka","33":"pa_spalva-21-drops-baby-merino-juoda","34":"pa_spalva-22-drops-baby-merino-sviesi-pilka","35":"pa_spalva-23-drops-baby-merino-sviesi-smelio","36":"pa_spalva-24-drops-baby-merino-sviesi-dangaus-melyna","37":"pa_spalva-26-drops-baby-merino-sviesi-sendinta-rozine","38":"pa_spalva-27-drops-baby-merino-sendinta-rozine","39":"pa_spalva-30-drops-baby-merino-tamsiai-melyna","40":"pa_spalva-33-drops-baby-merino-karaliska-melyna","41":"pa_spalva-37-drops-baby-merino-sviesi-levandu","42":"pa_spalva-38-drops-baby-merino-alyvuoge","43":"pa_spalva-39-drops-baby-merino-violetiniu-orchideju","44":"pa_spalva-40-drops-baby-merino-ametisto","45":"pa_spalva-44-drops-baby-merino-pudrine","46":"pa_spalva-48-drops-baby-merino-skaistalu","47":"pa_spalva-49-drops-baby-merino-dykumos-roziu","48":"pa_spalva-50-drops-baby-merino-salavijas","49":"pa_spalva-51-drops-baby-merino-bordo","50":"pa_spalva-53-drops-baby-merino-sviesi-melsva","51":"pa_spalva-54-drops-baby-merino-sviesi-rozine","52":"pa_spalva-57-drops-baby-merino-pilksva","53":"pa_spalva-58-drops-baby-merino-pistaciju-ledai","54":"pa_spalva-59-drops-baby-merino-kvieciu","55":"pa_spalva-60-drops-baby-merino-sviesi-alyvine","56":"pa_spalva-61-drops-baby-merino-migdolas","57":"pa_spalva-62-drops-baby-merino-ruda","58":"pa_spalva-63-drops-baby-merino-smelio","59":"pa_spalva-64-drops-baby-merino-rusva","60":"pa_spalva-65-drops-baby-merino-tamsus-miskas","61":"pa_spalva-66-drops-baby-merino-ukanotas-miskas","62":"pa_svoris-ilgis-50-g-175-m","64":"first","65":"instock","66":"sale","67":"taxable","68":"shipping-taxable","69":"purchasable","70":"product-type-variable"},"acf":[],"_links":{"self":[{"href":"https:\/\/siulubangos.lt\/lv\/wp-json\/wp\/v2\/product\/30660","targetHints":{"allow":["GET"]}}],"collection":[{"href":"https:\/\/siulubangos.lt\/lv\/wp-json\/wp\/v2\/product"}],"about":[{"href":"https:\/\/siulubangos.lt\/lv\/wp-json\/wp\/v2\/types\/product"}],"replies":[{"embeddable":true,"href":"https:\/\/siulubangos.lt\/lv\/wp-json\/wp\/v2\/comments?post=30660"}],"version-history":[{"count":0,"href":"https:\/\/siulubangos.lt\/lv\/wp-json\/wp\/v2\/product\/30660\/revisions"}],"wp:featuredmedia":[{"embeddable":true,"href":"https:\/\/siulubangos.lt\/lv\/wp-json\/wp\/v2\/media\/30742"}],"wp:attachment":[{"href":"https:\/\/siulubangos.lt\/lv\/wp-json\/wp\/v2\/media?parent=30660"}],"wp:term":[{"taxonomy":"product_brand","embeddable":true,"href":"https:\/\/siulubangos.lt\/lv\/wp-json\/wp\/v2\/product_brand?post=30660"},{"taxonomy":"product_cat","embeddable":true,"href":"https:\/\/siulubangos.lt\/lv\/wp-json\/wp\/v2\/product_cat?post=30660"},{"taxonomy":"product_tag","embeddable":true,"href":"https:\/\/siulubangos.lt\/lv\/wp-json\/wp\/v2\/product_tag?post=30660"}],"curies":[{"name":"wp","href":"https:\/\/api.w.org\/{rel}","templated":true}]}}