{"id":30959,"date":"2025-10-24T15:50:27","date_gmt":"2025-10-24T15:50:27","guid":{"rendered":"https:\/\/siulubangos.lt\/?post_type=product&#038;p=30959"},"modified":"2026-04-14T07:04:35","modified_gmt":"2026-04-14T04:04:35","slug":"safran-100-kokvilnas-sujamie-diegi","status":"publish","type":"product","link":"https:\/\/siulubangos.lt\/lv\/parduotuve\/drops-safran-100-medvilnes-siulai\/","title":{"rendered":"Drops SAFRAN (100% kokvilna)"},"content":{"rendered":"<h2>Pilieni SAFRAN (100 % kokvilnas dzijas)<\/h2>\n<h2><a href=\"https:\/\/siulubangos.lt\/wp-content\/uploads\/2025\/10\/drops-safran-01.jpg\"><img loading=\"lazy\" decoding=\"async\" class=\"alignnone size-medium wp-image-31456\" src=\"https:\/\/siulubangos.lt\/wp-content\/uploads\/2025\/10\/drops-safran-01-194x300.jpg\" alt=\"\" width=\"194\" height=\"300\" title=\"\" srcset=\"https:\/\/siulubangos.lt\/wp-content\/uploads\/2025\/10\/drops-safran-01-194x300.jpg 194w, https:\/\/siulubangos.lt\/wp-content\/uploads\/2025\/10\/drops-safran-01-600x929.jpg 600w, https:\/\/siulubangos.lt\/wp-content\/uploads\/2025\/10\/drops-safran-01-150x232.jpg 150w, https:\/\/siulubangos.lt\/wp-content\/uploads\/2025\/10\/drops-safran-01-517x800.jpg 517w, https:\/\/siulubangos.lt\/wp-content\/uploads\/2025\/10\/drops-safran-01-768x1189.jpg 768w, https:\/\/siulubangos.lt\/wp-content\/uploads\/2025\/10\/drops-safran-01.jpg 916w\" sizes=\"auto, (max-width: 194px) 100vw, 194px\" \/><\/a> <a href=\"https:\/\/siulubangos.lt\/wp-content\/uploads\/2025\/10\/drops-safran-02.jpg\"><img loading=\"lazy\" decoding=\"async\" class=\"alignnone size-medium wp-image-31457\" src=\"https:\/\/siulubangos.lt\/wp-content\/uploads\/2025\/10\/drops-safran-02-194x300.jpg\" alt=\"\" width=\"194\" height=\"300\" title=\"\" srcset=\"https:\/\/siulubangos.lt\/wp-content\/uploads\/2025\/10\/drops-safran-02-194x300.jpg 194w, https:\/\/siulubangos.lt\/wp-content\/uploads\/2025\/10\/drops-safran-02-600x929.jpg 600w, https:\/\/siulubangos.lt\/wp-content\/uploads\/2025\/10\/drops-safran-02-150x232.jpg 150w, https:\/\/siulubangos.lt\/wp-content\/uploads\/2025\/10\/drops-safran-02-517x800.jpg 517w, https:\/\/siulubangos.lt\/wp-content\/uploads\/2025\/10\/drops-safran-02-768x1189.jpg 768w, https:\/\/siulubangos.lt\/wp-content\/uploads\/2025\/10\/drops-safran-02.jpg 916w\" sizes=\"auto, (max-width: 194px) 100vw, 194px\" \/><\/a> <a href=\"https:\/\/siulubangos.lt\/wp-content\/uploads\/2025\/10\/drops-safran-03.jpg\"><img loading=\"lazy\" decoding=\"async\" class=\"alignnone size-medium wp-image-31458\" src=\"https:\/\/siulubangos.lt\/wp-content\/uploads\/2025\/10\/drops-safran-03-194x300.jpg\" alt=\"\" width=\"194\" height=\"300\" title=\"\" srcset=\"https:\/\/siulubangos.lt\/wp-content\/uploads\/2025\/10\/drops-safran-03-194x300.jpg 194w, https:\/\/siulubangos.lt\/wp-content\/uploads\/2025\/10\/drops-safran-03-600x929.jpg 600w, https:\/\/siulubangos.lt\/wp-content\/uploads\/2025\/10\/drops-safran-03-150x232.jpg 150w, https:\/\/siulubangos.lt\/wp-content\/uploads\/2025\/10\/drops-safran-03-517x800.jpg 517w, https:\/\/siulubangos.lt\/wp-content\/uploads\/2025\/10\/drops-safran-03-768x1189.jpg 768w, https:\/\/siulubangos.lt\/wp-content\/uploads\/2025\/10\/drops-safran-03.jpg 916w\" sizes=\"auto, (max-width: 194px) 100vw, 194px\" \/><\/a> <a href=\"https:\/\/siulubangos.lt\/wp-content\/uploads\/2025\/10\/drops-safran-05.jpg\"><img loading=\"lazy\" decoding=\"async\" class=\"alignnone size-medium wp-image-31460\" src=\"https:\/\/siulubangos.lt\/wp-content\/uploads\/2025\/10\/drops-safran-05-194x300.jpg\" alt=\"\" width=\"194\" height=\"300\" title=\"\" srcset=\"https:\/\/siulubangos.lt\/wp-content\/uploads\/2025\/10\/drops-safran-05-194x300.jpg 194w, https:\/\/siulubangos.lt\/wp-content\/uploads\/2025\/10\/drops-safran-05-600x929.jpg 600w, https:\/\/siulubangos.lt\/wp-content\/uploads\/2025\/10\/drops-safran-05-150x232.jpg 150w, https:\/\/siulubangos.lt\/wp-content\/uploads\/2025\/10\/drops-safran-05-517x800.jpg 517w, https:\/\/siulubangos.lt\/wp-content\/uploads\/2025\/10\/drops-safran-05-768x1189.jpg 768w, https:\/\/siulubangos.lt\/wp-content\/uploads\/2025\/10\/drops-safran-05.jpg 916w\" sizes=\"auto, (max-width: 194px) 100vw, 194px\" \/><\/a><\/h2>\n<p>Drops SAFRAN ir augstas kvalit\u0101tes, \u012bpa\u0161i smalka un iztur\u012bga dzija, kas izgatavota no t\u012bras \u0112\u0123iptes kokvilnas, kura ir slavena ar savu garo \u0161\u0137iedru, dabisko m\u012bkstumu un iztur\u012bbu. Safran dzija tiek uzskat\u012bta par vienu no lab\u0101kaj\u0101m kokviln\u0101m pasaul\u0113, un jau daudzus gadus ir viena no popul\u0101r\u0101kaj\u0101m ad\u012bt\u0101ju un tambor\u0113t\u0101ju izv\u0113l\u0113m.<\/p>\n<p>Dzijas tiek ra\u017eotas, izmantojot \u012bpa\u0161u v\u0113rp\u0161anas tehniku, kur\u0101 daudzi \u013coti pl\u0101ni pavedieni vispirms tiek sav\u012bti pa p\u0101riem un p\u0113c tam atkal sav\u012bti kop\u0101. \u0160is process pie\u0161\u0137ir pavedienam papildu iztur\u012bbu un stabilit\u0101ti, k\u0101 ar\u012b pal\u012bdz nov\u0113rst p\u012blingu veido\u0161anos. T\u0101 rezult\u0101t\u0101 trikot\u0101\u017eas audumi izskat\u0101s gl\u012bti, vienm\u0113r\u012bgi un ilgi kalpo pat tad, ja tos bie\u017ei valk\u0101 vai mazg\u0101.<\/p>\n<p>Drops SAFRAN ir pat\u012bkama, gluda virsmas tekst\u016bra, kas \u013cauj att\u0113lot gan vienk\u0101r\u0161us, gan sare\u017e\u0123\u012btus rakstus - a\u017e\u016brus, pinumus, faktur\u0113tus mot\u012bvus. \u0160\u012b dzija ne\u0161\u0137\u012bst, nekr\u012bt un nodro\u0161ina augstu precizit\u0101ti.<\/p>\n<h3>Kam tas ir?<\/h3>\n<p>\u0160\u012b ir \u013coti daudzpus\u012bga dzija, piem\u0113rota gan tambor\u0113\u0161anai, gan tambor\u0113\u0161anai ar sar\u017ea d\u016brienu. \u012apa\u0161i ieteicama:<\/p>\n<ul data-start=\"1222\" data-end=\"1483\">\n<li data-start=\"1222\" data-end=\"1284\">vasaras d\u017eemperiem, bl\u016bz\u0113m, tunik\u0101m un kleit\u0101m,<\/li>\n<li data-start=\"1285\" data-end=\"1355\">mazu\u013cu un b\u0113rnu ap\u0123\u0113rbu (m\u012bksts, elpojo\u0161s, \u0101dai draudz\u012bgs),<\/li>\n<li data-start=\"1356\" data-end=\"1391\">cepures, \u0161alles, aksesu\u0101ri,<\/li>\n<li data-start=\"1392\" data-end=\"1441\">m\u0101jas m\u0113beles - pakl\u0101ji, spilveni,<\/li>\n<li data-start=\"1442\" data-end=\"1483\">amigurumi un citas tambor\u0113tas rota\u013clietas.<\/li>\n<\/ul>\n<p>Pateicoties dab\u012bgaj\u0101m \u0161\u0137iedr\u0101m, Safran dzija ir elpojo\u0161a, labi novada mitrumu un ir \u0113rta pat silt\u0101s dien\u0101s.<\/p>\n<h3>Kr\u0101sas un stils<\/h3>\n<p>Pla\u0161a kr\u0101su izv\u0113le, kas \u013cauj rado\u0161i izpausties projektos. Piem\u0113rots vieglu, br\u012bvi piegulo\u0161u ap\u0123\u0113rbu \u0161\u016b\u0161anai. Lieliski sader ar Drops Kid-Silk, ja v\u0113laties bag\u0101tin\u0101t izstr\u0101d\u0101jumu un pie\u0161\u0137irt at\u0161\u0137ir\u012bgu efektu.<\/p>\n<h3>K\u0101p\u0113c ir v\u0113rts izv\u0113l\u0113ties?<\/h3>\n<ul>\n<li>Augstas kvalit\u0101tes \u0113\u0123iptie\u0161u kokvilna<\/li>\n<li>Iztur\u012bgs, iztur\u012bgs un iztur\u012bgs<\/li>\n<li>Elpojo\u0161a, dab\u012bga \u0161\u0137iedra<\/li>\n<li>Piem\u0113rots visda\u017e\u0101d\u0101kajiem projektiem - no ap\u0123\u0113rba l\u012bdz interjeram un rota\u013cliet\u0101m.<\/li>\n<li data-hveid=\"CAEICRAE\" data-complete=\"true\" data-sae=\"\">Lieliski atkl\u0101j rakstus un fakt\u016bras<\/li>\n<\/ul>\n<div id=\"gtx-trans\" style=\"position: absolute; left: 334px; top: 1032.48px;\">\n<div class=\"gtx-trans-icon\"><\/div>\n<\/div>","protected":false},"excerpt":{"rendered":"<p>Pilieni SAFRAN \u0112\u0123iptes kokvilnas dzija, ide\u0101li piem\u0113rota vasaras izstr\u0101d\u0101jumiem, b\u0113rnu ap\u0123\u0113rbiem un seg\u0101m. Rota\u013cliet\u0101m, aksesu\u0101riem vai m\u0101jas apr\u012bkojumam. Ide\u0101li piem\u0113rota ad\u012b\u0161anai un tambor\u0113\u0161anai.<\/p>","protected":false},"featured_media":31464,"comment_status":"open","ping_status":"closed","template":"","meta":{"_acf_changed":false},"product_brand":[559],"product_cat":[58,448,428,420,453,486,490],"product_tag":[594],"class_list":{"0":"post-30959","1":"product","2":"type-product","3":"status-publish","4":"has-post-thumbnail","6":"product_brand-drops","7":"product_cat-siulai-mezgimui","8":"product_cat-drops-siulai","9":"product_cat-gamintojas","10":"product_cat-medvilnes-siulai","11":"product_cat-nuolaidos","12":"product_cat-savybe","13":"product_cat-siulai-kudikiams","14":"product_tag-drops","15":"pa_pluostas-medvilne","16":"pa_spalva-01-drops-safran-dykumos-roze","17":"pa_spalva-02-drops-safran-rozine","18":"pa_spalva-04-drops-safran-salavijas","19":"pa_spalva-05-drops-safran-levanda","20":"pa_spalva-06-drops-safran-dzinso-melyna","21":"pa_spalva-07-drops-safran-sviesi-pilka","22":"pa_spalva-09-drops-fiesta-tamsiai-melyna","23":"pa_spalva-10-drops-safran-svelni-geltona","24":"pa_spalva-11-drops-safran-kiaulpieniu","25":"pa_spalva-12-drops-safran-persikine","26":"pa_spalva-13-drops-safran-avieciu-serbetas","27":"pa_spalva-16-drops-safran-juoda","28":"pa_spalva-17-drops-safran-balta","29":"pa_spalva-18-drops-safran-naturali-balta","30":"pa_spalva-19-drops-safran-raudona","31":"pa_spalva-21-drops-safran-rusva","32":"pa_spalva-22-drops-safran-migdolu","33":"pa_spalva-23-drops-safran-ruda","34":"pa_spalva-28-drops-safran-oranzine","35":"pa_spalva-30-drops-safran-turkio","36":"pa_spalva-31-drops-safran-obuoliu-zalia","37":"pa_spalva-50-drops-safran-sviesi-metine","38":"pa_spalva-51-drops-safran-ryski-turkio","39":"pa_spalva-56-drops-safran-rausva-pudra","40":"pa_spalva-57-drops-safran-sendinta-roze","41":"pa_spalva-58-drops-safran-ametistas","42":"pa_spalva-59-drops-safran-raudonas-molis","43":"pa_spalva-60-drops-safran-alyvuoge","44":"pa_spalva-62-drops-safran-citrina","45":"pa_spalva-63-drops-safran-juros-zalia","46":"pa_spalva-64-drops-safran-sviesus-smelis","47":"pa_spalva-65-drops-safran-pistaciju","48":"pa_spalva-66-drops-safran-garstyciu","49":"pa_spalva-67-drops-safran-moliugu","50":"pa_spalva-68-drops-safran-kavos-pupeliu","51":"pa_spalva-70-drops-safran-orchideja","52":"pa_spalva-71-drops-safran-marcipanas","53":"pa_spalva-72-drops-safran-kalkiu","54":"pa_spalva-73-drops-safran-kobalto-melyna","55":"pa_spalva-74-drops-safran-pistaciju-ledai","56":"pa_spalva-75-drops-safran-ryski-rozine","57":"pa_spalva-76-drops-safran-svelni-melsva","58":"pa_spalva-77-drops-safran-sviesi-rozine","59":"pa_spalva-78-drops-safran-misko-zalia","60":"pa_svoris-ilgis-50-g-160-m","62":"first","63":"instock","64":"sale","65":"taxable","66":"shipping-taxable","67":"purchasable","68":"product-type-variable"},"acf":[],"_links":{"self":[{"href":"https:\/\/siulubangos.lt\/lv\/wp-json\/wp\/v2\/product\/30959","targetHints":{"allow":["GET"]}}],"collection":[{"href":"https:\/\/siulubangos.lt\/lv\/wp-json\/wp\/v2\/product"}],"about":[{"href":"https:\/\/siulubangos.lt\/lv\/wp-json\/wp\/v2\/types\/product"}],"replies":[{"embeddable":true,"href":"https:\/\/siulubangos.lt\/lv\/wp-json\/wp\/v2\/comments?post=30959"}],"version-history":[{"count":0,"href":"https:\/\/siulubangos.lt\/lv\/wp-json\/wp\/v2\/product\/30959\/revisions"}],"wp:featuredmedia":[{"embeddable":true,"href":"https:\/\/siulubangos.lt\/lv\/wp-json\/wp\/v2\/media\/31464"}],"wp:attachment":[{"href":"https:\/\/siulubangos.lt\/lv\/wp-json\/wp\/v2\/media?parent=30959"}],"wp:term":[{"taxonomy":"product_brand","embeddable":true,"href":"https:\/\/siulubangos.lt\/lv\/wp-json\/wp\/v2\/product_brand?post=30959"},{"taxonomy":"product_cat","embeddable":true,"href":"https:\/\/siulubangos.lt\/lv\/wp-json\/wp\/v2\/product_cat?post=30959"},{"taxonomy":"product_tag","embeddable":true,"href":"https:\/\/siulubangos.lt\/lv\/wp-json\/wp\/v2\/product_tag?post=30959"}],"curies":[{"name":"wp","href":"https:\/\/api.w.org\/{rel}","templated":true}]}}