{"id":31683,"date":"2025-10-26T13:38:20","date_gmt":"2025-10-26T13:38:20","guid":{"rendered":"https:\/\/siulubangos.lt\/?post_type=product&#038;p=31683"},"modified":"2026-04-01T00:55:07","modified_gmt":"2026-03-31T21:55:07","slug":"cardiff-kasmira-mazais-100-kasmira-suves","status":"publish","type":"product","link":"https:\/\/siulubangos.lt\/lv\/parduotuve\/cardiff-cashmere-small-100-kasmyro-siulai\/","title":{"rendered":"Cardiff CASHMERE Small (100% ka\u0161mirs)"},"content":{"rendered":"<h2>Cardiff CASHMERE Small (100% ka\u0161mirs)<\/h2>\n<p>Cardiff Cashmere Small - <strong>smalks un grezns<\/strong> Ad\u0101mpavediens no 100% ka\u0161mira. Paredz\u0113ta tiem, kas nov\u0113rt\u0113 vieglu, izsmalcin\u0101tu tekst\u016bru un nevainojamu kvalit\u0101ti. Ide\u0101li piem\u0113rota ad\u012bjumiem un me\u017e\u0123\u012bn\u0113m, kur svar\u012bgs ir prec\u012bzs raksts, smalkas deta\u013cas vai viegls, smalks stils.<\/p>\n<h3>Funkcijas un \u0113rt\u012bbas:<\/h3>\n<ul>\n<li>Nep\u0101rsp\u0113jams maigums un ad\u012b\u0161anas prieks<\/li>\n<li>Gluds un stabils pavediens<\/li>\n<li>Elast\u012bba un forma<\/li>\n<li>Siltuma un viegluma l\u012bdzsvars<\/li>\n<\/ul>\n<h3>Ko ad\u012bt Cardiff CASHMERE Small?<\/h3>\n<p>Lieliski piem\u0113rots \u0161alles, lakati, viegli kardig\u0101ni, siltas bl\u016bzes. Mode\u013ciem, kuros svar\u012bga uzman\u012bba deta\u013c\u0101m: me\u017e\u0123\u012bn\u0113m, faktur\u0113tiem rakstiem, daudzsl\u0101\u0146ainiem elementiem. Kombin\u0113jams ar citiem diegiem, piem\u0113ram, Cardiff Cashmere PRIME. Apvienojot \u0161os divus greznos elementus, top meistardarbi.<\/p>\n<h3 data-start=\"1791\" data-end=\"1840\"><strong data-start=\"1791\" data-end=\"1840\">K\u0101p\u0113c izv\u0113l\u0113ties Cardiff CASHMERE Small?<\/strong><\/h3>\n<p>Dzija ir paredz\u0113ta ad\u012b\u0161anas entuziastiem, kuri v\u0113las, lai izstr\u0101d\u0101jums izskat\u012btos eleganti un grezni - dabiskais ka\u0161mira p\u016bkainums un maigums rada \u012bpa\u0161u saj\u016btu, kad tam pieskaras un to valk\u0101. Ka\u0161mira dzija ir viegla un ide\u0101li piem\u0113rota ap\u0123\u0113rbiem vai aksesu\u0101riem, kuriem svar\u012bgs vieglums. Ar prec\u012bzu apdari Small pied\u0101v\u0101 viengabalainu tekst\u016bru, kas \u013cauj smalki atveidot rakstus vai minim\u0101lisma strukt\u016bras.<\/p>\n<h3><strong style=\"color: #1b1919; font-size: 22px;\">Ad\u012bjumu kop\u0161ana:<\/strong><\/h3>\n<p>Lai saglab\u0101tu \u0161\u012bs dzijas skaistumu un \u012bpa\u0161\u012bbas, m\u0113s iesak\u0101m:<\/p>\n<ul>\n<li>mazg\u0101jiet ar rok\u0101m v\u0113s\u0101 \u016bden\u012b,<\/li>\n<li>Ka\u0161mira un vilnas izstr\u0101d\u0101jumus mazg\u0101jiet ar maigu mazg\u0101\u0161anas l\u012bdzekli,<\/li>\n<li>Izvairieties no sp\u0113c\u012bgas berz\u0113\u0161anas vai urb\u0161anas,<\/li>\n<li>\u017e\u0101v\u0113jiet horizont\u0101li uz dvie\u013ca, nenovietojot, lai nov\u0113rstu izstiep\u0161anos,<\/li>\n<li>Uzglab\u0101t mitruma un tie\u0161u saules staru aizseg\u0101.<\/li>\n<\/ul>","protected":false},"excerpt":{"rendered":"<p><strong>K\u0101rdifa CASHMERE Small<\/strong> - smalka grezn\u012bba j\u016bsu rok\u0101s. Dab\u012bg\u0101 ka\u0161mira dzija pie\u0161\u0137ir ad\u012bjumiem nep\u0101rsp\u0113jamu maigumu un vieglumu. Ide\u0101la izv\u0113le \u012bpa\u0161i kvalitat\u012bviem darbiem. Ide\u0101li piem\u0113rots \u0161alles, lakatu, vieglu d\u017eemperu, siltu bl\u016b\u017eu izgatavo\u0161anai. Mode\u013ciem, kuros svar\u012bgas deta\u013cas: me\u017e\u0123\u012bnes, fakt\u016bras raksti, sl\u0101\u0146aini elementi. Kombin\u0101cij\u0101 ar citiem diegiem, piem\u0113ram, Cardiff Cashmere PRIME, divu greznu elementu apvienojums rada \u0161edevrus.<\/p>\n<p>&nbsp;<\/p>\n<p>&nbsp;<\/p>","protected":false},"featured_media":31689,"comment_status":"open","ping_status":"closed","template":"","meta":{"_acf_changed":false},"product_brand":[755],"product_cat":[921,415,454,453,492,58],"product_tag":[919],"class_list":{"0":"post-31683","1":"product","2":"type-product","3":"status-publish","4":"has-post-thumbnail","6":"product_brand-cardiff","7":"product_cat-cardiff-siulai","8":"product_cat-kasmyro-vilnos-siulai","9":"product_cat-naujienos-siulai","10":"product_cat-nuolaidos","11":"product_cat-prabangus-siulai","12":"product_cat-siulai-mezgimui","13":"product_tag-cardiff","14":"pa_pluostas-kasmyras","15":"pa_spalva-501-cardiff-small-naturali-balta","16":"pa_spalva-516-cardiff-small-juoda","17":"pa_spalva-623-cardiff-small-balta","18":"pa_spalva-677-cardiff-small-svelni-metine","19":"pa_spalva-687-cardiff-small-svelni-pudra","20":"pa_spalva-695-cardiff-small-slyva","21":"pa_svoris-ilgis-25-g-170-m","23":"first","24":"instock","25":"sale","26":"taxable","27":"shipping-taxable","28":"purchasable","29":"product-type-variable"},"acf":[],"_links":{"self":[{"href":"https:\/\/siulubangos.lt\/lv\/wp-json\/wp\/v2\/product\/31683","targetHints":{"allow":["GET"]}}],"collection":[{"href":"https:\/\/siulubangos.lt\/lv\/wp-json\/wp\/v2\/product"}],"about":[{"href":"https:\/\/siulubangos.lt\/lv\/wp-json\/wp\/v2\/types\/product"}],"replies":[{"embeddable":true,"href":"https:\/\/siulubangos.lt\/lv\/wp-json\/wp\/v2\/comments?post=31683"}],"version-history":[{"count":0,"href":"https:\/\/siulubangos.lt\/lv\/wp-json\/wp\/v2\/product\/31683\/revisions"}],"wp:featuredmedia":[{"embeddable":true,"href":"https:\/\/siulubangos.lt\/lv\/wp-json\/wp\/v2\/media\/31689"}],"wp:attachment":[{"href":"https:\/\/siulubangos.lt\/lv\/wp-json\/wp\/v2\/media?parent=31683"}],"wp:term":[{"taxonomy":"product_brand","embeddable":true,"href":"https:\/\/siulubangos.lt\/lv\/wp-json\/wp\/v2\/product_brand?post=31683"},{"taxonomy":"product_cat","embeddable":true,"href":"https:\/\/siulubangos.lt\/lv\/wp-json\/wp\/v2\/product_cat?post=31683"},{"taxonomy":"product_tag","embeddable":true,"href":"https:\/\/siulubangos.lt\/lv\/wp-json\/wp\/v2\/product_tag?post=31683"}],"curies":[{"name":"wp","href":"https:\/\/api.w.org\/{rel}","templated":true}]}}