{"id":31715,"date":"2025-10-26T20:40:38","date_gmt":"2025-10-26T20:40:38","guid":{"rendered":"https:\/\/siulubangos.lt\/?post_type=product&#038;p=31715"},"modified":"2026-03-01T00:05:51","modified_gmt":"2026-02-28T22:05:51","slug":"opal-xl-frosty-ice-fliss-poliamids-8-iu-giju","status":"publish","type":"product","link":"https:\/\/siulubangos.lt\/lv\/parduotuve\/opal-xl-frosty-ice-vilna-poliamidas-8-iu-giju\/","title":{"rendered":"Opal XL FROSTY ICE (vilna, poliam\u012bds, 8 pavedieni)"},"content":{"rendered":"<h2>Opal XL FROSTY ICE (75% vilna, 25% poliam\u012bds)<\/h2>\n<p>Opal XLARGE FROSTY ICE - <strong>augsta kvalit\u0101te<\/strong> V\u0101cu ze\u0137u dzija ar m\u012bkstu, bet <strong>ar sp\u0113c\u012bg\u0101m \u0161\u0137iedr\u0101m<\/strong> un ziemas iedvesmoti to\u0146i. \u0160\u012b dzija ir ne tikai ide\u0101li piem\u0113rota ze\u0137u, bet ar\u012b d\u017eemperu, \u0161alles un cimdu izgatavo\u0161anai - visur, kur vien v\u0113laties siltumu un smalku kr\u0101su gradientus.<\/p>\n<h3>Praktiskums<\/h3>\n<p>Izgatavotas no 75% smalkas vilnas, 25% poliam\u012bda, kas padara t\u0101s iztur\u012bgas un iztur\u012bgas. Dzijas sast\u0101v\u0101 ir 8 pavedieni, t\u0101p\u0113c t\u0101 ir viegli ad\u0101ma - lieliska izv\u0113le ies\u0101c\u0113jiem vai tiem, kas v\u0113las \u0101tru rezult\u0101tu. Lieliskais 425 metru garums \u013caus jums viegli uzad\u012bt ze\u0137u p\u0101ri, un S\/M izm\u0113ra ze\u0137u ad\u012b\u0161anai jums b\u016bs nepiecie\u0161amas tikai 3 bumbi\u0146as.<\/p>\n<h3>K\u0101p\u0113c izv\u0113l\u0113ties Opal XL FROSTY ICE?<\/h3>\n<ul>\n<li>Iztur\u012bgs un iztur\u012bgs - ide\u0101li piem\u0113rots ze\u0137\u0113m.<\/li>\n<li>Superwash apstr\u0101de - var mazg\u0101t ve\u013casma\u0161\u012bn\u0101 (l\u012bdz 40 gr\u0101diem).<\/li>\n<li>Skaisti ad\u012bti raksti bez papildu darba - kr\u0101sas pa\u0161as rada unik\u0101lus rakstus.<\/li>\n<li>M\u012bksts, bet elast\u012bgs - \u0113rts pie \u0101das.<\/li>\n<\/ul>\n<div class=\"simg-pop-btn\" style=\"top: 87.5085px; left: 214.085px; display: none;\"><\/div>\n<div class=\"simg-pop-btn\" style=\"top: 396.557px; left: 214.085px; display: none;\"><\/div>\n<div class=\"simg-pop-btn\" style=\"top: 87.5085px; left: 14px; display: none;\"><\/div>\n<div class=\"simg-pop-btn\" style=\"top: 396.557px; left: 14px; display: none;\"><\/div>\n<div class=\"simg-pop-btn\" style=\"top: 396.557px; left: 14px; display: none;\"><\/div>\n<div class=\"simg-pop-btn\" style=\"top: 87.5085px; left: 14px; display: none;\"><\/div>\n<div class=\"simg-pop-btn\" style=\"top: 396.557px; left: 214.085px; display: none;\"><\/div>\n<div class=\"simg-pop-btn\" style=\"top: 396.557px; left: 14px; display: none;\"><\/div>\n<div class=\"simg-pop-btn\" style=\"top: 396.225px; left: 214.095px; display: none;\"><\/div>\n<div class=\"simg-pop-btn\" style=\"top: 87.4943px; left: 14px; display: none;\"><\/div>","protected":false},"excerpt":{"rendered":"<p><strong>Opal XL FROSTY ICE<\/strong> 8 pavedieni - m\u012bksti, sp\u0113c\u012bgi un silti, iedvesmojoties no ziemas svaiguma. T\u0101s maigie to\u0146i un maigais vilnas piesk\u0101riens rada m\u0101j\u012bgumu katr\u0101 ad\u012bjum\u0101. Ide\u0101la izv\u0113le silt\u0101m ze\u0137\u0113m un ziemas vakara darbiem.<\/p>\n<p>&nbsp;<\/p>","protected":false},"featured_media":31708,"comment_status":"open","ping_status":"closed","template":"","meta":{"_acf_changed":false},"product_brand":[763],"product_cat":[58,428,489,491,963,436,494,445],"product_tag":[964],"class_list":{"0":"post-31715","1":"product","2":"type-product","3":"status-publish","4":"has-post-thumbnail","6":"product_brand-opal","7":"product_cat-siulai-mezgimui","8":"product_cat-gamintojas","9":"product_cat-kojiniu-siulai","10":"product_cat-margi-spalvoti-siulai","11":"product_cat-opal-siulai","12":"product_cat-pusvilnes-siulai","13":"product_cat-skalbiama-vilna","14":"product_cat-vilnos-siulai","15":"product_tag-opal","16":"pa_spalva-opal-xlarge-frosty-ice-11350","17":"pa_spalva-opal-xlarge-frosty-ice-11351","18":"pa_spalva-opal-xlarge-frosty-ice-11352","19":"pa_spalva-opal-xlarge-frosty-ice-11353","20":"pa_spalva-opal-xlarge-frosty-ice-11354","21":"pa_spalva-opal-xlarge-frosty-ice-11355","22":"pa_svoris-ilgis-150-g-320-m","24":"first","25":"instock","26":"taxable","27":"shipping-taxable","28":"purchasable","29":"product-type-variable"},"acf":[],"_links":{"self":[{"href":"https:\/\/siulubangos.lt\/lv\/wp-json\/wp\/v2\/product\/31715","targetHints":{"allow":["GET"]}}],"collection":[{"href":"https:\/\/siulubangos.lt\/lv\/wp-json\/wp\/v2\/product"}],"about":[{"href":"https:\/\/siulubangos.lt\/lv\/wp-json\/wp\/v2\/types\/product"}],"replies":[{"embeddable":true,"href":"https:\/\/siulubangos.lt\/lv\/wp-json\/wp\/v2\/comments?post=31715"}],"version-history":[{"count":0,"href":"https:\/\/siulubangos.lt\/lv\/wp-json\/wp\/v2\/product\/31715\/revisions"}],"wp:featuredmedia":[{"embeddable":true,"href":"https:\/\/siulubangos.lt\/lv\/wp-json\/wp\/v2\/media\/31708"}],"wp:attachment":[{"href":"https:\/\/siulubangos.lt\/lv\/wp-json\/wp\/v2\/media?parent=31715"}],"wp:term":[{"taxonomy":"product_brand","embeddable":true,"href":"https:\/\/siulubangos.lt\/lv\/wp-json\/wp\/v2\/product_brand?post=31715"},{"taxonomy":"product_cat","embeddable":true,"href":"https:\/\/siulubangos.lt\/lv\/wp-json\/wp\/v2\/product_cat?post=31715"},{"taxonomy":"product_tag","embeddable":true,"href":"https:\/\/siulubangos.lt\/lv\/wp-json\/wp\/v2\/product_tag?post=31715"}],"curies":[{"name":"wp","href":"https:\/\/api.w.org\/{rel}","templated":true}]}}