{"id":31738,"date":"2025-10-28T11:21:49","date_gmt":"2025-10-28T11:21:49","guid":{"rendered":"https:\/\/siulubangos.lt\/?post_type=product&#038;p=31738"},"modified":"2026-03-01T00:05:50","modified_gmt":"2026-02-28T22:05:50","slug":"opal-regenwald-19-vilna-poliamidas-6-iu-giju","status":"publish","type":"product","link":"https:\/\/siulubangos.lt\/lv\/parduotuve\/opal-regenwald-19-vilna-poliamidas-6-iu-giju\/","title":{"rendered":"Opal REGENWALD 19 (vilna, poliam\u012bds, 6-v\u012bt\u0146u)"},"content":{"rendered":"<h2>Opal REGENWALD 19 (75% vilna, 25% poliamidas)<\/h2>\n<p>REGENWALD 19 si\u016blai &#8211; tai kelion\u0117 \u012f tropini\u0173 mi\u0161k\u0173 spalving\u0105 pasaul\u012f, kuriame galite patirti megzdami. \u0160i kolekcija ne tik \u017eavi ak\u012f, bet ir suteikia \u0161ilumos bei komfort\u0105 su kiekviena mezgimo akimi. Pagaminti Vokietijoje, \u0161ie kojininiai si\u016blai gars\u0117ja auk\u0161\u010diausia kokybe, patvarkumu ir ilgaam\u017ei\u0161kumu.<\/p>\n<h3>Sud\u0117tis ir prakti\u0161kumas<\/h3>\n<p>Pagaminti i\u0161 75% vilnos, 25% poliamido,\u00a0 o tai rei\u0161kia, kad gaminys i\u0161 \u0161i\u0173 si\u016bl\u0173 bus patvarus ir ilgaam\u017eis. Ritin\u0117lyje 150 g. yra apie 420 metr\u0173, pakanka vienoms suaugusio kojin\u0117ms. Ra\u0161t\u0173 \u012fvairov\u0117 leis sukurti \u012fstabaus gro\u017eio kojines ar kitus mezginius.<\/p>\n<h3>Kod\u0117l verta rinktis Opal REGENWALD 19?<\/h3>\n<p>Kiekvienas kamuoliukas sukurtas taip, kad spalvos nat\u016braliai formuot\u0173 \u012fsp\u016bding\u0105 ra\u0161t\u0105 &#8211; jums tereikia megzti, o stebuklas atsiskleis pats.<\/p>\n<p>Kiekviena pora kojini\u0173 tampa unikaliu meno k\u016briniu, kuris patiks ne tik jums, bet ir visiems aplinkiniams.<\/p>\n<div class=\"simg-pop-btn\" style=\"top: 87.5085px; left: 214.085px; display: none;\"><\/div>\n<div class=\"simg-pop-btn\" style=\"top: 396.557px; left: 214.085px; display: none;\"><\/div>\n<div class=\"simg-pop-btn\" style=\"top: 87.5085px; left: 14px; display: none;\"><\/div>\n<div class=\"simg-pop-btn\" style=\"top: 396.557px; left: 14px; display: none;\"><\/div>\n<div class=\"simg-pop-btn\" style=\"top: 396.557px; left: 14px; display: none;\"><\/div>\n<div class=\"simg-pop-btn\" style=\"top: 87.5085px; left: 14px; display: none;\"><\/div>\n<div class=\"simg-pop-btn\" style=\"top: 396.557px; left: 214.085px; display: none;\"><\/div>\n<div class=\"simg-pop-btn\" style=\"top: 396.557px; left: 14px; display: none;\"><\/div>\n<div class=\"simg-pop-btn\" style=\"top: 396.225px; left: 214.095px; display: none;\"><\/div>\n<div class=\"simg-pop-btn\" style=\"top: 87.4943px; left: 14px; display: none;\"><\/div>\n<div class=\"simg-pop-btn\" style=\"top: 396.225px; left: 214.095px; display: none;\"><\/div>\n<div class=\"simg-pop-btn\" style=\"top: 1013.69px; left: 214.095px; display: none;\"><\/div>\n<div class=\"simg-pop-btn\" style=\"top: 1013.69px; left: 14px; display: none;\"><\/div>\n<div class=\"simg-pop-btn\" style=\"top: 396.225px; left: 14px; display: none;\"><\/div>","protected":false},"excerpt":{"rendered":"<p>Opal REGENWALD 19 (6-i\u0173 gij\u0173) &#8211; tai spalvingas, patvarus ir atsakingai pagamintas si\u016blas, kuris suteiks j\u016bs\u0173 mezginiams gyvybingumo, \u0161ilumos ir nat\u016bralaus \u017eavesio. Puikus pasirinkimas kas vertin\u0105 kokyb\u0119. Svarbi detal\u0117, pirkdami REGENWALD 19, prisidedate prie gamtos apsaugos projekt\u0173 visame pasaulyje. Taigi megzdami ne tik kuriate nuostabius k\u016brinius, bet ir saugote m\u016bs\u0173 planet\u0105.<\/p>","protected":false},"featured_media":31728,"comment_status":"open","ping_status":"closed","template":"","meta":{"_acf_changed":false},"product_brand":[763],"product_cat":[58,428,489,491,963,436,494,445],"product_tag":[964],"class_list":{"0":"post-31738","1":"product","2":"type-product","3":"status-publish","4":"has-post-thumbnail","6":"product_brand-opal","7":"product_cat-siulai-mezgimui","8":"product_cat-gamintojas","9":"product_cat-kojiniu-siulai","10":"product_cat-margi-spalvoti-siulai","11":"product_cat-opal-siulai","12":"product_cat-pusvilnes-siulai","13":"product_cat-skalbiama-vilna","14":"product_cat-vilnos-siulai","15":"product_tag-opal","16":"pa_spalva-opal-regenwald19-11340","17":"pa_spalva-opal-regenwald19-11341","18":"pa_spalva-opal-regenwald19-11342","19":"pa_spalva-opal-regenwald19-11343","20":"pa_spalva-opal-regenwald19-11344","21":"pa_spalva-opal-regenwald19-11345","22":"pa_spalva-opal-regenwald19-11346","23":"pa_spalva-opal-regenwald19-11347","24":"pa_svoris-ilgis-150-g-420-m","26":"first","27":"instock","28":"taxable","29":"shipping-taxable","30":"purchasable","31":"product-type-variable"},"acf":[],"_links":{"self":[{"href":"https:\/\/siulubangos.lt\/lv\/wp-json\/wp\/v2\/product\/31738","targetHints":{"allow":["GET"]}}],"collection":[{"href":"https:\/\/siulubangos.lt\/lv\/wp-json\/wp\/v2\/product"}],"about":[{"href":"https:\/\/siulubangos.lt\/lv\/wp-json\/wp\/v2\/types\/product"}],"replies":[{"embeddable":true,"href":"https:\/\/siulubangos.lt\/lv\/wp-json\/wp\/v2\/comments?post=31738"}],"version-history":[{"count":0,"href":"https:\/\/siulubangos.lt\/lv\/wp-json\/wp\/v2\/product\/31738\/revisions"}],"wp:featuredmedia":[{"embeddable":true,"href":"https:\/\/siulubangos.lt\/lv\/wp-json\/wp\/v2\/media\/31728"}],"wp:attachment":[{"href":"https:\/\/siulubangos.lt\/lv\/wp-json\/wp\/v2\/media?parent=31738"}],"wp:term":[{"taxonomy":"product_brand","embeddable":true,"href":"https:\/\/siulubangos.lt\/lv\/wp-json\/wp\/v2\/product_brand?post=31738"},{"taxonomy":"product_cat","embeddable":true,"href":"https:\/\/siulubangos.lt\/lv\/wp-json\/wp\/v2\/product_cat?post=31738"},{"taxonomy":"product_tag","embeddable":true,"href":"https:\/\/siulubangos.lt\/lv\/wp-json\/wp\/v2\/product_tag?post=31738"}],"curies":[{"name":"wp","href":"https:\/\/api.w.org\/{rel}","templated":true}]}}