{"id":31851,"date":"2025-10-28T14:09:28","date_gmt":"2025-10-28T14:09:28","guid":{"rendered":"https:\/\/siulubangos.lt\/?post_type=product&#038;p=31851"},"modified":"2026-03-30T23:01:28","modified_gmt":"2026-03-30T20:01:28","slug":"katia-ecolife-ribbon-dzija","status":"publish","type":"product","link":"https:\/\/siulubangos.lt\/lv\/parduotuve\/katia-ecolife-ribbon-viskoze-nerimo-virveles\/","title":{"rendered":"Katia ECOLIFE RIBBON (viskoze)"},"content":{"rendered":"<h2>Katia ECOLIFE RIBBON (80% viskoze, 20% p\u0101rstr\u0101d\u0101ta viskoze)<\/h2>\n<p><a href=\"https:\/\/siulubangos.lt\/wp-content\/uploads\/2025\/10\/katia-ecolife-ribbon-5.jpg\"><img loading=\"lazy\" decoding=\"async\" class=\"alignnone size-medium wp-image-31847\" src=\"https:\/\/siulubangos.lt\/wp-content\/uploads\/2025\/10\/katia-ecolife-ribbon-5-300x300.jpg\" alt=\"\" width=\"300\" height=\"300\" title=\"\" srcset=\"https:\/\/siulubangos.lt\/wp-content\/uploads\/2025\/10\/katia-ecolife-ribbon-5-300x300.jpg 300w, https:\/\/siulubangos.lt\/wp-content\/uploads\/2025\/10\/katia-ecolife-ribbon-5-600x600.jpg 600w, https:\/\/siulubangos.lt\/wp-content\/uploads\/2025\/10\/katia-ecolife-ribbon-5-150x150.jpg 150w, https:\/\/siulubangos.lt\/wp-content\/uploads\/2025\/10\/katia-ecolife-ribbon-5-1200x1200.jpg 1200w, https:\/\/siulubangos.lt\/wp-content\/uploads\/2025\/10\/katia-ecolife-ribbon-5-800x800.jpg 800w, https:\/\/siulubangos.lt\/wp-content\/uploads\/2025\/10\/katia-ecolife-ribbon-5-768x768.jpg 768w, https:\/\/siulubangos.lt\/wp-content\/uploads\/2025\/10\/katia-ecolife-ribbon-5.jpg 1500w\" sizes=\"auto, (max-width: 300px) 100vw, 300px\" \/><\/a> <a href=\"https:\/\/siulubangos.lt\/wp-content\/uploads\/2025\/10\/katia-ecolife-ribbon-3.jpg\"><img loading=\"lazy\" decoding=\"async\" class=\"alignnone size-medium wp-image-31845\" src=\"https:\/\/siulubangos.lt\/wp-content\/uploads\/2025\/10\/katia-ecolife-ribbon-3-300x300.jpg\" alt=\"\" width=\"300\" height=\"300\" title=\"\" srcset=\"https:\/\/siulubangos.lt\/wp-content\/uploads\/2025\/10\/katia-ecolife-ribbon-3-300x300.jpg 300w, https:\/\/siulubangos.lt\/wp-content\/uploads\/2025\/10\/katia-ecolife-ribbon-3-600x600.jpg 600w, https:\/\/siulubangos.lt\/wp-content\/uploads\/2025\/10\/katia-ecolife-ribbon-3-150x150.jpg 150w, https:\/\/siulubangos.lt\/wp-content\/uploads\/2025\/10\/katia-ecolife-ribbon-3-1200x1200.jpg 1200w, https:\/\/siulubangos.lt\/wp-content\/uploads\/2025\/10\/katia-ecolife-ribbon-3-800x800.jpg 800w, https:\/\/siulubangos.lt\/wp-content\/uploads\/2025\/10\/katia-ecolife-ribbon-3-768x768.jpg 768w, https:\/\/siulubangos.lt\/wp-content\/uploads\/2025\/10\/katia-ecolife-ribbon-3.jpg 1500w\" sizes=\"auto, (max-width: 300px) 100vw, 300px\" \/><\/a> <a href=\"https:\/\/siulubangos.lt\/wp-content\/uploads\/2025\/10\/katia-ecolife-ribbon-1.jpg\"><img loading=\"lazy\" decoding=\"async\" class=\"alignnone size-medium wp-image-31843\" src=\"https:\/\/siulubangos.lt\/wp-content\/uploads\/2025\/10\/katia-ecolife-ribbon-1-300x300.jpg\" alt=\"\" width=\"300\" height=\"300\" title=\"\" srcset=\"https:\/\/siulubangos.lt\/wp-content\/uploads\/2025\/10\/katia-ecolife-ribbon-1-300x300.jpg 300w, https:\/\/siulubangos.lt\/wp-content\/uploads\/2025\/10\/katia-ecolife-ribbon-1-600x600.jpg 600w, https:\/\/siulubangos.lt\/wp-content\/uploads\/2025\/10\/katia-ecolife-ribbon-1-150x150.jpg 150w, https:\/\/siulubangos.lt\/wp-content\/uploads\/2025\/10\/katia-ecolife-ribbon-1-1200x1200.jpg 1200w, https:\/\/siulubangos.lt\/wp-content\/uploads\/2025\/10\/katia-ecolife-ribbon-1-800x800.jpg 800w, https:\/\/siulubangos.lt\/wp-content\/uploads\/2025\/10\/katia-ecolife-ribbon-1-768x768.jpg 768w, https:\/\/siulubangos.lt\/wp-content\/uploads\/2025\/10\/katia-ecolife-ribbon-1.jpg 1500w\" sizes=\"auto, (max-width: 300px) 100vw, 300px\" \/><\/a><\/p>\n<p data-start=\"0\" data-end=\"351\">Atkl\u0101jiet Katia ECOLIFE lenti - <strong>organiskais<\/strong> alternat\u012bva j\u016bsu aksesu\u0101ru un m\u0101jas dekoru idej\u0101m. Viegl\u0101ka nek\u0101 tradicion\u0101lais T-krekls, \u0161\u012b viskozes viskozes lentes dzija ir unik\u0101la stila un ilgtsp\u0113jas kombin\u0101cija. T\u0101 sast\u0101v no 80% ECOVERO - GRS sertific\u0113tas viskozes no ilgtsp\u0113j\u012bgiem un kontrol\u0113tiem avotiem - un 20% p\u0101rstr\u0101d\u0101tas viskozes.<\/p>\n<h3>K\u0101p\u0113c izv\u0113l\u0113ties Katia ECOLIFE RIBBON?<\/h3>\n<ul>\n<li>Viegl\u0101ka nek\u0101 tradicion\u0101l\u0101 ad\u012bt\u0101 dzija.<\/li>\n<li>Satur ilgtsp\u0113j\u012bgas un p\u0101rstr\u0101d\u0101tas \u0161\u0137iedras.<\/li>\n<li>GRS UN ECOVERO sertifik\u0101ts - uzticama ekolo\u0123isk\u0101 veiktsp\u0113ja.<\/li>\n<li>Ide\u0101la izv\u0113le som\u0101m, pakl\u0101ji\u0146iem, rokassomi\u0146\u0101m, interjera akcentiem.<\/li>\n<li>Viena bumbi\u0146a vienam stil\u012bgam projektam (150 g ir pietiekami, lai izveidotu elegantu rokassomu vai saj\u016bgu).<\/li>\n<\/ul>\n<div class=\"simg-pop-btn\" style=\"top: 87.5104px; left: 14px; display: none;\"><\/div>\n<div class=\"simg-pop-btn\" style=\"top: 87.5104px; left: 14px; display: none;\"><\/div>\n<div class=\"simg-pop-btn\" style=\"top: 87.5104px; left: 317.865px; display: none;\"><\/div>\n<div class=\"simg-pop-btn\" style=\"top: 87.5104px; left: 14px; display: none;\"><\/div>\n<div class=\"simg-pop-btn\" style=\"top: 121.104px; left: 317.865px; display: none;\"><\/div>","protected":false},"excerpt":{"rendered":"<p data-start=\"353\" data-end=\"547\">Radiet ilgtsp\u0113j\u012bgi un atraisiet savu rado\u0161umu ar Katia ECOLIEFE RIBBON. Ar vienu 150 g smagu ad\u012btu sloksn\u012b\u0161u bumbi\u0146u pietiek, lai izveidotu elegantu rokassomi\u0146u vai saj\u016bgu.<\/p>\n<p data-start=\"353\" data-end=\"547\">","protected":false},"featured_media":31841,"comment_status":"open","ping_status":"closed","template":"","meta":{"_acf_changed":false},"product_brand":[556],"product_cat":[58,428,449,2062,453,429,444],"product_tag":[307],"class_list":{"0":"post-31851","1":"product","2":"type-product","3":"status-publish","4":"has-post-thumbnail","6":"product_brand-katia","7":"product_cat-siulai-mezgimui","8":"product_cat-gamintojas","9":"product_cat-katia-siulai","10":"product_cat-nerimo-virveles","11":"product_cat-nuolaidos","12":"product_cat-sudetis","13":"product_cat-viskozes-siulai","14":"product_tag-katia","15":"pa_pluostas-siulai-su-viskoze","16":"pa_spalva-100-katia-ecolife-ribbon-balta-rc","17":"pa_spalva-102-katia-ecolife-ribbon-pilka-rc","18":"pa_spalva-104-katia-ecolife-ribbon-tamsiai-melyna-rc","19":"pa_spalva-105-katia-ecolife-ribbon-terakota-rc","20":"pa_spalva-110-katia-ecolife-ribbon-raudona-rc","21":"pa_spalva-111-katia-ecolife-ribbon-koraline-rc","22":"pa_spalva-112-katia-ecolife-ribbon-rozine-rc","23":"pa_spalva-113-katia-ecolife-ribbon-fukcija-rc","24":"pa_spalva-114-katia-ecolife-ribbon-baklazano-rc","25":"pa_spalva-116-katia-ecolife-ribbon-sviesiai-melyna-rc","26":"pa_spalva-117-katia-ecolife-ribbon-pilkai-melyna-rc","27":"pa_svoris-ilgis-150-g-112-m","29":"first","30":"instock","31":"sale","32":"taxable","33":"shipping-taxable","34":"purchasable","35":"product-type-variable"},"acf":[],"_links":{"self":[{"href":"https:\/\/siulubangos.lt\/lv\/wp-json\/wp\/v2\/product\/31851","targetHints":{"allow":["GET"]}}],"collection":[{"href":"https:\/\/siulubangos.lt\/lv\/wp-json\/wp\/v2\/product"}],"about":[{"href":"https:\/\/siulubangos.lt\/lv\/wp-json\/wp\/v2\/types\/product"}],"replies":[{"embeddable":true,"href":"https:\/\/siulubangos.lt\/lv\/wp-json\/wp\/v2\/comments?post=31851"}],"version-history":[{"count":0,"href":"https:\/\/siulubangos.lt\/lv\/wp-json\/wp\/v2\/product\/31851\/revisions"}],"wp:featuredmedia":[{"embeddable":true,"href":"https:\/\/siulubangos.lt\/lv\/wp-json\/wp\/v2\/media\/31841"}],"wp:attachment":[{"href":"https:\/\/siulubangos.lt\/lv\/wp-json\/wp\/v2\/media?parent=31851"}],"wp:term":[{"taxonomy":"product_brand","embeddable":true,"href":"https:\/\/siulubangos.lt\/lv\/wp-json\/wp\/v2\/product_brand?post=31851"},{"taxonomy":"product_cat","embeddable":true,"href":"https:\/\/siulubangos.lt\/lv\/wp-json\/wp\/v2\/product_cat?post=31851"},{"taxonomy":"product_tag","embeddable":true,"href":"https:\/\/siulubangos.lt\/lv\/wp-json\/wp\/v2\/product_tag?post=31851"}],"curies":[{"name":"wp","href":"https:\/\/api.w.org\/{rel}","templated":true}]}}