{"id":32002,"date":"2025-10-29T19:38:58","date_gmt":"2025-10-29T19:38:58","guid":{"rendered":"https:\/\/siulubangos.lt\/?post_type=product&#038;p=32002"},"modified":"2026-04-16T20:03:10","modified_gmt":"2026-04-16T17:03:10","slug":"concept-by-katia-merino-baby-dzija","status":"publish","type":"product","link":"https:\/\/siulubangos.lt\/lv\/parduotuve\/concept-by-katia-merino-baby-100-merino-vilna\/","title":{"rendered":"Concept by Katia MERINO BABY (100% merino vilna)"},"content":{"rendered":"<h2><span dir=\"auto\" style=\"vertical-align: inherit;\"><span dir=\"auto\" style=\"vertical-align: inherit;\"><span dir=\"auto\" style=\"vertical-align: inherit;\"><span dir=\"auto\" style=\"vertical-align: inherit;\">Katia MERINO BABY (100 % merino vilna)<\/span><\/span><\/span><\/span><\/h2>\n<p><a href=\"https:\/\/siulubangos.lt\/wp-content\/uploads\/2025\/10\/katia-merino-baby-6.jpg\"><img loading=\"lazy\" decoding=\"async\" class=\"alignnone size-medium wp-image-32001\" src=\"https:\/\/siulubangos.lt\/wp-content\/uploads\/2025\/10\/katia-merino-baby-6-300x300.jpg\" alt=\"\" width=\"300\" height=\"300\" title=\"\" srcset=\"https:\/\/siulubangos.lt\/wp-content\/uploads\/2025\/10\/katia-merino-baby-6-300x300.jpg 300w, https:\/\/siulubangos.lt\/wp-content\/uploads\/2025\/10\/katia-merino-baby-6-600x600.jpg 600w, https:\/\/siulubangos.lt\/wp-content\/uploads\/2025\/10\/katia-merino-baby-6-150x150.jpg 150w, https:\/\/siulubangos.lt\/wp-content\/uploads\/2025\/10\/katia-merino-baby-6-1200x1200.jpg 1200w, https:\/\/siulubangos.lt\/wp-content\/uploads\/2025\/10\/katia-merino-baby-6-800x800.jpg 800w, https:\/\/siulubangos.lt\/wp-content\/uploads\/2025\/10\/katia-merino-baby-6-768x768.jpg 768w, https:\/\/siulubangos.lt\/wp-content\/uploads\/2025\/10\/katia-merino-baby-6.jpg 1500w\" sizes=\"auto, (max-width: 300px) 100vw, 300px\" \/><\/a> <a href=\"https:\/\/siulubangos.lt\/wp-content\/uploads\/2025\/10\/katia-merino-baby-5.jpg\"><img loading=\"lazy\" decoding=\"async\" class=\"alignnone size-medium wp-image-32000\" src=\"https:\/\/siulubangos.lt\/wp-content\/uploads\/2025\/10\/katia-merino-baby-5-300x300.jpg\" alt=\"\" width=\"300\" height=\"300\" title=\"\" srcset=\"https:\/\/siulubangos.lt\/wp-content\/uploads\/2025\/10\/katia-merino-baby-5-300x300.jpg 300w, https:\/\/siulubangos.lt\/wp-content\/uploads\/2025\/10\/katia-merino-baby-5-600x600.jpg 600w, https:\/\/siulubangos.lt\/wp-content\/uploads\/2025\/10\/katia-merino-baby-5-150x150.jpg 150w, https:\/\/siulubangos.lt\/wp-content\/uploads\/2025\/10\/katia-merino-baby-5-1200x1200.jpg 1200w, https:\/\/siulubangos.lt\/wp-content\/uploads\/2025\/10\/katia-merino-baby-5-800x800.jpg 800w, https:\/\/siulubangos.lt\/wp-content\/uploads\/2025\/10\/katia-merino-baby-5-768x768.jpg 768w, https:\/\/siulubangos.lt\/wp-content\/uploads\/2025\/10\/katia-merino-baby-5.jpg 1500w\" sizes=\"auto, (max-width: 300px) 100vw, 300px\" \/><\/a> <a href=\"https:\/\/siulubangos.lt\/wp-content\/uploads\/2025\/10\/katia-merino-baby-4.jpg\"><img loading=\"lazy\" decoding=\"async\" class=\"alignnone size-medium wp-image-31999\" src=\"https:\/\/siulubangos.lt\/wp-content\/uploads\/2025\/10\/katia-merino-baby-4-300x300.jpg\" alt=\"\" width=\"300\" height=\"300\" title=\"\" srcset=\"https:\/\/siulubangos.lt\/wp-content\/uploads\/2025\/10\/katia-merino-baby-4-300x300.jpg 300w, https:\/\/siulubangos.lt\/wp-content\/uploads\/2025\/10\/katia-merino-baby-4-600x600.jpg 600w, https:\/\/siulubangos.lt\/wp-content\/uploads\/2025\/10\/katia-merino-baby-4-150x150.jpg 150w, https:\/\/siulubangos.lt\/wp-content\/uploads\/2025\/10\/katia-merino-baby-4-1200x1200.jpg 1200w, https:\/\/siulubangos.lt\/wp-content\/uploads\/2025\/10\/katia-merino-baby-4-800x800.jpg 800w, https:\/\/siulubangos.lt\/wp-content\/uploads\/2025\/10\/katia-merino-baby-4-768x768.jpg 768w, https:\/\/siulubangos.lt\/wp-content\/uploads\/2025\/10\/katia-merino-baby-4.jpg 1500w\" sizes=\"auto, (max-width: 300px) 100vw, 300px\" \/><\/a> <a href=\"https:\/\/siulubangos.lt\/wp-content\/uploads\/2025\/10\/katia-merino-baby-3.jpg\"><img loading=\"lazy\" decoding=\"async\" class=\"alignnone size-medium wp-image-31998\" src=\"https:\/\/siulubangos.lt\/wp-content\/uploads\/2025\/10\/katia-merino-baby-3-300x300.jpg\" alt=\"\" width=\"300\" height=\"300\" title=\"\" srcset=\"https:\/\/siulubangos.lt\/wp-content\/uploads\/2025\/10\/katia-merino-baby-3-300x300.jpg 300w, https:\/\/siulubangos.lt\/wp-content\/uploads\/2025\/10\/katia-merino-baby-3-600x600.jpg 600w, https:\/\/siulubangos.lt\/wp-content\/uploads\/2025\/10\/katia-merino-baby-3-150x150.jpg 150w, https:\/\/siulubangos.lt\/wp-content\/uploads\/2025\/10\/katia-merino-baby-3-1200x1200.jpg 1200w, https:\/\/siulubangos.lt\/wp-content\/uploads\/2025\/10\/katia-merino-baby-3-800x800.jpg 800w, https:\/\/siulubangos.lt\/wp-content\/uploads\/2025\/10\/katia-merino-baby-3-768x768.jpg 768w, https:\/\/siulubangos.lt\/wp-content\/uploads\/2025\/10\/katia-merino-baby-3.jpg 1500w\" sizes=\"auto, (max-width: 300px) 100vw, 300px\" \/><\/a><\/p>\n<p>Concept by Katia MERINO BABY - veidojiet ar m\u012blest\u012bbu un r\u016bp\u012bbu, izv\u0113loties \u0161o neticami m\u012bksto un kvalitat\u012bvo 100 \u201dextrafine\u201d merino vilnas dziju. \u0160\u012b dzija ir izstr\u0101d\u0101ta, dom\u0101jot par z\u012bdai\u0146iem, un t\u0101 ir ide\u0101li piem\u0113rota jut\u012bgai \u0101dai un nerada kairin\u0101jumu.<\/p>\n<h3>K\u0101p\u0113c izv\u0113l\u0113ties Concept by Katia MERINO BABY?<\/h3>\n<ul>\n<li data-start=\"430\" data-end=\"542\">\u012apa\u0161i m\u012bksta: dzija ir izgatavota no 100 % \u201dextrafine\" merino vilnas, kas ir daudz smalk\u0101ka nek\u0101 parasta vilna, t\u0101p\u0113c t\u0101 nekaitina un ir ide\u0101li piem\u0113rota z\u012bdai\u0146u jut\u012bgai \u0101dai.<\/li>\n<li data-start=\"430\" data-end=\"542\">Viegla kop\u0161ana: pateicoties Total Easy Care tehnolo\u0123ijai, dziju var mazg\u0101t ve\u013cas ma\u0161\u012bn\u0101 un \u017e\u0101v\u0113t ve\u013cas \u017e\u0101v\u0113t\u0101j\u0101 zem\u0101 temperat\u016br\u0101, nezaud\u0113jot t\u0101s m\u012bkstumu un kvalit\u0101ti.<\/li>\n<li data-start=\"430\" data-end=\"542\">Lieliska termoregul\u0101cija: merino vilnai piem\u012bt unik\u0101la sp\u0113ja piel\u0101goties \u0137erme\u0146a temperat\u016brai - t\u0101 sasilda, kad ir auksti, un atv\u0113sina, kad ir silti, t\u0101p\u0113c t\u0101 ir piem\u0113rota valk\u0101\u0161anai visu gadu.<\/li>\n<li data-hveid=\"CAEIBhAA\" data-sae=\"\">Daudzpus\u012bba: lai gan \u0161o dziju sauc par \u201dBaby\u201d, t\u0101 ir piem\u0113rota ne tikai b\u0113rnu ap\u0123\u0113rbiem, bet ar\u012b m\u0101j\u012bgiem, m\u012bkstiem ad\u012bjumiem pieaugu\u0161ajiem - d\u017eemperiem, \u0161all\u0113m un citiem aksesu\u0101riem.<\/li>\n<li data-hveid=\"CAEIBhAA\" data-sae=\"\">Videi draudz\u012bga: merino vilna ir dabiska \u0161\u0137iedra, kas ir biolo\u0123iski no\u0101rd\u0101ma, t\u0101p\u0113c t\u0101 ir ilgtsp\u0113j\u012bga izv\u0113le. T\u0101 ir ar\u012b dabiski iztur\u012bga pret traipiem un smak\u0101m, t\u0101p\u0113c trikot\u0101\u017eas ap\u0123\u0113rbu var mazg\u0101t ret\u0101k.<\/li>\n<\/ul>\n<h3><strong>Svar\u012bgi!<\/strong><\/h3>\n<p data-start=\"0\" data-end=\"338\"><strong data-start=\"0\" data-end=\"42\">GOTS (Glob\u0101lais biolo\u0123isk\u0101s tekstilizstr\u0101d\u0101jumu standarts)<\/strong> sertifik\u0101cija ir pasaul\u0113 vado\u0161ais standarts tekstilizstr\u0101d\u0101jumiem, kas izgatavoti no biolo\u0123iskaj\u0101 lauksaimniec\u012bb\u0101 ieg\u016bt\u0101m \u0161\u0137iedr\u0101m.<br data-start=\"176\" data-end=\"179\" data-is-only-node=\"\" \/>Taj\u0101 ir noteiktas skaidras pras\u012bbas vides aizsardz\u012bbas nodro\u0161in\u0101\u0161anai vis\u0101 biolo\u0123isko tekstilizstr\u0101d\u0101jumu pieg\u0101des \u0137\u0113d\u0113, vienlaikus iev\u0113rojot soci\u0101l\u0101s atbild\u012bbas principus.<\/p>\n<p data-start=\"340\" data-end=\"554\" data-is-last-node=\"\" data-is-only-node=\"\"><strong data-start=\"340\" data-end=\"375\">Pasaules biolo\u0123isk\u0101 tekstila standarts<\/strong> Garant\u0113 vilnas un kokvilnas izsekojam\u012bbu no izcelsmes l\u012bdz galapat\u0113r\u0113t\u0101jam un nodro\u0161ina, ka izmantot\u0101s kr\u0101svielas atbilst ekolo\u0123iskaj\u0101m un biolo\u0123isk\u0101s no\u0101rd\u012b\u0161an\u0101s pras\u012bb\u0101m.<\/p>\n<div class=\"simg-pop-btn\" style=\"top: 87.5104px; left: 14px; display: none;\"><\/div>\n<div class=\"simg-pop-btn\" style=\"top: 87.5104px; left: 14px; display: none;\"><\/div>\n<div class=\"simg-pop-btn\" style=\"top: 87.5104px; left: 317.865px; display: none;\"><\/div>\n<div class=\"simg-pop-btn\" style=\"top: 87.5104px; left: 14px; display: none;\"><\/div>\n<div class=\"simg-pop-btn\" style=\"top: 121.104px; left: 14px; display: none;\"><\/div>\n<div class=\"simg-pop-btn\" style=\"top: 121.104px; left: 17.8646px; display: none;\"><\/div>\n<div class=\"simg-pop-btn\" style=\"top: 121.104px; left: 21.7292px; display: none;\"><\/div>\n<div class=\"simg-pop-btn\" style=\"top: 121.104px; left: 325.594px; display: none;\"><\/div>\n<div class=\"simg-pop-btn\" style=\"top: 427.771px; left: 14px; display: none;\"><\/div>\n<div class=\"simg-pop-btn\" style=\"top: 121.104px; left: 21.7292px; display: none;\"><\/div>\n<div class=\"simg-pop-btn\" style=\"top: 121.104px; left: 17.8646px; display: none;\"><\/div>\n<div class=\"simg-pop-btn\" style=\"top: 121.104px; left: 21.7292px; display: none;\"><\/div>\n<div class=\"simg-pop-btn\" style=\"top: 121.104px; left: 14px; display: none;\"><\/div>\n<div class=\"simg-pop-btn\" style=\"top: 121.104px; left: 325.594px; display: none;\"><\/div>\n<div class=\"simg-pop-btn\" style=\"top: 121.104px; left: 317.865px; display: none;\"><\/div>\n<div class=\"simg-pop-btn\" style=\"top: 121.104px; left: 14px; display: none;\"><\/div>\n<div class=\"simg-pop-btn\" style=\"top: 121.104px; left: 317.865px; display: none;\"><\/div>\n<div class=\"simg-pop-btn\" style=\"top: 121.104px; left: 14px; display: none;\"><\/div>\n<div class=\"simg-pop-btn\" style=\"top: 121.104px; left: 17.8646px; display: none;\"><\/div>\n<div class=\"simg-pop-btn\" style=\"top: 121.104px; left: 314px; display: none;\"><\/div>\n<div class=\"simg-pop-btn\" style=\"top: 427.771px; left: 314px; display: none;\"><\/div>\n<div class=\"simg-pop-btn\" style=\"top: 121.104px; left: 14px; display: none;\"><\/div>\n<div class=\"simg-pop-btn\" style=\"top: 427.771px; left: 14px; display: none;\"><\/div>\n<div class=\"simg-pop-btn\" style=\"top: 734.438px; left: 14px; display: none;\"><\/div>\n<div class=\"simg-pop-btn\" style=\"top: 121.104px; left: 14px; display: none;\"><\/div>\n<div class=\"simg-pop-btn\" style=\"top: 121.104px; left: 14px; display: none;\"><\/div>\n<div class=\"simg-pop-btn\" style=\"top: 121.104px; left: 14px; display: none;\"><\/div>\n<div class=\"simg-pop-btn\" style=\"top: 121.104px; left: 317.865px; display: none;\"><\/div>\n<div class=\"simg-pop-btn\" style=\"top: 427.771px; left: 317.865px; display: none;\"><\/div>\n<div class=\"simg-pop-btn\" style=\"top: 734.438px; left: 14px; display: none;\"><\/div>\n<div class=\"simg-pop-btn\" style=\"top: 427.771px; left: 14px; display: none;\"><\/div>\n<div class=\"simg-pop-btn\" style=\"top: 121.104px; left: 14px; display: none;\"><\/div>\n<div class=\"simg-pop-btn\" style=\"top: 121.104px; left: 14px; display: none;\"><\/div>","protected":false},"excerpt":{"rendered":"<p><strong>Katia MERINO BABY koncepcija<\/strong> - b\u0113rnu merino dzija, no kuras viegli uzad\u012bt m\u0101j\u012bgu segu jaundzimu\u0161ajam, m\u012bkstu d\u017eemperi vai cepuri b\u0113rnam vai siltu \u0161alli sev. To maigums un viegl\u0101 kop\u0161ana \u013caus jums izbaud\u012bt savus rokdarbus katru dienu, neuztraucoties par sare\u017e\u0123\u012btu mazg\u0101\u0161anu. \u013baujiet va\u013cu rado\u0161umam ar dzij\u0101m, kas piepild\u012bs j\u016bsu projektus ar siltumu, m\u0101j\u012bgumu un greznumu.<\/p>\n<p>&nbsp;<\/p>\n<p>&nbsp;<\/p>","protected":false},"featured_media":31984,"comment_status":"open","ping_status":"closed","template":"","meta":{"_acf_changed":false},"product_brand":[556],"product_cat":[58,428,449,419,490,494,429],"product_tag":[307],"class_list":{"0":"post-32002","1":"product","2":"type-product","3":"status-publish","4":"has-post-thumbnail","6":"product_brand-katia","7":"product_cat-siulai-mezgimui","8":"product_cat-gamintojas","9":"product_cat-katia-siulai","10":"product_cat-merino-vilnos-siulai","11":"product_cat-siulai-kudikiams","12":"product_cat-skalbiama-vilna","13":"product_cat-sudetis","14":"product_tag-katia","15":"pa_spalva-01-katia-merino-baby-balta-rc","16":"pa_spalva-07-katia-merino-baby-svelniai-rozine-rc","17":"pa_spalva-163-katia-merino-baby-pudrine-rc","18":"pa_spalva-43-katia-merino-baby-smelio-rc","19":"pa_spalva-55-katia-merino-baby-sviesi-perlo-pilka-rc","20":"pa_spalva-66-katia-merino-baby-sviesiai-alyvine-rc","21":"pa_spalva-92-katia-merino-baby-sviesiai-rozine-rc","22":"pa_svoris-ilgis-50-g-165-m","24":"first","25":"instock","26":"taxable","27":"shipping-taxable","28":"purchasable","29":"product-type-variable"},"acf":[],"_links":{"self":[{"href":"https:\/\/siulubangos.lt\/lv\/wp-json\/wp\/v2\/product\/32002","targetHints":{"allow":["GET"]}}],"collection":[{"href":"https:\/\/siulubangos.lt\/lv\/wp-json\/wp\/v2\/product"}],"about":[{"href":"https:\/\/siulubangos.lt\/lv\/wp-json\/wp\/v2\/types\/product"}],"replies":[{"embeddable":true,"href":"https:\/\/siulubangos.lt\/lv\/wp-json\/wp\/v2\/comments?post=32002"}],"version-history":[{"count":0,"href":"https:\/\/siulubangos.lt\/lv\/wp-json\/wp\/v2\/product\/32002\/revisions"}],"wp:featuredmedia":[{"embeddable":true,"href":"https:\/\/siulubangos.lt\/lv\/wp-json\/wp\/v2\/media\/31984"}],"wp:attachment":[{"href":"https:\/\/siulubangos.lt\/lv\/wp-json\/wp\/v2\/media?parent=32002"}],"wp:term":[{"taxonomy":"product_brand","embeddable":true,"href":"https:\/\/siulubangos.lt\/lv\/wp-json\/wp\/v2\/product_brand?post=32002"},{"taxonomy":"product_cat","embeddable":true,"href":"https:\/\/siulubangos.lt\/lv\/wp-json\/wp\/v2\/product_cat?post=32002"},{"taxonomy":"product_tag","embeddable":true,"href":"https:\/\/siulubangos.lt\/lv\/wp-json\/wp\/v2\/product_tag?post=32002"}],"curies":[{"name":"wp","href":"https:\/\/api.w.org\/{rel}","templated":true}]}}