{"id":32080,"date":"2025-10-29T20:31:46","date_gmt":"2025-10-29T20:31:46","guid":{"rendered":"https:\/\/siulubangos.lt\/?post_type=product&#038;p=32080"},"modified":"2026-04-16T15:05:02","modified_gmt":"2026-04-16T12:05:02","slug":"katia-tencel-cotton-dzija","status":"publish","type":"product","link":"https:\/\/siulubangos.lt\/lv\/parduotuve\/katia-tencel-cotton-liocelis-medvilne\/","title":{"rendered":"Katia TENCEL \u2013 COTTON (liocels, kokvilna)"},"content":{"rendered":"<h2>Katia TENCEL COTTON (67%\u00a0 liocelis, 33% medviln\u0117)<\/h2>\n<p><a href=\"https:\/\/siulubangos.lt\/wp-content\/uploads\/2025\/10\/katia-tencel-cotton-5.jpg\"><img loading=\"lazy\" decoding=\"async\" class=\"alignnone size-medium wp-image-32077\" src=\"https:\/\/siulubangos.lt\/wp-content\/uploads\/2025\/10\/katia-tencel-cotton-5-300x300.jpg\" alt=\"\" width=\"300\" height=\"300\" title=\"\" srcset=\"https:\/\/siulubangos.lt\/wp-content\/uploads\/2025\/10\/katia-tencel-cotton-5-300x300.jpg 300w, https:\/\/siulubangos.lt\/wp-content\/uploads\/2025\/10\/katia-tencel-cotton-5-600x600.jpg 600w, https:\/\/siulubangos.lt\/wp-content\/uploads\/2025\/10\/katia-tencel-cotton-5-150x150.jpg 150w, https:\/\/siulubangos.lt\/wp-content\/uploads\/2025\/10\/katia-tencel-cotton-5-1200x1200.jpg 1200w, https:\/\/siulubangos.lt\/wp-content\/uploads\/2025\/10\/katia-tencel-cotton-5-800x800.jpg 800w, https:\/\/siulubangos.lt\/wp-content\/uploads\/2025\/10\/katia-tencel-cotton-5-768x768.jpg 768w, https:\/\/siulubangos.lt\/wp-content\/uploads\/2025\/10\/katia-tencel-cotton-5.jpg 1500w\" sizes=\"auto, (max-width: 300px) 100vw, 300px\" \/><\/a> <a href=\"https:\/\/siulubangos.lt\/wp-content\/uploads\/2025\/10\/katia-tencel-cotton-4.jpg\"><img loading=\"lazy\" decoding=\"async\" class=\"alignnone size-medium wp-image-32076\" src=\"https:\/\/siulubangos.lt\/wp-content\/uploads\/2025\/10\/katia-tencel-cotton-4-300x300.jpg\" alt=\"\" width=\"300\" height=\"300\" title=\"\" srcset=\"https:\/\/siulubangos.lt\/wp-content\/uploads\/2025\/10\/katia-tencel-cotton-4-300x300.jpg 300w, https:\/\/siulubangos.lt\/wp-content\/uploads\/2025\/10\/katia-tencel-cotton-4-600x600.jpg 600w, https:\/\/siulubangos.lt\/wp-content\/uploads\/2025\/10\/katia-tencel-cotton-4-150x150.jpg 150w, https:\/\/siulubangos.lt\/wp-content\/uploads\/2025\/10\/katia-tencel-cotton-4-1200x1200.jpg 1200w, https:\/\/siulubangos.lt\/wp-content\/uploads\/2025\/10\/katia-tencel-cotton-4-800x800.jpg 800w, https:\/\/siulubangos.lt\/wp-content\/uploads\/2025\/10\/katia-tencel-cotton-4-768x768.jpg 768w, https:\/\/siulubangos.lt\/wp-content\/uploads\/2025\/10\/katia-tencel-cotton-4.jpg 1500w\" sizes=\"auto, (max-width: 300px) 100vw, 300px\" \/><\/a> <a href=\"https:\/\/siulubangos.lt\/wp-content\/uploads\/2025\/10\/katia-tencel-cotton-3.jpg\"><img loading=\"lazy\" decoding=\"async\" class=\"alignnone size-medium wp-image-32075\" src=\"https:\/\/siulubangos.lt\/wp-content\/uploads\/2025\/10\/katia-tencel-cotton-3-300x300.jpg\" alt=\"\" width=\"300\" height=\"300\" title=\"\" srcset=\"https:\/\/siulubangos.lt\/wp-content\/uploads\/2025\/10\/katia-tencel-cotton-3-300x300.jpg 300w, https:\/\/siulubangos.lt\/wp-content\/uploads\/2025\/10\/katia-tencel-cotton-3-600x600.jpg 600w, https:\/\/siulubangos.lt\/wp-content\/uploads\/2025\/10\/katia-tencel-cotton-3-150x150.jpg 150w, https:\/\/siulubangos.lt\/wp-content\/uploads\/2025\/10\/katia-tencel-cotton-3-1200x1200.jpg 1200w, https:\/\/siulubangos.lt\/wp-content\/uploads\/2025\/10\/katia-tencel-cotton-3-800x800.jpg 800w, https:\/\/siulubangos.lt\/wp-content\/uploads\/2025\/10\/katia-tencel-cotton-3-768x768.jpg 768w, https:\/\/siulubangos.lt\/wp-content\/uploads\/2025\/10\/katia-tencel-cotton-3.jpg 1500w\" sizes=\"auto, (max-width: 300px) 100vw, 300px\" \/><\/a><\/p>\n<p>Atraskite tvarios prabangos ir klasikinio patogumo derin\u012f su liocelio ir medviln\u0117s mi\u0161iniu. \u0160i med\u017eiaga, gaminama i\u0161 atsinaujinan\u010di\u0173 medienos pluo\u0161t\u0173, ypa\u010d vertinama d\u0117l savo \u0161velnumo, kv\u0117pavimo savybi\u0173 ir ekologi\u0161kumo. Ji ne tik leid\u017eia odai kv\u0117puoti, bet ir puikiai praleid\u017ei\u0105 dr\u0117gm\u0119, tod\u0117l puikiai tinka ir jautriai odai, ir tiems, kurie vertina nat\u016bralius, ekologi\u0161kus pluo\u0161tus.<\/p>\n<h3>Kod\u0117l verta rinktis Katia TENCEL COTTON?<\/h3>\n<ul>\n<li>Nepaprastas \u0161velnumas ir kritimas: d\u0117l liocelio pluo\u0161to si\u016blas pasi\u017eymi i\u0161skirtiniu \u0161velnumu ir \u0161ilkiniu \u017evilgesiu, o medviln\u0117 suteikia tvirtumo. Lengvai kritus, tod\u0117l\u00a0 tinka vasarin\u0117ms palaidin\u0117ms, suknel\u0117ms ar megztukams.<\/li>\n<li>Termoreguliacija ir dr\u0117gm\u0117s kontrol\u0117: Tencel pluo\u0161tas pasi\u017eymi puikiomis dr\u0117gm\u0117s sug\u0117rimo savyb\u0117mis ir greitai j\u0105 i\u0161garina, tod\u0117l mezginiai v\u0117sina kar\u0161tu oru, leid\u017eia odai kv\u0117puoti ir jaustis komforti\u0161kai vis\u0105 dien\u0105.<\/li>\n<li>Ekologi\u0161kas pasirinkimas: liocelis yra biologi\u0161kai skaidus, gaminamas ekologi\u0161ku tavriu b\u016bdu, perdirbant 99% tirpikli\u0173 ir vandens, naudojam\u0173 gamyboje. Rinkdamiesi \u0161iuos si\u016blus, prisidedate prie atsakingo vartojimo.<\/li>\n<li>Tvirtumas ir ilgaam\u017ei\u0161kumas: medviln\u0117s priedas suteikia si\u016blams patvarumo ir atsparumo. Mezginiai i\u0161liks puikios b\u016bkl\u0117s ilg\u0105 laik\u0105, neprarandant savo formos ir \u0161velnumo.<\/li>\n<li>Lengva prie\u017ei\u016bra: galima skalbti \u0161velniu skalbimo ma\u012finos r\u0117\u017eimu iki 30 laipsni\u0173, d\u017eiovinti patiest\u0105. Ned\u017eiovinti d\u017eiovykl\u0117je.<\/li>\n<\/ul>\n<div class=\"simg-pop-btn\" style=\"top: 87.5104px; left: 14px; display: none;\"><\/div>\n<div class=\"simg-pop-btn\" style=\"top: 87.5104px; left: 14px; display: none;\"><\/div>\n<div class=\"simg-pop-btn\" style=\"top: 87.5104px; left: 317.865px; display: none;\"><\/div>\n<div class=\"simg-pop-btn\" style=\"top: 87.5104px; left: 14px; display: none;\"><\/div>\n<div class=\"simg-pop-btn\" style=\"top: 121.104px; left: 14px; display: none;\"><\/div>\n<div class=\"simg-pop-btn\" style=\"top: 121.104px; left: 17.8646px; display: none;\"><\/div>\n<div class=\"simg-pop-btn\" style=\"top: 121.104px; left: 21.7292px; display: none;\"><\/div>\n<div class=\"simg-pop-btn\" style=\"top: 121.104px; left: 325.594px; display: none;\"><\/div>\n<div class=\"simg-pop-btn\" style=\"top: 427.771px; left: 14px; display: none;\"><\/div>\n<div class=\"simg-pop-btn\" style=\"top: 121.104px; left: 21.7292px; display: none;\"><\/div>\n<div class=\"simg-pop-btn\" style=\"top: 121.104px; left: 17.8646px; display: none;\"><\/div>\n<div class=\"simg-pop-btn\" style=\"top: 121.104px; left: 21.7292px; display: none;\"><\/div>\n<div class=\"simg-pop-btn\" style=\"top: 121.104px; left: 14px; display: none;\"><\/div>\n<div class=\"simg-pop-btn\" style=\"top: 121.104px; left: 325.594px; display: none;\"><\/div>\n<div class=\"simg-pop-btn\" style=\"top: 121.104px; left: 317.865px; display: none;\"><\/div>\n<div class=\"simg-pop-btn\" style=\"top: 121.104px; left: 14px; display: none;\"><\/div>\n<div class=\"simg-pop-btn\" style=\"top: 121.104px; left: 317.865px; display: none;\"><\/div>\n<div class=\"simg-pop-btn\" style=\"top: 121.104px; left: 14px; display: none;\"><\/div>\n<div class=\"simg-pop-btn\" style=\"top: 121.104px; left: 17.8646px; display: none;\"><\/div>\n<div class=\"simg-pop-btn\" style=\"top: 121.104px; left: 314px; display: none;\"><\/div>\n<div class=\"simg-pop-btn\" style=\"top: 427.771px; left: 314px; display: none;\"><\/div>\n<div class=\"simg-pop-btn\" style=\"top: 121.104px; left: 14px; display: none;\"><\/div>\n<div class=\"simg-pop-btn\" style=\"top: 427.771px; left: 14px; display: none;\"><\/div>\n<div class=\"simg-pop-btn\" style=\"top: 734.438px; left: 14px; display: none;\"><\/div>\n<div class=\"simg-pop-btn\" style=\"top: 121.104px; left: 14px; display: none;\"><\/div>\n<div class=\"simg-pop-btn\" style=\"top: 121.104px; left: 14px; display: none;\"><\/div>\n<div class=\"simg-pop-btn\" style=\"top: 121.104px; left: 14px; display: none;\"><\/div>\n<div class=\"simg-pop-btn\" style=\"top: 121.104px; left: 317.865px; display: none;\"><\/div>\n<div class=\"simg-pop-btn\" style=\"top: 427.771px; left: 317.865px; display: none;\"><\/div>\n<div class=\"simg-pop-btn\" style=\"top: 734.438px; left: 14px; display: none;\"><\/div>\n<div class=\"simg-pop-btn\" style=\"top: 427.771px; left: 14px; display: none;\"><\/div>\n<div class=\"simg-pop-btn\" style=\"top: 121.104px; left: 14px; display: none;\"><\/div>\n<div class=\"simg-pop-btn\" style=\"top: 121.104px; left: 14px; display: none;\"><\/div>\n<div class=\"simg-pop-btn\" style=\"top: 87.5104px; left: 14px; display: none;\"><\/div>\n<div class=\"simg-pop-btn\" style=\"top: 87.5104px; left: 317.865px; display: none;\"><\/div>\n<div class=\"simg-pop-btn\" style=\"top: 87.5104px; left: 14px; display: none;\"><\/div>\n<div class=\"simg-pop-btn\" style=\"top: 87.5104px; left: 14px; display: none;\"><\/div>\n<div class=\"simg-pop-btn\" style=\"top: 87.5104px; left: 317.865px; display: none;\"><\/div>\n<div class=\"simg-pop-btn\" style=\"top: 87.5104px; left: 14px; display: none;\"><\/div>\n<div class=\"simg-pop-btn\" style=\"top: 394.177px; left: 14px; display: none;\"><\/div>\n<div class=\"simg-pop-btn\" style=\"top: 87.5104px; left: 621.729px; display: none;\"><\/div>","protected":false},"excerpt":{"rendered":"<p>\u0160iuolaikiniame tekstil\u0117s pasaulyje liocelis ir medviln\u0117 i\u0161siskiria savyb\u0117mis ir privalumais, kurie lemia j\u0173 tinkamum\u0105 skirtingiems poreikiams. Liocelis, kurio prekinis \u017eenklas yra TENCEL, i\u0161siskiria itin \u0161velniu ir prabangiu poj\u016b\u010diu, primenan\u010diu \u0161ilk\u0105, o medviln\u0117 \u017eavi savo nat\u016braliu paprastumu ir ilgaam\u017ei\u0161kumu. Ie\u0161kai si\u016blo, i\u0161 kurio nusimezgus\u00a0 r\u016bb\u0105 b\u016bt\u0173 gaivu ir v\u0117su? Tai b\u016btent tas si\u016blas, kurio tu ie\u0161kai, nes d\u0117l savo strukt\u016bros liocelis ypa\u010d gerai sugeria dr\u0117gm\u0119 ir greitai j\u0105 i\u0161garina, tod\u0117l padeda k\u016bnui i\u0161likti sausam ir v\u0117siam. \u0160i savyb\u0117 itin naudinga aktyviems \u017emon\u0117ms ir tiems, kurie link\u0119 prakaituoti.<\/p>\n<p>&nbsp;<\/p>\n<p>&nbsp;<\/p>","protected":false},"featured_media":32051,"comment_status":"closed","ping_status":"closed","template":"","meta":{"_acf_changed":false},"product_brand":[556],"product_cat":[58,487,428,449,1076,420,429],"product_tag":[307],"class_list":{"0":"post-32080","1":"product","2":"type-product","3":"status-publish","4":"has-post-thumbnail","6":"product_brand-katia","7":"product_cat-siulai-mezgimui","8":"product_cat-blizgus-siulai","9":"product_cat-gamintojas","10":"product_cat-katia-siulai","11":"product_cat-liocelis","12":"product_cat-medvilnes-siulai","13":"product_cat-sudetis","14":"product_tag-katia","15":"pa_spalva-1-katia-tencel-cotton-balta-rc","16":"pa_spalva-10-katia-tencel-cotton-sviesi-turkio-rc","17":"pa_spalva-13-katia-tencel-cotton-pistaciju-rc","18":"pa_spalva-16-katia-tencel-cotton-avietine-rc","19":"pa_spalva-02-drops-merino-extra-fine-juoda","20":"pa_spalva-21-katia-tencel-cotton-turkio-zalia-rc","21":"pa_spalva-22-katia-tencel-cotton-melyna-rc","22":"pa_spalva-23-katia-tencel-cotton-karaliska-melyna-rc","23":"pa_spalva-26-katia-tencel-cotton-fukcija-rc","24":"pa_spalva-27-katia-tencel-cotton-sviesi-pistaciju-rc","25":"pa_spalva-29-katia-tencel-cotton-sviesiai-melyna-rc","26":"pa_spalva-3-katia-tencel-cotton-naturali-balta-rc","27":"pa_spalva-31-katia-tencel-cotton-sviesiai-zalia-rc","28":"pa_spalva-34-katia-tencel-cotton-sviesiai-alyvine-rc","29":"pa_spalva-35-katia-tencel-cotton-rozine-rc","30":"pa_spalva-37-katia-tencel-cotton-sviesiai-oranzine-rc","31":"pa_spalva-38-katia-tencel-cotton-sendinta-zalia-rc","32":"pa_spalva-39-katia-tencel-cotton-violetine-rc","33":"pa_spalva-4-katia-tencel-cotton-raudona-rc","34":"pa_spalva-40-katia-tencel-cotton-ruda-rc","35":"pa_spalva-41-katia-tencel-cotton-geltonai-oranzine-rc","36":"pa_spalva-42-katia-tencel-cotton-turkio-rc","37":"pa_spalva-43-katia-tencel-cotton-oranzine-rc","38":"pa_spalva-44-katia-tencel-cotton-metos-rc","39":"pa_spalva-5-katia-tencel-cotton-tamsiai-melyna-rc","40":"pa_spalva-6-katia-tencel-cotton-rusva-rc","41":"pa_spalva-7-katia-tencel-cotton-sviesiai-rusva-rc","42":"pa_spalva-8-katia-tencel-cotton-perlo-pilka-rc","43":"pa_spalva-9-katia-tencel-cotton-pilka-rc","44":"pa_svoris-ilgis-50-g-120-m","46":"first","47":"instock","48":"taxable","49":"shipping-taxable","50":"purchasable","51":"product-type-variable"},"acf":[],"_links":{"self":[{"href":"https:\/\/siulubangos.lt\/lv\/wp-json\/wp\/v2\/product\/32080","targetHints":{"allow":["GET"]}}],"collection":[{"href":"https:\/\/siulubangos.lt\/lv\/wp-json\/wp\/v2\/product"}],"about":[{"href":"https:\/\/siulubangos.lt\/lv\/wp-json\/wp\/v2\/types\/product"}],"replies":[{"embeddable":true,"href":"https:\/\/siulubangos.lt\/lv\/wp-json\/wp\/v2\/comments?post=32080"}],"version-history":[{"count":0,"href":"https:\/\/siulubangos.lt\/lv\/wp-json\/wp\/v2\/product\/32080\/revisions"}],"wp:featuredmedia":[{"embeddable":true,"href":"https:\/\/siulubangos.lt\/lv\/wp-json\/wp\/v2\/media\/32051"}],"wp:attachment":[{"href":"https:\/\/siulubangos.lt\/lv\/wp-json\/wp\/v2\/media?parent=32080"}],"wp:term":[{"taxonomy":"product_brand","embeddable":true,"href":"https:\/\/siulubangos.lt\/lv\/wp-json\/wp\/v2\/product_brand?post=32080"},{"taxonomy":"product_cat","embeddable":true,"href":"https:\/\/siulubangos.lt\/lv\/wp-json\/wp\/v2\/product_cat?post=32080"},{"taxonomy":"product_tag","embeddable":true,"href":"https:\/\/siulubangos.lt\/lv\/wp-json\/wp\/v2\/product_tag?post=32080"}],"curies":[{"name":"wp","href":"https:\/\/api.w.org\/{rel}","templated":true}]}}