{"id":32118,"date":"2025-10-31T13:10:21","date_gmt":"2025-10-31T13:10:21","guid":{"rendered":"https:\/\/siulubangos.lt\/?post_type=product&#038;p=32118"},"modified":"2026-02-22T20:56:45","modified_gmt":"2026-02-22T18:56:45","slug":"bc-garn-loch-lomond-mezgines-gots-ekologiska-vilna","status":"publish","type":"product","link":"https:\/\/siulubangos.lt\/lv\/parduotuve\/bc-garn-loch-lomond-lace-gots-ekologiska-vilna\/","title":{"rendered":"BC Garn LOCH LOMOND LACE GOTS (vilna)"},"content":{"rendered":"<h2>BC Garn LOCH LOMOND LACE - smalks organiskais tv\u012bds me\u017e\u0123\u012bn\u0113m (100% organisk\u0101 vilna)<\/h2>\n<p>Atkl\u0101jiet BC Garn Loch Lomond Lace, kas ir vism\u012bkst\u0101k\u0101 tradicion\u0101l\u0101 tv\u012bda versija, kas izgatavota no 100% GOTS sertific\u0113tas organisk\u0101s vilnas. T\u0101 ir vissmalk\u0101kais me\u017e\u0123\u012b\u0146u pavediens, kas ir pieejams un apvieno zemniecisk\u0101 tv\u012bda dabisko \u0161armu ar \u012bpa\u0161u maigumu un vieglumu. \u0160\u012b vienlaidu vilnas v\u0113rp\u0161anas dzija izstaro autentiskumu: t\u0101 ir p\u016bkaina, tikl\u012bdz j\u016bs s\u0101kat ad\u012bt, un p\u0113c mazg\u0101\u0161anas un blo\u0137\u0113\u0161anas t\u0101 v\u0113l vair\u0101k uzplaukst, k\u013c\u016bstot m\u012bkst\u0101ka, maig\u0101ka un p\u016bkain\u0101ka. J\u016bsu ad\u012bjums b\u016bs silts, bet viegls k\u0101 gaiss, jo dzijas strukt\u016br\u0101 eso\u0161\u0101s gaisa kabatas aiztur siltumu, nepadarot ad\u012bjumu smag\u0101ku.<\/p>\n<h3>K\u0101p\u0113c izv\u0113l\u0113ties BC Garn Loch Lomond Lace?<\/h3>\n<ul>\n<li data-start=\"1050\" data-end=\"1097\">100% organisk\u0101 vilna (GOTS) - sertific\u0113ta no aitas l\u012bdz gal\u012bgajam kr\u0101so\u0161anas procesam.<\/li>\n<li data-start=\"1050\" data-end=\"1097\">Vilna ir ieg\u016bta no \u0113tiski apsaimniekot\u0101m Dienvidamerikas ait\u0101m.<\/li>\n<li data-start=\"1050\" data-end=\"1097\">Viegla, silta un p\u016bkaina - lieliska izv\u0113le \u0161alles, d\u017eemperi, lakati un me\u017e\u0123\u012bnes.<\/li>\n<li data-start=\"1050\" data-end=\"1097\">Dab\u012bgais tv\u012bda efekts ar smalkiem kr\u0101su plankumiem pie\u0161\u0137ir ad\u012bjumam dzi\u013cumu un raksturu.<\/li>\n<li data-start=\"1050\" data-end=\"1097\">Apvienojot ar cit\u0101m dzij\u0101m - izm\u0113\u0123iniet ar moh\u0113ru vai alpaku, lai ieg\u016btu m\u012bkstu m\u0101koni.<\/li>\n<\/ul>\n<h3><strong>Ad\u012b\u0161anas padoms\u00a0<\/strong><\/h3>\n<p>T\u0101 k\u0101 t\u0101 ir vienpavediena vilnas dzija, adiet br\u012bv\u0101k un p\u0113c mazg\u0101\u0161anas \u013caujiet tai par\u0101d\u012bties. P\u0113c blo\u0137\u0113\u0161anas ad\u012bjums b\u016bs v\u0113l m\u012bkst\u0101ks un vienm\u0113r\u012bg\u0101ks - garant\u0113ts ziedu efekts. Ide\u0101li piem\u0113rots gan vienpavediena ad\u012bjumiem, gan ar\u012b sl\u0101\u0146o\u0161anai ar moh\u0113ras vai alpakas dziju, ja v\u0113laties greznu tekst\u016bru vai papildu siltumu.  Ide\u0101l\u0101 gad\u012bjum\u0101 pirms ad\u012b\u0161anas s\u0101kuma vajadz\u0113tu uzad\u012bt paraugu, izmazg\u0101t to un v\u0113rot, kas ar to notiek. Tad j\u016bs prec\u012bzi zin\u0101siet, k\u0101da izm\u0113ra spol\u012bti izv\u0113l\u0113ties v\u0113lamajam rezult\u0101tam.<\/p>\n<h3><strong>Trikot\u0101\u017eas kop\u0161ana<\/strong><\/h3>\n<ul>\n<li>Mazg\u0101jiet ar rok\u0101m tikai v\u0113s\u0101 \u016bden\u012b (l\u012bdz 30 gr\u0101diem). Temperat\u016bra nekad nedr\u012bkst main\u012bties.<\/li>\n<li>Izmantojiet maigu mazg\u0101\u0161anas l\u012bdzekli vilnai. P\u0113c m\u0113rc\u0113\u0161anas atst\u0101jiet izstr\u0101d\u0101jumu \u016bden\u012b uz 12-15 min\u016bt\u0113m.<\/li>\n<li>Neslaukiet un net\u012briet - t\u0101 viet\u0101 viegli piespiediet trikot\u0101\u017eas audumu, lai no\u0146emtu \u016bdeni.<\/li>\n<li>Nekad \u017e\u0101v\u0113t ve\u013cas \u017e\u0101v\u0113tav\u0101.<\/li>\n<li>P\u0113c 1-2 mazg\u0101\u0161anas trikot\u0101\u017eas audums ir piln\u012bb\u0101 redzams.<\/li>\n<\/ul>\n<div class=\"simg-pop-btn\" style=\"top: 87.5104px; left: 14px; display: none;\"><\/div>\n<div class=\"simg-pop-btn\" style=\"top: 87.5104px; left: 14px; display: none;\"><\/div>\n<div class=\"simg-pop-btn\" style=\"top: 87.5104px; left: 317.865px; display: none;\"><\/div>\n<div class=\"simg-pop-btn\" style=\"top: 87.5104px; left: 14px; display: none;\"><\/div>\n<div class=\"simg-pop-btn\" style=\"top: 121.104px; left: 14px; display: none;\"><\/div>\n<div class=\"simg-pop-btn\" style=\"top: 121.104px; left: 17.8646px; display: none;\"><\/div>\n<div class=\"simg-pop-btn\" style=\"top: 121.104px; left: 21.7292px; display: none;\"><\/div>\n<div class=\"simg-pop-btn\" style=\"top: 121.104px; left: 325.594px; display: none;\"><\/div>\n<div class=\"simg-pop-btn\" style=\"top: 427.771px; left: 14px; display: none;\"><\/div>\n<div class=\"simg-pop-btn\" style=\"top: 121.104px; left: 21.7292px; display: none;\"><\/div>\n<div class=\"simg-pop-btn\" style=\"top: 121.104px; left: 17.8646px; display: none;\"><\/div>\n<div class=\"simg-pop-btn\" style=\"top: 121.104px; left: 21.7292px; display: none;\"><\/div>\n<div class=\"simg-pop-btn\" style=\"top: 121.104px; left: 14px; display: none;\"><\/div>\n<div class=\"simg-pop-btn\" style=\"top: 121.104px; left: 325.594px; display: none;\"><\/div>\n<div class=\"simg-pop-btn\" style=\"top: 121.104px; left: 317.865px; display: none;\"><\/div>\n<div class=\"simg-pop-btn\" style=\"top: 121.104px; left: 14px; display: none;\"><\/div>\n<div class=\"simg-pop-btn\" style=\"top: 121.104px; left: 17.8646px; display: none;\"><\/div>\n<div class=\"simg-pop-btn\" style=\"top: 121.104px; left: 314px; display: none;\"><\/div>\n<div class=\"simg-pop-btn\" style=\"top: 121.104px; left: 314px; display: none;\"><\/div>\n<div class=\"simg-pop-btn\" style=\"top: 121.104px; left: 14px; display: none;\"><\/div>\n<div class=\"simg-pop-btn\" style=\"top: 121.104px; left: 314px; display: none;\"><\/div>","protected":false},"excerpt":{"rendered":"<p>Viegla k\u0101 gaiss, silta k\u0101 apsk\u0101viens. T\u0101da ir BC Garn Loch Lomond Lace - videi draudz\u012bga, m\u012bksta tv\u012bda dzija, kas p\u0113c mazg\u0101\u0161anas uzplaukst un pie\u0161\u0137ir j\u016bsu ad\u012bjumiem neatk\u0101rtojamu siltumu un vieglumu. M\u012bkst\u0101kais m\u0101konis p\u0113c mazg\u0101\u0161anas, ko v\u0113laties valk\u0101t katru dienu. GOTS sertific\u0113ts.<\/p>\n<p>&nbsp;<\/p>","protected":false},"featured_media":32197,"comment_status":"open","ping_status":"closed","template":"","meta":{"_acf_changed":false},"product_brand":[1078],"product_cat":[58,1109,428,496,493,491,495,429,445],"product_tag":[1108],"class_list":{"0":"post-32118","1":"product","2":"type-product","3":"status-publish","4":"has-post-thumbnail","6":"product_brand-bc-garn","7":"product_cat-siulai-mezgimui","8":"product_cat-bc-garn-siulai","9":"product_cat-gamintojas","10":"product_cat-isskirtiniai-teksturiniai-siulai","11":"product_cat-itin-ploni-siulai","12":"product_cat-margi-spalvoti-siulai","13":"product_cat-siulai-velimui","14":"product_cat-sudetis","15":"product_cat-vilnos-siulai","16":"product_tag-bc-garn","17":"pa_pluostas-vilna","18":"pa_spalva-07-loch-lomond-lace-gots-dark-brown","19":"pa_spalva-08-loch-lomond-lace-gots-mud","20":"pa_spalva-09-loch-lomond-lace-gots-copper","21":"pa_spalva-10-loch-lomond-lace-gots-green-blue","22":"pa_spalva-11-loch-lomond-lace-gots-fire-red","23":"pa_spalva-13-loch-lomond-lace-gots-beige","24":"pa_spalva-16-loch-lomond-lace-gots-night-blue","25":"pa_spalva-17-loch-lomond-lace-gots-moss","26":"pa_spalva-19-loch-lomond-lace-gots-sand","27":"pa_spalva-20-loch-lomond-lace-gots-bordeaux","28":"pa_spalva-24-loch-lomond-lace-gots-fresh-green","29":"pa_spalva-25-loch-lomond-lace-gots-light-blue","30":"pa_spalva-26-loch-lomond-lace-gots-dark-blue","31":"pa_spalva-27-loch-lomond-lace-gots-light-green","32":"pa_spalva-28-loch-lomond-lace-gots-forest-green","33":"pa_spalva-29-loch-lomond-lace-gots-rose-pink","34":"pa_svoris-ilgis-50-g-300-m","36":"first","37":"instock","38":"taxable","39":"shipping-taxable","40":"purchasable","41":"product-type-variable"},"acf":[],"_links":{"self":[{"href":"https:\/\/siulubangos.lt\/lv\/wp-json\/wp\/v2\/product\/32118","targetHints":{"allow":["GET"]}}],"collection":[{"href":"https:\/\/siulubangos.lt\/lv\/wp-json\/wp\/v2\/product"}],"about":[{"href":"https:\/\/siulubangos.lt\/lv\/wp-json\/wp\/v2\/types\/product"}],"replies":[{"embeddable":true,"href":"https:\/\/siulubangos.lt\/lv\/wp-json\/wp\/v2\/comments?post=32118"}],"version-history":[{"count":0,"href":"https:\/\/siulubangos.lt\/lv\/wp-json\/wp\/v2\/product\/32118\/revisions"}],"wp:featuredmedia":[{"embeddable":true,"href":"https:\/\/siulubangos.lt\/lv\/wp-json\/wp\/v2\/media\/32197"}],"wp:attachment":[{"href":"https:\/\/siulubangos.lt\/lv\/wp-json\/wp\/v2\/media?parent=32118"}],"wp:term":[{"taxonomy":"product_brand","embeddable":true,"href":"https:\/\/siulubangos.lt\/lv\/wp-json\/wp\/v2\/product_brand?post=32118"},{"taxonomy":"product_cat","embeddable":true,"href":"https:\/\/siulubangos.lt\/lv\/wp-json\/wp\/v2\/product_cat?post=32118"},{"taxonomy":"product_tag","embeddable":true,"href":"https:\/\/siulubangos.lt\/lv\/wp-json\/wp\/v2\/product_tag?post=32118"}],"curies":[{"name":"wp","href":"https:\/\/api.w.org\/{rel}","templated":true}]}}