{"id":32320,"date":"2025-10-31T20:01:36","date_gmt":"2025-10-31T20:01:36","guid":{"rendered":"https:\/\/siulubangos.lt\/?post_type=product&#038;p=32320"},"modified":"2026-03-15T21:24:25","modified_gmt":"2026-03-15T19:24:25","slug":"pilieni-proromance-luksusa-komplekts-ar-uzskruvejamam-auklam-35-8-mm","status":"publish","type":"product","link":"https:\/\/siulubangos.lt\/lv\/parduotuve\/drops-proromance-deluxe-prisukamu-virbalu-rinkinys-35-8-mm\/","title":{"rendered":"DROPS Pro Romance Deluxe main\u0101mo adatu komplekts (3.5\u20138 mm)"},"content":{"rendered":"<h2>DROPS Pro Romance Deluxe main\u0101mo adatu komplekts (3.5\u20138 mm)<\/h2>\n<p data-start=\"244\" data-end=\"650\">DROPS <strong data-start=\"250\" data-end=\"272\">Pro Romance Deluxe<\/strong> Uzskr\u016bv\u0113jamo auklu komplekts ir paredz\u0113ts ad\u012bt\u0101j\u0101m, kuras v\u0113las augst\u0101k\u0101s kvalit\u0101tes, ergonomiskus un iztur\u012bgus instrumentus. Auklas ir izgatavotas no dab\u012bga b\u0113rza koka, kas ir viegls, silts rok\u0101s un pat\u012bkams piesk\u0101rienam. Gludi sl\u012bp\u0113t\u0101 virsma nodro\u0161ina vienm\u0113r\u012bgu dzijas sl\u012bd\u0113\u0161anu, bet prec\u012bzas formas uzga\u013ci \u013cauj prec\u012bzi ad\u012bt gan ar pl\u0101nu, gan biez\u0101ku dziju.<\/p>\n<p data-start=\"652\" data-end=\"965\">Ieskr\u016bv\u0113jam\u0101 sist\u0113ma \u013cauj \u0101tri un dro\u0161i savienot kabe\u013cus ar v\u0101rpst\u0101m, piel\u0101gojot garumu projektam, s\u0101kot no maz\u0101m ze\u0137\u0113m vai piedurkn\u0113m l\u012bdz lieliem d\u017eemperiem vai \u0161all\u0113m. Ergonomiski sabalans\u0113tais komplekts samazina roku nogurumu un pal\u012bdz uztur\u0113t dabisku, \u0113rtu ad\u012b\u0161anas tempu pat gar\u0101ku projektu laik\u0101.<\/p>","protected":false},"excerpt":{"rendered":"<p>Univers\u0101ls un lieto\u0161anai gatavs uzskr\u016bv\u0113jamu siksni\u0146u komplekts, kas ievietots caursp\u012bd\u012bg\u0101 maisi\u0146\u0101 ar r\u0101v\u0113jsl\u0113dz\u0113ju. Komplekt\u0101 ir 8 p\u0101ri skr\u016bv\u0113jamu auklu, kas izgatavotas no pul\u0113ta b\u0113rza koka, ar \u0161\u0101diem izm\u0113riem: 3,5, 4,0, 4,0, 4,5, 5,0, 5,5, 6,0, 7,0 un 8,0 mm, k\u0101 ar\u012b 4 savienojo\u0161\u0101s virves - 60, 80 x 2 un 100 cm garas - ar uzga\u013ciem, atsl\u0113g\u0101m un instrukcij\u0101m.<\/p>","protected":false},"featured_media":32322,"comment_status":"open","ping_status":"closed","template":"","meta":{"_acf_changed":false},"product_brand":[559],"product_cat":[61,1114,455,527,505,499,507],"product_tag":[594],"class_list":{"0":"post-32320","1":"product","2":"type-product","3":"status-publish","4":"has-post-thumbnail","6":"product_brand-drops","7":"product_cat-virbalai-vaseliai","8":"product_cat-drops-virbalai","9":"product_cat-gamintojas-virbalai-vaseliai","10":"product_cat-metaliniai","11":"product_cat-rinkiniai","12":"product_cat-rusis","13":"product_cat-virbalu-rinkiniai","14":"product_tag-drops","15":"pa_dydis-4-mm","16":"pa_dydis-4-50-mm","17":"pa_dydis-5-mm","18":"pa_dydis-5-50-mm","19":"pa_dydis-6-mm","20":"pa_dydis-7-mm","21":"pa_dydis-8-mm","23":"first","24":"instock","25":"taxable","26":"shipping-taxable","27":"purchasable","28":"product-type-simple"},"acf":[],"_links":{"self":[{"href":"https:\/\/siulubangos.lt\/lv\/wp-json\/wp\/v2\/product\/32320","targetHints":{"allow":["GET"]}}],"collection":[{"href":"https:\/\/siulubangos.lt\/lv\/wp-json\/wp\/v2\/product"}],"about":[{"href":"https:\/\/siulubangos.lt\/lv\/wp-json\/wp\/v2\/types\/product"}],"replies":[{"embeddable":true,"href":"https:\/\/siulubangos.lt\/lv\/wp-json\/wp\/v2\/comments?post=32320"}],"version-history":[{"count":0,"href":"https:\/\/siulubangos.lt\/lv\/wp-json\/wp\/v2\/product\/32320\/revisions"}],"wp:featuredmedia":[{"embeddable":true,"href":"https:\/\/siulubangos.lt\/lv\/wp-json\/wp\/v2\/media\/32322"}],"wp:attachment":[{"href":"https:\/\/siulubangos.lt\/lv\/wp-json\/wp\/v2\/media?parent=32320"}],"wp:term":[{"taxonomy":"product_brand","embeddable":true,"href":"https:\/\/siulubangos.lt\/lv\/wp-json\/wp\/v2\/product_brand?post=32320"},{"taxonomy":"product_cat","embeddable":true,"href":"https:\/\/siulubangos.lt\/lv\/wp-json\/wp\/v2\/product_cat?post=32320"},{"taxonomy":"product_tag","embeddable":true,"href":"https:\/\/siulubangos.lt\/lv\/wp-json\/wp\/v2\/product_tag?post=32320"}],"curies":[{"name":"wp","href":"https:\/\/api.w.org\/{rel}","templated":true}]}}