{"id":32329,"date":"2025-10-31T20:15:40","date_gmt":"2025-10-31T20:15:40","guid":{"rendered":"https:\/\/siulubangos.lt\/?post_type=product&#038;p=32329"},"modified":"2026-04-12T14:54:14","modified_gmt":"2026-04-12T11:54:14","slug":"nolaiz-skruvejamu-virves-liniju","status":"publish","type":"product","link":"https:\/\/siulubangos.lt\/lv\/parduotuve\/drops-prisukamu-virbalu-valas\/","title":{"rendered":"DROPS skr\u016bv\u0113jamo adatu vadi (60\u2013100 cm)"},"content":{"rendered":"<h2>DROPS skr\u016bv\u0113jamo adatu vadi (60\u2013100 cm)<\/h2>\n<p data-start=\"160\" data-end=\"491\">DROPS <strong data-start=\"166\" data-end=\"193\">Pieskr\u016bv\u0113ta virves l\u012bnija<\/strong> paredz\u0113ti, lai ad\u012b\u0161ana b\u016btu \u0113rta, gluda un bez spriedzes. Augstas kvalit\u0101tes p\u012br\u0101gs ir elast\u012bgs, bet iztur\u012bgs, t\u0101p\u0113c tas nesaskr\u016btojas un neaiz\u0137eras, pat adot liel\u0101kus projektus. Glud\u0101 virsma nodro\u0161ina vienm\u0113r\u012bgu sl\u012bd\u0113\u0161anu, \u013caujot j\u016bsu rok\u0101m str\u0101d\u0101t dabiski un saglab\u0101t vienm\u0113r\u012bgu spriegojumu.<\/p>\n<p data-start=\"493\" data-end=\"751\">Rull\u012btis ir sader\u012bgs ar vis\u0101m DROPS ieskr\u016bv\u0113jamaj\u0101m aukl\u0101m, t\u0101p\u0113c j\u016bs varat viegli piel\u0101got to garumu atbilsto\u0161i savam projektam - no maziem aksesu\u0101riem l\u012bdz lieliem d\u017eemperiem, \u0161all\u0113m vai seg\u0101m. Dro\u0161ais skr\u016bv\u0113jamais savienojums nodro\u0161ina stabilit\u0101ti un maksim\u0101lu komfortu ad\u012b\u0161anas laik\u0101.<\/p>\n<h3>SVAR\u012aGI!<\/h3>\n<p>Uz iepakojuma ir nor\u0101d\u012bts 60 cm garums, ieskaitot auklas. Birstes neto garums ir 35 cm .<\/p>\n<p>Uz iepakojuma ir nor\u0101d\u012bts 80 cm garums, ieskaitot auklas. T\u012bra p\u016bra garums ir 56 cm.<\/p>\n<p>Uz iepakojuma nor\u0101d\u012btais 100 cm garums ir garums, ieskaitot auklas. T\u012bra p\u016bra garums ir 76 cm.<\/p>","protected":false},"excerpt":{"rendered":"<p>Katr\u0101 komplekt\u0101 ir 1 cilindrs, 2 sprauslas un 1 atsl\u0113ga.<\/p>\n<p>&nbsp;<\/p>","protected":false},"featured_media":32330,"template":"","meta":{"_acf_changed":false},"product_brand":[559],"product_cat":[455,1114,1115,529,569,310,570],"product_tag":[594],"class_list":{"0":"post-32329","1":"product","2":"type-product","3":"status-publish","4":"has-post-thumbnail","6":"product_brand-drops","7":"product_cat-gamintojas-virbalai-vaseliai","8":"product_cat-drops-virbalai","9":"product_cat-drops-kitos-priemones","10":"product_cat-gamintojas-kitos-priemones","11":"product_cat-jungtys-antgaliai-ir-kiti-priedai","12":"product_cat-mezgimo-priemones","13":"product_cat-valai-virbalams","14":"product_tag-drops","15":"pa_ilgis-100-cm","16":"pa_ilgis-60-cm","17":"pa_ilgis-80-cm","19":"first","20":"instock","21":"taxable","22":"shipping-taxable","23":"purchasable","24":"product-type-variable"},"acf":[],"_links":{"self":[{"href":"https:\/\/siulubangos.lt\/lv\/wp-json\/wp\/v2\/product\/32329","targetHints":{"allow":["GET"]}}],"collection":[{"href":"https:\/\/siulubangos.lt\/lv\/wp-json\/wp\/v2\/product"}],"about":[{"href":"https:\/\/siulubangos.lt\/lv\/wp-json\/wp\/v2\/types\/product"}],"version-history":[{"count":0,"href":"https:\/\/siulubangos.lt\/lv\/wp-json\/wp\/v2\/product\/32329\/revisions"}],"wp:featuredmedia":[{"embeddable":true,"href":"https:\/\/siulubangos.lt\/lv\/wp-json\/wp\/v2\/media\/32330"}],"wp:attachment":[{"href":"https:\/\/siulubangos.lt\/lv\/wp-json\/wp\/v2\/media?parent=32329"}],"wp:term":[{"taxonomy":"product_brand","embeddable":true,"href":"https:\/\/siulubangos.lt\/lv\/wp-json\/wp\/v2\/product_brand?post=32329"},{"taxonomy":"product_cat","embeddable":true,"href":"https:\/\/siulubangos.lt\/lv\/wp-json\/wp\/v2\/product_cat?post=32329"},{"taxonomy":"product_tag","embeddable":true,"href":"https:\/\/siulubangos.lt\/lv\/wp-json\/wp\/v2\/product_tag?post=32329"}],"curies":[{"name":"wp","href":"https:\/\/api.w.org\/{rel}","templated":true}]}}