{"id":32361,"date":"2025-10-31T21:21:55","date_gmt":"2025-10-31T21:21:55","guid":{"rendered":"https:\/\/siulubangos.lt\/?post_type=product&#038;p=32361"},"modified":"2026-02-11T17:46:40","modified_gmt":"2026-02-11T15:46:40","slug":"drops-mezginio-akiu-laikikliai","status":"publish","type":"product","link":"https:\/\/siulubangos.lt\/lv\/parduotuve\/drops-mezginio-akiu-laikikliai\/","title":{"rendered":"Drops mezginio aki\u0173 laikikliai"},"content":{"rendered":"<h2>Drops mezginio aki\u0173 laikikliai<\/h2>\n<p data-start=\"164\" data-end=\"413\">DROPS mezginio aki\u0173 laikikliai &#8211; tai prakti\u0161kas ir patikimas \u012frankis, skirtas laikinai laikyti mezgimo akis darbo metu. Jie ypa\u010d naudingi formuojant rankoves, i\u0161kirptes ar atskiras mezginio dalis, kai dal\u012f aki\u0173 reikia atid\u0117ti v\u0117lesniam darbui.<\/p>\n<p data-start=\"415\" data-end=\"682\">Laikikliai lengvai naudojami, patogiai atsidaro ir u\u017esidaro, tod\u0117l mezgimo akys saugiai laikosi vietoje ir nei\u0161slysta. Tvirti, bet lengvi, jie tinka tiek ploniems, tiek storesniems si\u016blams. Nepakei\u010diamas pagalbininkas tiek pradedan\u010dioms, tiek patyrusioms mezg\u0117joms.<\/p>","protected":false},"excerpt":{"rendered":"<p>Laikykite\u00a0 saugiai savo\u00a0 mezginio akis\u00a0 su \u0161iuo spalving\u0173 aki\u0173 laikikli\u0173 rinkiniu, kuriame yra 3 skirtingi dyd\u017eiai \u2013 8, 11 ir 16 cm.<\/p>","protected":false},"featured_media":32362,"comment_status":"open","ping_status":"closed","template":"","meta":{"_acf_changed":false},"product_brand":[559],"product_cat":[310,1115,529,547,528],"product_tag":[594],"class_list":{"0":"post-32361","1":"product","2":"type-product","3":"status-publish","4":"has-post-thumbnail","6":"product_brand-drops","7":"product_cat-mezgimo-priemones","8":"product_cat-drops-kitos-priemones","9":"product_cat-gamintojas-kitos-priemones","10":"product_cat-akiu-laikikliai","11":"product_cat-priemones-tipas","12":"product_tag-drops","14":"first","15":"instock","16":"taxable","17":"shipping-taxable","18":"purchasable","19":"product-type-simple"},"acf":[],"_links":{"self":[{"href":"https:\/\/siulubangos.lt\/lv\/wp-json\/wp\/v2\/product\/32361","targetHints":{"allow":["GET"]}}],"collection":[{"href":"https:\/\/siulubangos.lt\/lv\/wp-json\/wp\/v2\/product"}],"about":[{"href":"https:\/\/siulubangos.lt\/lv\/wp-json\/wp\/v2\/types\/product"}],"replies":[{"embeddable":true,"href":"https:\/\/siulubangos.lt\/lv\/wp-json\/wp\/v2\/comments?post=32361"}],"version-history":[{"count":0,"href":"https:\/\/siulubangos.lt\/lv\/wp-json\/wp\/v2\/product\/32361\/revisions"}],"wp:featuredmedia":[{"embeddable":true,"href":"https:\/\/siulubangos.lt\/lv\/wp-json\/wp\/v2\/media\/32362"}],"wp:attachment":[{"href":"https:\/\/siulubangos.lt\/lv\/wp-json\/wp\/v2\/media?parent=32361"}],"wp:term":[{"taxonomy":"product_brand","embeddable":true,"href":"https:\/\/siulubangos.lt\/lv\/wp-json\/wp\/v2\/product_brand?post=32361"},{"taxonomy":"product_cat","embeddable":true,"href":"https:\/\/siulubangos.lt\/lv\/wp-json\/wp\/v2\/product_cat?post=32361"},{"taxonomy":"product_tag","embeddable":true,"href":"https:\/\/siulubangos.lt\/lv\/wp-json\/wp\/v2\/product_tag?post=32361"}],"curies":[{"name":"wp","href":"https:\/\/api.w.org\/{rel}","templated":true}]}}