{"id":32374,"date":"2025-10-31T21:57:33","date_gmt":"2025-10-31T21:57:33","guid":{"rendered":"https:\/\/siulubangos.lt\/?post_type=product&#038;p=32374"},"modified":"2026-01-18T17:20:11","modified_gmt":"2026-01-18T15:20:11","slug":"drops-romance-kojiniu-virbalai-5-vnt","status":"publish","type":"product","link":"https:\/\/siulubangos.lt\/lv\/parduotuve\/drops-romance-kojiniu-virbalai-5-vnt\/","title":{"rendered":"DROPS Romance ze\u0137u adatas (20 cm)"},"content":{"rendered":"<h2>DROPS Romance ze\u0137u adatas (20 cm)<\/h2>\n<p data-start=\"191\" data-end=\"438\">DROPS <strong data-start=\"197\" data-end=\"208\">Romantika<\/strong> Ze\u0137u auklas ir izgatavotas no augstas kvalit\u0101tes b\u0113rza koka - vieglas, siltas rok\u0101s un pat\u012bkamas piesk\u0101rienam. Gludi sl\u012bp\u0113t\u0101 virsma nodro\u0161ina vienm\u0113r\u012bgu dzijas sl\u012bd\u0113\u0161anu, \u013caujot \u0113rti un prec\u012bzi ad\u012bt pat viss\u012bk\u0101kos valdzi\u0146us.<\/p>\n<p data-start=\"440\" data-end=\"727\">20 cm gar\u0101 ze\u0137u aukla ir ide\u0101li piem\u0113rota ze\u0137u, cimdu, plaukstu, piedurk\u0146u vai citu mazu diametru izstr\u0101d\u0101jumu ad\u012b\u0161anai. Dab\u012bg\u0101 koka tekst\u016bra pie\u0161\u0137ir m\u0101j\u012bgu un elegantu piesk\u0101rienu jebkuram projektam, savuk\u0101rt l\u012bdzsvarotais svars pal\u012bdz mazin\u0101t roku nogurumu gar\u0101ku ad\u012b\u0161anas sesiju laik\u0101.<\/p>","protected":false},"excerpt":{"rendered":"<p>DROPS Pro Romance adatu komplekts ar dubultiem adat\u0101m ir 5 adatu komplekts no pul\u0113ta b\u0113rza, 20 cm garas, tostarp 2,5, 3,0, 3,5, 4,0, 4,5 mm izm\u0113ra.<br \/>\nSpoles virsmas gludums un vieglums padara darbu ar to pat\u012bkamu, \u012bpa\u0161i adot ze\u0137es, cimdus un citus izstr\u0101d\u0101jumus vai deta\u013cas.<\/p>","protected":false},"featured_media":32376,"comment_status":"open","ping_status":"closed","template":"","meta":{"_acf_changed":false},"product_brand":[559],"product_cat":[61,509,1114,455,526,500,499,503],"product_tag":[594],"class_list":{"0":"post-32374","1":"product","2":"type-product","3":"status-publish","4":"has-post-thumbnail","6":"product_brand-drops","7":"product_cat-virbalai-vaseliai","8":"product_cat-20-cm","9":"product_cat-drops-virbalai","10":"product_cat-gamintojas-virbalai-vaseliai","11":"product_cat-mediniai","12":"product_cat-pluostas","13":"product_cat-rusis","14":"product_cat-virbalai-kojinems-5-vnt","15":"product_tag-drops","16":"pa_dydis-2-50-mm","17":"pa_dydis-3-mm","18":"pa_dydis-3-50-mm","19":"pa_dydis-4-mm","20":"pa_dydis-4-50-mm","21":"pa_dydis-5-mm","23":"first","24":"instock","25":"taxable","26":"shipping-taxable","27":"purchasable","28":"product-type-variable","29":"has-default-attributes"},"acf":[],"_links":{"self":[{"href":"https:\/\/siulubangos.lt\/lv\/wp-json\/wp\/v2\/product\/32374","targetHints":{"allow":["GET"]}}],"collection":[{"href":"https:\/\/siulubangos.lt\/lv\/wp-json\/wp\/v2\/product"}],"about":[{"href":"https:\/\/siulubangos.lt\/lv\/wp-json\/wp\/v2\/types\/product"}],"replies":[{"embeddable":true,"href":"https:\/\/siulubangos.lt\/lv\/wp-json\/wp\/v2\/comments?post=32374"}],"version-history":[{"count":0,"href":"https:\/\/siulubangos.lt\/lv\/wp-json\/wp\/v2\/product\/32374\/revisions"}],"wp:featuredmedia":[{"embeddable":true,"href":"https:\/\/siulubangos.lt\/lv\/wp-json\/wp\/v2\/media\/32376"}],"wp:attachment":[{"href":"https:\/\/siulubangos.lt\/lv\/wp-json\/wp\/v2\/media?parent=32374"}],"wp:term":[{"taxonomy":"product_brand","embeddable":true,"href":"https:\/\/siulubangos.lt\/lv\/wp-json\/wp\/v2\/product_brand?post=32374"},{"taxonomy":"product_cat","embeddable":true,"href":"https:\/\/siulubangos.lt\/lv\/wp-json\/wp\/v2\/product_cat?post=32374"},{"taxonomy":"product_tag","embeddable":true,"href":"https:\/\/siulubangos.lt\/lv\/wp-json\/wp\/v2\/product_tag?post=32374"}],"curies":[{"name":"wp","href":"https:\/\/api.w.org\/{rel}","templated":true}]}}