{"id":32450,"date":"2025-11-01T16:18:17","date_gmt":"2025-11-01T14:18:17","guid":{"rendered":"https:\/\/siulubangos.lt\/?post_type=product&#038;p=32450"},"modified":"2026-02-13T12:32:16","modified_gmt":"2026-02-13T10:32:16","slug":"drops-sagos-perlai-12-mm","status":"publish","type":"product","link":"https:\/\/siulubangos.lt\/lv\/parduotuve\/drops-sagos-perlai-12-mm\/","title":{"rendered":"P\u0113r\u013cu pilieni (12 mm)"},"content":{"rendered":"<h2>P\u0113r\u013cu pilieni (12 mm)<\/h2>\n<p data-start=\"170\" data-end=\"435\">DROPS sagos PERLAI &#8211; tai dailus ir rafinuotas pasirinkimas drabu\u017eiams, aksesuarams bei rank\u0173 darbo k\u016briniams. Perl\u0173 imitacijos dizainas suteikia sagoms \u0161velnaus blizgesio ir elegancijos, tod\u0117l jos puikiai tinka tiek klasikiniams, tiek moderniems projektams.<\/p>\n<p data-start=\"437\" data-end=\"682\">Sagas <strong data-start=\"443\" data-end=\"459\">12 mm dyd\u017eio<\/strong>, tod\u0117l idealiai tinka smulkesniems darbams &#8211; palaidin\u0117ms, vaiki\u0161kiems drabu\u017e\u0117liams, aksesuarams ar dekoratyvin\u0117ms detal\u0117ms. Auk\u0161tos kokyb\u0117s gamyba u\u017etikrina, kad sagos b\u016bt\u0173 lengvos, patvarios ir patogios naudoti kasdien.<\/p>","protected":false},"excerpt":{"rendered":"<p>Papuo\u0161kite savo k\u016brinius elegancijos akcentu! \u201eDrops\u201c perlo imitacijos sagos suteiks j\u016bs\u0173 gaminiui prabangos, \u0161velnaus \u017evilgesio ir i\u0161baigtumo poj\u016bt\u012f. Prisi\u016btos sagos atrodo tarsi tikri perlai, o pasl\u0117ptos si\u016bl\u0117s u\u017etikrina nepriekai\u0161ting\u0105 vaizd\u0105. Galima skalbti iki 30 \u00b0C temperat\u016broje.<\/p>","protected":false},"featured_media":32451,"comment_status":"open","ping_status":"closed","template":"","meta":{"_acf_changed":false},"product_brand":[559],"product_cat":[310,1115,529,528,539],"product_tag":[594],"class_list":{"0":"post-32450","1":"product","2":"type-product","3":"status-publish","4":"has-post-thumbnail","6":"product_brand-drops","7":"product_cat-mezgimo-priemones","8":"product_cat-drops-kitos-priemones","9":"product_cat-gamintojas-kitos-priemones","10":"product_cat-priemones-tipas","11":"product_cat-sagos","12":"product_tag-drops","14":"first","15":"instock","16":"taxable","17":"shipping-taxable","18":"purchasable","19":"product-type-simple"},"acf":[],"_links":{"self":[{"href":"https:\/\/siulubangos.lt\/lv\/wp-json\/wp\/v2\/product\/32450","targetHints":{"allow":["GET"]}}],"collection":[{"href":"https:\/\/siulubangos.lt\/lv\/wp-json\/wp\/v2\/product"}],"about":[{"href":"https:\/\/siulubangos.lt\/lv\/wp-json\/wp\/v2\/types\/product"}],"replies":[{"embeddable":true,"href":"https:\/\/siulubangos.lt\/lv\/wp-json\/wp\/v2\/comments?post=32450"}],"version-history":[{"count":0,"href":"https:\/\/siulubangos.lt\/lv\/wp-json\/wp\/v2\/product\/32450\/revisions"}],"wp:featuredmedia":[{"embeddable":true,"href":"https:\/\/siulubangos.lt\/lv\/wp-json\/wp\/v2\/media\/32451"}],"wp:attachment":[{"href":"https:\/\/siulubangos.lt\/lv\/wp-json\/wp\/v2\/media?parent=32450"}],"wp:term":[{"taxonomy":"product_brand","embeddable":true,"href":"https:\/\/siulubangos.lt\/lv\/wp-json\/wp\/v2\/product_brand?post=32450"},{"taxonomy":"product_cat","embeddable":true,"href":"https:\/\/siulubangos.lt\/lv\/wp-json\/wp\/v2\/product_cat?post=32450"},{"taxonomy":"product_tag","embeddable":true,"href":"https:\/\/siulubangos.lt\/lv\/wp-json\/wp\/v2\/product_tag?post=32450"}],"curies":[{"name":"wp","href":"https:\/\/api.w.org\/{rel}","templated":true}]}}