{"id":32456,"date":"2025-11-01T16:32:53","date_gmt":"2025-11-01T14:32:53","guid":{"rendered":"https:\/\/siulubangos.lt\/?post_type=product&#038;p=32456"},"modified":"2026-01-28T13:00:04","modified_gmt":"2026-01-28T11:00:04","slug":"drops-sagos-handmade-with-love-15-mm","status":"publish","type":"product","link":"https:\/\/siulubangos.lt\/lv\/parduotuve\/drops-sagos-handmade-with-love-15-mm\/","title":{"rendered":"Pulkste\u0146i sagos HANDMADE WITH LOVE (15 mm)"},"content":{"rendered":"<h2>Pulkste\u0146i sagos HANDMADE WITH LOVE (15 mm)<\/h2>\n<p data-start=\"187\" data-end=\"452\">DROPS sagos HANDMADE WITH LOVE &#8211; tai dekoratyvus ir prasmingas akcentas, skirtas pabr\u0117\u017eti, kad j\u016bs\u0173 k\u016brinys pagamintas su meile ir kruop\u0161tumu. U\u017era\u0161as \u201eHandmade with love\u201c suteikia rank\u0173 darbo drabu\u017eiams, aksesuarams ar dovanoms asmeni\u0161kumo ir i\u0161skirtinumo.<\/p>\n<p data-start=\"454\" data-end=\"678\">Sagas <strong data-start=\"460\" data-end=\"476\">15 mm dyd\u017eio<\/strong>, tod\u0117l puikiai tinka smulkesniems projektams &#8211; kepur\u0117ms, pir\u0161tin\u0117ms, vaiki\u0161kiems drabu\u017e\u0117liams, aksesuarams ar kaip subtili detal\u0117 dovan\u0173 pakuot\u0117ms. Jos lengvos, patvarios ir patogios naudoti kasdien.<\/p>","protected":false},"excerpt":{"rendered":"<p>\u0160ios \u201eDrops\u201c medin\u0117s sagos &#8211; tai ma\u017eos, bet reik\u0161mingos j\u016bs\u0173 k\u016brybos detal\u0117s. Kiekviena saga pasi\u017eymi unikalia nat\u016bralaus med\u017eio tekst\u016bra, tod\u0117l n\u0117ra dviej\u0173 visi\u0161kai vienod\u0173. I\u0161graviruotas u\u017era\u0161as \u201ehandmade with love\u201c primena apie rank\u0173 darbo \u0161ilum\u0105 ir d\u0117mes\u012f smulkmenoms. Sagos tvirtos, patvarios ir puikiai dera prie \u012fvairi\u0173 audini\u0173. Galima skalbti iki 30 \u00b0C temperat\u016broje.<\/p>","protected":false},"featured_media":32458,"comment_status":"open","ping_status":"closed","template":"","meta":{"_acf_changed":false},"product_brand":[559],"product_cat":[310,1115,529,528,539],"product_tag":[594],"class_list":{"0":"post-32456","1":"product","2":"type-product","3":"status-publish","4":"has-post-thumbnail","6":"product_brand-drops","7":"product_cat-mezgimo-priemones","8":"product_cat-drops-kitos-priemones","9":"product_cat-gamintojas-kitos-priemones","10":"product_cat-priemones-tipas","11":"product_cat-sagos","12":"product_tag-drops","14":"first","15":"instock","16":"taxable","17":"shipping-taxable","18":"purchasable","19":"product-type-simple"},"acf":[],"_links":{"self":[{"href":"https:\/\/siulubangos.lt\/lv\/wp-json\/wp\/v2\/product\/32456","targetHints":{"allow":["GET"]}}],"collection":[{"href":"https:\/\/siulubangos.lt\/lv\/wp-json\/wp\/v2\/product"}],"about":[{"href":"https:\/\/siulubangos.lt\/lv\/wp-json\/wp\/v2\/types\/product"}],"replies":[{"embeddable":true,"href":"https:\/\/siulubangos.lt\/lv\/wp-json\/wp\/v2\/comments?post=32456"}],"version-history":[{"count":0,"href":"https:\/\/siulubangos.lt\/lv\/wp-json\/wp\/v2\/product\/32456\/revisions"}],"wp:featuredmedia":[{"embeddable":true,"href":"https:\/\/siulubangos.lt\/lv\/wp-json\/wp\/v2\/media\/32458"}],"wp:attachment":[{"href":"https:\/\/siulubangos.lt\/lv\/wp-json\/wp\/v2\/media?parent=32456"}],"wp:term":[{"taxonomy":"product_brand","embeddable":true,"href":"https:\/\/siulubangos.lt\/lv\/wp-json\/wp\/v2\/product_brand?post=32456"},{"taxonomy":"product_cat","embeddable":true,"href":"https:\/\/siulubangos.lt\/lv\/wp-json\/wp\/v2\/product_cat?post=32456"},{"taxonomy":"product_tag","embeddable":true,"href":"https:\/\/siulubangos.lt\/lv\/wp-json\/wp\/v2\/product_tag?post=32456"}],"curies":[{"name":"wp","href":"https:\/\/api.w.org\/{rel}","templated":true}]}}